{"id":869,"date":"2019-09-03T17:08:48","date_gmt":"2019-09-03T15:08:48","guid":{"rendered":"https:\/\/www.ablogix.fr\/?page_id=869"},"modified":"2022-12-29T15:33:42","modified_gmt":"2022-12-29T14:33:42","slug":"ingenierie-de-developpement","status":"publish","type":"page","link":"https:\/\/www.ablogix.fr\/en\/ingenierie-de-developpement\/","title":{"rendered":"Tr_Dev : Development engineering"},"content":{"rendered":"\n<p>You will find here all our training courses related to the theme &#8220;Development engineering&#8221;.<\/p>\n\n\n\n<ul><li>Continuous Integration &amp; Continuous Delivery  :<ul><li><a href=\"https:\/\/www.ablogix.fr\/en\/integration-continue-jenkins\/\">DVO_Tr1 \u2013 Continuous integration with Jenkins<\/a><\/li><li><a href=\"https:\/\/www.ablogix.fr\/en\/qualimetrie-sonar\/\">DVO_Tr2 \u2013Qualimetry with SonarQube<\/a><\/li><\/ul><\/li><li>Configuration and Change Management :<ul><li><strong>IBM ClearCase:<\/strong><ul><li><a href=\"https:\/\/www.ablogix.fr\/scm_tr1-1-cc_ibm-clearcase-administrateur\/\">SCM_Tr1.1 &#8211; IBM ClearCase Administrateur<\/a><\/li><li><a href=\"https:\/\/www.ablogix.fr\/scm_tr1-2-cc_base-maitriser-les-bases-de-rational-clearcase\/\">SCM_Tr1.2 \u2013 Ma\u00eetriser les bases de IBM ClearCase v9.x<\/a><\/li><li><a href=\"https:\/\/www.ablogix.fr\/scm_tr1-organiser-les-developpements-avec-rational-clearcase-et-ucm\/\">SCM_Tr1.3 \u2013 Organiser les d\u00e9veloppements avec IBM ClearCase et UCM v9.x<\/a><\/li><\/ul><\/li><li><strong>HCL VersionVault<\/strong><ul><li><a href=\"https:\/\/www.ablogix.fr\/scm_tr2-1-vv_hcl-versionvault-administrateur\/\">SCM_Tr2.1 &#8211; HCL VersionVault Administrateur<\/a><\/li><li><a href=\"https:\/\/www.ablogix.fr\/scm_tr2-2_maitriser-les-bases-de-hcl-versionvault\/\">SCM_Tr2.2 &#8211; Ma\u00eetriser les bases de HCL VersionVault<\/a><\/li><li><a href=\"https:\/\/www.ablogix.fr\/scm_tr2-3-organiser-les-developpements-avec-hcl-versionvault-et-ucm\/\">SCM_Tr2.3 \u2013 Organiser les d\u00e9veloppements avec HCL VersionVault et UCM<\/a><\/li><\/ul><\/li><li><strong>IBM ELM EWM &#8211; Engineering Workflow Management (RTC)<\/strong><ul><li><a href=\"https:\/\/www.ablogix.fr\/scm_tr5-1-ewm\/\">SCM_Tr5.1 &#8211; La gestion des activit\u00e9s avec IBM Jazz EWM 7.x<\/a><\/li><li><a href=\"https:\/\/www.ablogix.fr\/scm_tr5-2-ewm\/\">SCM_Tr5.2 \u2013 D\u00e9velopper avec IBM Jazz EWM 7.x<\/a><\/li><\/ul><\/li><\/ul><\/li><li>Gestion des exigences :<ul><li><strong>ELM ERM &#8211; Doors Next<\/strong><ul><li><a href=\"https:\/\/www.ablogix.fr\/en\/rm-tr4-1-jazz-erm-doors-next-generation-v7\/\">RM_Tr4.1 \u2013 Jazz ERM DOORS New Generation v7<\/a><\/li><\/ul><\/li><\/ul><\/li><\/ul>\n","protected":false},"excerpt":{"rendered":"<p>You will find here all our training courses related to the theme &#8220;Development engineering&#8221;. Continuous Integration &amp; Continuous Delivery : DVO_Tr1 \u2013 Continuous integration with Jenkins DVO_Tr2 \u2013Qualimetry with SonarQube Configuration and Change Management : IBM ClearCase: SCM_Tr1.1 &#8211; IBM ClearCase Administrateur SCM_Tr1.2 \u2013 Ma\u00eetriser les bases de IBM ClearCase v9.x SCM_Tr1.3 \u2013 Organiser les <a href=\"https:\/\/www.ablogix.fr\/en\/ingenierie-de-developpement\/\" rel=\"nofollow\"><span class=\"sr-only\">Read more about Tr_Dev : Development engineering<\/span>[&hellip;]<\/a><\/p>\n","protected":false},"author":3,"featured_media":0,"parent":0,"menu_order":0,"comment_status":"closed","ping_status":"closed","template":"template-fullwidth.php","meta":[],"translation":{"provider":"WPGlobus","version":"2.10.0","language":"en","enabled_languages":["fr","en"],"languages":{"fr":{"title":true,"content":true,"excerpt":false},"en":{"title":true,"content":true,"excerpt":false}}},"yoast_head":"<!-- This site is optimized with the Yoast SEO plugin v19.1 - https:\/\/yoast.com\/wordpress\/plugins\/seo\/ -->\n<title>Tr_Dev : Development engineering - ABlogiX<\/title>\n<meta name=\"robots\" content=\"index, follow, max-snippet:-1, max-image-preview:large, max-video-preview:-1\" \/>\n<link rel=\"canonical\" href=\"https:\/\/www.ablogix.fr\/ingenierie-de-developpement\/\" \/>\n<meta property=\"og:locale\" content=\"en_US\" \/>\n<meta property=\"og:type\" content=\"article\" \/>\n<meta property=\"og:title\" content=\"Tr_Dev : Development engineering - ABlogiX\" \/>\n<meta property=\"og:url\" content=\"https:\/\/www.ablogix.fr\/ingenierie-de-developpement\/\" \/>\n<meta property=\"og:site_name\" content=\"ABlogiX\" \/>\n<meta property=\"article:publisher\" content=\"https:\/\/www.facebook.com\/ABlogiX\" \/>\n<meta property=\"article:modified_time\" content=\"2022-12-29T14:33:42+00:00\" \/>\n<meta name=\"twitter:card\" content=\"summary_large_image\" \/>\n<meta name=\"twitter:site\" content=\"@ABlogiX\" \/>\n<meta name=\"twitter:label1\" content=\"Est. reading time\" \/>\n\t<meta name=\"twitter:data1\" content=\"2 minutes\" \/>\n<script type=\"application\/ld+json\" class=\"yoast-schema-graph\">{\"@context\":\"https:\/\/schema.org\",\"@graph\":[{\"@type\":\"Organization\",\"@id\":\"https:\/\/www.ablogix.fr\/#organization\",\"name\":\"AblogiX\",\"url\":\"https:\/\/www.ablogix.fr\/\",\"sameAs\":[\"https:\/\/www.linkedin.com\/company\/sarl-ablogix\",\"https:\/\/www.youtube.com\/channel\/UC7LR5o5aeXzd2epr7eNma3g\/featured\",\"https:\/\/www.facebook.com\/ABlogiX\",\"https:\/\/twitter.com\/ABlogiX\"],\"logo\":{\"@type\":\"ImageObject\",\"inLanguage\":\"en-US\",\"@id\":\"https:\/\/www.ablogix.fr\/#\/schema\/logo\/image\/\",\"url\":\"https:\/\/www.ablogix.fr\/wp-content\/uploads\/2020\/11\/Logo-ABlogiX.png\",\"contentUrl\":\"https:\/\/www.ablogix.fr\/wp-content\/uploads\/2020\/11\/Logo-ABlogiX.png\",\"width\":534,\"height\":368,\"caption\":\"AblogiX\"},\"image\":{\"@id\":\"https:\/\/www.ablogix.fr\/#\/schema\/logo\/image\/\"}},{\"@type\":\"WebSite\",\"@id\":\"https:\/\/www.ablogix.fr\/#website\",\"url\":\"https:\/\/www.ablogix.fr\/\",\"name\":\"ABlogiX\",\"description\":\"Ing\u00e9nierie de d\u00e9veloppement syst\u00e8me et logiciel, et s\u00e9curit\u00e9 du syst\u00e8me d&#039;information\",\"publisher\":{\"@id\":\"https:\/\/www.ablogix.fr\/#organization\"},\"potentialAction\":[{\"@type\":\"SearchAction\",\"target\":{\"@type\":\"EntryPoint\",\"urlTemplate\":\"https:\/\/www.ablogix.fr\/?s={search_term_string}\"},\"query-input\":\"required name=search_term_string\"}],\"inLanguage\":\"en-US\"},{\"@type\":\"WebPage\",\"@id\":\"https:\/\/www.ablogix.fr\/ingenierie-de-developpement\/#webpage\",\"url\":\"https:\/\/www.ablogix.fr\/ingenierie-de-developpement\/\",\"name\":\"Tr_Dev : Development engineering - ABlogiX\",\"isPartOf\":{\"@id\":\"https:\/\/www.ablogix.fr\/#website\"},\"datePublished\":\"2019-09-03T15:08:48+00:00\",\"dateModified\":\"2022-12-29T14:33:42+00:00\",\"breadcrumb\":{\"@id\":\"https:\/\/www.ablogix.fr\/ingenierie-de-developpement\/#breadcrumb\"},\"inLanguage\":\"en-US\",\"potentialAction\":[{\"@type\":\"ReadAction\",\"target\":[\"https:\/\/www.ablogix.fr\/ingenierie-de-developpement\/\"]}]},{\"@type\":\"BreadcrumbList\",\"@id\":\"https:\/\/www.ablogix.fr\/ingenierie-de-developpement\/#breadcrumb\",\"itemListElement\":[{\"@type\":\"ListItem\",\"position\":1,\"name\":\"Accueil\",\"item\":\"https:\/\/www.ablogix.fr\/\"},{\"@type\":\"ListItem\",\"position\":2,\"name\":\"Tr_Dev : Ing\u00e9nierie du d\u00e9veloppement\"}]}]}<\/script>\n<!-- \/ Yoast SEO plugin. -->","yoast_head_json":{"title":"Tr_Dev : Development engineering - ABlogiX","robots":{"index":"index","follow":"follow","max-snippet":"max-snippet:-1","max-image-preview":"max-image-preview:large","max-video-preview":"max-video-preview:-1"},"canonical":"https:\/\/www.ablogix.fr\/ingenierie-de-developpement\/","og_locale":"en_US","og_type":"article","og_title":"Tr_Dev : Development engineering - ABlogiX","og_url":"https:\/\/www.ablogix.fr\/ingenierie-de-developpement\/","og_site_name":"ABlogiX","article_publisher":"https:\/\/www.facebook.com\/ABlogiX","article_modified_time":"2022-12-29T14:33:42+00:00","twitter_card":"summary_large_image","twitter_site":"@ABlogiX","twitter_misc":{"Est. reading time":"2 minutes"},"schema":{"@context":"https:\/\/schema.org","@graph":[{"@type":"Organization","@id":"https:\/\/www.ablogix.fr\/#organization","name":"AblogiX","url":"https:\/\/www.ablogix.fr\/","sameAs":["https:\/\/www.linkedin.com\/company\/sarl-ablogix","https:\/\/www.youtube.com\/channel\/UC7LR5o5aeXzd2epr7eNma3g\/featured","https:\/\/www.facebook.com\/ABlogiX","https:\/\/twitter.com\/ABlogiX"],"logo":{"@type":"ImageObject","inLanguage":"en-US","@id":"https:\/\/www.ablogix.fr\/#\/schema\/logo\/image\/","url":"https:\/\/www.ablogix.fr\/wp-content\/uploads\/2020\/11\/Logo-ABlogiX.png","contentUrl":"https:\/\/www.ablogix.fr\/wp-content\/uploads\/2020\/11\/Logo-ABlogiX.png","width":534,"height":368,"caption":"AblogiX"},"image":{"@id":"https:\/\/www.ablogix.fr\/#\/schema\/logo\/image\/"}},{"@type":"WebSite","@id":"https:\/\/www.ablogix.fr\/#website","url":"https:\/\/www.ablogix.fr\/","name":"ABlogiX","description":"Ing\u00e9nierie de d\u00e9veloppement syst\u00e8me et logiciel, et s\u00e9curit\u00e9 du syst\u00e8me d&#039;information","publisher":{"@id":"https:\/\/www.ablogix.fr\/#organization"},"potentialAction":[{"@type":"SearchAction","target":{"@type":"EntryPoint","urlTemplate":"https:\/\/www.ablogix.fr\/?s={search_term_string}"},"query-input":"required name=search_term_string"}],"inLanguage":"en-US"},{"@type":"WebPage","@id":"https:\/\/www.ablogix.fr\/ingenierie-de-developpement\/#webpage","url":"https:\/\/www.ablogix.fr\/ingenierie-de-developpement\/","name":"Tr_Dev : Development engineering - ABlogiX","isPartOf":{"@id":"https:\/\/www.ablogix.fr\/#website"},"datePublished":"2019-09-03T15:08:48+00:00","dateModified":"2022-12-29T14:33:42+00:00","breadcrumb":{"@id":"https:\/\/www.ablogix.fr\/ingenierie-de-developpement\/#breadcrumb"},"inLanguage":"en-US","potentialAction":[{"@type":"ReadAction","target":["https:\/\/www.ablogix.fr\/ingenierie-de-developpement\/"]}]},{"@type":"BreadcrumbList","@id":"https:\/\/www.ablogix.fr\/ingenierie-de-developpement\/#breadcrumb","itemListElement":[{"@type":"ListItem","position":1,"name":"Accueil","item":"https:\/\/www.ablogix.fr\/"},{"@type":"ListItem","position":2,"name":"Tr_Dev : Ing\u00e9nierie du d\u00e9veloppement"}]}]}},"_links":{"self":[{"href":"https:\/\/www.ablogix.fr\/en\/wp-json\/wp\/v2\/pages\/869"}],"collection":[{"href":"https:\/\/www.ablogix.fr\/en\/wp-json\/wp\/v2\/pages"}],"about":[{"href":"https:\/\/www.ablogix.fr\/en\/wp-json\/wp\/v2\/types\/page"}],"author":[{"embeddable":true,"href":"https:\/\/www.ablogix.fr\/en\/wp-json\/wp\/v2\/users\/3"}],"replies":[{"embeddable":true,"href":"https:\/\/www.ablogix.fr\/en\/wp-json\/wp\/v2\/comments?post=869"}],"version-history":[{"count":68,"href":"https:\/\/www.ablogix.fr\/en\/wp-json\/wp\/v2\/pages\/869\/revisions"}],"predecessor-version":[{"id":15680,"href":"https:\/\/www.ablogix.fr\/en\/wp-json\/wp\/v2\/pages\/869\/revisions\/15680"}],"wp:attachment":[{"href":"https:\/\/www.ablogix.fr\/en\/wp-json\/wp\/v2\/media?parent=869"}],"curies":[{"name":"wp","href":"https:\/\/api.w.org\/{rel}","templated":true}]}}