{"id":8372,"date":"2021-10-14T08:16:55","date_gmt":"2021-10-14T06:16:55","guid":{"rendered":"https:\/\/www.ablogix.fr\/?page_id=8372"},"modified":"2021-11-08T17:05:52","modified_gmt":"2021-11-08T16:05:52","slug":"iast-avec-appscan","status":"publish","type":"page","link":"https:\/\/www.ablogix.fr\/en\/iast-avec-appscan\/","title":{"rendered":"IAST with APPSCAN"},"content":{"rendered":"\n<div class=\"wp-block-themeisle-blocks-advanced-columns has-1-columns has-desktop-equal-layout has-tablet-equal-layout has-mobile-equal-layout has-default-gap has-vertical-unset\" id=\"wp-block-themeisle-blocks-advanced-columns-4b8b3ca1\"><div class=\"wp-block-themeisle-blocks-advanced-columns-overlay\"><\/div><div class=\"innerblocks-wrap\">\n<div class=\"wp-block-themeisle-blocks-advanced-column\" id=\"wp-block-themeisle-blocks-advanced-column-c7727a79\">\n<p>Interactive Analysis Security Test (IAST) identifies vulnerabilities in a web application during use and navigation of the site&#8217;s pages, logging in and entering information, etc&#8230;.<\/p>\n\n\n\n<p>IAST tests are available with APPSCAN on its On-Premise and also Cloud version. <\/p>\n\n\n\n<p>APPSCAN IAST offers the advantage of automating vulnerability testing in the DevOps chain and thus paralleling functional (User Interface) and security testing..<\/p>\n\n\n\n<h2>Optimise your testing activities with APPSCAN and ACCELERATE from HCL<\/h2>\n\n\n\n<p>HCL Accelerate is the value stream management tool that automates all tests and monitors the results in order to decide quickly in case of blockages or non-conformities.<\/p>\n\n\n\n<p>The use of APPSCAN and ACCELERATE allows :<\/p>\n\n\n\n<ul><li>Preventing safety and quality efforts from &#8220;fading over time<\/li><\/ul>\n\n\n\n<ul><li>Easily identify who does (and does not) perform security scans<\/li><\/ul>\n\n\n\n<ul><li> Understanding the impact of security analysis on build and deployment times<\/li><\/ul>\n\n\n\n<ul><li>Leverage security analytics for governance<\/li><\/ul>\n\n\n\n<ul><li>Monitoring the evolution of security vulnerabilities<\/li><\/ul>\n<\/div>\n<\/div><\/div>\n\n\n\n<figure class=\"wp-block-image size-large\"><img loading=\"lazy\" width=\"1024\" height=\"521\" src=\"https:\/\/www.ablogix.fr\/wp-content\/uploads\/2021\/10\/APPSCAN-ACCELERATE-Metrics1-1024x521.png\" alt=\"\" class=\"wp-image-8377\" srcset=\"https:\/\/www.ablogix.fr\/wp-content\/uploads\/2021\/10\/APPSCAN-ACCELERATE-Metrics1-1024x521.png 1024w, https:\/\/www.ablogix.fr\/wp-content\/uploads\/2021\/10\/APPSCAN-ACCELERATE-Metrics1-300x153.png 300w, https:\/\/www.ablogix.fr\/wp-content\/uploads\/2021\/10\/APPSCAN-ACCELERATE-Metrics1-768x391.png 768w, https:\/\/www.ablogix.fr\/wp-content\/uploads\/2021\/10\/APPSCAN-ACCELERATE-Metrics1-1536x781.png 1536w, https:\/\/www.ablogix.fr\/wp-content\/uploads\/2021\/10\/APPSCAN-ACCELERATE-Metrics1-2048x1041.png 2048w\" sizes=\"(max-width: 1024px) 100vw, 1024px\" \/><figcaption>Dashboard of HCL ACCELERATE with Metrics on DAST, SAST vulnerability testing<\/figcaption><\/figure>\n\n\n\n<div style=\"height:63px\" aria-hidden=\"true\" class=\"wp-block-spacer\"><\/div>\n\n\n\n<h2>Parallel UI and vulnerability testing with APPSCAN&#8217;s IAST agent <\/h2>\n\n\n\n<p>Functional tests of the user interface (browsing web pages, entering logins and passwords, entering values in forms, etc.) can be time-consuming and ultimately avoided. In this case, it is advisable to automate them by recording the paths and entries in order to replay them before any delivery.<\/p>\n\n\n\n<p><strong>HCL OneTest UI enables the automation of these tests and adds the following benefits :<\/strong><\/p>\n\n\n\n<ul><li>iterative execution of the page flow with different data sets (e.g. login\/password, etc\u2026)<\/li><li>addition of checkpoints on the correct display of information (messages, buttons, etc.)<\/li><\/ul>\n\n\n\n<figure class=\"wp-block-image size-large\"><img loading=\"lazy\" width=\"1024\" height=\"550\" src=\"https:\/\/www.ablogix.fr\/wp-content\/uploads\/2021\/11\/Capture-de\u0301cran-2021-11-08-a\u0300-12.45.42-1024x550.png\" alt=\"\" class=\"wp-image-8609\" srcset=\"https:\/\/www.ablogix.fr\/wp-content\/uploads\/2021\/11\/Capture-de\u0301cran-2021-11-08-a\u0300-12.45.42-1024x550.png 1024w, https:\/\/www.ablogix.fr\/wp-content\/uploads\/2021\/11\/Capture-de\u0301cran-2021-11-08-a\u0300-12.45.42-300x161.png 300w, https:\/\/www.ablogix.fr\/wp-content\/uploads\/2021\/11\/Capture-de\u0301cran-2021-11-08-a\u0300-12.45.42-768x412.png 768w, https:\/\/www.ablogix.fr\/wp-content\/uploads\/2021\/11\/Capture-de\u0301cran-2021-11-08-a\u0300-12.45.42-1536x825.png 1536w, https:\/\/www.ablogix.fr\/wp-content\/uploads\/2021\/11\/Capture-de\u0301cran-2021-11-08-a\u0300-12.45.42.png 1862w\" sizes=\"(max-width: 1024px) 100vw, 1024px\" \/><figcaption>Illustration of the joint use of OneTest UI + APPSCAN IAST + Accelerate for functional and vulnerability testing<\/figcaption><\/figure>\n","protected":false},"excerpt":{"rendered":"<p>Parallel UI and vulnerability testing with APPSCAN&#8217;s IAST agent Functional tests of the user interface (browsing web pages, entering logins and passwords, entering values in forms, etc.) can be time-consuming and ultimately avoided. In this case, it is advisable to automate them by recording the paths and entries in order to replay them before any <a href=\"https:\/\/www.ablogix.fr\/en\/iast-avec-appscan\/\" rel=\"nofollow\"><span class=\"sr-only\">Read more about IAST with APPSCAN<\/span>[&hellip;]<\/a><\/p>\n","protected":false},"author":3,"featured_media":0,"parent":0,"menu_order":0,"comment_status":"closed","ping_status":"closed","template":"template-fullwidth.php","meta":[],"translation":{"provider":"WPGlobus","version":"2.10.0","language":"en","enabled_languages":["fr","en"],"languages":{"fr":{"title":true,"content":true,"excerpt":false},"en":{"title":true,"content":true,"excerpt":false}}},"yoast_head":"<!-- This site is optimized with the Yoast SEO plugin v19.1 - https:\/\/yoast.com\/wordpress\/plugins\/seo\/ -->\n<title>IAST with APPSCAN - ABlogiX<\/title>\n<meta name=\"robots\" content=\"index, follow, max-snippet:-1, max-image-preview:large, max-video-preview:-1\" \/>\n<link rel=\"canonical\" href=\"https:\/\/www.ablogix.fr\/iast-avec-appscan\/\" \/>\n<meta property=\"og:locale\" content=\"en_US\" \/>\n<meta property=\"og:type\" content=\"article\" \/>\n<meta property=\"og:title\" content=\"IAST with APPSCAN - ABlogiX\" \/>\n<meta property=\"og:url\" content=\"https:\/\/www.ablogix.fr\/iast-avec-appscan\/\" \/>\n<meta property=\"og:site_name\" content=\"ABlogiX\" \/>\n<meta property=\"article:publisher\" content=\"https:\/\/www.facebook.com\/ABlogiX\" \/>\n<meta property=\"article:modified_time\" content=\"2021-11-08T16:05:52+00:00\" \/>\n<meta property=\"og:image\" content=\"https:\/\/www.ablogix.fr\/wp-content\/uploads\/2021\/10\/APPSCAN-ACCELERATE-Metrics1-1024x521.png\" \/>\n<meta name=\"twitter:card\" content=\"summary_large_image\" \/>\n<meta name=\"twitter:site\" content=\"@ABlogiX\" \/>\n<meta name=\"twitter:label1\" content=\"Est. reading time\" \/>\n\t<meta name=\"twitter:data1\" content=\"2 minutes\" \/>\n<script type=\"application\/ld+json\" class=\"yoast-schema-graph\">{\"@context\":\"https:\/\/schema.org\",\"@graph\":[{\"@type\":\"Organization\",\"@id\":\"https:\/\/www.ablogix.fr\/#organization\",\"name\":\"AblogiX\",\"url\":\"https:\/\/www.ablogix.fr\/\",\"sameAs\":[\"https:\/\/www.linkedin.com\/company\/sarl-ablogix\",\"https:\/\/www.youtube.com\/channel\/UC7LR5o5aeXzd2epr7eNma3g\/featured\",\"https:\/\/www.facebook.com\/ABlogiX\",\"https:\/\/twitter.com\/ABlogiX\"],\"logo\":{\"@type\":\"ImageObject\",\"inLanguage\":\"en-US\",\"@id\":\"https:\/\/www.ablogix.fr\/#\/schema\/logo\/image\/\",\"url\":\"https:\/\/www.ablogix.fr\/wp-content\/uploads\/2020\/11\/Logo-ABlogiX.png\",\"contentUrl\":\"https:\/\/www.ablogix.fr\/wp-content\/uploads\/2020\/11\/Logo-ABlogiX.png\",\"width\":534,\"height\":368,\"caption\":\"AblogiX\"},\"image\":{\"@id\":\"https:\/\/www.ablogix.fr\/#\/schema\/logo\/image\/\"}},{\"@type\":\"WebSite\",\"@id\":\"https:\/\/www.ablogix.fr\/#website\",\"url\":\"https:\/\/www.ablogix.fr\/\",\"name\":\"ABlogiX\",\"description\":\"Ing\u00e9nierie de d\u00e9veloppement syst\u00e8me et logiciel, et s\u00e9curit\u00e9 du syst\u00e8me d&#039;information\",\"publisher\":{\"@id\":\"https:\/\/www.ablogix.fr\/#organization\"},\"potentialAction\":[{\"@type\":\"SearchAction\",\"target\":{\"@type\":\"EntryPoint\",\"urlTemplate\":\"https:\/\/www.ablogix.fr\/?s={search_term_string}\"},\"query-input\":\"required name=search_term_string\"}],\"inLanguage\":\"en-US\"},{\"@type\":\"ImageObject\",\"inLanguage\":\"en-US\",\"@id\":\"https:\/\/www.ablogix.fr\/iast-avec-appscan\/#primaryimage\",\"url\":\"https:\/\/www.ablogix.fr\/wp-content\/uploads\/2021\/10\/APPSCAN-ACCELERATE-Metrics1.png\",\"contentUrl\":\"https:\/\/www.ablogix.fr\/wp-content\/uploads\/2021\/10\/APPSCAN-ACCELERATE-Metrics1.png\",\"width\":2934,\"height\":1492},{\"@type\":\"WebPage\",\"@id\":\"https:\/\/www.ablogix.fr\/iast-avec-appscan\/#webpage\",\"url\":\"https:\/\/www.ablogix.fr\/iast-avec-appscan\/\",\"name\":\"IAST with APPSCAN - ABlogiX\",\"isPartOf\":{\"@id\":\"https:\/\/www.ablogix.fr\/#website\"},\"primaryImageOfPage\":{\"@id\":\"https:\/\/www.ablogix.fr\/iast-avec-appscan\/#primaryimage\"},\"datePublished\":\"2021-10-14T06:16:55+00:00\",\"dateModified\":\"2021-11-08T16:05:52+00:00\",\"breadcrumb\":{\"@id\":\"https:\/\/www.ablogix.fr\/iast-avec-appscan\/#breadcrumb\"},\"inLanguage\":\"en-US\",\"potentialAction\":[{\"@type\":\"ReadAction\",\"target\":[\"https:\/\/www.ablogix.fr\/iast-avec-appscan\/\"]}]},{\"@type\":\"BreadcrumbList\",\"@id\":\"https:\/\/www.ablogix.fr\/iast-avec-appscan\/#breadcrumb\",\"itemListElement\":[{\"@type\":\"ListItem\",\"position\":1,\"name\":\"Accueil\",\"item\":\"https:\/\/www.ablogix.fr\/\"},{\"@type\":\"ListItem\",\"position\":2,\"name\":\"IAST avec APPSCAN\"}]}]}<\/script>\n<!-- \/ Yoast SEO plugin. -->","yoast_head_json":{"title":"IAST with APPSCAN - ABlogiX","robots":{"index":"index","follow":"follow","max-snippet":"max-snippet:-1","max-image-preview":"max-image-preview:large","max-video-preview":"max-video-preview:-1"},"canonical":"https:\/\/www.ablogix.fr\/iast-avec-appscan\/","og_locale":"en_US","og_type":"article","og_title":"IAST with APPSCAN - ABlogiX","og_url":"https:\/\/www.ablogix.fr\/iast-avec-appscan\/","og_site_name":"ABlogiX","article_publisher":"https:\/\/www.facebook.com\/ABlogiX","article_modified_time":"2021-11-08T16:05:52+00:00","og_image":[{"url":"https:\/\/www.ablogix.fr\/wp-content\/uploads\/2021\/10\/APPSCAN-ACCELERATE-Metrics1-1024x521.png"}],"twitter_card":"summary_large_image","twitter_site":"@ABlogiX","twitter_misc":{"Est. reading time":"2 minutes"},"schema":{"@context":"https:\/\/schema.org","@graph":[{"@type":"Organization","@id":"https:\/\/www.ablogix.fr\/#organization","name":"AblogiX","url":"https:\/\/www.ablogix.fr\/","sameAs":["https:\/\/www.linkedin.com\/company\/sarl-ablogix","https:\/\/www.youtube.com\/channel\/UC7LR5o5aeXzd2epr7eNma3g\/featured","https:\/\/www.facebook.com\/ABlogiX","https:\/\/twitter.com\/ABlogiX"],"logo":{"@type":"ImageObject","inLanguage":"en-US","@id":"https:\/\/www.ablogix.fr\/#\/schema\/logo\/image\/","url":"https:\/\/www.ablogix.fr\/wp-content\/uploads\/2020\/11\/Logo-ABlogiX.png","contentUrl":"https:\/\/www.ablogix.fr\/wp-content\/uploads\/2020\/11\/Logo-ABlogiX.png","width":534,"height":368,"caption":"AblogiX"},"image":{"@id":"https:\/\/www.ablogix.fr\/#\/schema\/logo\/image\/"}},{"@type":"WebSite","@id":"https:\/\/www.ablogix.fr\/#website","url":"https:\/\/www.ablogix.fr\/","name":"ABlogiX","description":"Ing\u00e9nierie de d\u00e9veloppement syst\u00e8me et logiciel, et s\u00e9curit\u00e9 du syst\u00e8me d&#039;information","publisher":{"@id":"https:\/\/www.ablogix.fr\/#organization"},"potentialAction":[{"@type":"SearchAction","target":{"@type":"EntryPoint","urlTemplate":"https:\/\/www.ablogix.fr\/?s={search_term_string}"},"query-input":"required name=search_term_string"}],"inLanguage":"en-US"},{"@type":"ImageObject","inLanguage":"en-US","@id":"https:\/\/www.ablogix.fr\/iast-avec-appscan\/#primaryimage","url":"https:\/\/www.ablogix.fr\/wp-content\/uploads\/2021\/10\/APPSCAN-ACCELERATE-Metrics1.png","contentUrl":"https:\/\/www.ablogix.fr\/wp-content\/uploads\/2021\/10\/APPSCAN-ACCELERATE-Metrics1.png","width":2934,"height":1492},{"@type":"WebPage","@id":"https:\/\/www.ablogix.fr\/iast-avec-appscan\/#webpage","url":"https:\/\/www.ablogix.fr\/iast-avec-appscan\/","name":"IAST with APPSCAN - ABlogiX","isPartOf":{"@id":"https:\/\/www.ablogix.fr\/#website"},"primaryImageOfPage":{"@id":"https:\/\/www.ablogix.fr\/iast-avec-appscan\/#primaryimage"},"datePublished":"2021-10-14T06:16:55+00:00","dateModified":"2021-11-08T16:05:52+00:00","breadcrumb":{"@id":"https:\/\/www.ablogix.fr\/iast-avec-appscan\/#breadcrumb"},"inLanguage":"en-US","potentialAction":[{"@type":"ReadAction","target":["https:\/\/www.ablogix.fr\/iast-avec-appscan\/"]}]},{"@type":"BreadcrumbList","@id":"https:\/\/www.ablogix.fr\/iast-avec-appscan\/#breadcrumb","itemListElement":[{"@type":"ListItem","position":1,"name":"Accueil","item":"https:\/\/www.ablogix.fr\/"},{"@type":"ListItem","position":2,"name":"IAST avec APPSCAN"}]}]}},"_links":{"self":[{"href":"https:\/\/www.ablogix.fr\/en\/wp-json\/wp\/v2\/pages\/8372"}],"collection":[{"href":"https:\/\/www.ablogix.fr\/en\/wp-json\/wp\/v2\/pages"}],"about":[{"href":"https:\/\/www.ablogix.fr\/en\/wp-json\/wp\/v2\/types\/page"}],"author":[{"embeddable":true,"href":"https:\/\/www.ablogix.fr\/en\/wp-json\/wp\/v2\/users\/3"}],"replies":[{"embeddable":true,"href":"https:\/\/www.ablogix.fr\/en\/wp-json\/wp\/v2\/comments?post=8372"}],"version-history":[{"count":36,"href":"https:\/\/www.ablogix.fr\/en\/wp-json\/wp\/v2\/pages\/8372\/revisions"}],"predecessor-version":[{"id":8636,"href":"https:\/\/www.ablogix.fr\/en\/wp-json\/wp\/v2\/pages\/8372\/revisions\/8636"}],"wp:attachment":[{"href":"https:\/\/www.ablogix.fr\/en\/wp-json\/wp\/v2\/media?parent=8372"}],"curies":[{"name":"wp","href":"https:\/\/api.w.org\/{rel}","templated":true}]}}