{"id":68,"date":"2017-10-13T10:28:13","date_gmt":"2017-10-13T08:28:13","guid":{"rendered":"http:\/\/92.222.19.170\/?page_id=68"},"modified":"2021-03-16T12:20:47","modified_gmt":"2021-03-16T11:20:47","slug":"savoir-faire","status":"publish","type":"page","link":"https:\/\/www.ablogix.fr\/en\/savoir-faire\/","title":{"rendered":"Knowledge"},"content":{"rendered":"\n<h2>Our mission<\/h2>\n\n\n\n<p>Provide organisations with integrated solutions :<\/p>\n\n\n\n<ul><li>Requirements Management,<\/li><li>Software Configuration Management,<\/li><li>Change Management,<\/li><li>Compilation and Continuous Testing,<\/li><li>Web and Mobile Application Security Testing<\/li><\/ul>\n\n\n\n<p>They meet the needs of businesses by maximising the return on investment.<\/p>\n\n\n\n<h2>Our Job<\/h2>\n\n\n\n<p>ABlogiX was created in 2007, and provides tool-based process solutions for companies in all sectors. ABlogiX assists its clients in the audit, choice of tools, definition of best practices, configuration and training.<\/p>\n\n\n\n<p>We take to heart the activity of improving the software development processes of our clients. ABlogiX has more than 15 years of expertise in the definition, implementation, migration and operational maintenance of software development processes.<\/p>\n\n\n\n<p>ABlogiX participates in various communities and is certified on the major tools of the market.<\/p>\n\n\n\n<h3>We support our clients with the following tools<\/h3>\n\n\n\n<ul><li>ClearCase \/ UCM<\/li><li>ClearQuest<\/li><li>Synergy CS \/ CM<\/li><li>Rational Team Concert (RTC) \/ Jazz<\/li><li>Suvbersion<\/li><li>Git<\/li><li>Mercurial<\/li><li>Jira<\/li><li>DOORS<\/li><li>Maven<\/li><li>Jenkins<\/li><li>AppScan Standard et Source<\/li><li>QRadar<\/li><\/ul>\n\n\n\n<p>We also develop <strong>Configuration and Change Management Integration <\/strong>solutions between :<\/p>\n\n\n\n<ul><li>Jira<\/li><li><strong>Rational\/Rational Authorized\/Security system<\/strong><\/li><li><strong>ClearCase et ClearCase UCM<\/strong><\/li><li><strong>RTC<\/strong><\/li><\/ul>\n\n\n\n<h3>Improvement of development processes :<\/h3>\n\n\n\n<ul><li>Audit of software development processes<\/li><li>Definition of process-tool improvement plan<\/li><li>Deployment of process-tool(s)<\/li><li>Training on tools<\/li><\/ul>\n\n\n\n<h3>Information System Security :<\/h3>\n\n\n\n<ul><li>Audit of physical security risks<\/li><li>Audit of infrastructure security risks (systems, servers, networks)<\/li><li>Security audit of the code in static mode<\/li><li>Audit of application security in dynamic mode (web, mobile, etc.)<\/li><li>Secure architecture consulting<\/li><li>Secure cloud consulting<\/li><li>Secure development environment consulting<\/li><li>Consulting in continuous integration and application security testing<\/li><li>Training in web and mobile application security<\/li><\/ul>\n","protected":false},"excerpt":{"rendered":"<p>Our mission Provide organisations with integrated solutions : Requirements Management, Software Configuration Management, Change Management, Compilation and Continuous Testing, Web and Mobile Application Security Testing They meet the needs of businesses by maximising the return on investment. Our Job ABlogiX was created in 2007, and provides tool-based process solutions for companies in all sectors. ABlogiX <a href=\"https:\/\/www.ablogix.fr\/en\/savoir-faire\/\" rel=\"nofollow\"><span class=\"sr-only\">Read more about Knowledge<\/span>[&hellip;]<\/a><\/p>\n","protected":false},"author":1,"featured_media":0,"parent":0,"menu_order":0,"comment_status":"closed","ping_status":"closed","template":"template-fullwidth.php","meta":[],"translation":{"provider":"WPGlobus","version":"2.10.0","language":"en","enabled_languages":["fr","en"],"languages":{"fr":{"title":true,"content":true,"excerpt":false},"en":{"title":true,"content":true,"excerpt":false}}},"yoast_head":"<!-- This site is optimized with the Yoast SEO plugin v19.1 - https:\/\/yoast.com\/wordpress\/plugins\/seo\/ -->\n<title>Knowledge - ABlogiX<\/title>\n<meta name=\"robots\" content=\"index, follow, max-snippet:-1, max-image-preview:large, max-video-preview:-1\" \/>\n<link rel=\"canonical\" href=\"https:\/\/www.ablogix.fr\/savoir-faire\/\" \/>\n<meta property=\"og:locale\" content=\"en_US\" \/>\n<meta property=\"og:type\" content=\"article\" \/>\n<meta property=\"og:title\" content=\"Knowledge - ABlogiX\" \/>\n<meta property=\"og:url\" content=\"https:\/\/www.ablogix.fr\/savoir-faire\/\" \/>\n<meta property=\"og:site_name\" content=\"ABlogiX\" \/>\n<meta property=\"article:publisher\" content=\"https:\/\/www.facebook.com\/ABlogiX\" \/>\n<meta property=\"article:modified_time\" content=\"2021-03-16T11:20:47+00:00\" \/>\n<meta name=\"twitter:card\" content=\"summary_large_image\" \/>\n<meta name=\"twitter:site\" content=\"@ABlogiX\" \/>\n<meta name=\"twitter:label1\" content=\"Est. reading time\" \/>\n\t<meta name=\"twitter:data1\" content=\"2 minutes\" \/>\n<script type=\"application\/ld+json\" class=\"yoast-schema-graph\">{\"@context\":\"https:\/\/schema.org\",\"@graph\":[{\"@type\":\"Organization\",\"@id\":\"https:\/\/www.ablogix.fr\/#organization\",\"name\":\"AblogiX\",\"url\":\"https:\/\/www.ablogix.fr\/\",\"sameAs\":[\"https:\/\/www.linkedin.com\/company\/sarl-ablogix\",\"https:\/\/www.youtube.com\/channel\/UC7LR5o5aeXzd2epr7eNma3g\/featured\",\"https:\/\/www.facebook.com\/ABlogiX\",\"https:\/\/twitter.com\/ABlogiX\"],\"logo\":{\"@type\":\"ImageObject\",\"inLanguage\":\"en-US\",\"@id\":\"https:\/\/www.ablogix.fr\/#\/schema\/logo\/image\/\",\"url\":\"https:\/\/www.ablogix.fr\/wp-content\/uploads\/2020\/11\/Logo-ABlogiX.png\",\"contentUrl\":\"https:\/\/www.ablogix.fr\/wp-content\/uploads\/2020\/11\/Logo-ABlogiX.png\",\"width\":534,\"height\":368,\"caption\":\"AblogiX\"},\"image\":{\"@id\":\"https:\/\/www.ablogix.fr\/#\/schema\/logo\/image\/\"}},{\"@type\":\"WebSite\",\"@id\":\"https:\/\/www.ablogix.fr\/#website\",\"url\":\"https:\/\/www.ablogix.fr\/\",\"name\":\"ABlogiX\",\"description\":\"Ing\u00e9nierie de d\u00e9veloppement syst\u00e8me et logiciel, et s\u00e9curit\u00e9 du syst\u00e8me d&#039;information\",\"publisher\":{\"@id\":\"https:\/\/www.ablogix.fr\/#organization\"},\"potentialAction\":[{\"@type\":\"SearchAction\",\"target\":{\"@type\":\"EntryPoint\",\"urlTemplate\":\"https:\/\/www.ablogix.fr\/?s={search_term_string}\"},\"query-input\":\"required name=search_term_string\"}],\"inLanguage\":\"en-US\"},{\"@type\":\"WebPage\",\"@id\":\"https:\/\/www.ablogix.fr\/savoir-faire\/#webpage\",\"url\":\"https:\/\/www.ablogix.fr\/savoir-faire\/\",\"name\":\"Knowledge - ABlogiX\",\"isPartOf\":{\"@id\":\"https:\/\/www.ablogix.fr\/#website\"},\"datePublished\":\"2017-10-13T08:28:13+00:00\",\"dateModified\":\"2021-03-16T11:20:47+00:00\",\"breadcrumb\":{\"@id\":\"https:\/\/www.ablogix.fr\/savoir-faire\/#breadcrumb\"},\"inLanguage\":\"en-US\",\"potentialAction\":[{\"@type\":\"ReadAction\",\"target\":[\"https:\/\/www.ablogix.fr\/savoir-faire\/\"]}]},{\"@type\":\"BreadcrumbList\",\"@id\":\"https:\/\/www.ablogix.fr\/savoir-faire\/#breadcrumb\",\"itemListElement\":[{\"@type\":\"ListItem\",\"position\":1,\"name\":\"Accueil\",\"item\":\"https:\/\/www.ablogix.fr\/\"},{\"@type\":\"ListItem\",\"position\":2,\"name\":\"Savoir faire\"}]}]}<\/script>\n<!-- \/ Yoast SEO plugin. -->","yoast_head_json":{"title":"Knowledge - ABlogiX","robots":{"index":"index","follow":"follow","max-snippet":"max-snippet:-1","max-image-preview":"max-image-preview:large","max-video-preview":"max-video-preview:-1"},"canonical":"https:\/\/www.ablogix.fr\/savoir-faire\/","og_locale":"en_US","og_type":"article","og_title":"Knowledge - ABlogiX","og_url":"https:\/\/www.ablogix.fr\/savoir-faire\/","og_site_name":"ABlogiX","article_publisher":"https:\/\/www.facebook.com\/ABlogiX","article_modified_time":"2021-03-16T11:20:47+00:00","twitter_card":"summary_large_image","twitter_site":"@ABlogiX","twitter_misc":{"Est. reading time":"2 minutes"},"schema":{"@context":"https:\/\/schema.org","@graph":[{"@type":"Organization","@id":"https:\/\/www.ablogix.fr\/#organization","name":"AblogiX","url":"https:\/\/www.ablogix.fr\/","sameAs":["https:\/\/www.linkedin.com\/company\/sarl-ablogix","https:\/\/www.youtube.com\/channel\/UC7LR5o5aeXzd2epr7eNma3g\/featured","https:\/\/www.facebook.com\/ABlogiX","https:\/\/twitter.com\/ABlogiX"],"logo":{"@type":"ImageObject","inLanguage":"en-US","@id":"https:\/\/www.ablogix.fr\/#\/schema\/logo\/image\/","url":"https:\/\/www.ablogix.fr\/wp-content\/uploads\/2020\/11\/Logo-ABlogiX.png","contentUrl":"https:\/\/www.ablogix.fr\/wp-content\/uploads\/2020\/11\/Logo-ABlogiX.png","width":534,"height":368,"caption":"AblogiX"},"image":{"@id":"https:\/\/www.ablogix.fr\/#\/schema\/logo\/image\/"}},{"@type":"WebSite","@id":"https:\/\/www.ablogix.fr\/#website","url":"https:\/\/www.ablogix.fr\/","name":"ABlogiX","description":"Ing\u00e9nierie de d\u00e9veloppement syst\u00e8me et logiciel, et s\u00e9curit\u00e9 du syst\u00e8me d&#039;information","publisher":{"@id":"https:\/\/www.ablogix.fr\/#organization"},"potentialAction":[{"@type":"SearchAction","target":{"@type":"EntryPoint","urlTemplate":"https:\/\/www.ablogix.fr\/?s={search_term_string}"},"query-input":"required name=search_term_string"}],"inLanguage":"en-US"},{"@type":"WebPage","@id":"https:\/\/www.ablogix.fr\/savoir-faire\/#webpage","url":"https:\/\/www.ablogix.fr\/savoir-faire\/","name":"Knowledge - ABlogiX","isPartOf":{"@id":"https:\/\/www.ablogix.fr\/#website"},"datePublished":"2017-10-13T08:28:13+00:00","dateModified":"2021-03-16T11:20:47+00:00","breadcrumb":{"@id":"https:\/\/www.ablogix.fr\/savoir-faire\/#breadcrumb"},"inLanguage":"en-US","potentialAction":[{"@type":"ReadAction","target":["https:\/\/www.ablogix.fr\/savoir-faire\/"]}]},{"@type":"BreadcrumbList","@id":"https:\/\/www.ablogix.fr\/savoir-faire\/#breadcrumb","itemListElement":[{"@type":"ListItem","position":1,"name":"Accueil","item":"https:\/\/www.ablogix.fr\/"},{"@type":"ListItem","position":2,"name":"Savoir faire"}]}]}},"_links":{"self":[{"href":"https:\/\/www.ablogix.fr\/en\/wp-json\/wp\/v2\/pages\/68"}],"collection":[{"href":"https:\/\/www.ablogix.fr\/en\/wp-json\/wp\/v2\/pages"}],"about":[{"href":"https:\/\/www.ablogix.fr\/en\/wp-json\/wp\/v2\/types\/page"}],"author":[{"embeddable":true,"href":"https:\/\/www.ablogix.fr\/en\/wp-json\/wp\/v2\/users\/1"}],"replies":[{"embeddable":true,"href":"https:\/\/www.ablogix.fr\/en\/wp-json\/wp\/v2\/comments?post=68"}],"version-history":[{"count":7,"href":"https:\/\/www.ablogix.fr\/en\/wp-json\/wp\/v2\/pages\/68\/revisions"}],"predecessor-version":[{"id":4305,"href":"https:\/\/www.ablogix.fr\/en\/wp-json\/wp\/v2\/pages\/68\/revisions\/4305"}],"wp:attachment":[{"href":"https:\/\/www.ablogix.fr\/en\/wp-json\/wp\/v2\/media?parent=68"}],"curies":[{"name":"wp","href":"https:\/\/api.w.org\/{rel}","templated":true}]}}