{"id":2788,"date":"2021-01-05T12:05:33","date_gmt":"2021-01-05T11:05:33","guid":{"rendered":"https:\/\/www.ablogix.fr\/?page_id=2788"},"modified":"2022-12-07T16:29:18","modified_gmt":"2022-12-07T15:29:18","slug":"scm_tr5-1-ewm","status":"publish","type":"page","link":"https:\/\/www.ablogix.fr\/en\/scm_tr5-1-ewm\/","title":{"rendered":"SCM_Tr5.1 &#8211; Task Management with IBM Jazz EWM 7.x"},"content":{"rendered":"\n<pre class=\"wp-block-preformatted\"><em>R\u00e9f : <\/em>SCM_Tr5.1<\/pre>\n\n\n\n<h2>Targeted audience<\/h2>\n\n\n\n<p>This course is intended for project members using IBM\u00ae EWM\u2122 for change and activity management with Work Items on system or\/and software development projects.<\/p>\n\n\n\n<div style=\"height:20px\" aria-hidden=\"true\" class=\"wp-block-spacer\"><\/div>\n\n\n\n<h2>Training objectives<\/h2>\n\n\n\n<p><\/p>\n\n\n\n<p>the objectives of this training are : <\/p>\n\n\n\n<ul><li>To understand and manage defects et change requests at any phase of the process<\/li><li>To understand and create Dashboards to manage the changes<\/li><\/ul>\n\n\n\n<div style=\"height:20px\" aria-hidden=\"true\" class=\"wp-block-spacer\"><\/div>\n\n\n\n<h2>Targeted skills<\/h2>\n\n\n\n<p><\/p>\n\n\n\n<p>Upon completion of this training, the participant will be able to&nbsp;:<\/p>\n\n\n\n<ul><li>Identify different types of Work Items<\/li><li>Create and update Work Items<\/li><li>Change the status of Work Items<\/li><li>Create and perform Queries on Work Items<\/li><li>Schedule Work Items for each phase of the project<\/li><li>Save and compare periodically the progress of planned tasks<\/li><li>Generate reports<\/li><\/ul>\n\n\n\n<p><\/p>\n\n\n\n<p><\/p>\n\n\n\n<h2>Duration<\/h2>\n\n\n\n<p><strong>1 day, divided into 11 modules<\/strong> (the program can be adapted to the technological context and level of knowledge of the trainees).<\/p>\n\n\n\n<ul><li>The training can be assured in person or remotely<\/li><li>The training can take place on an inter-company or intra-company basis<\/li><\/ul>\n\n\n\n<div style=\"height:20px\" aria-hidden=\"true\" class=\"wp-block-spacer\"><\/div>\n\n\n\n<p><strong>Unfolding of the training : MORNING<\/strong><\/p>\n\n\n\n<h2>Module 0 : Objectives of the training<\/h2>\n\n\n\n<p><\/p>\n\n\n\n<p>Day 1<\/p>\n\n\n\n<p><strong>Introduction <\/strong>: Presentation of the objectives and of the unfolding of the training.<\/p>\n\n\n\n<p><strong>Round table :<\/strong> Presentation of the group, participants, and their expectations.<\/p>\n\n\n\n<div style=\"height:20px\" aria-hidden=\"true\" class=\"wp-block-spacer\"><\/div>\n\n\n\n<h2>Module 1&nbsp;: ELM tools<\/h2>\n\n\n\n<p><\/p>\n\n\n\n<p><meta charset=\"utf-8\"><meta charset=\"utf-8\">Day 1<\/p>\n\n\n\n<p><meta charset=\"utf-8\">Objectives of the module :<\/p>\n\n\n\n<ul><li>Know how to manage Versions and Changes<\/li><li>Use ELM tools and know how they interact with EWM<\/li><\/ul>\n\n\n\n<div style=\"height:20px\" aria-hidden=\"true\" class=\"wp-block-spacer\"><\/div>\n\n\n\n<h2>Module 2 : EWM<\/h2>\n\n\n\n<p><\/p>\n\n\n\n<p><meta charset=\"utf-8\">Day 1<\/p>\n\n\n\n<p><meta charset=\"utf-8\">Objectives of the module :<\/p>\n\n\n\n<ul><li>Use EWM for Task Management<\/li><\/ul>\n\n\n\n<ul><li>Present the web interface of EWM<\/li><\/ul>\n\n\n\n<div style=\"height:20px\" aria-hidden=\"true\" class=\"wp-block-spacer\"><\/div>\n\n\n\n<h2>Module 3 : Project Area<\/h2>\n\n\n\n<p><\/p>\n\n\n\n<p><meta charset=\"utf-8\">Day 1<\/p>\n\n\n\n<p><meta charset=\"utf-8\">Objectives of the module :<\/p>\n\n\n\n<ul><li>Understand the concepts of Project Area and Team Area<\/li><li>Navigate through the Project Areas<\/li><\/ul>\n\n\n\n<div style=\"height:20px\" aria-hidden=\"true\" class=\"wp-block-spacer\"><\/div>\n\n\n\n<h2>Module 4 : Work Items<\/h2>\n\n\n\n<p><\/p>\n\n\n\n<p><meta charset=\"utf-8\">Day 1<\/p>\n\n\n\n<p><meta charset=\"utf-8\">Objectives of the module :<\/p>\n\n\n\n<ul><li>Describe the Work Items<\/li><li>Create Work Items<\/li><li>Search Work Items<\/li><li>Set up your personal notifications<\/li><\/ul>\n\n\n\n<div style=\"height:74px\" aria-hidden=\"true\" class=\"wp-block-spacer\"><\/div>\n\n\n\n<p><strong>Unfolding of the training : AFTERNOON<\/strong><\/p>\n\n\n\n<h2>Module 5 : The formal process model<\/h2>\n\n\n\n<p><\/p>\n\n\n\n<p><meta charset=\"utf-8\">Day 1<\/p>\n\n\n\n<p><meta charset=\"utf-8\">Objectives of the module :<\/p>\n\n\n\n<ul><li>Use the formal process model :<ul><li>Roles and permissions<\/li><li>Types of Work Items<\/li><li>Workflow et States<\/li><\/ul><\/li><\/ul>\n\n\n\n<div style=\"height:20px\" aria-hidden=\"true\" class=\"wp-block-spacer\"><\/div>\n\n\n\n<h2>Module 6 : Dashboards<\/h2>\n\n\n\n<p><\/p>\n\n\n\n<p><meta charset=\"utf-8\">Day 1<\/p>\n\n\n\n<p><meta charset=\"utf-8\">Objectives of the module :<\/p>\n\n\n\n<ul><li>Describe the different types of dashboards<\/li><li>Set up and share dashboards<\/li><\/ul>\n\n\n\n<div style=\"height:24px\" aria-hidden=\"true\" class=\"wp-block-spacer\"><\/div>\n\n\n\n<h2>Module 7 : Integrations<\/h2>\n\n\n\n<p><\/p>\n\n\n\n<p><meta charset=\"utf-8\">Day 1<\/p>\n\n\n\n<p><meta charset=\"utf-8\">Objectives of the module :<\/p>\n\n\n\n<ul><li>Links between Project Areas<\/li><li>Other EWM clients<ul><li>Eclipse and Visual Studio<\/li><li>EWM Shell for Microsoft Windows Explorer<\/li><\/ul><\/li><li>Interactions with other tools :<ul><li>Rhapsody<\/li><li>Doors or DoorsNG<\/li><\/ul><\/li><\/ul>\n\n\n\n<div style=\"height:24px\" aria-hidden=\"true\" class=\"wp-block-spacer\"><\/div>\n\n\n\n<h2>Module 8 : Timelines<\/h2>\n\n\n\n<p><\/p>\n\n\n\n<p><meta charset=\"utf-8\">Day 1<\/p>\n\n\n\n<p><meta charset=\"utf-8\">Objectives of the module :<\/p>\n\n\n\n<ul><li>Learn how to work with Project Timelines and Iterations<\/li><li>Identify Project Timelines and Iterations as current<\/li><\/ul>\n\n\n\n<p><\/p>\n\n\n\n<p><\/p>\n\n\n\n<p><\/p>\n\n\n\n<p><\/p>\n\n\n\n<p><\/p>\n\n\n\n<div style=\"height:20px\" aria-hidden=\"true\" class=\"wp-block-spacer\"><\/div>\n\n\n\n<h2>Module 9 : Planification des Work Items et Suivi de planning<\/h2>\n\n\n\n<p><\/p>\n\n\n\n<p><meta charset=\"utf-8\">Day 1<\/p>\n\n\n\n<p><meta charset=\"utf-8\">Objectives of the module :<\/p>\n\n\n\n<ul><li>Learn how to work with Timelines and Iterations<\/li><li>Create plans in EWM<\/li><li>Manage Work Items in a plan<\/li><li>Use Views in order to display progress on the plan<\/li><li>Use Snapshots in order to freeze the state of the plan<\/li><\/ul>\n\n\n\n<div style=\"height:24px\" aria-hidden=\"true\" class=\"wp-block-spacer\"><\/div>\n\n\n\n<h2>Module 10 : Organisation of Work Items<\/h2>\n\n\n\n<p><\/p>\n\n\n\n<p><meta charset=\"utf-8\">Day 1<\/p>\n\n\n\n<p><meta charset=\"utf-8\">Objectives of the module :<\/p>\n\n\n\n<ul><li>Organise the structure of Work Items<\/li><li>Use Work Items child of<\/li><li>Use Work Items Feature \/ Business Need<\/li><\/ul>\n\n\n\n<p><\/p>\n\n\n\n<p><\/p>\n\n\n\n<div style=\"height:20px\" aria-hidden=\"true\" class=\"wp-block-spacer\"><\/div>\n\n\n\n<h2>Module 11 : Use of reports<\/h2>\n\n\n\n<p><\/p>\n\n\n\n<p><meta charset=\"utf-8\">Day 1<\/p>\n\n\n\n<p>Objectives of the module :<\/p>\n\n\n\n<ul><li>Generate reports<\/li><li>Use Jazz<sup>TM<\/sup> reports to display the progress of your Team or Project<\/li><\/ul>\n\n\n\n<div style=\"height:24px\" aria-hidden=\"true\" class=\"wp-block-spacer\"><\/div>\n\n\n\n<h2>Training, technical and supervisory resources<\/h2>\n\n\n\n<p>Each course module will be covered in a hands-on exercise that will be performed via a remote ELM server provided and installed by ABlogiX. Each participant will have a computer already installed to access the ELM server.<\/p>\n\n\n\n<p>Training support will be provided for each module and will be presented via a video projector or large screen. A whiteboard or interactive whiteboard should be provided with pens.<\/p>\n\n\n\n<p>The training is facilitated by a consultant-trainer, which allows participants to benefit from his field experience.<\/p>\n\n\n\n<div style=\"height:20px\" aria-hidden=\"true\" class=\"wp-block-spacer\"><\/div>\n\n\n\n<h2>The trainer<\/h2>\n\n\n\n<p>Arnaud Bourlier, a software engineer specialized in software engineering, is IBM ELM and IBM JAZZ EWM certified. He has been working for more than 15 years in quality improvement and software development processes for many industry sectors i.e. mobile phones, railway, and defense, &#8230;<\/p>\n\n\n\n<div style=\"height:20px\" aria-hidden=\"true\" class=\"wp-block-spacer\"><\/div>\n\n\n\n<div style=\"height:20px\" aria-hidden=\"true\" class=\"wp-block-spacer\"><\/div>\n\n\n\n<h2>Additionnal information ?<\/h2>\n\n\n\n<p>For any additional information, contact us by phone at this phone number <strong>+ 33(0)2 85 29 43 44<\/strong> or via email :&nbsp;<a href=\"mailto:formation@ablogix.fr\">formation@ablogix.fr<\/a> for a quotation.<\/p>\n\n\n\n<hr class=\"wp-block-separator\"\/>\n\n\n\n<pre class=\"wp-block-preformatted\"><strong>The training activity of ABlogiX is \"registered under number 52 72 01527 72. This registration is not equivalent to State approval\", in accordance with Article L6322-48.<\/strong>\n<\/pre>\n\n\n\n<p><strong><a href=\"https:\/\/www.ablogix.fr\/formations\/\" target=\"_blank\" rel=\"noreferrer noopener\">Find all our training courses here.<\/a><\/strong><\/p>\n\n\n\n<p><a href=\"https:\/\/www.ablogix.fr\/wp-content\/uploads\/2022\/12\/SCM_Tr5.1-JAZZ-ELM-EWM-La-gestion-des-activite\u0301s-Programme-FR-1.pdf\" target=\"_blank\" rel=\"noreferrer noopener\">Download here the program of this training<\/a><\/p>\n\n\n\n<p><\/p>\n\n\n\n<div class=\"wp-block-image\"><figure class=\"aligncenter size-full is-resized\"><img loading=\"lazy\" src=\"https:\/\/www.ablogix.fr\/wp-content\/uploads\/2022\/07\/QRcode-ABourlier-info.png\" alt=\"\" class=\"wp-image-11786\" width=\"169\" height=\"166\"\/><\/figure><\/div>\n","protected":false},"excerpt":{"rendered":"<p>R\u00e9f : SCM_Tr5.1 Targeted audience This course is intended for project members using IBM\u00ae EWM\u2122 for change and activity management with Work Items on system or\/and software development projects. Training objectives the objectives of this training are : To understand and manage defects et change requests at any phase of the process To understand and <a href=\"https:\/\/www.ablogix.fr\/en\/scm_tr5-1-ewm\/\" rel=\"nofollow\"><span class=\"sr-only\">Read more about SCM_Tr5.1 &#8211; Task Management with IBM Jazz EWM 7.x<\/span>[&hellip;]<\/a><\/p>\n","protected":false},"author":4,"featured_media":0,"parent":0,"menu_order":0,"comment_status":"closed","ping_status":"closed","template":"template-fullwidth.php","meta":[],"translation":{"provider":"WPGlobus","version":"2.10.0","language":"en","enabled_languages":["fr","en"],"languages":{"fr":{"title":true,"content":true,"excerpt":false},"en":{"title":true,"content":true,"excerpt":false}}},"yoast_head":"<!-- This site is optimized with the Yoast SEO plugin v19.1 - https:\/\/yoast.com\/wordpress\/plugins\/seo\/ -->\n<title>SCM_Tr5.1 - Task Management with IBM Jazz EWM 7.x - ABlogiX<\/title>\n<meta name=\"robots\" content=\"index, follow, max-snippet:-1, max-image-preview:large, max-video-preview:-1\" \/>\n<link rel=\"canonical\" href=\"https:\/\/www.ablogix.fr\/scm_tr5-1-ewm\/\" \/>\n<meta property=\"og:locale\" content=\"en_US\" \/>\n<meta property=\"og:type\" content=\"article\" \/>\n<meta property=\"og:title\" content=\"SCM_Tr5.1 - Task Management with IBM Jazz EWM 7.x - ABlogiX\" \/>\n<meta property=\"og:url\" content=\"https:\/\/www.ablogix.fr\/scm_tr5-1-ewm\/\" \/>\n<meta property=\"og:site_name\" content=\"ABlogiX\" \/>\n<meta property=\"article:publisher\" content=\"https:\/\/www.facebook.com\/ABlogiX\" \/>\n<meta property=\"article:modified_time\" content=\"2022-12-07T15:29:18+00:00\" \/>\n<meta property=\"og:image\" content=\"https:\/\/www.ablogix.fr\/wp-content\/uploads\/2022\/07\/QRcode-ABourlier-info.png\" \/>\n<meta name=\"twitter:card\" content=\"summary_large_image\" \/>\n<meta name=\"twitter:site\" content=\"@ABlogiX\" \/>\n<meta name=\"twitter:label1\" content=\"Est. reading time\" \/>\n\t<meta name=\"twitter:data1\" content=\"4 minutes\" \/>\n<script type=\"application\/ld+json\" class=\"yoast-schema-graph\">{\"@context\":\"https:\/\/schema.org\",\"@graph\":[{\"@type\":\"Organization\",\"@id\":\"https:\/\/www.ablogix.fr\/#organization\",\"name\":\"AblogiX\",\"url\":\"https:\/\/www.ablogix.fr\/\",\"sameAs\":[\"https:\/\/www.linkedin.com\/company\/sarl-ablogix\",\"https:\/\/www.youtube.com\/channel\/UC7LR5o5aeXzd2epr7eNma3g\/featured\",\"https:\/\/www.facebook.com\/ABlogiX\",\"https:\/\/twitter.com\/ABlogiX\"],\"logo\":{\"@type\":\"ImageObject\",\"inLanguage\":\"en-US\",\"@id\":\"https:\/\/www.ablogix.fr\/#\/schema\/logo\/image\/\",\"url\":\"https:\/\/www.ablogix.fr\/wp-content\/uploads\/2020\/11\/Logo-ABlogiX.png\",\"contentUrl\":\"https:\/\/www.ablogix.fr\/wp-content\/uploads\/2020\/11\/Logo-ABlogiX.png\",\"width\":534,\"height\":368,\"caption\":\"AblogiX\"},\"image\":{\"@id\":\"https:\/\/www.ablogix.fr\/#\/schema\/logo\/image\/\"}},{\"@type\":\"WebSite\",\"@id\":\"https:\/\/www.ablogix.fr\/#website\",\"url\":\"https:\/\/www.ablogix.fr\/\",\"name\":\"ABlogiX\",\"description\":\"Ing\u00e9nierie de d\u00e9veloppement syst\u00e8me et logiciel, et s\u00e9curit\u00e9 du syst\u00e8me d&#039;information\",\"publisher\":{\"@id\":\"https:\/\/www.ablogix.fr\/#organization\"},\"potentialAction\":[{\"@type\":\"SearchAction\",\"target\":{\"@type\":\"EntryPoint\",\"urlTemplate\":\"https:\/\/www.ablogix.fr\/?s={search_term_string}\"},\"query-input\":\"required name=search_term_string\"}],\"inLanguage\":\"en-US\"},{\"@type\":\"ImageObject\",\"inLanguage\":\"en-US\",\"@id\":\"https:\/\/www.ablogix.fr\/scm_tr5-1-ewm\/#primaryimage\",\"url\":\"https:\/\/www.ablogix.fr\/wp-content\/uploads\/2022\/07\/QRcode-ABourlier-info.png\",\"contentUrl\":\"https:\/\/www.ablogix.fr\/wp-content\/uploads\/2022\/07\/QRcode-ABourlier-info.png\",\"width\":272,\"height\":267},{\"@type\":\"WebPage\",\"@id\":\"https:\/\/www.ablogix.fr\/scm_tr5-1-ewm\/#webpage\",\"url\":\"https:\/\/www.ablogix.fr\/scm_tr5-1-ewm\/\",\"name\":\"SCM_Tr5.1 - Task Management with IBM Jazz EWM 7.x - ABlogiX\",\"isPartOf\":{\"@id\":\"https:\/\/www.ablogix.fr\/#website\"},\"primaryImageOfPage\":{\"@id\":\"https:\/\/www.ablogix.fr\/scm_tr5-1-ewm\/#primaryimage\"},\"datePublished\":\"2021-01-05T11:05:33+00:00\",\"dateModified\":\"2022-12-07T15:29:18+00:00\",\"breadcrumb\":{\"@id\":\"https:\/\/www.ablogix.fr\/scm_tr5-1-ewm\/#breadcrumb\"},\"inLanguage\":\"en-US\",\"potentialAction\":[{\"@type\":\"ReadAction\",\"target\":[\"https:\/\/www.ablogix.fr\/scm_tr5-1-ewm\/\"]}]},{\"@type\":\"BreadcrumbList\",\"@id\":\"https:\/\/www.ablogix.fr\/scm_tr5-1-ewm\/#breadcrumb\",\"itemListElement\":[{\"@type\":\"ListItem\",\"position\":1,\"name\":\"Accueil\",\"item\":\"https:\/\/www.ablogix.fr\/\"},{\"@type\":\"ListItem\",\"position\":2,\"name\":\"SCM_Tr5.1 &#8211; Task Management with IBM Jazz EWM 7.x\"}]}]}<\/script>\n<!-- \/ Yoast SEO plugin. -->","yoast_head_json":{"title":"SCM_Tr5.1 - Task Management with IBM Jazz EWM 7.x - ABlogiX","robots":{"index":"index","follow":"follow","max-snippet":"max-snippet:-1","max-image-preview":"max-image-preview:large","max-video-preview":"max-video-preview:-1"},"canonical":"https:\/\/www.ablogix.fr\/scm_tr5-1-ewm\/","og_locale":"en_US","og_type":"article","og_title":"SCM_Tr5.1 - Task Management with IBM Jazz EWM 7.x - ABlogiX","og_url":"https:\/\/www.ablogix.fr\/scm_tr5-1-ewm\/","og_site_name":"ABlogiX","article_publisher":"https:\/\/www.facebook.com\/ABlogiX","article_modified_time":"2022-12-07T15:29:18+00:00","og_image":[{"url":"https:\/\/www.ablogix.fr\/wp-content\/uploads\/2022\/07\/QRcode-ABourlier-info.png"}],"twitter_card":"summary_large_image","twitter_site":"@ABlogiX","twitter_misc":{"Est. reading time":"4 minutes"},"schema":{"@context":"https:\/\/schema.org","@graph":[{"@type":"Organization","@id":"https:\/\/www.ablogix.fr\/#organization","name":"AblogiX","url":"https:\/\/www.ablogix.fr\/","sameAs":["https:\/\/www.linkedin.com\/company\/sarl-ablogix","https:\/\/www.youtube.com\/channel\/UC7LR5o5aeXzd2epr7eNma3g\/featured","https:\/\/www.facebook.com\/ABlogiX","https:\/\/twitter.com\/ABlogiX"],"logo":{"@type":"ImageObject","inLanguage":"en-US","@id":"https:\/\/www.ablogix.fr\/#\/schema\/logo\/image\/","url":"https:\/\/www.ablogix.fr\/wp-content\/uploads\/2020\/11\/Logo-ABlogiX.png","contentUrl":"https:\/\/www.ablogix.fr\/wp-content\/uploads\/2020\/11\/Logo-ABlogiX.png","width":534,"height":368,"caption":"AblogiX"},"image":{"@id":"https:\/\/www.ablogix.fr\/#\/schema\/logo\/image\/"}},{"@type":"WebSite","@id":"https:\/\/www.ablogix.fr\/#website","url":"https:\/\/www.ablogix.fr\/","name":"ABlogiX","description":"Ing\u00e9nierie de d\u00e9veloppement syst\u00e8me et logiciel, et s\u00e9curit\u00e9 du syst\u00e8me d&#039;information","publisher":{"@id":"https:\/\/www.ablogix.fr\/#organization"},"potentialAction":[{"@type":"SearchAction","target":{"@type":"EntryPoint","urlTemplate":"https:\/\/www.ablogix.fr\/?s={search_term_string}"},"query-input":"required name=search_term_string"}],"inLanguage":"en-US"},{"@type":"ImageObject","inLanguage":"en-US","@id":"https:\/\/www.ablogix.fr\/scm_tr5-1-ewm\/#primaryimage","url":"https:\/\/www.ablogix.fr\/wp-content\/uploads\/2022\/07\/QRcode-ABourlier-info.png","contentUrl":"https:\/\/www.ablogix.fr\/wp-content\/uploads\/2022\/07\/QRcode-ABourlier-info.png","width":272,"height":267},{"@type":"WebPage","@id":"https:\/\/www.ablogix.fr\/scm_tr5-1-ewm\/#webpage","url":"https:\/\/www.ablogix.fr\/scm_tr5-1-ewm\/","name":"SCM_Tr5.1 - Task Management with IBM Jazz EWM 7.x - ABlogiX","isPartOf":{"@id":"https:\/\/www.ablogix.fr\/#website"},"primaryImageOfPage":{"@id":"https:\/\/www.ablogix.fr\/scm_tr5-1-ewm\/#primaryimage"},"datePublished":"2021-01-05T11:05:33+00:00","dateModified":"2022-12-07T15:29:18+00:00","breadcrumb":{"@id":"https:\/\/www.ablogix.fr\/scm_tr5-1-ewm\/#breadcrumb"},"inLanguage":"en-US","potentialAction":[{"@type":"ReadAction","target":["https:\/\/www.ablogix.fr\/scm_tr5-1-ewm\/"]}]},{"@type":"BreadcrumbList","@id":"https:\/\/www.ablogix.fr\/scm_tr5-1-ewm\/#breadcrumb","itemListElement":[{"@type":"ListItem","position":1,"name":"Accueil","item":"https:\/\/www.ablogix.fr\/"},{"@type":"ListItem","position":2,"name":"SCM_Tr5.1 &#8211; Task Management with IBM Jazz EWM 7.x"}]}]}},"_links":{"self":[{"href":"https:\/\/www.ablogix.fr\/en\/wp-json\/wp\/v2\/pages\/2788"}],"collection":[{"href":"https:\/\/www.ablogix.fr\/en\/wp-json\/wp\/v2\/pages"}],"about":[{"href":"https:\/\/www.ablogix.fr\/en\/wp-json\/wp\/v2\/types\/page"}],"author":[{"embeddable":true,"href":"https:\/\/www.ablogix.fr\/en\/wp-json\/wp\/v2\/users\/4"}],"replies":[{"embeddable":true,"href":"https:\/\/www.ablogix.fr\/en\/wp-json\/wp\/v2\/comments?post=2788"}],"version-history":[{"count":50,"href":"https:\/\/www.ablogix.fr\/en\/wp-json\/wp\/v2\/pages\/2788\/revisions"}],"predecessor-version":[{"id":15118,"href":"https:\/\/www.ablogix.fr\/en\/wp-json\/wp\/v2\/pages\/2788\/revisions\/15118"}],"wp:attachment":[{"href":"https:\/\/www.ablogix.fr\/en\/wp-json\/wp\/v2\/media?parent=2788"}],"curies":[{"name":"wp","href":"https:\/\/api.w.org\/{rel}","templated":true}]}}