{"id":2787,"date":"2021-01-04T09:56:23","date_gmt":"2021-01-04T08:56:23","guid":{"rendered":"https:\/\/www.ablogix.fr\/?page_id=2787"},"modified":"2025-05-25T22:59:46","modified_gmt":"2025-05-25T20:59:46","slug":"scm_tr1-organiser-les-developpements-avec-rational-clearcase-et-ucm","status":"publish","type":"page","link":"https:\/\/www.ablogix.fr\/en\/scm_tr1-organiser-les-developpements-avec-rational-clearcase-et-ucm\/","title":{"rendered":"SCM_Tr1.3 &#8211; Organising Developments with IBM ClearCase and UCM"},"content":{"rendered":"\n<pre class=\"wp-block-preformatted\"><em>Ref : <\/em>SCM_Tr1.3\n<\/pre>\n\n\n\n<div style=\"height:20px\" aria-hidden=\"true\" class=\"wp-block-spacer\"><\/div>\n\n\n\n<h2><strong>Targeted audience<\/strong><\/h2>\n\n\n\n<p>This course is aimed at project managers, configuration managers, integrators, and manufacturing managers.<\/p>\n\n\n\n<div style=\"height:20px\" aria-hidden=\"true\" class=\"wp-block-spacer\"><\/div>\n\n\n\n<h2>Training objectives<\/h2>\n\n\n\n<p>The objectives of this training are :<\/p>\n\n\n\n<ul><li>Implement Rational ClearCase Unified Change Management (UCM) on your projects<\/li><li>Create and configure your projects<\/li><li>Strengthen your process by implementing UCM rules<\/li><li>Integrate, build and maintain a software in a parallel development environment<\/li><\/ul>\n\n\n\n<div style=\"height:20px\" aria-hidden=\"true\" class=\"wp-block-spacer\"><\/div>\n\n\n\n<h2>Targeted skills<\/h2>\n\n\n\n<p>Upon completion of this training, the participant will be able&nbsp;:<\/p>\n\n\n\n<ul><li>Use the main commands used to manage metadata, elements, and views<\/li><li>Implement the proper patches<\/li><li>Identify sensitive data<\/li><li>Implement the necessary mechanism needed to secure them<\/li><\/ul>\n\n\n\n<div style=\"height:20px\" aria-hidden=\"true\" class=\"wp-block-spacer\"><\/div>\n\n\n\n<h2>Duration<\/h2>\n\n\n\n<p><strong>2 days<\/strong>&nbsp;(the program can be adapted to the technological context and level of knowledge of the trainees).<\/p>\n\n\n\n<ul><li>The training can be assured in person or remotely<\/li><li>The training can take place on an inter-company or intra-company basis<\/li><\/ul>\n\n\n\n<div style=\"height:20px\" aria-hidden=\"true\" class=\"wp-block-spacer\"><\/div>\n\n\n\n<h2><strong>Unfolding of the training : MORNING<\/strong><\/h2>\n\n\n\n<div style=\"height:20px\" aria-hidden=\"true\" class=\"wp-block-spacer\"><\/div>\n\n\n\n<h2><strong>Module 0 : Objectives of the training<\/strong><\/h2>\n\n\n\n<p>Day 1<\/p>\n\n\n\n<p><strong>Introduction&nbsp;<\/strong>: Presentation of the objectives and of the unfolding of the training.<\/p>\n\n\n\n<p><strong>Round table :<\/strong>&nbsp;Presentation of the group, participants, and their expectations.<\/p>\n\n\n\n<div style=\"height:20px\" aria-hidden=\"true\" class=\"wp-block-spacer\"><\/div>\n\n\n\n<h2>Module 1 : Introduction<\/h2>\n\n\n\n<p>Day 1<\/p>\n\n\n\n<p>Objectives of the module:<\/p>\n\n\n\n<ul><li>Define what Configuration Management is<\/li><li>Describe the contents of a Configuration Management plan<\/li><\/ul>\n\n\n\n<div style=\"height:20px\" aria-hidden=\"true\" class=\"wp-block-spacer\"><\/div>\n\n\n\n<h2>Module 2A : Define Components, VOBs, and naming rules<\/h2>\n\n\n\n<p>Day 1<\/p>\n\n\n\n<p>Objectives of the module:<\/p>\n\n\n\n<ul><li>Define the structure of Components<\/li><li>Define the structure of VOBs<\/li><li>Define the naming rules<\/li><\/ul>\n\n\n\n<div style=\"height:20px\" aria-hidden=\"true\" class=\"wp-block-spacer\"><\/div>\n\n\n\n<h3><meta charset=\"utf-8\"><strong>Unfolding of the training : AFTERNOON<\/strong><\/h3>\n\n\n\n<p><\/p>\n\n\n\n<h2>Module 2B : Streams and Views strategies<\/h2>\n\n\n\n<p>Day 1<\/p>\n\n\n\n<p>Objectives of the module:<\/p>\n\n\n\n<ul><li>Develop a Stream strategy<\/li><li>Identify which type of View to use on a project<\/li><\/ul>\n\n\n\n<div style=\"height:20px\" aria-hidden=\"true\" class=\"wp-block-spacer\"><\/div>\n\n\n\n<h2>Module 2C : UCM Project Baselines and Policies<\/h2>\n\n\n\n<p>Day 1<\/p>\n\n\n\n<p>Objectives of the module:<\/p>\n\n\n\n<ul><li>Define Baselines<\/li><li>Describe UCM Project policies<\/li><\/ul>\n\n\n\n<div style=\"height:20px\" aria-hidden=\"true\" class=\"wp-block-spacer\"><\/div>\n\n\n\n<h2>Module 2D : Change management process model<\/h2>\n\n\n\n<p>Day 1<\/p>\n\n\n\n<p>Objectives of the module:<\/p>\n\n\n\n<ul><li>Choose a ClearQuest pattern for UCM<\/li><li>Selecting ClearQuest Policies<\/li><\/ul>\n\n\n\n<div style=\"height:20px\" aria-hidden=\"true\" class=\"wp-block-spacer\"><\/div>\n\n\n\n<h3><meta charset=\"utf-8\"><strong>Unfolding of the training : MORNING<\/strong><\/h3>\n\n\n\n<h2>Module 3: Implementing a UCM project<\/h2>\n\n\n\n<p>Day 2<\/p>\n\n\n\n<p>Objectives of the module:<\/p>\n\n\n\n<ul><li>Create a new UCM Project based on an existing code version<\/li><li>Select a Composite Baseline for a new UCM project<\/li><li>Create a Development Stream for a new function<\/li><\/ul>\n\n\n\n<div style=\"height:20px\" aria-hidden=\"true\" class=\"wp-block-spacer\"><\/div>\n\n\n\n<h2>Module 4 : Project maintenance<\/h2>\n\n\n\n<p>Day 2<\/p>\n\n\n\n<p>Objectives of the module:<\/p>\n\n\n\n<ul><li>Add Components to an existing Project<\/li><li>Lock objects and set them to Obsolete<\/li><li>Create Triggers and associate them to a certain type to implement control policies<\/li><li>Assign activities to developers<\/li><\/ul>\n\n\n\n<div style=\"height:20px\" aria-hidden=\"true\" class=\"wp-block-spacer\"><\/div>\n\n\n\n<h2>Module 5 : Monitor the state of Projects<\/h2>\n\n\n\n<p>Day 2<\/p>\n\n\n\n<p>Objectives of the module:<\/p>\n\n\n\n<ul><li>Track Baseline information<\/li><li>Track ClearQuest activities via graphs and reports<\/li><li>Create reports on ClearCase objects and events using Cleartool commands or the file browser<\/li><li>Run reports via the Report Builder<\/li><\/ul>\n\n\n\n<div style=\"height:20px\" aria-hidden=\"true\" class=\"wp-block-spacer\"><\/div>\n\n\n\n<h3><meta charset=\"utf-8\"><strong>Unfolding of the training : AFTERNOON<\/strong><\/h3>\n\n\n\n<h2>Module 6 : Assembling and recommending Baselines<\/h2>\n\n\n\n<p>Day 2<\/p>\n\n\n\n<p>Objectives of the module:<\/p>\n\n\n\n<ul><li>Lock and unlock a Stream<\/li><li>Create a Baseline for an activity<\/li><li>Create a Baseline for a single Component<\/li><li>Promote a Baseline.<\/li><li>Create a test Stream.<\/li><\/ul>\n\n\n\n<div style=\"height:20px\" aria-hidden=\"true\" class=\"wp-block-spacer\"><\/div>\n\n\n\n<h2>Module 7 : Manage multiple UCM Projects<\/h2>\n\n\n\n<p>Day 2<\/p>\n\n\n\n<p>Objectives of the module:<\/p>\n\n\n\n<ul><li>Create a Project Mainline and Sub-Projects<\/li><li>Implement an Inter-Project delivery<\/li><li>Perform an Inter-Project Rebase<\/li><\/ul>\n\n\n\n<div style=\"height:20px\" aria-hidden=\"true\" class=\"wp-block-spacer\"><\/div>\n\n\n\n<h2><strong>Training, technical and supervisory resources<\/strong><\/h2>\n\n\n\n<p>Each course module will be covered in a hands-on exercise that will be performed via a remote ELM server provided and installed by ABlogiX. Each participant will have a computer already installed to access the ELM server.<\/p>\n\n\n\n<p>Training support will be provided for each module and will be presented via a video projector or large screen. A whiteboard or interactive whiteboard should be provided with pens.<\/p>\n\n\n\n<p>The training is facilitated by a consultant-trainer, which allows participants to benefit from his field experience.<\/p>\n\n\n\n<div style=\"height:20px\" aria-hidden=\"true\" class=\"wp-block-spacer\"><\/div>\n\n\n\n<h2><strong>The trainer<\/strong><\/h2>\n\n\n\n<p>ABLOGIX has an expert with more than 20 years of experience in ClearCase Configuration Management across a range of industries.<\/p>\n\n\n\n<div style=\"height:20px\" aria-hidden=\"true\" class=\"wp-block-spacer\"><\/div>\n\n\n\n<h2>More information ?<\/h2>\n\n\n\n<p>Please contact us on <strong>+33(0)2 85 29 43 44<\/strong> or by email : <a href=\"mailto:formation@ablogix.fr\">formation@ablogix.fr<\/a> for a quote.<\/p>\n\n\n\n<div style=\"height:20px\" aria-hidden=\"true\" class=\"wp-block-spacer\"><\/div>\n\n\n\n<hr class=\"wp-block-separator\"\/>\n\n\n\n<p><strong><a href=\"https:\/\/www.ablogix.fr\/formations\/\"><\/a><strong><strong><a href=\"https:\/\/www.ablogix.fr\/en\/formations\/\">Find all our training courses here.<\/a><\/strong><\/strong><\/strong><\/p>\n\n\n\n<p><a href=\"https:\/\/www.ablogix.fr\/wp-content\/uploads\/2022\/12\/SCM_Tr1.3-ClearCase-UCM-Programme-ENG.pdf\" target=\"_blank\" rel=\"noreferrer noopener\">Download here the program of this training<\/a><\/p>\n\n\n\n<pre class=\"wp-block-preformatted\"><strong>The training activity of ABlogiX is \"registered under number 52 72 01527 72. This registration is not equivalent to State approval\", in accordance with Article L6322-48.<\/strong>\n<a href=\"https:\/\/www.ablogix.fr\/wp-content\/uploads\/2022\/12\/SCM_Tr1.3-ClearCase-UCM-Programme-ENG.pdf\" target=\"_blank\" rel=\"noreferrer noopener\">https:\/\/www.ablogix.fr\/wp-content\/uploads\/2022\/12\/SCM_Tr1.3-ClearCase-UCM-Programme-ENG.pdf<\/a><\/pre>\n\n\n\n<div class=\"wp-block-image\"><figure class=\"aligncenter size-full is-resized\"><img loading=\"lazy\" src=\"https:\/\/www.ablogix.fr\/wp-content\/uploads\/2022\/07\/QRcode-ABourlier-info.png\" alt=\"\" class=\"wp-image-11786\" width=\"168\" height=\"165\"\/><\/figure><\/div>\n","protected":false},"excerpt":{"rendered":"<p>Ref : SCM_Tr1.3 Targeted audience This course is aimed at project managers, configuration managers, integrators, and manufacturing managers. Training objectives The objectives of this training are : Implement Rational ClearCase Unified Change Management (UCM) on your projects Create and configure your projects Strengthen your process by implementing UCM rules Integrate, build and maintain a software <a href=\"https:\/\/www.ablogix.fr\/en\/scm_tr1-organiser-les-developpements-avec-rational-clearcase-et-ucm\/\" rel=\"nofollow\"><span class=\"sr-only\">Read more about SCM_Tr1.3 &#8211; Organising Developments with IBM ClearCase and UCM<\/span>[&hellip;]<\/a><\/p>\n","protected":false},"author":4,"featured_media":0,"parent":0,"menu_order":0,"comment_status":"closed","ping_status":"closed","template":"template-fullwidth.php","meta":[],"translation":{"provider":"WPGlobus","version":"2.10.0","language":"en","enabled_languages":["fr","en"],"languages":{"fr":{"title":true,"content":true,"excerpt":false},"en":{"title":true,"content":true,"excerpt":false}}},"yoast_head":"<!-- This site is optimized with the Yoast SEO plugin v19.1 - https:\/\/yoast.com\/wordpress\/plugins\/seo\/ -->\n<title>SCM_Tr1.3 - Organising Developments with IBM ClearCase and UCM - ABlogiX<\/title>\n<meta name=\"robots\" content=\"index, follow, max-snippet:-1, max-image-preview:large, max-video-preview:-1\" \/>\n<link rel=\"canonical\" href=\"https:\/\/www.ablogix.fr\/scm_tr1-organiser-les-developpements-avec-rational-clearcase-et-ucm\/\" \/>\n<meta property=\"og:locale\" content=\"en_US\" \/>\n<meta property=\"og:type\" content=\"article\" \/>\n<meta property=\"og:title\" content=\"SCM_Tr1.3 - Organising Developments with IBM ClearCase and UCM - ABlogiX\" \/>\n<meta property=\"og:url\" content=\"https:\/\/www.ablogix.fr\/scm_tr1-organiser-les-developpements-avec-rational-clearcase-et-ucm\/\" \/>\n<meta property=\"og:site_name\" content=\"ABlogiX\" \/>\n<meta property=\"article:publisher\" content=\"https:\/\/www.facebook.com\/ABlogiX\" \/>\n<meta property=\"article:modified_time\" content=\"2025-05-25T20:59:46+00:00\" \/>\n<meta property=\"og:image\" content=\"https:\/\/www.ablogix.fr\/wp-content\/uploads\/2022\/07\/QRcode-ABourlier-info.png\" \/>\n<meta name=\"twitter:card\" content=\"summary_large_image\" \/>\n<meta name=\"twitter:site\" content=\"@ABlogiX\" \/>\n<meta name=\"twitter:label1\" content=\"Est. reading time\" \/>\n\t<meta name=\"twitter:data1\" content=\"4 minutes\" \/>\n<script type=\"application\/ld+json\" class=\"yoast-schema-graph\">{\"@context\":\"https:\/\/schema.org\",\"@graph\":[{\"@type\":\"Organization\",\"@id\":\"https:\/\/www.ablogix.fr\/#organization\",\"name\":\"AblogiX\",\"url\":\"https:\/\/www.ablogix.fr\/\",\"sameAs\":[\"https:\/\/www.linkedin.com\/company\/sarl-ablogix\",\"https:\/\/www.youtube.com\/channel\/UC7LR5o5aeXzd2epr7eNma3g\/featured\",\"https:\/\/www.facebook.com\/ABlogiX\",\"https:\/\/twitter.com\/ABlogiX\"],\"logo\":{\"@type\":\"ImageObject\",\"inLanguage\":\"en-US\",\"@id\":\"https:\/\/www.ablogix.fr\/#\/schema\/logo\/image\/\",\"url\":\"https:\/\/www.ablogix.fr\/wp-content\/uploads\/2020\/11\/Logo-ABlogiX.png\",\"contentUrl\":\"https:\/\/www.ablogix.fr\/wp-content\/uploads\/2020\/11\/Logo-ABlogiX.png\",\"width\":534,\"height\":368,\"caption\":\"AblogiX\"},\"image\":{\"@id\":\"https:\/\/www.ablogix.fr\/#\/schema\/logo\/image\/\"}},{\"@type\":\"WebSite\",\"@id\":\"https:\/\/www.ablogix.fr\/#website\",\"url\":\"https:\/\/www.ablogix.fr\/\",\"name\":\"ABlogiX\",\"description\":\"Ing\u00e9nierie de d\u00e9veloppement syst\u00e8me et logiciel, et s\u00e9curit\u00e9 du syst\u00e8me d&#039;information\",\"publisher\":{\"@id\":\"https:\/\/www.ablogix.fr\/#organization\"},\"potentialAction\":[{\"@type\":\"SearchAction\",\"target\":{\"@type\":\"EntryPoint\",\"urlTemplate\":\"https:\/\/www.ablogix.fr\/?s={search_term_string}\"},\"query-input\":\"required name=search_term_string\"}],\"inLanguage\":\"en-US\"},{\"@type\":\"ImageObject\",\"inLanguage\":\"en-US\",\"@id\":\"https:\/\/www.ablogix.fr\/scm_tr1-organiser-les-developpements-avec-rational-clearcase-et-ucm\/#primaryimage\",\"url\":\"https:\/\/www.ablogix.fr\/wp-content\/uploads\/2022\/07\/QRcode-ABourlier-info.png\",\"contentUrl\":\"https:\/\/www.ablogix.fr\/wp-content\/uploads\/2022\/07\/QRcode-ABourlier-info.png\",\"width\":272,\"height\":267},{\"@type\":\"WebPage\",\"@id\":\"https:\/\/www.ablogix.fr\/scm_tr1-organiser-les-developpements-avec-rational-clearcase-et-ucm\/#webpage\",\"url\":\"https:\/\/www.ablogix.fr\/scm_tr1-organiser-les-developpements-avec-rational-clearcase-et-ucm\/\",\"name\":\"SCM_Tr1.3 - Organising Developments with IBM ClearCase and UCM - ABlogiX\",\"isPartOf\":{\"@id\":\"https:\/\/www.ablogix.fr\/#website\"},\"primaryImageOfPage\":{\"@id\":\"https:\/\/www.ablogix.fr\/scm_tr1-organiser-les-developpements-avec-rational-clearcase-et-ucm\/#primaryimage\"},\"datePublished\":\"2021-01-04T08:56:23+00:00\",\"dateModified\":\"2025-05-25T20:59:46+00:00\",\"breadcrumb\":{\"@id\":\"https:\/\/www.ablogix.fr\/scm_tr1-organiser-les-developpements-avec-rational-clearcase-et-ucm\/#breadcrumb\"},\"inLanguage\":\"en-US\",\"potentialAction\":[{\"@type\":\"ReadAction\",\"target\":[\"https:\/\/www.ablogix.fr\/scm_tr1-organiser-les-developpements-avec-rational-clearcase-et-ucm\/\"]}]},{\"@type\":\"BreadcrumbList\",\"@id\":\"https:\/\/www.ablogix.fr\/scm_tr1-organiser-les-developpements-avec-rational-clearcase-et-ucm\/#breadcrumb\",\"itemListElement\":[{\"@type\":\"ListItem\",\"position\":1,\"name\":\"Accueil\",\"item\":\"https:\/\/www.ablogix.fr\/\"},{\"@type\":\"ListItem\",\"position\":2,\"name\":\"SCM_Tr1.3 &#8211; Organiser les d\u00e9veloppements avec IBM ClearCase et UCM\"}]}]}<\/script>\n<!-- \/ Yoast SEO plugin. -->","yoast_head_json":{"title":"SCM_Tr1.3 - Organising Developments with IBM ClearCase and UCM - ABlogiX","robots":{"index":"index","follow":"follow","max-snippet":"max-snippet:-1","max-image-preview":"max-image-preview:large","max-video-preview":"max-video-preview:-1"},"canonical":"https:\/\/www.ablogix.fr\/scm_tr1-organiser-les-developpements-avec-rational-clearcase-et-ucm\/","og_locale":"en_US","og_type":"article","og_title":"SCM_Tr1.3 - Organising Developments with IBM ClearCase and UCM - ABlogiX","og_url":"https:\/\/www.ablogix.fr\/scm_tr1-organiser-les-developpements-avec-rational-clearcase-et-ucm\/","og_site_name":"ABlogiX","article_publisher":"https:\/\/www.facebook.com\/ABlogiX","article_modified_time":"2025-05-25T20:59:46+00:00","og_image":[{"url":"https:\/\/www.ablogix.fr\/wp-content\/uploads\/2022\/07\/QRcode-ABourlier-info.png"}],"twitter_card":"summary_large_image","twitter_site":"@ABlogiX","twitter_misc":{"Est. reading time":"4 minutes"},"schema":{"@context":"https:\/\/schema.org","@graph":[{"@type":"Organization","@id":"https:\/\/www.ablogix.fr\/#organization","name":"AblogiX","url":"https:\/\/www.ablogix.fr\/","sameAs":["https:\/\/www.linkedin.com\/company\/sarl-ablogix","https:\/\/www.youtube.com\/channel\/UC7LR5o5aeXzd2epr7eNma3g\/featured","https:\/\/www.facebook.com\/ABlogiX","https:\/\/twitter.com\/ABlogiX"],"logo":{"@type":"ImageObject","inLanguage":"en-US","@id":"https:\/\/www.ablogix.fr\/#\/schema\/logo\/image\/","url":"https:\/\/www.ablogix.fr\/wp-content\/uploads\/2020\/11\/Logo-ABlogiX.png","contentUrl":"https:\/\/www.ablogix.fr\/wp-content\/uploads\/2020\/11\/Logo-ABlogiX.png","width":534,"height":368,"caption":"AblogiX"},"image":{"@id":"https:\/\/www.ablogix.fr\/#\/schema\/logo\/image\/"}},{"@type":"WebSite","@id":"https:\/\/www.ablogix.fr\/#website","url":"https:\/\/www.ablogix.fr\/","name":"ABlogiX","description":"Ing\u00e9nierie de d\u00e9veloppement syst\u00e8me et logiciel, et s\u00e9curit\u00e9 du syst\u00e8me d&#039;information","publisher":{"@id":"https:\/\/www.ablogix.fr\/#organization"},"potentialAction":[{"@type":"SearchAction","target":{"@type":"EntryPoint","urlTemplate":"https:\/\/www.ablogix.fr\/?s={search_term_string}"},"query-input":"required name=search_term_string"}],"inLanguage":"en-US"},{"@type":"ImageObject","inLanguage":"en-US","@id":"https:\/\/www.ablogix.fr\/scm_tr1-organiser-les-developpements-avec-rational-clearcase-et-ucm\/#primaryimage","url":"https:\/\/www.ablogix.fr\/wp-content\/uploads\/2022\/07\/QRcode-ABourlier-info.png","contentUrl":"https:\/\/www.ablogix.fr\/wp-content\/uploads\/2022\/07\/QRcode-ABourlier-info.png","width":272,"height":267},{"@type":"WebPage","@id":"https:\/\/www.ablogix.fr\/scm_tr1-organiser-les-developpements-avec-rational-clearcase-et-ucm\/#webpage","url":"https:\/\/www.ablogix.fr\/scm_tr1-organiser-les-developpements-avec-rational-clearcase-et-ucm\/","name":"SCM_Tr1.3 - Organising Developments with IBM ClearCase and UCM - ABlogiX","isPartOf":{"@id":"https:\/\/www.ablogix.fr\/#website"},"primaryImageOfPage":{"@id":"https:\/\/www.ablogix.fr\/scm_tr1-organiser-les-developpements-avec-rational-clearcase-et-ucm\/#primaryimage"},"datePublished":"2021-01-04T08:56:23+00:00","dateModified":"2025-05-25T20:59:46+00:00","breadcrumb":{"@id":"https:\/\/www.ablogix.fr\/scm_tr1-organiser-les-developpements-avec-rational-clearcase-et-ucm\/#breadcrumb"},"inLanguage":"en-US","potentialAction":[{"@type":"ReadAction","target":["https:\/\/www.ablogix.fr\/scm_tr1-organiser-les-developpements-avec-rational-clearcase-et-ucm\/"]}]},{"@type":"BreadcrumbList","@id":"https:\/\/www.ablogix.fr\/scm_tr1-organiser-les-developpements-avec-rational-clearcase-et-ucm\/#breadcrumb","itemListElement":[{"@type":"ListItem","position":1,"name":"Accueil","item":"https:\/\/www.ablogix.fr\/"},{"@type":"ListItem","position":2,"name":"SCM_Tr1.3 &#8211; Organiser les d\u00e9veloppements avec IBM ClearCase et UCM"}]}]}},"_links":{"self":[{"href":"https:\/\/www.ablogix.fr\/en\/wp-json\/wp\/v2\/pages\/2787"}],"collection":[{"href":"https:\/\/www.ablogix.fr\/en\/wp-json\/wp\/v2\/pages"}],"about":[{"href":"https:\/\/www.ablogix.fr\/en\/wp-json\/wp\/v2\/types\/page"}],"author":[{"embeddable":true,"href":"https:\/\/www.ablogix.fr\/en\/wp-json\/wp\/v2\/users\/4"}],"replies":[{"embeddable":true,"href":"https:\/\/www.ablogix.fr\/en\/wp-json\/wp\/v2\/comments?post=2787"}],"version-history":[{"count":41,"href":"https:\/\/www.ablogix.fr\/en\/wp-json\/wp\/v2\/pages\/2787\/revisions"}],"predecessor-version":[{"id":15611,"href":"https:\/\/www.ablogix.fr\/en\/wp-json\/wp\/v2\/pages\/2787\/revisions\/15611"}],"wp:attachment":[{"href":"https:\/\/www.ablogix.fr\/en\/wp-json\/wp\/v2\/media?parent=2787"}],"curies":[{"name":"wp","href":"https:\/\/api.w.org\/{rel}","templated":true}]}}