{"id":268,"date":"2017-10-13T15:17:28","date_gmt":"2017-10-13T13:17:28","guid":{"rendered":"http:\/\/92.222.19.170\/?page_id=268"},"modified":"2021-04-09T10:39:15","modified_gmt":"2021-04-09T08:39:15","slug":"ssi_tr4-fondamentaux-dark-net","status":"publish","type":"page","link":"https:\/\/www.ablogix.fr\/en\/ssi_tr4-fondamentaux-dark-net\/","title":{"rendered":"SSi_Tr4 \u2013 DARK-NET basics"},"content":{"rendered":"<div class=\"panel-body\">\n<h1 style=\"text-align: left;\">\u00a0<\/h1>\n<h1 style=\"text-align: left;\">Introduction to DARK-NET and its uses<\/h1>\n<pre><em>R\u00e9f : SSI_Tr4<\/em><\/pre>\n<h2>Summary<\/h2>\n<p>The general public learned about the existence of the DARK-NET through cases of piracy, arms sales, forged documents, etc. It came back to the forefront of the media following the Paris and Brussels attacks when Mr Bernard Cazeneuve declared &#8220;terrorists use the DARK-NET&#8221;. The DARK-Net is thus perceived as a lawless space where terrorists and other armed and mafia gangs do their business. However, these networks are more than that: anonymity, freedom of expression, and privacy are among the possibilities offered by these tools.<\/p>\n<p>Practical work will allow to discover the TOR environment in order to better understand it.<\/p>\n<h2>Public concerned<\/h2>\n<ul>\n<li>Company managers<\/li>\n<li>IT managers<\/li>\n<li>CISOS, CIOS<\/li>\n<li>All persons wishing to have a synthetic and concrete understanding of the networks and contents of DARK-NET<\/li>\n<\/ul>\n<h2>Objectives<\/h2>\n<ul class=\"rich-text block-editor-rich-text__editable\" role=\"textbox\" aria-multiline=\"true\" aria-label=\"R\u00e9digez une liste\u2026\">\n<li>Understanding DARK-NET and its terminology<\/li>\n<li>Getting to grips with navigating DARK-NET<\/li>\n<li>Risk assessment<\/li>\n<li>Understanding and applying anonymisation<img loading=\"lazy\" class=\"size-full wp-image-2999 alignleft\" src=\"https:\/\/www.ablogix.fr\/wp-content\/uploads\/2021\/01\/IMG_2833.jpg\" alt=\"\" width=\"885\" height=\"973\" \/><\/li>\n<\/ul>\n<\/div>\n\n\n<h2>Duration<\/h2>\n\n\n\n<p><strong>1 day <\/strong>(the content can be adapted according to the technological context and the level of knowledge of the trainees).<\/p>\n\n\n\n<ul><li>The training can be provided both face-to-face and remotely<\/li><li>The training can take place on an inter-company or intra-company basis<\/li><\/ul>\n\n\n\n<h2>More information ?<\/h2>\n\n\n\n<p>Please contact us on <strong>+ 33(0)2 85 29 43 44<\/strong> or by email : <a href=\"mailto:formation@ablogix.fr\">formation@ablogix.fr<\/a> for a quote.<\/p>\n\n\n\n<hr class=\"wp-block-separator\"\/>\n\n\n\n<pre class=\"wp-block-preformatted\"><strong>The training activity of ABlogiX is \"registered under number 52 72 01527 72. This registration is not equivalent to State approval\", in accordance with Article L6322-48.<\/strong><\/pre>\n\n\n\n<figure class=\"wp-block-image size-large\"><img loading=\"lazy\" width=\"1000\" height=\"800\" src=\"https:\/\/www.ablogix.fr\/wp-content\/uploads\/2021\/01\/Sans-titre.png\" alt=\"\" class=\"wp-image-2898\"\/><\/figure>\n\n\n\n<p><strong><a href=\"https:\/\/www.ablogix.fr\/en\/formations\/\">Find all our training courses here.<\/a><\/strong><\/p>\n","protected":false},"excerpt":{"rendered":"<p>\u00a0 Introduction to DARK-NET and its uses R\u00e9f : SSI_Tr4 Summary The general public learned about the existence of the DARK-NET through cases of piracy, arms sales, forged documents, etc. It came back to the forefront of the media following the Paris and Brussels attacks when Mr Bernard Cazeneuve declared &#8220;terrorists use the DARK-NET&#8221;. The <a href=\"https:\/\/www.ablogix.fr\/en\/ssi_tr4-fondamentaux-dark-net\/\" rel=\"nofollow\"><span class=\"sr-only\">Read more about SSi_Tr4 \u2013 DARK-NET basics<\/span>[&hellip;]<\/a><\/p>\n","protected":false},"author":3,"featured_media":0,"parent":0,"menu_order":0,"comment_status":"closed","ping_status":"closed","template":"template-fullwidth.php","meta":[],"translation":{"provider":"WPGlobus","version":"2.10.0","language":"en","enabled_languages":["fr","en"],"languages":{"fr":{"title":true,"content":true,"excerpt":false},"en":{"title":true,"content":true,"excerpt":false}}},"yoast_head":"<!-- This site is optimized with the Yoast SEO plugin v19.1 - https:\/\/yoast.com\/wordpress\/plugins\/seo\/ -->\n<title>SSi_Tr4 \u2013 DARK-NET basics - ABlogiX<\/title>\n<meta name=\"robots\" content=\"index, follow, max-snippet:-1, max-image-preview:large, max-video-preview:-1\" \/>\n<link rel=\"canonical\" href=\"https:\/\/www.ablogix.fr\/ssi_tr4-fondamentaux-dark-net\/\" \/>\n<meta property=\"og:locale\" content=\"en_US\" \/>\n<meta property=\"og:type\" content=\"article\" \/>\n<meta property=\"og:title\" content=\"SSi_Tr4 \u2013 DARK-NET basics - ABlogiX\" \/>\n<meta property=\"og:url\" content=\"https:\/\/www.ablogix.fr\/ssi_tr4-fondamentaux-dark-net\/\" \/>\n<meta property=\"og:site_name\" content=\"ABlogiX\" \/>\n<meta property=\"article:publisher\" content=\"https:\/\/www.facebook.com\/ABlogiX\" \/>\n<meta property=\"article:modified_time\" content=\"2021-04-09T08:39:15+00:00\" \/>\n<meta property=\"og:image\" content=\"https:\/\/www.ablogix.fr\/wp-content\/uploads\/2021\/01\/IMG_2833.jpg\" \/>\n<meta name=\"twitter:card\" content=\"summary_large_image\" \/>\n<meta name=\"twitter:site\" content=\"@ABlogiX\" \/>\n<meta name=\"twitter:label1\" content=\"Est. reading time\" \/>\n\t<meta name=\"twitter:data1\" content=\"2 minutes\" \/>\n<script type=\"application\/ld+json\" class=\"yoast-schema-graph\">{\"@context\":\"https:\/\/schema.org\",\"@graph\":[{\"@type\":\"Organization\",\"@id\":\"https:\/\/www.ablogix.fr\/#organization\",\"name\":\"AblogiX\",\"url\":\"https:\/\/www.ablogix.fr\/\",\"sameAs\":[\"https:\/\/www.linkedin.com\/company\/sarl-ablogix\",\"https:\/\/www.youtube.com\/channel\/UC7LR5o5aeXzd2epr7eNma3g\/featured\",\"https:\/\/www.facebook.com\/ABlogiX\",\"https:\/\/twitter.com\/ABlogiX\"],\"logo\":{\"@type\":\"ImageObject\",\"inLanguage\":\"en-US\",\"@id\":\"https:\/\/www.ablogix.fr\/#\/schema\/logo\/image\/\",\"url\":\"https:\/\/www.ablogix.fr\/wp-content\/uploads\/2020\/11\/Logo-ABlogiX.png\",\"contentUrl\":\"https:\/\/www.ablogix.fr\/wp-content\/uploads\/2020\/11\/Logo-ABlogiX.png\",\"width\":534,\"height\":368,\"caption\":\"AblogiX\"},\"image\":{\"@id\":\"https:\/\/www.ablogix.fr\/#\/schema\/logo\/image\/\"}},{\"@type\":\"WebSite\",\"@id\":\"https:\/\/www.ablogix.fr\/#website\",\"url\":\"https:\/\/www.ablogix.fr\/\",\"name\":\"ABlogiX\",\"description\":\"Ing\u00e9nierie de d\u00e9veloppement syst\u00e8me et logiciel, et s\u00e9curit\u00e9 du syst\u00e8me d&#039;information\",\"publisher\":{\"@id\":\"https:\/\/www.ablogix.fr\/#organization\"},\"potentialAction\":[{\"@type\":\"SearchAction\",\"target\":{\"@type\":\"EntryPoint\",\"urlTemplate\":\"https:\/\/www.ablogix.fr\/?s={search_term_string}\"},\"query-input\":\"required name=search_term_string\"}],\"inLanguage\":\"en-US\"},{\"@type\":\"ImageObject\",\"inLanguage\":\"en-US\",\"@id\":\"https:\/\/www.ablogix.fr\/ssi_tr4-fondamentaux-dark-net\/#primaryimage\",\"url\":\"https:\/\/www.ablogix.fr\/wp-content\/uploads\/2021\/01\/IMG_2833.jpg\",\"contentUrl\":\"https:\/\/www.ablogix.fr\/wp-content\/uploads\/2021\/01\/IMG_2833.jpg\",\"width\":885,\"height\":973},{\"@type\":\"WebPage\",\"@id\":\"https:\/\/www.ablogix.fr\/ssi_tr4-fondamentaux-dark-net\/#webpage\",\"url\":\"https:\/\/www.ablogix.fr\/ssi_tr4-fondamentaux-dark-net\/\",\"name\":\"SSi_Tr4 \u2013 DARK-NET basics - ABlogiX\",\"isPartOf\":{\"@id\":\"https:\/\/www.ablogix.fr\/#website\"},\"primaryImageOfPage\":{\"@id\":\"https:\/\/www.ablogix.fr\/ssi_tr4-fondamentaux-dark-net\/#primaryimage\"},\"datePublished\":\"2017-10-13T13:17:28+00:00\",\"dateModified\":\"2021-04-09T08:39:15+00:00\",\"breadcrumb\":{\"@id\":\"https:\/\/www.ablogix.fr\/ssi_tr4-fondamentaux-dark-net\/#breadcrumb\"},\"inLanguage\":\"en-US\",\"potentialAction\":[{\"@type\":\"ReadAction\",\"target\":[\"https:\/\/www.ablogix.fr\/ssi_tr4-fondamentaux-dark-net\/\"]}]},{\"@type\":\"BreadcrumbList\",\"@id\":\"https:\/\/www.ablogix.fr\/ssi_tr4-fondamentaux-dark-net\/#breadcrumb\",\"itemListElement\":[{\"@type\":\"ListItem\",\"position\":1,\"name\":\"Accueil\",\"item\":\"https:\/\/www.ablogix.fr\/\"},{\"@type\":\"ListItem\",\"position\":2,\"name\":\"SSi_Tr4 &#8211; Fondamentaux du DARK-NET\"}]}]}<\/script>\n<!-- \/ Yoast SEO plugin. -->","yoast_head_json":{"title":"SSi_Tr4 \u2013 DARK-NET basics - ABlogiX","robots":{"index":"index","follow":"follow","max-snippet":"max-snippet:-1","max-image-preview":"max-image-preview:large","max-video-preview":"max-video-preview:-1"},"canonical":"https:\/\/www.ablogix.fr\/ssi_tr4-fondamentaux-dark-net\/","og_locale":"en_US","og_type":"article","og_title":"SSi_Tr4 \u2013 DARK-NET basics - ABlogiX","og_url":"https:\/\/www.ablogix.fr\/ssi_tr4-fondamentaux-dark-net\/","og_site_name":"ABlogiX","article_publisher":"https:\/\/www.facebook.com\/ABlogiX","article_modified_time":"2021-04-09T08:39:15+00:00","og_image":[{"url":"https:\/\/www.ablogix.fr\/wp-content\/uploads\/2021\/01\/IMG_2833.jpg"}],"twitter_card":"summary_large_image","twitter_site":"@ABlogiX","twitter_misc":{"Est. reading time":"2 minutes"},"schema":{"@context":"https:\/\/schema.org","@graph":[{"@type":"Organization","@id":"https:\/\/www.ablogix.fr\/#organization","name":"AblogiX","url":"https:\/\/www.ablogix.fr\/","sameAs":["https:\/\/www.linkedin.com\/company\/sarl-ablogix","https:\/\/www.youtube.com\/channel\/UC7LR5o5aeXzd2epr7eNma3g\/featured","https:\/\/www.facebook.com\/ABlogiX","https:\/\/twitter.com\/ABlogiX"],"logo":{"@type":"ImageObject","inLanguage":"en-US","@id":"https:\/\/www.ablogix.fr\/#\/schema\/logo\/image\/","url":"https:\/\/www.ablogix.fr\/wp-content\/uploads\/2020\/11\/Logo-ABlogiX.png","contentUrl":"https:\/\/www.ablogix.fr\/wp-content\/uploads\/2020\/11\/Logo-ABlogiX.png","width":534,"height":368,"caption":"AblogiX"},"image":{"@id":"https:\/\/www.ablogix.fr\/#\/schema\/logo\/image\/"}},{"@type":"WebSite","@id":"https:\/\/www.ablogix.fr\/#website","url":"https:\/\/www.ablogix.fr\/","name":"ABlogiX","description":"Ing\u00e9nierie de d\u00e9veloppement syst\u00e8me et logiciel, et s\u00e9curit\u00e9 du syst\u00e8me d&#039;information","publisher":{"@id":"https:\/\/www.ablogix.fr\/#organization"},"potentialAction":[{"@type":"SearchAction","target":{"@type":"EntryPoint","urlTemplate":"https:\/\/www.ablogix.fr\/?s={search_term_string}"},"query-input":"required name=search_term_string"}],"inLanguage":"en-US"},{"@type":"ImageObject","inLanguage":"en-US","@id":"https:\/\/www.ablogix.fr\/ssi_tr4-fondamentaux-dark-net\/#primaryimage","url":"https:\/\/www.ablogix.fr\/wp-content\/uploads\/2021\/01\/IMG_2833.jpg","contentUrl":"https:\/\/www.ablogix.fr\/wp-content\/uploads\/2021\/01\/IMG_2833.jpg","width":885,"height":973},{"@type":"WebPage","@id":"https:\/\/www.ablogix.fr\/ssi_tr4-fondamentaux-dark-net\/#webpage","url":"https:\/\/www.ablogix.fr\/ssi_tr4-fondamentaux-dark-net\/","name":"SSi_Tr4 \u2013 DARK-NET basics - ABlogiX","isPartOf":{"@id":"https:\/\/www.ablogix.fr\/#website"},"primaryImageOfPage":{"@id":"https:\/\/www.ablogix.fr\/ssi_tr4-fondamentaux-dark-net\/#primaryimage"},"datePublished":"2017-10-13T13:17:28+00:00","dateModified":"2021-04-09T08:39:15+00:00","breadcrumb":{"@id":"https:\/\/www.ablogix.fr\/ssi_tr4-fondamentaux-dark-net\/#breadcrumb"},"inLanguage":"en-US","potentialAction":[{"@type":"ReadAction","target":["https:\/\/www.ablogix.fr\/ssi_tr4-fondamentaux-dark-net\/"]}]},{"@type":"BreadcrumbList","@id":"https:\/\/www.ablogix.fr\/ssi_tr4-fondamentaux-dark-net\/#breadcrumb","itemListElement":[{"@type":"ListItem","position":1,"name":"Accueil","item":"https:\/\/www.ablogix.fr\/"},{"@type":"ListItem","position":2,"name":"SSi_Tr4 &#8211; Fondamentaux du DARK-NET"}]}]}},"_links":{"self":[{"href":"https:\/\/www.ablogix.fr\/en\/wp-json\/wp\/v2\/pages\/268"}],"collection":[{"href":"https:\/\/www.ablogix.fr\/en\/wp-json\/wp\/v2\/pages"}],"about":[{"href":"https:\/\/www.ablogix.fr\/en\/wp-json\/wp\/v2\/types\/page"}],"author":[{"embeddable":true,"href":"https:\/\/www.ablogix.fr\/en\/wp-json\/wp\/v2\/users\/3"}],"replies":[{"embeddable":true,"href":"https:\/\/www.ablogix.fr\/en\/wp-json\/wp\/v2\/comments?post=268"}],"version-history":[{"count":29,"href":"https:\/\/www.ablogix.fr\/en\/wp-json\/wp\/v2\/pages\/268\/revisions"}],"predecessor-version":[{"id":5705,"href":"https:\/\/www.ablogix.fr\/en\/wp-json\/wp\/v2\/pages\/268\/revisions\/5705"}],"wp:attachment":[{"href":"https:\/\/www.ablogix.fr\/en\/wp-json\/wp\/v2\/media?parent=268"}],"curies":[{"name":"wp","href":"https:\/\/api.w.org\/{rel}","templated":true}]}}