{"id":266,"date":"2017-10-13T15:16:21","date_gmt":"2017-10-13T13:16:21","guid":{"rendered":"http:\/\/92.222.19.170\/?page_id=266"},"modified":"2021-03-31T11:28:25","modified_gmt":"2021-03-31T09:28:25","slug":"qualimetrie-sonar","status":"publish","type":"page","link":"https:\/\/www.ablogix.fr\/en\/qualimetrie-sonar\/","title":{"rendered":"DVO_Tr2 \u2013 Qualimetry with SonarQube"},"content":{"rendered":"\n<pre class=\"wp-block-preformatted\"><em>Ref : DVO_Tr2<\/em><\/pre>\n\n\n\n<h2>Summary<\/h2>\n\n\n\n<p>This training will enable you to become familiar with the tools contributing to code quality, to prepare and install the environment required for your development projects. The practical work will allow you to implement a scenario combining different tools in order to better understand the configuration needs and even identify the specific plugins to install.<\/p>\n\n\n\n<h2>Public concerned<\/h2>\n\n\n\n<ul><li>Developers<\/li><li>Webmasters<\/li><li>Project managers<\/li><li>Architects<\/li><li>Consultants<\/li><\/ul>\n\n\n\n<h2>Pre-requisites<\/h2>\n\n\n\n<ul><li>Master the basics of development<\/li><li>Basic knowledge of Maven<\/li><li>Basic knowledge of Jenkins<\/li><\/ul>\n\n\n\n<h2>Objectives<\/h2>\n\n\n\n<ul><li>Understand the principles of Sonar and its architecture<\/li><li>How to use and administer Sonar<\/li><li>Integrating Sonar into a continuous integration environment<\/li><\/ul>\n\n\n\n<h2>Content<\/h2>\n\n\n\n<h3><strong>Introduction<\/strong><\/h3>\n\n\n\n<ul><li>Quality measurement in the development cycle: the benefits<\/li><li>Getting started with Sonar<\/li><\/ul>\n\n\n\n<h3><strong>Basic concepts<\/strong><\/h3>\n\n\n\n<ul><li>Integration with engineering processes<\/li><li>Manual launch of an analysis<\/li><li>Automation during a build in Jenkins<\/li><\/ul>\n\n\n\n<h3><strong>Tools required<\/strong><\/h3>\n\n\n\n<ul><li>Definition<ul><li>Infrastructure sizing<\/li><li>Source code management<\/li><li>Integration server (Jenkins)<\/li><\/ul><\/li><li>Dashboard (Sonar)<\/li><li>Tips and best practices<\/li><\/ul>\n\n\n\n<h3><strong>Installation and configuration of tools<\/strong><\/h3>\n\n\n\n<ul><li>Infrastructure configuration<\/li><li>Maven and Sonar runner<\/li><li>Practical work<\/li><\/ul>\n\n\n\n<h3><strong>Basic use<\/strong><\/h3>\n\n\n\n<ul><li>Launching an analysis with a Maven project<\/li><li>Launching an analysis with the Sonar runner<\/li><li>Practical work<\/li><\/ul>\n\n\n\n<h3><strong>Advanced concepts<\/strong><\/h3>\n\n\n\n<ul><li>Use of new plugins<\/li><li>TUSAR and other plugins<\/li><\/ul>\n\n\n\n<h2>Training environment<\/h2>\n\n\n\n<ul><li>A training aid will be provided in paper format to each trainee<\/li><li>A training room with a video projector, a whiteboard and 1 PC per trainee<\/li><li>A virtual machine under Virtual Box will be installed on the training machines to carry out the practical exercises<\/li><\/ul>\n\n\n\n<h2>Duration<\/h2>\n\n\n<p><strong>2 days<\/strong> (the content can be adapted according to the technological context and the level of knowledge of the trainees).<\/p>\n<p><!-- \/wp:paragraph --> <!-- wp:list --><\/p>\n<ul>\n<li>The training can be provided both face-to-face and remotely<\/li>\n<li>The training can take place on an inter-company or intra-company basis<\/li>\n<\/ul>\n<p><!-- wp:heading --><\/p>\n<h2>More information ?<\/h2>\n<p><!-- \/wp:heading --><\/p>\n<p><!-- wp:paragraph --><\/p>\n<p>Please contact us on <strong>+ 33(0)2 85 29 43 44<\/strong> or by email : <a href=\"mailto:formation@ablogix.fr\" data-rich-text-format-boundary=\"true\">formation@ablogix.fr<\/a> for a quote.<\/p>\n<p><!-- \/wp:paragraph --><\/p>\n<p><!-- wp:separator --><\/p>\n<hr class=\"wp-block-separator\" \/><!-- \/wp:separator -->\n<p>\u00a0<\/p>\n<p><!-- wp:preformatted --><\/p>\n<pre class=\"wp-block-preformatted\"><strong>The training activity of ABlogiX is \"registered under number 52 72 01527 72. This registration is not equivalent to State approval\", in accordance with Article L6322-48.<\/strong><\/pre>\n<p><!-- \/wp:preformatted --><\/p>\n<p><!-- wp:image {\"id\":2898,\"sizeSlug\":\"large\"} --><\/p>\n<figure class=\"wp-block-image size-large\"><img loading=\"lazy\" width=\"1000\" height=\"800\" class=\"wp-image-2898\" src=\"https:\/\/www.ablogix.fr\/wp-content\/uploads\/2021\/01\/Sans-titre.png\" alt=\"\" \/><\/figure>\n<p><!-- \/wp:image --><\/p>\n<p><!-- wp:paragraph --><\/p>\n<p><strong><a href=\"https:\/\/www.ablogix.fr\/en\/formations\/\" data-rich-text-format-boundary=\"true\">Find all our training courses here.<\/a><\/strong><\/p>\n<p><!-- \/wp:paragraph --><\/p>","protected":false},"excerpt":{"rendered":"<p>Ref : DVO_Tr2 Summary This training will enable you to become familiar with the tools contributing to code quality, to prepare and install the environment required for your development projects. The practical work will allow you to implement a scenario combining different tools in order to better understand the configuration needs and even identify the <a href=\"https:\/\/www.ablogix.fr\/en\/qualimetrie-sonar\/\" rel=\"nofollow\"><span class=\"sr-only\">Read more about DVO_Tr2 \u2013 Qualimetry with SonarQube<\/span>[&hellip;]<\/a><\/p>\n","protected":false},"author":1,"featured_media":0,"parent":0,"menu_order":0,"comment_status":"closed","ping_status":"closed","template":"template-fullwidth.php","meta":[],"translation":{"provider":"WPGlobus","version":"2.10.0","language":"en","enabled_languages":["fr","en"],"languages":{"fr":{"title":true,"content":true,"excerpt":false},"en":{"title":true,"content":true,"excerpt":false}}},"yoast_head":"<!-- This site is optimized with the Yoast SEO plugin v19.1 - https:\/\/yoast.com\/wordpress\/plugins\/seo\/ -->\n<title>DVO_Tr2 \u2013 Qualimetry with SonarQube - ABlogiX<\/title>\n<meta name=\"robots\" content=\"index, follow, max-snippet:-1, max-image-preview:large, max-video-preview:-1\" \/>\n<link rel=\"canonical\" href=\"https:\/\/www.ablogix.fr\/qualimetrie-sonar\/\" \/>\n<meta property=\"og:locale\" content=\"en_US\" \/>\n<meta property=\"og:type\" content=\"article\" \/>\n<meta property=\"og:title\" content=\"DVO_Tr2 \u2013 Qualimetry with SonarQube - ABlogiX\" \/>\n<meta property=\"og:url\" content=\"https:\/\/www.ablogix.fr\/qualimetrie-sonar\/\" \/>\n<meta property=\"og:site_name\" content=\"ABlogiX\" \/>\n<meta property=\"article:publisher\" content=\"https:\/\/www.facebook.com\/ABlogiX\" \/>\n<meta property=\"article:modified_time\" content=\"2021-03-31T09:28:25+00:00\" \/>\n<meta property=\"og:image\" content=\"https:\/\/www.ablogix.fr\/wp-content\/uploads\/2021\/01\/Sans-titre.png\" \/>\n<meta name=\"twitter:card\" content=\"summary_large_image\" \/>\n<meta name=\"twitter:site\" content=\"@ABlogiX\" \/>\n<meta name=\"twitter:label1\" content=\"Est. reading time\" \/>\n\t<meta name=\"twitter:data1\" content=\"2 minutes\" \/>\n<script type=\"application\/ld+json\" class=\"yoast-schema-graph\">{\"@context\":\"https:\/\/schema.org\",\"@graph\":[{\"@type\":\"Organization\",\"@id\":\"https:\/\/www.ablogix.fr\/#organization\",\"name\":\"AblogiX\",\"url\":\"https:\/\/www.ablogix.fr\/\",\"sameAs\":[\"https:\/\/www.linkedin.com\/company\/sarl-ablogix\",\"https:\/\/www.youtube.com\/channel\/UC7LR5o5aeXzd2epr7eNma3g\/featured\",\"https:\/\/www.facebook.com\/ABlogiX\",\"https:\/\/twitter.com\/ABlogiX\"],\"logo\":{\"@type\":\"ImageObject\",\"inLanguage\":\"en-US\",\"@id\":\"https:\/\/www.ablogix.fr\/#\/schema\/logo\/image\/\",\"url\":\"https:\/\/www.ablogix.fr\/wp-content\/uploads\/2020\/11\/Logo-ABlogiX.png\",\"contentUrl\":\"https:\/\/www.ablogix.fr\/wp-content\/uploads\/2020\/11\/Logo-ABlogiX.png\",\"width\":534,\"height\":368,\"caption\":\"AblogiX\"},\"image\":{\"@id\":\"https:\/\/www.ablogix.fr\/#\/schema\/logo\/image\/\"}},{\"@type\":\"WebSite\",\"@id\":\"https:\/\/www.ablogix.fr\/#website\",\"url\":\"https:\/\/www.ablogix.fr\/\",\"name\":\"ABlogiX\",\"description\":\"Ing\u00e9nierie de d\u00e9veloppement syst\u00e8me et logiciel, et s\u00e9curit\u00e9 du syst\u00e8me d&#039;information\",\"publisher\":{\"@id\":\"https:\/\/www.ablogix.fr\/#organization\"},\"potentialAction\":[{\"@type\":\"SearchAction\",\"target\":{\"@type\":\"EntryPoint\",\"urlTemplate\":\"https:\/\/www.ablogix.fr\/?s={search_term_string}\"},\"query-input\":\"required name=search_term_string\"}],\"inLanguage\":\"en-US\"},{\"@type\":\"ImageObject\",\"inLanguage\":\"en-US\",\"@id\":\"https:\/\/www.ablogix.fr\/qualimetrie-sonar\/#primaryimage\",\"url\":\"https:\/\/www.ablogix.fr\/wp-content\/uploads\/2021\/01\/Sans-titre.png\",\"contentUrl\":\"https:\/\/www.ablogix.fr\/wp-content\/uploads\/2021\/01\/Sans-titre.png\",\"width\":1000,\"height\":800},{\"@type\":\"WebPage\",\"@id\":\"https:\/\/www.ablogix.fr\/qualimetrie-sonar\/#webpage\",\"url\":\"https:\/\/www.ablogix.fr\/qualimetrie-sonar\/\",\"name\":\"DVO_Tr2 \u2013 Qualimetry with SonarQube - ABlogiX\",\"isPartOf\":{\"@id\":\"https:\/\/www.ablogix.fr\/#website\"},\"primaryImageOfPage\":{\"@id\":\"https:\/\/www.ablogix.fr\/qualimetrie-sonar\/#primaryimage\"},\"datePublished\":\"2017-10-13T13:16:21+00:00\",\"dateModified\":\"2021-03-31T09:28:25+00:00\",\"breadcrumb\":{\"@id\":\"https:\/\/www.ablogix.fr\/qualimetrie-sonar\/#breadcrumb\"},\"inLanguage\":\"en-US\",\"potentialAction\":[{\"@type\":\"ReadAction\",\"target\":[\"https:\/\/www.ablogix.fr\/qualimetrie-sonar\/\"]}]},{\"@type\":\"BreadcrumbList\",\"@id\":\"https:\/\/www.ablogix.fr\/qualimetrie-sonar\/#breadcrumb\",\"itemListElement\":[{\"@type\":\"ListItem\",\"position\":1,\"name\":\"Accueil\",\"item\":\"https:\/\/www.ablogix.fr\/\"},{\"@type\":\"ListItem\",\"position\":2,\"name\":\"DVO_Tr2 &#8211; Qualim\u00e9trie avec SonarQube\"}]}]}<\/script>\n<!-- \/ Yoast SEO plugin. -->","yoast_head_json":{"title":"DVO_Tr2 \u2013 Qualimetry with SonarQube - ABlogiX","robots":{"index":"index","follow":"follow","max-snippet":"max-snippet:-1","max-image-preview":"max-image-preview:large","max-video-preview":"max-video-preview:-1"},"canonical":"https:\/\/www.ablogix.fr\/qualimetrie-sonar\/","og_locale":"en_US","og_type":"article","og_title":"DVO_Tr2 \u2013 Qualimetry with SonarQube - ABlogiX","og_url":"https:\/\/www.ablogix.fr\/qualimetrie-sonar\/","og_site_name":"ABlogiX","article_publisher":"https:\/\/www.facebook.com\/ABlogiX","article_modified_time":"2021-03-31T09:28:25+00:00","og_image":[{"url":"https:\/\/www.ablogix.fr\/wp-content\/uploads\/2021\/01\/Sans-titre.png"}],"twitter_card":"summary_large_image","twitter_site":"@ABlogiX","twitter_misc":{"Est. reading time":"2 minutes"},"schema":{"@context":"https:\/\/schema.org","@graph":[{"@type":"Organization","@id":"https:\/\/www.ablogix.fr\/#organization","name":"AblogiX","url":"https:\/\/www.ablogix.fr\/","sameAs":["https:\/\/www.linkedin.com\/company\/sarl-ablogix","https:\/\/www.youtube.com\/channel\/UC7LR5o5aeXzd2epr7eNma3g\/featured","https:\/\/www.facebook.com\/ABlogiX","https:\/\/twitter.com\/ABlogiX"],"logo":{"@type":"ImageObject","inLanguage":"en-US","@id":"https:\/\/www.ablogix.fr\/#\/schema\/logo\/image\/","url":"https:\/\/www.ablogix.fr\/wp-content\/uploads\/2020\/11\/Logo-ABlogiX.png","contentUrl":"https:\/\/www.ablogix.fr\/wp-content\/uploads\/2020\/11\/Logo-ABlogiX.png","width":534,"height":368,"caption":"AblogiX"},"image":{"@id":"https:\/\/www.ablogix.fr\/#\/schema\/logo\/image\/"}},{"@type":"WebSite","@id":"https:\/\/www.ablogix.fr\/#website","url":"https:\/\/www.ablogix.fr\/","name":"ABlogiX","description":"Ing\u00e9nierie de d\u00e9veloppement syst\u00e8me et logiciel, et s\u00e9curit\u00e9 du syst\u00e8me d&#039;information","publisher":{"@id":"https:\/\/www.ablogix.fr\/#organization"},"potentialAction":[{"@type":"SearchAction","target":{"@type":"EntryPoint","urlTemplate":"https:\/\/www.ablogix.fr\/?s={search_term_string}"},"query-input":"required name=search_term_string"}],"inLanguage":"en-US"},{"@type":"ImageObject","inLanguage":"en-US","@id":"https:\/\/www.ablogix.fr\/qualimetrie-sonar\/#primaryimage","url":"https:\/\/www.ablogix.fr\/wp-content\/uploads\/2021\/01\/Sans-titre.png","contentUrl":"https:\/\/www.ablogix.fr\/wp-content\/uploads\/2021\/01\/Sans-titre.png","width":1000,"height":800},{"@type":"WebPage","@id":"https:\/\/www.ablogix.fr\/qualimetrie-sonar\/#webpage","url":"https:\/\/www.ablogix.fr\/qualimetrie-sonar\/","name":"DVO_Tr2 \u2013 Qualimetry with SonarQube - ABlogiX","isPartOf":{"@id":"https:\/\/www.ablogix.fr\/#website"},"primaryImageOfPage":{"@id":"https:\/\/www.ablogix.fr\/qualimetrie-sonar\/#primaryimage"},"datePublished":"2017-10-13T13:16:21+00:00","dateModified":"2021-03-31T09:28:25+00:00","breadcrumb":{"@id":"https:\/\/www.ablogix.fr\/qualimetrie-sonar\/#breadcrumb"},"inLanguage":"en-US","potentialAction":[{"@type":"ReadAction","target":["https:\/\/www.ablogix.fr\/qualimetrie-sonar\/"]}]},{"@type":"BreadcrumbList","@id":"https:\/\/www.ablogix.fr\/qualimetrie-sonar\/#breadcrumb","itemListElement":[{"@type":"ListItem","position":1,"name":"Accueil","item":"https:\/\/www.ablogix.fr\/"},{"@type":"ListItem","position":2,"name":"DVO_Tr2 &#8211; Qualim\u00e9trie avec SonarQube"}]}]}},"_links":{"self":[{"href":"https:\/\/www.ablogix.fr\/en\/wp-json\/wp\/v2\/pages\/266"}],"collection":[{"href":"https:\/\/www.ablogix.fr\/en\/wp-json\/wp\/v2\/pages"}],"about":[{"href":"https:\/\/www.ablogix.fr\/en\/wp-json\/wp\/v2\/types\/page"}],"author":[{"embeddable":true,"href":"https:\/\/www.ablogix.fr\/en\/wp-json\/wp\/v2\/users\/1"}],"replies":[{"embeddable":true,"href":"https:\/\/www.ablogix.fr\/en\/wp-json\/wp\/v2\/comments?post=266"}],"version-history":[{"count":30,"href":"https:\/\/www.ablogix.fr\/en\/wp-json\/wp\/v2\/pages\/266\/revisions"}],"predecessor-version":[{"id":5301,"href":"https:\/\/www.ablogix.fr\/en\/wp-json\/wp\/v2\/pages\/266\/revisions\/5301"}],"wp:attachment":[{"href":"https:\/\/www.ablogix.fr\/en\/wp-json\/wp\/v2\/media?parent=266"}],"curies":[{"name":"wp","href":"https:\/\/api.w.org\/{rel}","templated":true}]}}