{"id":261,"date":"2017-10-13T15:14:17","date_gmt":"2017-10-13T13:14:17","guid":{"rendered":"http:\/\/92.222.19.170\/?page_id=261"},"modified":"2021-03-31T11:30:49","modified_gmt":"2021-03-31T09:30:49","slug":"cloud_tr1-configuration-cloud-openstack","status":"publish","type":"page","link":"https:\/\/www.ablogix.fr\/en\/cloud_tr1-configuration-cloud-openstack\/","title":{"rendered":"Cloud_Tr1 \u2013 Configuration of an OpenStack Cloud"},"content":{"rendered":"\n<pre class=\"wp-block-preformatted\"><em>R\u00e9f : CLOUD_Tr1<\/em><\/pre>\n\n\n\n<h2>Summary<\/h2>\n\n\n\n<p>This course introduces the concepts and components of the Cloud with OpenStack, and the best practices for its deployment. OpenStack is an open source platform for building private and public clouds, and a community project that aims to help organisations implement virtual server and storage systems at lower cost. Now supported by more than 150 technical partners, including heavyweights such as Cisco, IBM, Yahoo! and NASA (the project&#8217;s originator), the OpenStack project has greatly increased in maturity and the software solutions that result from the community&#8217;s work are now recognised as being very mature. This 3-day training course is intended for IT professionals wishing to set up a private or public cloud with OpenStack.<\/p>\n\n\n\n<h2>Public concerned<\/h2>\n\n\n\n<ul><li>Architects<\/li><li>Project managers<\/li><li>Consultants<\/li><li>Anyone who wants to set up a cloud infrastructure with OpenStack<\/li><\/ul>\n\n\n\n<h2>Pre-requisites<\/h2>\n\n\n\n<ul><li>Linux system administration<\/li><li>Virtualization concepts<\/li><\/ul>\n\n\n\n<h2>Objectives<\/h2>\n\n\n\n<ul><li>Know OpenStack and its different components<\/li><li>Know how to install the different components of the solution<\/li><li>Be able to deploy a cloud under OpenStack<\/li><li>Have the necessary skills to administer an OpenStack cloud<\/li><\/ul>\n\n\n\n<h2>Content<\/h2>\n\n\n\n<h4><strong>Introduction<\/strong><\/h4>\n\n\n\n<ul><li>Presentation of OpenStack: history, players, license<\/li><li>Features: provision of IaaS infrastructure, cloud orchestration tools, provision of elastic storage, virtual image management\u2026<\/li><\/ul>\n\n\n\n<h4><strong>Installation et configuration<\/strong><\/h4>\n\n\n\n<ul><li>Hardware and software requirements<\/li><li>Components to be installed: authentication with Keystone, Glance image server, object storage with Swift, Nova calculation server<\/li><li>Installation from scripts, configuration of the database, the message service, the Keystone service<\/li><li>Management of users, groups, access<\/li><li>Network configuration<\/li><li>Creation and launching of instances<\/li><\/ul>\n\n\n\n<h4><strong>Extension<\/strong><\/h4>\n\n\n\n<ul><li>Adding a calculation node<\/li><li>Configuration<\/li><li>Viewing additional capacity<\/li><li>Management<\/li><li>Migration of a compute node<\/li><\/ul>\n\n\n\n<h4><strong>Volume management<\/strong><\/h4>\n\n\n\n<ul><li>Introduction to Cinder<\/li><li>Architecture: local, NAS, SAN<\/li><li>Implementation: starting the service, installing iScsi volumes<\/li><li>Virtual disk manipulation: creation, attachment, formatting, deletion<\/li><\/ul>\n\n\n\n<h4><strong>Network management<\/strong><\/h4>\n\n\n\n<ul><li>Definitions: mobile addresses, fixed addresses<\/li><li>Network modes: Flat, FlatDHCP, VLAN<\/li><li>Neutron: features, architecture. Implementation on a standalone node<\/li><li>Creation of a virtual private network<\/li><li>Adding virtual routers and linking them to instances<\/li><li>Creation of mobile IP address pools<\/li><li>Assigning IP addresses to the VM<\/li><li>Definition of a global architecture<\/li><\/ul>\n\n\n\n<h2>Training environment<\/h2>\n\n\n\n<ul><li>A training aid will be provided in paper format to each trainee.<\/li><li>A training room with a video projector, a whiteboard and 1 PC per trainee.<\/li><li>Each PC will be installed with the practical exercise environment.<\/li><\/ul>\n\n\n\n<h2>Duration <\/h2>\n\n\n\n<p><strong>3 days <\/strong>(the content can also be adapted according to the technological context and the level of knowledge of the trainees)<\/p>\n\n\n\n<ul><li>The training can be provided both face-to-face and remotely<\/li><li>The training can take place on an inter-company or intra-company basis<\/li><\/ul>\n\n\n\n<div style=\"height:20px\" aria-hidden=\"true\" class=\"wp-block-spacer\"><\/div>\n\n\n\n<h2>More information ?<\/h2>\n\n\n\n<p>Please contact us on <strong>+ 33(0)2 85 29 43 44<\/strong> or by email : <a href=\"mailto:formation@ablogix.fr\">formation@ablogix.fr<\/a> for a quote.<\/p>\n\n\n\n<hr class=\"wp-block-separator\"\/>\n\n\n\n<pre class=\"wp-block-preformatted\"><strong>The training activity of ABlogiX is \"registered under number 52 72 01527 72. This registration is not equivalent to State approval\", in accordance with Article L6322-48.<\/strong><\/pre>\n\n\n\n<figure class=\"wp-block-image size-large\"><img loading=\"lazy\" width=\"1000\" height=\"800\" src=\"https:\/\/www.ablogix.fr\/wp-content\/uploads\/2021\/01\/Sans-titre.png\" alt=\"\" class=\"wp-image-2898\"\/><\/figure>\n\n\n\n<p><strong><a href=\"https:\/\/www.ablogix.fr\/formations\/\"><strong><\/strong><\/a><strong><a href=\"https:\/\/www.ablogix.fr\/en\/formations\/\">Find all our training courses here.<\/a><\/strong><\/strong><\/p>\n","protected":false},"excerpt":{"rendered":"<p>R\u00e9f : CLOUD_Tr1 Summary This course introduces the concepts and components of the Cloud with OpenStack, and the best practices for its deployment. OpenStack is an open source platform for building private and public clouds, and a community project that aims to help organisations implement virtual server and storage systems at lower cost. Now supported <a href=\"https:\/\/www.ablogix.fr\/en\/cloud_tr1-configuration-cloud-openstack\/\" rel=\"nofollow\"><span class=\"sr-only\">Read more about Cloud_Tr1 \u2013 Configuration of an OpenStack Cloud<\/span>[&hellip;]<\/a><\/p>\n","protected":false},"author":1,"featured_media":0,"parent":0,"menu_order":0,"comment_status":"closed","ping_status":"closed","template":"template-fullwidth.php","meta":[],"translation":{"provider":"WPGlobus","version":"2.10.0","language":"en","enabled_languages":["fr","en"],"languages":{"fr":{"title":true,"content":true,"excerpt":false},"en":{"title":true,"content":true,"excerpt":false}}},"yoast_head":"<!-- This site is optimized with the Yoast SEO plugin v19.1 - https:\/\/yoast.com\/wordpress\/plugins\/seo\/ -->\n<title>Cloud_Tr1 \u2013 Configuration of an OpenStack Cloud - ABlogiX<\/title>\n<meta name=\"robots\" content=\"index, follow, max-snippet:-1, max-image-preview:large, max-video-preview:-1\" \/>\n<link rel=\"canonical\" href=\"https:\/\/www.ablogix.fr\/en\/cloud_tr1-configuration-cloud-openstack\/\" \/>\n<meta property=\"og:locale\" content=\"en_US\" \/>\n<meta property=\"og:type\" content=\"article\" \/>\n<meta property=\"og:title\" content=\"Cloud_Tr1 \u2013 Configuration of an OpenStack Cloud - ABlogiX\" \/>\n<meta property=\"og:url\" content=\"https:\/\/www.ablogix.fr\/en\/cloud_tr1-configuration-cloud-openstack\/\" \/>\n<meta property=\"og:site_name\" content=\"ABlogiX\" \/>\n<meta property=\"article:publisher\" content=\"https:\/\/www.facebook.com\/ABlogiX\" \/>\n<meta property=\"article:modified_time\" content=\"2021-03-31T09:30:49+00:00\" \/>\n<meta property=\"og:image\" content=\"https:\/\/www.ablogix.fr\/wp-content\/uploads\/2021\/01\/Sans-titre.png\" \/>\n<meta name=\"twitter:card\" content=\"summary_large_image\" \/>\n<meta name=\"twitter:site\" content=\"@ABlogiX\" \/>\n<meta name=\"twitter:label1\" content=\"Est. reading time\" \/>\n\t<meta name=\"twitter:data1\" content=\"3 minutes\" \/>\n<script type=\"application\/ld+json\" class=\"yoast-schema-graph\">{\"@context\":\"https:\/\/schema.org\",\"@graph\":[{\"@type\":\"Organization\",\"@id\":\"https:\/\/www.ablogix.fr\/#organization\",\"name\":\"AblogiX\",\"url\":\"https:\/\/www.ablogix.fr\/\",\"sameAs\":[\"https:\/\/www.linkedin.com\/company\/sarl-ablogix\",\"https:\/\/www.youtube.com\/channel\/UC7LR5o5aeXzd2epr7eNma3g\/featured\",\"https:\/\/www.facebook.com\/ABlogiX\",\"https:\/\/twitter.com\/ABlogiX\"],\"logo\":{\"@type\":\"ImageObject\",\"inLanguage\":\"en-US\",\"@id\":\"https:\/\/www.ablogix.fr\/#\/schema\/logo\/image\/\",\"url\":\"https:\/\/www.ablogix.fr\/wp-content\/uploads\/2020\/11\/Logo-ABlogiX.png\",\"contentUrl\":\"https:\/\/www.ablogix.fr\/wp-content\/uploads\/2020\/11\/Logo-ABlogiX.png\",\"width\":534,\"height\":368,\"caption\":\"AblogiX\"},\"image\":{\"@id\":\"https:\/\/www.ablogix.fr\/#\/schema\/logo\/image\/\"}},{\"@type\":\"WebSite\",\"@id\":\"https:\/\/www.ablogix.fr\/#website\",\"url\":\"https:\/\/www.ablogix.fr\/\",\"name\":\"ABlogiX\",\"description\":\"Ing\u00e9nierie de d\u00e9veloppement syst\u00e8me et logiciel, et s\u00e9curit\u00e9 du syst\u00e8me d&#039;information\",\"publisher\":{\"@id\":\"https:\/\/www.ablogix.fr\/#organization\"},\"potentialAction\":[{\"@type\":\"SearchAction\",\"target\":{\"@type\":\"EntryPoint\",\"urlTemplate\":\"https:\/\/www.ablogix.fr\/?s={search_term_string}\"},\"query-input\":\"required name=search_term_string\"}],\"inLanguage\":\"en-US\"},{\"@type\":\"ImageObject\",\"inLanguage\":\"en-US\",\"@id\":\"https:\/\/www.ablogix.fr\/en\/cloud_tr1-configuration-cloud-openstack\/#primaryimage\",\"url\":\"https:\/\/www.ablogix.fr\/wp-content\/uploads\/2021\/01\/Sans-titre.png\",\"contentUrl\":\"https:\/\/www.ablogix.fr\/wp-content\/uploads\/2021\/01\/Sans-titre.png\",\"width\":1000,\"height\":800},{\"@type\":\"WebPage\",\"@id\":\"https:\/\/www.ablogix.fr\/en\/cloud_tr1-configuration-cloud-openstack\/#webpage\",\"url\":\"https:\/\/www.ablogix.fr\/en\/cloud_tr1-configuration-cloud-openstack\/\",\"name\":\"Cloud_Tr1 \u2013 Configuration of an OpenStack Cloud - ABlogiX\",\"isPartOf\":{\"@id\":\"https:\/\/www.ablogix.fr\/#website\"},\"primaryImageOfPage\":{\"@id\":\"https:\/\/www.ablogix.fr\/en\/cloud_tr1-configuration-cloud-openstack\/#primaryimage\"},\"datePublished\":\"2017-10-13T13:14:17+00:00\",\"dateModified\":\"2021-03-31T09:30:49+00:00\",\"breadcrumb\":{\"@id\":\"https:\/\/www.ablogix.fr\/en\/cloud_tr1-configuration-cloud-openstack\/#breadcrumb\"},\"inLanguage\":\"en-US\",\"potentialAction\":[{\"@type\":\"ReadAction\",\"target\":[\"https:\/\/www.ablogix.fr\/en\/cloud_tr1-configuration-cloud-openstack\/\"]}]},{\"@type\":\"BreadcrumbList\",\"@id\":\"https:\/\/www.ablogix.fr\/en\/cloud_tr1-configuration-cloud-openstack\/#breadcrumb\",\"itemListElement\":[{\"@type\":\"ListItem\",\"position\":1,\"name\":\"Accueil\",\"item\":\"https:\/\/www.ablogix.fr\/\"},{\"@type\":\"ListItem\",\"position\":2,\"name\":\"Cloud_Tr1 \u2013 Configuration of an OpenStack Cloud\"}]}]}<\/script>\n<!-- \/ Yoast SEO plugin. -->","yoast_head_json":{"title":"Cloud_Tr1 \u2013 Configuration of an OpenStack Cloud - ABlogiX","robots":{"index":"index","follow":"follow","max-snippet":"max-snippet:-1","max-image-preview":"max-image-preview:large","max-video-preview":"max-video-preview:-1"},"canonical":"https:\/\/www.ablogix.fr\/en\/cloud_tr1-configuration-cloud-openstack\/","og_locale":"en_US","og_type":"article","og_title":"Cloud_Tr1 \u2013 Configuration of an OpenStack Cloud - ABlogiX","og_url":"https:\/\/www.ablogix.fr\/en\/cloud_tr1-configuration-cloud-openstack\/","og_site_name":"ABlogiX","article_publisher":"https:\/\/www.facebook.com\/ABlogiX","article_modified_time":"2021-03-31T09:30:49+00:00","og_image":[{"url":"https:\/\/www.ablogix.fr\/wp-content\/uploads\/2021\/01\/Sans-titre.png"}],"twitter_card":"summary_large_image","twitter_site":"@ABlogiX","twitter_misc":{"Est. reading time":"3 minutes"},"schema":{"@context":"https:\/\/schema.org","@graph":[{"@type":"Organization","@id":"https:\/\/www.ablogix.fr\/#organization","name":"AblogiX","url":"https:\/\/www.ablogix.fr\/","sameAs":["https:\/\/www.linkedin.com\/company\/sarl-ablogix","https:\/\/www.youtube.com\/channel\/UC7LR5o5aeXzd2epr7eNma3g\/featured","https:\/\/www.facebook.com\/ABlogiX","https:\/\/twitter.com\/ABlogiX"],"logo":{"@type":"ImageObject","inLanguage":"en-US","@id":"https:\/\/www.ablogix.fr\/#\/schema\/logo\/image\/","url":"https:\/\/www.ablogix.fr\/wp-content\/uploads\/2020\/11\/Logo-ABlogiX.png","contentUrl":"https:\/\/www.ablogix.fr\/wp-content\/uploads\/2020\/11\/Logo-ABlogiX.png","width":534,"height":368,"caption":"AblogiX"},"image":{"@id":"https:\/\/www.ablogix.fr\/#\/schema\/logo\/image\/"}},{"@type":"WebSite","@id":"https:\/\/www.ablogix.fr\/#website","url":"https:\/\/www.ablogix.fr\/","name":"ABlogiX","description":"Ing\u00e9nierie de d\u00e9veloppement syst\u00e8me et logiciel, et s\u00e9curit\u00e9 du syst\u00e8me d&#039;information","publisher":{"@id":"https:\/\/www.ablogix.fr\/#organization"},"potentialAction":[{"@type":"SearchAction","target":{"@type":"EntryPoint","urlTemplate":"https:\/\/www.ablogix.fr\/?s={search_term_string}"},"query-input":"required name=search_term_string"}],"inLanguage":"en-US"},{"@type":"ImageObject","inLanguage":"en-US","@id":"https:\/\/www.ablogix.fr\/en\/cloud_tr1-configuration-cloud-openstack\/#primaryimage","url":"https:\/\/www.ablogix.fr\/wp-content\/uploads\/2021\/01\/Sans-titre.png","contentUrl":"https:\/\/www.ablogix.fr\/wp-content\/uploads\/2021\/01\/Sans-titre.png","width":1000,"height":800},{"@type":"WebPage","@id":"https:\/\/www.ablogix.fr\/en\/cloud_tr1-configuration-cloud-openstack\/#webpage","url":"https:\/\/www.ablogix.fr\/en\/cloud_tr1-configuration-cloud-openstack\/","name":"Cloud_Tr1 \u2013 Configuration of an OpenStack Cloud - ABlogiX","isPartOf":{"@id":"https:\/\/www.ablogix.fr\/#website"},"primaryImageOfPage":{"@id":"https:\/\/www.ablogix.fr\/en\/cloud_tr1-configuration-cloud-openstack\/#primaryimage"},"datePublished":"2017-10-13T13:14:17+00:00","dateModified":"2021-03-31T09:30:49+00:00","breadcrumb":{"@id":"https:\/\/www.ablogix.fr\/en\/cloud_tr1-configuration-cloud-openstack\/#breadcrumb"},"inLanguage":"en-US","potentialAction":[{"@type":"ReadAction","target":["https:\/\/www.ablogix.fr\/en\/cloud_tr1-configuration-cloud-openstack\/"]}]},{"@type":"BreadcrumbList","@id":"https:\/\/www.ablogix.fr\/en\/cloud_tr1-configuration-cloud-openstack\/#breadcrumb","itemListElement":[{"@type":"ListItem","position":1,"name":"Accueil","item":"https:\/\/www.ablogix.fr\/"},{"@type":"ListItem","position":2,"name":"Cloud_Tr1 \u2013 Configuration of an OpenStack Cloud"}]}]}},"_links":{"self":[{"href":"https:\/\/www.ablogix.fr\/en\/wp-json\/wp\/v2\/pages\/261"}],"collection":[{"href":"https:\/\/www.ablogix.fr\/en\/wp-json\/wp\/v2\/pages"}],"about":[{"href":"https:\/\/www.ablogix.fr\/en\/wp-json\/wp\/v2\/types\/page"}],"author":[{"embeddable":true,"href":"https:\/\/www.ablogix.fr\/en\/wp-json\/wp\/v2\/users\/1"}],"replies":[{"embeddable":true,"href":"https:\/\/www.ablogix.fr\/en\/wp-json\/wp\/v2\/comments?post=261"}],"version-history":[{"count":31,"href":"https:\/\/www.ablogix.fr\/en\/wp-json\/wp\/v2\/pages\/261\/revisions"}],"predecessor-version":[{"id":5310,"href":"https:\/\/www.ablogix.fr\/en\/wp-json\/wp\/v2\/pages\/261\/revisions\/5310"}],"wp:attachment":[{"href":"https:\/\/www.ablogix.fr\/en\/wp-json\/wp\/v2\/media?parent=261"}],"curies":[{"name":"wp","href":"https:\/\/api.w.org\/{rel}","templated":true}]}}