{"id":259,"date":"2017-10-13T15:12:23","date_gmt":"2017-10-13T13:12:23","guid":{"rendered":"http:\/\/92.222.19.170\/?page_id=259"},"modified":"2022-07-04T10:50:22","modified_gmt":"2022-07-04T08:50:22","slug":"sensibilisation-securite-systemes-information","status":"publish","type":"page","link":"https:\/\/www.ablogix.fr\/en\/sensibilisation-securite-systemes-information\/","title":{"rendered":"SSi_Tr2 \u2013 Information Systems Security Awareness"},"content":{"rendered":"\n<pre class=\"wp-block-preformatted\"><em>R\u00e9f : SSI_Tr2<\/em><\/pre>\n\n\n\n<h2>Public concerned<\/h2>\n\n\n\n<p>This training is intended for all audiences.<\/p>\n\n\n\n<h2>Summary<\/h2>\n\n\n\n<p>Information security has become a major priority for all digital users, whether they are professionals or individuals.<\/p>\n\n\n\n<p>Although the notion of information systems (IS) security may seem to be a subject to be dealt with at the IS level of a company or an establishment, the fact remains that the end user (employee or private individual) is a major link in the &#8220;hygiene&#8221; chain of IT security. This course covers the basics, illustrated by a few demonstrations of attacks in order to popularise the concepts and mechanisms and thus better understand the objectives of IT security and to familiarise oneself with an environment where everything evolves very quickly.<\/p>\n\n\n\n<h2>Pre-requisites<\/h2>\n\n\n\n<h2>This course does not require any particular pre-requisites.<\/h2>\n\n\n\n<h2>Objectives<\/h2>\n\n\n\n<ul><li>To make information system users aware of computer risks.<\/li><li>Acquire the current vocabulary of information systems security.<\/li><li>Acquire basic notions related to good computer security practices.<\/li><li>Presentation of good practices to better protect oneself from computer attacks.<\/li><li>Know how to use a password manager.<\/li><\/ul>\n\n\n\n<h2>Content<\/h2>\n\n\n\n<h2>Introduction<\/h2>\n\n\n\n<p>Presentation of the training day.<\/p>\n\n\n\n<h2>Digital news<\/h2>\n\n\n\n<p>Presentation of the most significant events of recent years.<\/p>\n\n\n\n<h2>Vocabulary<\/h2>\n\n\n\n<p>Terms most commonly used in the IT world and more specifically in the field of IT security.<\/p>\n\n\n\n<h2>Definition of an attacker<\/h2>\n\n\n\n<p>The objectives, motivations and means that an attacker may use to achieve these ends.<\/p>\n\n\n\n<h2>Impacts<\/h2>\n\n\n\n<p>What are the direct and indirect impacts for a company and what are the impacts for users on a professional and personal level.<\/p>\n\n\n\n<h3>Risks and vulnerabilities<\/h3>\n\n\n\n<p>Definition of risks and vulnerabilities for a user of IT tools.<\/p>\n\n\n\n<h2>Exercises<\/h2>\n\n\n\n<ul><li>Learning how to use the KeepassX password manager.<\/li><li>Identification of security risks.<\/li><\/ul>\n\n\n\n<h2>Good practice<\/h2>\n\n\n\n<p>Non-exhaustive presentation of good practices to limit the risks linked to the use of IT tools.<\/p>\n\n\n\n<h2>Duration<\/h2>\n\n\n\n<p><strong>1 day <\/strong>(the content can also be adapted according to the technological context and the level of knowledge of the trainees).<\/p>\n\n\n\n<ul><li>The training can be provided both face-to-face and remotely<\/li><li>The training can take place on an inter-company or intra-company basis<\/li><\/ul>\n\n\n\n<h2>More information ?<\/h2>\n\n\n\n<p>Please contact us on <strong>+ 33 2 85 29 43 43<\/strong> or by email : <a href=\"mailto:formation@ablogix.fr\">formation@ablogix.fr<\/a> for a quote.<\/p>\n\n\n\n<hr class=\"wp-block-separator\"\/>\n\n\n\n<pre class=\"wp-block-preformatted\"><strong>The training activity of ABlogiX is \"registered under number 52 72 01527 72. \nThis registration is not equivalent to State approval\", in accordance with Article L6322-48.<\/strong><\/pre>\n\n\n\n<p><strong><a href=\"https:\/\/www.ablogix.fr\/en\/formations\/\">Find all our training courses here.<\/a><\/strong><\/p>\n","protected":false},"excerpt":{"rendered":"<p>R\u00e9f : SSI_Tr2 Public concerned This training is intended for all audiences. Summary Information security has become a major priority for all digital users, whether they are professionals or individuals. Although the notion of information systems (IS) security may seem to be a subject to be dealt with at the IS level of a company <a href=\"https:\/\/www.ablogix.fr\/en\/sensibilisation-securite-systemes-information\/\" rel=\"nofollow\"><span class=\"sr-only\">Read more about SSi_Tr2 \u2013 Information Systems Security Awareness<\/span>[&hellip;]<\/a><\/p>\n","protected":false},"author":1,"featured_media":0,"parent":0,"menu_order":0,"comment_status":"closed","ping_status":"closed","template":"template-fullwidth.php","meta":[],"translation":{"provider":"WPGlobus","version":"2.10.0","language":"en","enabled_languages":["fr","en"],"languages":{"fr":{"title":true,"content":true,"excerpt":false},"en":{"title":true,"content":true,"excerpt":false}}},"yoast_head":"<!-- This site is optimized with the Yoast SEO plugin v19.1 - https:\/\/yoast.com\/wordpress\/plugins\/seo\/ -->\n<title>SSi_Tr2 \u2013 Information Systems Security Awareness - ABlogiX<\/title>\n<meta name=\"robots\" content=\"index, follow, max-snippet:-1, max-image-preview:large, max-video-preview:-1\" \/>\n<link rel=\"canonical\" href=\"https:\/\/www.ablogix.fr\/sensibilisation-securite-systemes-information\/\" \/>\n<meta property=\"og:locale\" content=\"en_US\" \/>\n<meta property=\"og:type\" content=\"article\" \/>\n<meta property=\"og:title\" content=\"SSi_Tr2 \u2013 Information Systems Security Awareness - ABlogiX\" \/>\n<meta property=\"og:url\" content=\"https:\/\/www.ablogix.fr\/sensibilisation-securite-systemes-information\/\" \/>\n<meta property=\"og:site_name\" content=\"ABlogiX\" \/>\n<meta property=\"article:publisher\" content=\"https:\/\/www.facebook.com\/ABlogiX\" \/>\n<meta property=\"article:modified_time\" content=\"2022-07-04T08:50:22+00:00\" \/>\n<meta property=\"og:image\" content=\"https:\/\/www.ablogix.fr\/wp-content\/uploads\/2022\/07\/QRcode-ABourlier-info.png\" \/>\n<meta name=\"twitter:card\" content=\"summary_large_image\" \/>\n<meta name=\"twitter:site\" content=\"@ABlogiX\" \/>\n<meta name=\"twitter:label1\" content=\"Est. reading time\" \/>\n\t<meta name=\"twitter:data1\" content=\"3 minutes\" \/>\n<script type=\"application\/ld+json\" class=\"yoast-schema-graph\">{\"@context\":\"https:\/\/schema.org\",\"@graph\":[{\"@type\":\"Organization\",\"@id\":\"https:\/\/www.ablogix.fr\/#organization\",\"name\":\"AblogiX\",\"url\":\"https:\/\/www.ablogix.fr\/\",\"sameAs\":[\"https:\/\/www.linkedin.com\/company\/sarl-ablogix\",\"https:\/\/www.youtube.com\/channel\/UC7LR5o5aeXzd2epr7eNma3g\/featured\",\"https:\/\/www.facebook.com\/ABlogiX\",\"https:\/\/twitter.com\/ABlogiX\"],\"logo\":{\"@type\":\"ImageObject\",\"inLanguage\":\"en-US\",\"@id\":\"https:\/\/www.ablogix.fr\/#\/schema\/logo\/image\/\",\"url\":\"https:\/\/www.ablogix.fr\/wp-content\/uploads\/2020\/11\/Logo-ABlogiX.png\",\"contentUrl\":\"https:\/\/www.ablogix.fr\/wp-content\/uploads\/2020\/11\/Logo-ABlogiX.png\",\"width\":534,\"height\":368,\"caption\":\"AblogiX\"},\"image\":{\"@id\":\"https:\/\/www.ablogix.fr\/#\/schema\/logo\/image\/\"}},{\"@type\":\"WebSite\",\"@id\":\"https:\/\/www.ablogix.fr\/#website\",\"url\":\"https:\/\/www.ablogix.fr\/\",\"name\":\"ABlogiX\",\"description\":\"Ing\u00e9nierie de d\u00e9veloppement syst\u00e8me et logiciel, et s\u00e9curit\u00e9 du syst\u00e8me d&#039;information\",\"publisher\":{\"@id\":\"https:\/\/www.ablogix.fr\/#organization\"},\"potentialAction\":[{\"@type\":\"SearchAction\",\"target\":{\"@type\":\"EntryPoint\",\"urlTemplate\":\"https:\/\/www.ablogix.fr\/?s={search_term_string}\"},\"query-input\":\"required name=search_term_string\"}],\"inLanguage\":\"en-US\"},{\"@type\":\"ImageObject\",\"inLanguage\":\"en-US\",\"@id\":\"https:\/\/www.ablogix.fr\/sensibilisation-securite-systemes-information\/#primaryimage\",\"url\":\"https:\/\/www.ablogix.fr\/wp-content\/uploads\/2022\/07\/QRcode-ABourlier-info.png\",\"contentUrl\":\"https:\/\/www.ablogix.fr\/wp-content\/uploads\/2022\/07\/QRcode-ABourlier-info.png\",\"width\":272,\"height\":267},{\"@type\":\"WebPage\",\"@id\":\"https:\/\/www.ablogix.fr\/sensibilisation-securite-systemes-information\/#webpage\",\"url\":\"https:\/\/www.ablogix.fr\/sensibilisation-securite-systemes-information\/\",\"name\":\"SSi_Tr2 \u2013 Information Systems Security Awareness - ABlogiX\",\"isPartOf\":{\"@id\":\"https:\/\/www.ablogix.fr\/#website\"},\"primaryImageOfPage\":{\"@id\":\"https:\/\/www.ablogix.fr\/sensibilisation-securite-systemes-information\/#primaryimage\"},\"datePublished\":\"2017-10-13T13:12:23+00:00\",\"dateModified\":\"2022-07-04T08:50:22+00:00\",\"breadcrumb\":{\"@id\":\"https:\/\/www.ablogix.fr\/sensibilisation-securite-systemes-information\/#breadcrumb\"},\"inLanguage\":\"en-US\",\"potentialAction\":[{\"@type\":\"ReadAction\",\"target\":[\"https:\/\/www.ablogix.fr\/sensibilisation-securite-systemes-information\/\"]}]},{\"@type\":\"BreadcrumbList\",\"@id\":\"https:\/\/www.ablogix.fr\/sensibilisation-securite-systemes-information\/#breadcrumb\",\"itemListElement\":[{\"@type\":\"ListItem\",\"position\":1,\"name\":\"Accueil\",\"item\":\"https:\/\/www.ablogix.fr\/\"},{\"@type\":\"ListItem\",\"position\":2,\"name\":\"SSi_Tr2 &#8211; Sensibilisation \u00e0 la s\u00e9curit\u00e9 des syst\u00e8mes d&rsquo;information\"}]}]}<\/script>\n<!-- \/ Yoast SEO plugin. -->","yoast_head_json":{"title":"SSi_Tr2 \u2013 Information Systems Security Awareness - ABlogiX","robots":{"index":"index","follow":"follow","max-snippet":"max-snippet:-1","max-image-preview":"max-image-preview:large","max-video-preview":"max-video-preview:-1"},"canonical":"https:\/\/www.ablogix.fr\/sensibilisation-securite-systemes-information\/","og_locale":"en_US","og_type":"article","og_title":"SSi_Tr2 \u2013 Information Systems Security Awareness - ABlogiX","og_url":"https:\/\/www.ablogix.fr\/sensibilisation-securite-systemes-information\/","og_site_name":"ABlogiX","article_publisher":"https:\/\/www.facebook.com\/ABlogiX","article_modified_time":"2022-07-04T08:50:22+00:00","og_image":[{"url":"https:\/\/www.ablogix.fr\/wp-content\/uploads\/2022\/07\/QRcode-ABourlier-info.png"}],"twitter_card":"summary_large_image","twitter_site":"@ABlogiX","twitter_misc":{"Est. reading time":"3 minutes"},"schema":{"@context":"https:\/\/schema.org","@graph":[{"@type":"Organization","@id":"https:\/\/www.ablogix.fr\/#organization","name":"AblogiX","url":"https:\/\/www.ablogix.fr\/","sameAs":["https:\/\/www.linkedin.com\/company\/sarl-ablogix","https:\/\/www.youtube.com\/channel\/UC7LR5o5aeXzd2epr7eNma3g\/featured","https:\/\/www.facebook.com\/ABlogiX","https:\/\/twitter.com\/ABlogiX"],"logo":{"@type":"ImageObject","inLanguage":"en-US","@id":"https:\/\/www.ablogix.fr\/#\/schema\/logo\/image\/","url":"https:\/\/www.ablogix.fr\/wp-content\/uploads\/2020\/11\/Logo-ABlogiX.png","contentUrl":"https:\/\/www.ablogix.fr\/wp-content\/uploads\/2020\/11\/Logo-ABlogiX.png","width":534,"height":368,"caption":"AblogiX"},"image":{"@id":"https:\/\/www.ablogix.fr\/#\/schema\/logo\/image\/"}},{"@type":"WebSite","@id":"https:\/\/www.ablogix.fr\/#website","url":"https:\/\/www.ablogix.fr\/","name":"ABlogiX","description":"Ing\u00e9nierie de d\u00e9veloppement syst\u00e8me et logiciel, et s\u00e9curit\u00e9 du syst\u00e8me d&#039;information","publisher":{"@id":"https:\/\/www.ablogix.fr\/#organization"},"potentialAction":[{"@type":"SearchAction","target":{"@type":"EntryPoint","urlTemplate":"https:\/\/www.ablogix.fr\/?s={search_term_string}"},"query-input":"required name=search_term_string"}],"inLanguage":"en-US"},{"@type":"ImageObject","inLanguage":"en-US","@id":"https:\/\/www.ablogix.fr\/sensibilisation-securite-systemes-information\/#primaryimage","url":"https:\/\/www.ablogix.fr\/wp-content\/uploads\/2022\/07\/QRcode-ABourlier-info.png","contentUrl":"https:\/\/www.ablogix.fr\/wp-content\/uploads\/2022\/07\/QRcode-ABourlier-info.png","width":272,"height":267},{"@type":"WebPage","@id":"https:\/\/www.ablogix.fr\/sensibilisation-securite-systemes-information\/#webpage","url":"https:\/\/www.ablogix.fr\/sensibilisation-securite-systemes-information\/","name":"SSi_Tr2 \u2013 Information Systems Security Awareness - ABlogiX","isPartOf":{"@id":"https:\/\/www.ablogix.fr\/#website"},"primaryImageOfPage":{"@id":"https:\/\/www.ablogix.fr\/sensibilisation-securite-systemes-information\/#primaryimage"},"datePublished":"2017-10-13T13:12:23+00:00","dateModified":"2022-07-04T08:50:22+00:00","breadcrumb":{"@id":"https:\/\/www.ablogix.fr\/sensibilisation-securite-systemes-information\/#breadcrumb"},"inLanguage":"en-US","potentialAction":[{"@type":"ReadAction","target":["https:\/\/www.ablogix.fr\/sensibilisation-securite-systemes-information\/"]}]},{"@type":"BreadcrumbList","@id":"https:\/\/www.ablogix.fr\/sensibilisation-securite-systemes-information\/#breadcrumb","itemListElement":[{"@type":"ListItem","position":1,"name":"Accueil","item":"https:\/\/www.ablogix.fr\/"},{"@type":"ListItem","position":2,"name":"SSi_Tr2 &#8211; Sensibilisation \u00e0 la s\u00e9curit\u00e9 des syst\u00e8mes d&rsquo;information"}]}]}},"_links":{"self":[{"href":"https:\/\/www.ablogix.fr\/en\/wp-json\/wp\/v2\/pages\/259"}],"collection":[{"href":"https:\/\/www.ablogix.fr\/en\/wp-json\/wp\/v2\/pages"}],"about":[{"href":"https:\/\/www.ablogix.fr\/en\/wp-json\/wp\/v2\/types\/page"}],"author":[{"embeddable":true,"href":"https:\/\/www.ablogix.fr\/en\/wp-json\/wp\/v2\/users\/1"}],"replies":[{"embeddable":true,"href":"https:\/\/www.ablogix.fr\/en\/wp-json\/wp\/v2\/comments?post=259"}],"version-history":[{"count":31,"href":"https:\/\/www.ablogix.fr\/en\/wp-json\/wp\/v2\/pages\/259\/revisions"}],"predecessor-version":[{"id":11817,"href":"https:\/\/www.ablogix.fr\/en\/wp-json\/wp\/v2\/pages\/259\/revisions\/11817"}],"wp:attachment":[{"href":"https:\/\/www.ablogix.fr\/en\/wp-json\/wp\/v2\/media?parent=259"}],"curies":[{"name":"wp","href":"https:\/\/api.w.org\/{rel}","templated":true}]}}