{"id":257,"date":"2017-10-13T15:09:47","date_gmt":"2017-10-13T13:09:47","guid":{"rendered":"http:\/\/92.222.19.170\/?page_id=257"},"modified":"2025-05-25T23:01:53","modified_gmt":"2025-05-25T21:01:53","slug":"securite-applications-web","status":"publish","type":"page","link":"https:\/\/www.ablogix.fr\/en\/accueil\/securite-applications-web\/","title":{"rendered":"SSi_Tr1 &#8211; S\u00e9curit\u00e9 des applications web"},"content":{"rendered":"\n<div style=\"height:20px\" aria-hidden=\"true\" class=\"wp-block-spacer\"><\/div>\n\n\n\n<pre class=\"wp-block-preformatted\"><em><span class=\"has-inline-color has-very-dark-gray-color\">R\u00e9f : SSI_Tr1<\/span><\/em><\/pre>\n\n\n\n<h2>R\u00e9sum\u00e9<\/h2>\n\n\n\n<p>Cette formation vous permettra d&#8217;identifier, de comprendre ainsi que de r\u00e9gler les probl\u00e8mes de s\u00e9curit\u00e9 que l&#8217;on retrouve commun\u00e9ment dans les <a href=\"https:\/\/en.wikipedia.org\/wiki\/Web_application_security\">applications web.<\/a> Ainsi, les travaux pratiques permettront de se mettre tant\u00f4t \u00e0 la place de l&#8217;attaquant, tant\u00f4t \u00e0 la place de l&#8217;attaqu\u00e9 afin de mieux appr\u00e9hender les vecteurs d&#8217;attaque et comprendre comment prot\u00e9ger ses applications.<\/p>\n\n\n\n<h2>Public concern\u00e9<\/h2>\n\n\n\n<ul><li>D\u00e9veloppeurs<\/li><li>Webmasters<\/li><li>Charg\u00e9s de projets Web<\/li><li>Architectes logiciel<\/li><\/ul>\n\n\n\n<h2>Pr\u00e9-requis<\/h2>\n\n\n\n<ul><li>Ma\u00eetriser les bases du d\u00e9veloppement Web<\/li><li>Connaissances de base des r\u00e9seaux TCP\/IP et d&#8217;Internet.<\/li><\/ul>\n\n\n\n<h2>Objectifs<\/h2>\n\n\n\n<ul><li>Obj.1: Comprendre les menaces qui visent une application web.<\/li><li>Obj.2: Comprendre et appliquer les strat\u00e9gies utilis\u00e9es pour compromettre une application web.<\/li><li>Obj.3: Comprendre et corriger les probl\u00e8mes de design et d&#8217;impl\u00e9mentation communes.<\/li><li>Obj.4: Comprendre et corriger les failles courantes (Injection SQL\/XSS, d\u00e9faut d\u2019authentification, etc.)<\/li><\/ul>\n\n\n\n<h2>Contenu<\/h2>\n\n\n\n<h3><strong>Introduction<\/strong><\/h3>\n\n\n\n<ul><li>D\u00e9crire les menaces qui p\u00e8sent sur les applications Web d&#8217;aujourd&#8217;hui.<\/li><li>Identifier les organisations et ressources qui aident \u00e0 identifier et corriger les vuln\u00e9rabilit\u00e9s dans les applications.<\/li><li>D\u00e9crire les techniques de test de s\u00e9curit\u00e9 applicative courantes.<\/li><\/ul>\n\n\n\n<h3><strong>Bases des applications Web<\/strong><\/h3>\n\n\n\n<h3><strong>Injection<\/strong><\/h3>\n\n\n\n<h3><strong>Contournement d&#8217;authentification<\/strong><\/h3>\n\n\n\n<h3><strong>Exposition de donn\u00e9es sensibles<\/strong><\/h3>\n\n\n\n<h3><strong>Cross-Site Scripting (XSS)<\/strong><\/h3>\n\n\n\n<h3><strong>Entit\u00e9s XML externes (<em><u>XXE<\/u><\/em>)<\/strong><\/h3>\n\n\n\n<h3><strong>Le contr\u00f4le d\u2019acc\u00e8s au niveau des fonctions<\/strong><\/h3>\n\n\n\n<h3><strong>D\u00e9fauts de configuration<\/strong><\/h3>\n\n\n\n<h3><u><strong>Cross-site scripting (XSS)<\/strong><\/u><\/h3>\n\n\n\n<h3><strong>Composants vuln\u00e9rables<\/strong><\/h3>\n\n\n\n<h3><strong>Insuffisance de journalisation et de surveillance<\/strong><\/h3>\n\n\n\n<h3><strong>Int\u00e9gration de la s\u00e9curit\u00e9 dans le cycle de d\u00e9veloppement<\/strong><\/h3>\n\n\n\n<h2>Dur\u00e9e<\/h2>\n\n\n\n<p><strong>2 jours<\/strong> (le contenu peut \u00eatre adapt\u00e9 en fonction du contexte technologique mais aussi du niveau de connaissance des stagiaires).<\/p>\n\n\n\n<ul><li>La formation peut \u00eatre assur\u00e9e en pr\u00e9sentiel ainsi qu&#8217;en distanciel<\/li><li>La formation peut se d\u00e9rouler en inter-entreprise ou en intra-entreprise<\/li><\/ul>\n\n\n\n<h2>Plus d&#8217;informations ?<\/h2>\n\n\n\n<p>Veuillez nous contacter au <strong>+33 2 85 29 43 43<\/strong> ou par courrier \u00e9lectronique :&nbsp;<a href=\"mailto:formation@ablogix.fr\">formation@ablogix.fr<\/a> pour obtenir un devis.<\/p>\n\n\n\n<hr class=\"wp-block-separator\"\/>\n\n\n\n<p><a href=\"https:\/\/www.ablogix.fr\/wp-content\/uploads\/2022\/07\/SSi_Tr1-ApplicationSecurity-Evaluation_Form_FR.pdf\" target=\"_blank\" rel=\"noreferrer noopener\"><strong>T\u00e9l\u00e9chargez cette formation au <\/strong><\/a><strong><a href=\"https:\/\/www.ablogix.fr\/wp-content\/uploads\/2022\/07\/SSi_Tr1-SecuriteApplicationWeb-Programme-FR.pdf\" target=\"_blank\" rel=\"noreferrer noopener\">format<\/a><\/strong><a href=\"https:\/\/www.ablogix.fr\/wp-content\/uploads\/2022\/07\/SSi_Tr1-ApplicationSecurity-Evaluation_Form_FR.pdf\" target=\"_blank\" rel=\"noreferrer noopener\"><strong> .pdf pour afficher le contenu complet<\/strong><\/a><\/p>\n\n\n\n<p><strong><a href=\"https:\/\/www.ablogix.fr\/formations\/\">Retrouvez ici, l&#8217;ensemble de nos Formations.<\/a><\/strong><\/p>\n\n\n\n<pre class=\"wp-block-preformatted\"><strong>L\u2019activit\u00e9 de formation de ABlogiX est \u00ab enregistr\u00e9e sous le num\u00e9ro 52 72 01527 72. Cet enregistrement ne vaut pas agr\u00e9ment de l\u2019\u00c9tat \u00bb, conform\u00e9ment \u00e0 l\u2019article L6322-48.<\/strong><\/pre>\n\n\n\n<div style=\"height:20px\" aria-hidden=\"true\" class=\"wp-block-spacer\"><\/div>\n\n\n\n<pre class=\"wp-block-preformatted\"><em><span class=\"has-inline-color has-very-dark-gray-color\">R\u00e9f : SSI_Tr1<\/span><\/em><\/pre>\n\n\n\n<h2>R\u00e9sum\u00e9<\/h2>\n\n\n\n<p>Cette formation vous permettra d&#8217;identifier, de comprendre ainsi que de r\u00e9gler les probl\u00e8mes de s\u00e9curit\u00e9 que l&#8217;on retrouve commun\u00e9ment dans les <a href=\"https:\/\/en.wikipedia.org\/wiki\/Web_application_security\">applications web.<\/a> Ainsi, les travaux pratiques permettront de se mettre tant\u00f4t \u00e0 la place de l&#8217;attaquant, tant\u00f4t \u00e0 la place de l&#8217;attaqu\u00e9 afin de mieux appr\u00e9hender les vecteurs d&#8217;attaque et comprendre comment prot\u00e9ger ses applications.<\/p>\n\n\n\n<h2>Public concern\u00e9<\/h2>\n\n\n\n<ul><li>D\u00e9veloppeurs<\/li><li>Webmasters<\/li><li>Charg\u00e9s de projets Web<\/li><li>Architectes logiciel<\/li><\/ul>\n\n\n\n<h2>Pr\u00e9-requis<\/h2>\n\n\n\n<ul><li>Ma\u00eetriser les bases du d\u00e9veloppement Web<\/li><li>Connaissances de base des r\u00e9seaux TCP\/IP et d&#8217;Internet.<\/li><\/ul>\n\n\n\n<h2>Objectifs<\/h2>\n\n\n\n<ul><li>Obj.1: Comprendre les menaces qui visent une application web.<\/li><li>Obj.2: Comprendre et appliquer les strat\u00e9gies utilis\u00e9es pour compromettre une application web.<\/li><li>Obj.3: Comprendre et corriger les probl\u00e8mes de design et d&#8217;impl\u00e9mentation communes.<\/li><li>Obj.4: Comprendre et corriger les failles courantes (Injection SQL\/XSS, d\u00e9faut d\u2019authentification, etc.)<\/li><\/ul>\n\n\n\n<h2>Contenu<\/h2>\n\n\n\n<h3><strong>Introduction<\/strong><\/h3>\n\n\n\n<ul><li>D\u00e9crire les menaces qui p\u00e8sent sur les applications Web d&#8217;aujourd&#8217;hui.<\/li><li>Identifier les organisations et ressources qui aident \u00e0 identifier et corriger les vuln\u00e9rabilit\u00e9s dans les applications.<\/li><li>D\u00e9crire les techniques de test de s\u00e9curit\u00e9 applicative courantes.<\/li><\/ul>\n\n\n\n<h3><strong>Bases des applications Web<\/strong><\/h3>\n\n\n\n<h3><strong>Injection<\/strong><\/h3>\n\n\n\n<h3><strong>Contournement d&#8217;authentification<\/strong><\/h3>\n\n\n\n<h3><strong>Exposition de donn\u00e9es sensibles<\/strong><\/h3>\n\n\n\n<h3><strong>Cross-Site Scripting (XSS)<\/strong><\/h3>\n\n\n\n<h3><strong>Entit\u00e9s XML externes (<em><u>XXE<\/u><\/em>)<\/strong><\/h3>\n\n\n\n<h3><strong>Le contr\u00f4le d\u2019acc\u00e8s au niveau des fonctions<\/strong><\/h3>\n\n\n\n<h3><strong>D\u00e9fauts de configuration<\/strong><\/h3>\n\n\n\n<h3><u><strong>Cross-site scripting (XSS)<\/strong><\/u><\/h3>\n\n\n\n<h3><strong>Composants vuln\u00e9rables<\/strong><\/h3>\n\n\n\n<h3><strong>Insuffisance de journalisation et de surveillance<\/strong><\/h3>\n\n\n\n<h3><strong>Int\u00e9gration de la s\u00e9curit\u00e9 dans le cycle de d\u00e9veloppement<\/strong><\/h3>\n\n\n\n<h2>Dur\u00e9e<\/h2>\n\n\n\n<p><strong>2 jours<\/strong> (le contenu peut \u00eatre adapt\u00e9 en fonction du contexte technologique mais aussi du niveau de connaissance des stagiaires).<\/p>\n\n\n\n<ul><li>La formation peut \u00eatre assur\u00e9e en pr\u00e9sentiel ainsi qu&#8217;en distanciel<\/li><li>La formation peut se d\u00e9rouler en inter-entreprise ou en intra-entreprise<\/li><\/ul>\n\n\n\n<h2>Plus d&#8217;informations ?<\/h2>\n\n\n\n<p>Veuillez nous contacter au <strong>+33 2 85 29 43 43<\/strong> ou par courrier \u00e9lectronique :&nbsp;<a href=\"mailto:formation@ablogix.fr\">formation@ablogix.fr<\/a> pour obtenir un devis.<\/p>\n\n\n\n<hr class=\"wp-block-separator\"\/>\n\n\n\n<p><a href=\"https:\/\/www.ablogix.fr\/wp-content\/uploads\/2022\/07\/SSi_Tr1-ApplicationSecurity-Evaluation_Form_FR.pdf\" target=\"_blank\" rel=\"noreferrer noopener\"><strong>T\u00e9l\u00e9chargez cette formation au <\/strong><\/a><strong><a href=\"https:\/\/www.ablogix.fr\/wp-content\/uploads\/2022\/07\/SSi_Tr1-SecuriteApplicationWeb-Programme-FR.pdf\" target=\"_blank\" rel=\"noreferrer noopener\">format<\/a><\/strong><a href=\"https:\/\/www.ablogix.fr\/wp-content\/uploads\/2022\/07\/SSi_Tr1-SecuriteApplicationWeb-Programme-FR.pdf\" target=\"_blank\" rel=\"noreferrer noopener\"><strong> .pdf pour afficher le contenu complet<\/strong><\/a><\/p>\n\n\n\n<p><strong><a href=\"https:\/\/www.ablogix.fr\/formations\/\">Retrouvez ici, l&#8217;ensemble de nos Formations.<\/a><\/strong><\/p>\n\n\n\n<pre class=\"wp-block-preformatted\"><strong>L\u2019activit\u00e9 de formation de ABlogiX est \u00ab enregistr\u00e9e sous le num\u00e9ro 52 72 01527 72. Cet enregistrement ne vaut pas agr\u00e9ment de l\u2019\u00c9tat \u00bb, conform\u00e9ment \u00e0 l\u2019article L6322-48.<\/strong><\/pre>\n\n\n\n<div class=\"wp-block-image\"><figure class=\"aligncenter size-full is-resized\"><img loading=\"lazy\" src=\"https:\/\/www.ablogix.fr\/wp-content\/uploads\/2022\/07\/QRcode-ABourlier-info.png\" alt=\"\" class=\"wp-image-11786\" width=\"123\" height=\"121\"\/><\/figure><\/div>\n","protected":false},"excerpt":{"rendered":"<p>R\u00e9f : SSI_Tr1 R\u00e9sum\u00e9 Cette formation vous permettra d&#8217;identifier, de comprendre ainsi que de r\u00e9gler les probl\u00e8mes de s\u00e9curit\u00e9 que l&#8217;on retrouve commun\u00e9ment dans les applications web. Ainsi, les travaux pratiques permettront de se mettre tant\u00f4t \u00e0 la place de l&#8217;attaquant, tant\u00f4t \u00e0 la place de l&#8217;attaqu\u00e9 afin de mieux appr\u00e9hender les vecteurs d&#8217;attaque et <a href=\"https:\/\/www.ablogix.fr\/en\/accueil\/securite-applications-web\/\" rel=\"nofollow\"><span class=\"sr-only\">Read more about SSi_Tr1 &#8211; S\u00e9curit\u00e9 des applications web<\/span>[&hellip;]<\/a><\/p>\n","protected":false},"author":1,"featured_media":0,"parent":727,"menu_order":0,"comment_status":"closed","ping_status":"closed","template":"template-fullwidth.php","meta":[],"translation":{"provider":"WPGlobus","version":"2.10.0","language":"en","enabled_languages":["fr","en"],"languages":{"fr":{"title":true,"content":true,"excerpt":false},"en":{"title":false,"content":true,"excerpt":false}}},"yoast_head":"<!-- This site is optimized with the Yoast SEO plugin v19.1 - https:\/\/yoast.com\/wordpress\/plugins\/seo\/ -->\n<title>La s\u00e9curit\u00e9 des applications web - Formation SSi_Tr1<\/title>\n<meta name=\"robots\" content=\"index, follow, max-snippet:-1, max-image-preview:large, max-video-preview:-1\" \/>\n<link rel=\"canonical\" href=\"https:\/\/www.ablogix.fr\/accueil\/securite-applications-web\/\" \/>\n<meta property=\"og:locale\" content=\"en_US\" \/>\n<meta property=\"og:type\" content=\"article\" \/>\n<meta property=\"og:title\" content=\"La s\u00e9curit\u00e9 des applications web - Formation SSi_Tr1\" \/>\n<meta property=\"og:url\" content=\"https:\/\/www.ablogix.fr\/accueil\/securite-applications-web\/\" \/>\n<meta property=\"og:site_name\" content=\"ABlogiX\" \/>\n<meta property=\"article:publisher\" content=\"https:\/\/www.facebook.com\/ABlogiX\" \/>\n<meta property=\"article:modified_time\" content=\"2025-05-25T21:01:53+00:00\" \/>\n<meta name=\"twitter:card\" content=\"summary_large_image\" \/>\n<meta name=\"twitter:site\" content=\"@ABlogiX\" \/>\n<meta name=\"twitter:label1\" content=\"Est. reading time\" \/>\n\t<meta name=\"twitter:data1\" content=\"2 minutes\" \/>\n<script type=\"application\/ld+json\" class=\"yoast-schema-graph\">{\"@context\":\"https:\/\/schema.org\",\"@graph\":[{\"@type\":\"Organization\",\"@id\":\"https:\/\/www.ablogix.fr\/#organization\",\"name\":\"AblogiX\",\"url\":\"https:\/\/www.ablogix.fr\/\",\"sameAs\":[\"https:\/\/www.linkedin.com\/company\/sarl-ablogix\",\"https:\/\/www.youtube.com\/channel\/UC7LR5o5aeXzd2epr7eNma3g\/featured\",\"https:\/\/www.facebook.com\/ABlogiX\",\"https:\/\/twitter.com\/ABlogiX\"],\"logo\":{\"@type\":\"ImageObject\",\"inLanguage\":\"en-US\",\"@id\":\"https:\/\/www.ablogix.fr\/#\/schema\/logo\/image\/\",\"url\":\"https:\/\/www.ablogix.fr\/wp-content\/uploads\/2020\/11\/Logo-ABlogiX.png\",\"contentUrl\":\"https:\/\/www.ablogix.fr\/wp-content\/uploads\/2020\/11\/Logo-ABlogiX.png\",\"width\":534,\"height\":368,\"caption\":\"AblogiX\"},\"image\":{\"@id\":\"https:\/\/www.ablogix.fr\/#\/schema\/logo\/image\/\"}},{\"@type\":\"WebSite\",\"@id\":\"https:\/\/www.ablogix.fr\/#website\",\"url\":\"https:\/\/www.ablogix.fr\/\",\"name\":\"ABlogiX\",\"description\":\"Ing\u00e9nierie de d\u00e9veloppement syst\u00e8me et logiciel, et s\u00e9curit\u00e9 du syst\u00e8me d&#039;information\",\"publisher\":{\"@id\":\"https:\/\/www.ablogix.fr\/#organization\"},\"potentialAction\":[{\"@type\":\"SearchAction\",\"target\":{\"@type\":\"EntryPoint\",\"urlTemplate\":\"https:\/\/www.ablogix.fr\/?s={search_term_string}\"},\"query-input\":\"required name=search_term_string\"}],\"inLanguage\":\"en-US\"},{\"@type\":\"WebPage\",\"@id\":\"https:\/\/www.ablogix.fr\/accueil\/securite-applications-web\/#webpage\",\"url\":\"https:\/\/www.ablogix.fr\/accueil\/securite-applications-web\/\",\"name\":\"La s\u00e9curit\u00e9 des applications web - Formation SSi_Tr1\",\"isPartOf\":{\"@id\":\"https:\/\/www.ablogix.fr\/#website\"},\"datePublished\":\"2017-10-13T13:09:47+00:00\",\"dateModified\":\"2025-05-25T21:01:53+00:00\",\"description\":\"Cette formation vous permettra d'identifier, de comprendre et de r\u00e9gler les probl\u00e8mes de s\u00e9curit\u00e9 pr\u00e9sents dans les applications web.\",\"breadcrumb\":{\"@id\":\"https:\/\/www.ablogix.fr\/accueil\/securite-applications-web\/#breadcrumb\"},\"inLanguage\":\"en-US\",\"potentialAction\":[{\"@type\":\"ReadAction\",\"target\":[\"https:\/\/www.ablogix.fr\/accueil\/securite-applications-web\/\"]}]},{\"@type\":\"BreadcrumbList\",\"@id\":\"https:\/\/www.ablogix.fr\/accueil\/securite-applications-web\/#breadcrumb\",\"itemListElement\":[{\"@type\":\"ListItem\",\"position\":1,\"name\":\"Accueil\",\"item\":\"https:\/\/www.ablogix.fr\/\"},{\"@type\":\"ListItem\",\"position\":2,\"name\":\"Accueil\",\"item\":\"https:\/\/www.ablogix.fr\/\"},{\"@type\":\"ListItem\",\"position\":3,\"name\":\"SSi_Tr1 &#8211; S\u00e9curit\u00e9 des applications web\"}]}]}<\/script>\n<!-- \/ Yoast SEO plugin. -->","yoast_head_json":{"title":"La s\u00e9curit\u00e9 des applications web - Formation SSi_Tr1","robots":{"index":"index","follow":"follow","max-snippet":"max-snippet:-1","max-image-preview":"max-image-preview:large","max-video-preview":"max-video-preview:-1"},"canonical":"https:\/\/www.ablogix.fr\/accueil\/securite-applications-web\/","og_locale":"en_US","og_type":"article","og_title":"La s\u00e9curit\u00e9 des applications web - Formation SSi_Tr1","og_url":"https:\/\/www.ablogix.fr\/accueil\/securite-applications-web\/","og_site_name":"ABlogiX","article_publisher":"https:\/\/www.facebook.com\/ABlogiX","article_modified_time":"2025-05-25T21:01:53+00:00","twitter_card":"summary_large_image","twitter_site":"@ABlogiX","twitter_misc":{"Est. reading time":"2 minutes"},"schema":{"@context":"https:\/\/schema.org","@graph":[{"@type":"Organization","@id":"https:\/\/www.ablogix.fr\/#organization","name":"AblogiX","url":"https:\/\/www.ablogix.fr\/","sameAs":["https:\/\/www.linkedin.com\/company\/sarl-ablogix","https:\/\/www.youtube.com\/channel\/UC7LR5o5aeXzd2epr7eNma3g\/featured","https:\/\/www.facebook.com\/ABlogiX","https:\/\/twitter.com\/ABlogiX"],"logo":{"@type":"ImageObject","inLanguage":"en-US","@id":"https:\/\/www.ablogix.fr\/#\/schema\/logo\/image\/","url":"https:\/\/www.ablogix.fr\/wp-content\/uploads\/2020\/11\/Logo-ABlogiX.png","contentUrl":"https:\/\/www.ablogix.fr\/wp-content\/uploads\/2020\/11\/Logo-ABlogiX.png","width":534,"height":368,"caption":"AblogiX"},"image":{"@id":"https:\/\/www.ablogix.fr\/#\/schema\/logo\/image\/"}},{"@type":"WebSite","@id":"https:\/\/www.ablogix.fr\/#website","url":"https:\/\/www.ablogix.fr\/","name":"ABlogiX","description":"Ing\u00e9nierie de d\u00e9veloppement syst\u00e8me et logiciel, et s\u00e9curit\u00e9 du syst\u00e8me d&#039;information","publisher":{"@id":"https:\/\/www.ablogix.fr\/#organization"},"potentialAction":[{"@type":"SearchAction","target":{"@type":"EntryPoint","urlTemplate":"https:\/\/www.ablogix.fr\/?s={search_term_string}"},"query-input":"required name=search_term_string"}],"inLanguage":"en-US"},{"@type":"WebPage","@id":"https:\/\/www.ablogix.fr\/accueil\/securite-applications-web\/#webpage","url":"https:\/\/www.ablogix.fr\/accueil\/securite-applications-web\/","name":"La s\u00e9curit\u00e9 des applications web - Formation SSi_Tr1","isPartOf":{"@id":"https:\/\/www.ablogix.fr\/#website"},"datePublished":"2017-10-13T13:09:47+00:00","dateModified":"2025-05-25T21:01:53+00:00","description":"Cette formation vous permettra d'identifier, de comprendre et de r\u00e9gler les probl\u00e8mes de s\u00e9curit\u00e9 pr\u00e9sents dans les applications web.","breadcrumb":{"@id":"https:\/\/www.ablogix.fr\/accueil\/securite-applications-web\/#breadcrumb"},"inLanguage":"en-US","potentialAction":[{"@type":"ReadAction","target":["https:\/\/www.ablogix.fr\/accueil\/securite-applications-web\/"]}]},{"@type":"BreadcrumbList","@id":"https:\/\/www.ablogix.fr\/accueil\/securite-applications-web\/#breadcrumb","itemListElement":[{"@type":"ListItem","position":1,"name":"Accueil","item":"https:\/\/www.ablogix.fr\/"},{"@type":"ListItem","position":2,"name":"Accueil","item":"https:\/\/www.ablogix.fr\/"},{"@type":"ListItem","position":3,"name":"SSi_Tr1 &#8211; S\u00e9curit\u00e9 des applications web"}]}]}},"_links":{"self":[{"href":"https:\/\/www.ablogix.fr\/en\/wp-json\/wp\/v2\/pages\/257"}],"collection":[{"href":"https:\/\/www.ablogix.fr\/en\/wp-json\/wp\/v2\/pages"}],"about":[{"href":"https:\/\/www.ablogix.fr\/en\/wp-json\/wp\/v2\/types\/page"}],"author":[{"embeddable":true,"href":"https:\/\/www.ablogix.fr\/en\/wp-json\/wp\/v2\/users\/1"}],"replies":[{"embeddable":true,"href":"https:\/\/www.ablogix.fr\/en\/wp-json\/wp\/v2\/comments?post=257"}],"version-history":[{"count":51,"href":"https:\/\/www.ablogix.fr\/en\/wp-json\/wp\/v2\/pages\/257\/revisions"}],"predecessor-version":[{"id":12122,"href":"https:\/\/www.ablogix.fr\/en\/wp-json\/wp\/v2\/pages\/257\/revisions\/12122"}],"up":[{"embeddable":true,"href":"https:\/\/www.ablogix.fr\/en\/wp-json\/wp\/v2\/pages\/727"}],"wp:attachment":[{"href":"https:\/\/www.ablogix.fr\/en\/wp-json\/wp\/v2\/media?parent=257"}],"curies":[{"name":"wp","href":"https:\/\/api.w.org\/{rel}","templated":true}]}}