{"id":255,"date":"2017-10-13T15:08:31","date_gmt":"2017-10-13T13:08:31","guid":{"rendered":"http:\/\/92.222.19.170\/?page_id=255"},"modified":"2025-05-25T20:00:13","modified_gmt":"2025-05-25T18:00:13","slug":"formations","status":"publish","type":"page","link":"https:\/\/www.ablogix.fr\/en\/formations\/","title":{"rendered":"List of training"},"content":{"rendered":"<div class=\"panel-body\">\n<p>ABlogiX provides training in the following areas of expertise :<\/p>\n<ul>\n<li><a href=\"https:\/\/www.ablogix.fr\/en\/tr_ssi-securite-du-si\/\">Tr_SSI : IS Security<\/a>\n<ul>\n<li>Application security\n<ul>\n<li id=\"menu-item-295\" class=\"menu-item menu-item-type-post_type menu-item-object-page menu-item-295\"><a href=\"https:\/\/www.ablogix.fr\/en\/accueil\/securite-applications-web\/\">SSi_Tr1 \u2013 Web Application Security<\/a><\/li>\n<li id=\"menu-item-1287\" class=\"menu-item menu-item-type-post_type menu-item-object-page current-menu-item page_item page-item-1257 current_page_item menu-item-1287\"><a href=\"https:\/\/www.ablogix.fr\/en\/ssi_tr3-1-appscan-standard-les-fondamentaux\/\">SSi_Tr3.1 \u2013 APPSCAN STANDARD \u2013 The basics<\/a><\/li>\n<\/ul>\n<\/li>\n<li>Network and Information System Security\n<ul>\n<li>\u00a0<\/li>\n<\/ul>\n<\/li>\n<\/ul>\n<\/li>\n<\/ul>\n<ul>\n<li><a href=\"https:\/\/www.ablogix.fr\/en\/ingenierie-de-developpement\/\">Tr_Dev : Development Engineering<\/a>\n<ul>\n<li>Activity Management and Configuration Management:\n<ul>\n<li><strong>IBM ClearCase:<\/strong><\/li>\n<\/ul>\n<ul>\n<li style=\"list-style-type: none;\">\n<ul>\n<li><a href=\"https:\/\/www.ablogix.fr\/en\/scm_tr1-1-cc_ibm-clearcase-administrateur\/\">SCM_Tr1.1-CC_ IBM ClearCase Administrator<\/a><\/li>\n<li id=\"menu-item-298\" class=\"menu-item menu-item-type-post_type menu-item-object-page current-menu-item page_item page-item-266 current_page_item menu-item-298\"><a href=\"https:\/\/www.ablogix.fr\/en\/scm_tr1-2-cc_base-maitriser-les-bases-de-rational-clearcase\/\">SCM_Tr1.2-CC_base \u2013 Mastering the basics of Rational ClearCase<\/a><\/li>\n<li id=\"menu-item-2793\" class=\"menu-item menu-item-type-post_type menu-item-object-page menu-item-2793\"><a href=\"https:\/\/www.ablogix.fr\/en\/scm_tr1-organiser-les-developpements-avec-rational-clearcase-et-ucm\/\">SCM_Tr1.3 \u2013 Organising Development with Rational ClearCase and UCM<\/a><\/li>\n<\/ul>\n<\/li>\n<li><strong>HCL VersionVault<\/strong>\n<ul>\n<li><a href=\"https:\/\/www.ablogix.fr\/scm_tr2-1-vv_hcl-versionvault-administrateur\/\">SCM_Tr2.1-VV_ HCL VersionVault Administrator<\/a><\/li>\n<li><a href=\"https:\/\/www.ablogix.fr\/en\/scm_tr2-2_maitriser-les-bases-de-hcl-versionvault\/\">SCM_Tr2.2_ Mastering the basics of HCL VersionVault<\/a><\/li>\n<li><a href=\"https:\/\/www.ablogix.fr\/scm_tr2-3-organiser-les-developpements-avec-hcl-versionvault-et-ucm\/\">SCM_Tr2.3 &#8211; Organising Development with HCL VersionVault and UCM<\/a><\/li>\n<\/ul>\n<\/li>\n<li><strong>IBM ELM EWM &#8211; Engineering Workflow Management (RTC)<\/strong>\n<ul>\n<li><a href=\"https:\/\/www.ablogix.fr\/en\/scm_tr5-1-ewm\/\">SCM_Tr5.1 &#8211; Task Management with IBM Jazz EWM 7.x<\/a><\/li>\n<li><a href=\"https:\/\/www.ablogix.fr\/en\/scm_tr5-2-ewm\/\">SCM_Tr5.2 \u2013 Developing with ELM EWM<\/a><\/li>\n<\/ul>\n<\/li>\n<\/ul>\n<\/li>\n<\/ul>\n<\/li>\n<\/ul>\n<\/div>\n\n\n<div style=\"height:35px\" aria-hidden=\"true\" class=\"wp-block-spacer\"><\/div>\n\n\n\n<p class=\"has-text-align-center\"><span class=\"has-inline-color has-vivid-cyan-blue-color\"><strong>Quality indicators<br><\/strong>78 trainees trained in 2021<br>1533 hours of training provided in 2021<br>Overall satisfaction rating of trainees trained in 2022: 4\/5<br>Overall satisfaction rating of our clients in 2022: 5\/5<br><\/span><\/p>\n\n\n\n<p class=\"has-text-align-center\"><span class=\"has-inline-color has-vivid-cyan-blue-color\">The data concerning satisfaction is collected since January 2022 and updated once a quarter.<\/span><br><\/p>\n\n\n\n<p>For all requests for training in the catalog or customized training, please contact us by telephone or e-mail using the contact details at the bottom of this web page.<\/p>\n\n\n\n<p><\/p>\n\n\n\n<p><strong>We continue to provide both face-to-face and distance training courses.<\/strong><\/p>\n\n\n\n<p><\/p>\n\n\n\n<div class=\"wp-block-columns are-vertically-aligned-center\">\n<div class=\"wp-block-column is-vertically-aligned-center\" style=\"flex-basis:100%\">\n<div class=\"wp-block-columns are-vertically-aligned-center\">\n<div class=\"wp-block-column is-vertically-aligned-center\" style=\"flex-basis:100%\">\n<div class=\"wp-block-image\"><figure class=\"aligncenter is-resized\"><img loading=\"lazy\" src=\"https:\/\/www.ablogix.fr\/wp-content\/uploads\/2022\/12\/image.png\" alt=\"\" class=\"wp-image-15655\" width=\"504\" height=\"397\" srcset=\"https:\/\/www.ablogix.fr\/wp-content\/uploads\/2022\/12\/image.png 902w, https:\/\/www.ablogix.fr\/wp-content\/uploads\/2022\/12\/image-300x237.png 300w, https:\/\/www.ablogix.fr\/wp-content\/uploads\/2022\/12\/image-768x606.png 768w\" sizes=\"(max-width: 504px) 100vw, 504px\" \/><figcaption>ABLOGIX is Qualiopi certified, a regulatory obligation that guarantees learners, funders, and partners compliance with stringent quality standards.<\/figcaption><\/figure><\/div>\n<\/div>\n<\/div>\n<\/div>\n<\/div>\n\n\n\n<div class=\"wp-block-columns\">\n<div class=\"wp-block-column\" style=\"flex-basis:100%\">\n<p><\/p>\n\n\n\n<h2><strong>Additionnal information?<\/strong><\/h2>\n\n\n\n<p>For any additional information, contact us by phone at this phone number&nbsp;<strong>+ 33(0)2 85 29 43 44<\/strong>&nbsp;or via email :&nbsp;<a href=\"mailto:formation@ablogix.fr\"><u>formation@ablogix.fr<\/u><\/a>&nbsp;for a quotation.<\/p>\n\n\n\n<div class=\"wp-block-image\"><figure class=\"aligncenter is-resized\"><img loading=\"lazy\" src=\"https:\/\/www.ablogix.fr\/wp-content\/uploads\/2022\/07\/QRcode-ABourlier-info.png\" alt=\"\" class=\"wp-image-11786\" width=\"169\" height=\"166\"\/><\/figure><\/div>\n\n\n\n<p><strong>The training activity of ABlogiX is \u201cregistered under number 52 72 01527 72. This registration is not equivalent to State approval\u201d, in accordance with Article L6322-48.<\/strong><\/p>\n<\/div>\n<\/div>\n","protected":false},"excerpt":{"rendered":"<p>ABlogiX provides training in the following areas of expertise : Tr_SSI : IS Security Application security SSi_Tr1 \u2013 Web Application Security SSi_Tr3.1 \u2013 APPSCAN STANDARD \u2013 The basics Network and Information System Security \u00a0 Tr_Dev : Development Engineering Activity Management and Configuration Management: IBM ClearCase: SCM_Tr1.1-CC_ IBM ClearCase Administrator SCM_Tr1.2-CC_base \u2013 Mastering the basics of <a href=\"https:\/\/www.ablogix.fr\/en\/formations\/\" rel=\"nofollow\"><span class=\"sr-only\">Read more about List of training<\/span>[&hellip;]<\/a><\/p>\n","protected":false},"author":1,"featured_media":0,"parent":0,"menu_order":0,"comment_status":"closed","ping_status":"closed","template":"template-fullwidth.php","meta":[],"translation":{"provider":"WPGlobus","version":"2.10.0","language":"en","enabled_languages":["fr","en"],"languages":{"fr":{"title":true,"content":true,"excerpt":false},"en":{"title":true,"content":true,"excerpt":false}}},"yoast_head":"<!-- This site is optimized with the Yoast SEO plugin v19.1 - https:\/\/yoast.com\/wordpress\/plugins\/seo\/ -->\n<title>List of training - ABlogiX<\/title>\n<meta name=\"robots\" content=\"index, follow, max-snippet:-1, max-image-preview:large, max-video-preview:-1\" \/>\n<link rel=\"canonical\" href=\"https:\/\/www.ablogix.fr\/formations\/\" \/>\n<meta property=\"og:locale\" content=\"en_US\" \/>\n<meta property=\"og:type\" content=\"article\" \/>\n<meta property=\"og:title\" content=\"List of training - ABlogiX\" \/>\n<meta property=\"og:url\" content=\"https:\/\/www.ablogix.fr\/formations\/\" \/>\n<meta property=\"og:site_name\" content=\"ABlogiX\" \/>\n<meta property=\"article:publisher\" content=\"https:\/\/www.facebook.com\/ABlogiX\" \/>\n<meta property=\"article:modified_time\" content=\"2025-05-25T18:00:13+00:00\" \/>\n<meta property=\"og:image\" content=\"https:\/\/www.ablogix.fr\/wp-content\/uploads\/2022\/07\/Logo_Qualiopi-Certif-ActionsDeFormation.webp\" \/>\n<meta name=\"twitter:card\" content=\"summary_large_image\" \/>\n<meta name=\"twitter:site\" content=\"@ABlogiX\" \/>\n<meta name=\"twitter:label1\" content=\"Est. reading time\" \/>\n\t<meta name=\"twitter:data1\" content=\"2 minutes\" \/>\n<script type=\"application\/ld+json\" class=\"yoast-schema-graph\">{\"@context\":\"https:\/\/schema.org\",\"@graph\":[{\"@type\":\"Organization\",\"@id\":\"https:\/\/www.ablogix.fr\/#organization\",\"name\":\"AblogiX\",\"url\":\"https:\/\/www.ablogix.fr\/\",\"sameAs\":[\"https:\/\/www.linkedin.com\/company\/sarl-ablogix\",\"https:\/\/www.youtube.com\/channel\/UC7LR5o5aeXzd2epr7eNma3g\/featured\",\"https:\/\/www.facebook.com\/ABlogiX\",\"https:\/\/twitter.com\/ABlogiX\"],\"logo\":{\"@type\":\"ImageObject\",\"inLanguage\":\"en-US\",\"@id\":\"https:\/\/www.ablogix.fr\/#\/schema\/logo\/image\/\",\"url\":\"https:\/\/www.ablogix.fr\/wp-content\/uploads\/2020\/11\/Logo-ABlogiX.png\",\"contentUrl\":\"https:\/\/www.ablogix.fr\/wp-content\/uploads\/2020\/11\/Logo-ABlogiX.png\",\"width\":534,\"height\":368,\"caption\":\"AblogiX\"},\"image\":{\"@id\":\"https:\/\/www.ablogix.fr\/#\/schema\/logo\/image\/\"}},{\"@type\":\"WebSite\",\"@id\":\"https:\/\/www.ablogix.fr\/#website\",\"url\":\"https:\/\/www.ablogix.fr\/\",\"name\":\"ABlogiX\",\"description\":\"Ing\u00e9nierie de d\u00e9veloppement syst\u00e8me et logiciel, et s\u00e9curit\u00e9 du syst\u00e8me d&#039;information\",\"publisher\":{\"@id\":\"https:\/\/www.ablogix.fr\/#organization\"},\"potentialAction\":[{\"@type\":\"SearchAction\",\"target\":{\"@type\":\"EntryPoint\",\"urlTemplate\":\"https:\/\/www.ablogix.fr\/?s={search_term_string}\"},\"query-input\":\"required name=search_term_string\"}],\"inLanguage\":\"en-US\"},{\"@type\":\"ImageObject\",\"inLanguage\":\"en-US\",\"@id\":\"https:\/\/www.ablogix.fr\/formations\/#primaryimage\",\"url\":\"https:\/\/www.ablogix.fr\/wp-content\/uploads\/2022\/07\/Logo_Qualiopi-Certif-ActionsDeFormation.webp\",\"contentUrl\":\"https:\/\/www.ablogix.fr\/wp-content\/uploads\/2022\/07\/Logo_Qualiopi-Certif-ActionsDeFormation.webp\",\"width\":634,\"height\":500},{\"@type\":\"WebPage\",\"@id\":\"https:\/\/www.ablogix.fr\/formations\/#webpage\",\"url\":\"https:\/\/www.ablogix.fr\/formations\/\",\"name\":\"List of training - ABlogiX\",\"isPartOf\":{\"@id\":\"https:\/\/www.ablogix.fr\/#website\"},\"primaryImageOfPage\":{\"@id\":\"https:\/\/www.ablogix.fr\/formations\/#primaryimage\"},\"datePublished\":\"2017-10-13T13:08:31+00:00\",\"dateModified\":\"2025-05-25T18:00:13+00:00\",\"breadcrumb\":{\"@id\":\"https:\/\/www.ablogix.fr\/formations\/#breadcrumb\"},\"inLanguage\":\"en-US\",\"potentialAction\":[{\"@type\":\"ReadAction\",\"target\":[\"https:\/\/www.ablogix.fr\/formations\/\"]}]},{\"@type\":\"BreadcrumbList\",\"@id\":\"https:\/\/www.ablogix.fr\/formations\/#breadcrumb\",\"itemListElement\":[{\"@type\":\"ListItem\",\"position\":1,\"name\":\"Accueil\",\"item\":\"https:\/\/www.ablogix.fr\/\"},{\"@type\":\"ListItem\",\"position\":2,\"name\":\"Catalogue de Formations\"}]}]}<\/script>\n<!-- \/ Yoast SEO plugin. -->","yoast_head_json":{"title":"List of training - ABlogiX","robots":{"index":"index","follow":"follow","max-snippet":"max-snippet:-1","max-image-preview":"max-image-preview:large","max-video-preview":"max-video-preview:-1"},"canonical":"https:\/\/www.ablogix.fr\/formations\/","og_locale":"en_US","og_type":"article","og_title":"List of training - ABlogiX","og_url":"https:\/\/www.ablogix.fr\/formations\/","og_site_name":"ABlogiX","article_publisher":"https:\/\/www.facebook.com\/ABlogiX","article_modified_time":"2025-05-25T18:00:13+00:00","og_image":[{"url":"https:\/\/www.ablogix.fr\/wp-content\/uploads\/2022\/07\/Logo_Qualiopi-Certif-ActionsDeFormation.webp"}],"twitter_card":"summary_large_image","twitter_site":"@ABlogiX","twitter_misc":{"Est. reading time":"2 minutes"},"schema":{"@context":"https:\/\/schema.org","@graph":[{"@type":"Organization","@id":"https:\/\/www.ablogix.fr\/#organization","name":"AblogiX","url":"https:\/\/www.ablogix.fr\/","sameAs":["https:\/\/www.linkedin.com\/company\/sarl-ablogix","https:\/\/www.youtube.com\/channel\/UC7LR5o5aeXzd2epr7eNma3g\/featured","https:\/\/www.facebook.com\/ABlogiX","https:\/\/twitter.com\/ABlogiX"],"logo":{"@type":"ImageObject","inLanguage":"en-US","@id":"https:\/\/www.ablogix.fr\/#\/schema\/logo\/image\/","url":"https:\/\/www.ablogix.fr\/wp-content\/uploads\/2020\/11\/Logo-ABlogiX.png","contentUrl":"https:\/\/www.ablogix.fr\/wp-content\/uploads\/2020\/11\/Logo-ABlogiX.png","width":534,"height":368,"caption":"AblogiX"},"image":{"@id":"https:\/\/www.ablogix.fr\/#\/schema\/logo\/image\/"}},{"@type":"WebSite","@id":"https:\/\/www.ablogix.fr\/#website","url":"https:\/\/www.ablogix.fr\/","name":"ABlogiX","description":"Ing\u00e9nierie de d\u00e9veloppement syst\u00e8me et logiciel, et s\u00e9curit\u00e9 du syst\u00e8me d&#039;information","publisher":{"@id":"https:\/\/www.ablogix.fr\/#organization"},"potentialAction":[{"@type":"SearchAction","target":{"@type":"EntryPoint","urlTemplate":"https:\/\/www.ablogix.fr\/?s={search_term_string}"},"query-input":"required name=search_term_string"}],"inLanguage":"en-US"},{"@type":"ImageObject","inLanguage":"en-US","@id":"https:\/\/www.ablogix.fr\/formations\/#primaryimage","url":"https:\/\/www.ablogix.fr\/wp-content\/uploads\/2022\/07\/Logo_Qualiopi-Certif-ActionsDeFormation.webp","contentUrl":"https:\/\/www.ablogix.fr\/wp-content\/uploads\/2022\/07\/Logo_Qualiopi-Certif-ActionsDeFormation.webp","width":634,"height":500},{"@type":"WebPage","@id":"https:\/\/www.ablogix.fr\/formations\/#webpage","url":"https:\/\/www.ablogix.fr\/formations\/","name":"List of training - ABlogiX","isPartOf":{"@id":"https:\/\/www.ablogix.fr\/#website"},"primaryImageOfPage":{"@id":"https:\/\/www.ablogix.fr\/formations\/#primaryimage"},"datePublished":"2017-10-13T13:08:31+00:00","dateModified":"2025-05-25T18:00:13+00:00","breadcrumb":{"@id":"https:\/\/www.ablogix.fr\/formations\/#breadcrumb"},"inLanguage":"en-US","potentialAction":[{"@type":"ReadAction","target":["https:\/\/www.ablogix.fr\/formations\/"]}]},{"@type":"BreadcrumbList","@id":"https:\/\/www.ablogix.fr\/formations\/#breadcrumb","itemListElement":[{"@type":"ListItem","position":1,"name":"Accueil","item":"https:\/\/www.ablogix.fr\/"},{"@type":"ListItem","position":2,"name":"Catalogue de Formations"}]}]}},"_links":{"self":[{"href":"https:\/\/www.ablogix.fr\/en\/wp-json\/wp\/v2\/pages\/255"}],"collection":[{"href":"https:\/\/www.ablogix.fr\/en\/wp-json\/wp\/v2\/pages"}],"about":[{"href":"https:\/\/www.ablogix.fr\/en\/wp-json\/wp\/v2\/types\/page"}],"author":[{"embeddable":true,"href":"https:\/\/www.ablogix.fr\/en\/wp-json\/wp\/v2\/users\/1"}],"replies":[{"embeddable":true,"href":"https:\/\/www.ablogix.fr\/en\/wp-json\/wp\/v2\/comments?post=255"}],"version-history":[{"count":108,"href":"https:\/\/www.ablogix.fr\/en\/wp-json\/wp\/v2\/pages\/255\/revisions"}],"predecessor-version":[{"id":24256,"href":"https:\/\/www.ablogix.fr\/en\/wp-json\/wp\/v2\/pages\/255\/revisions\/24256"}],"wp:attachment":[{"href":"https:\/\/www.ablogix.fr\/en\/wp-json\/wp\/v2\/media?parent=255"}],"curies":[{"name":"wp","href":"https:\/\/api.w.org\/{rel}","templated":true}]}}