{"id":253,"date":"2017-10-13T15:07:13","date_gmt":"2017-10-13T13:07:13","guid":{"rendered":"http:\/\/92.222.19.170\/?page_id=253"},"modified":"2021-03-30T12:28:29","modified_gmt":"2021-03-30T10:28:29","slug":"abeex-environnement-developpement-elm-saas-agile-et-waterfall","status":"publish","type":"page","link":"https:\/\/www.ablogix.fr\/en\/abeex-environnement-developpement-elm-saas-agile-et-waterfall\/","title":{"rendered":"ABeeX &#8211; Software Development Environment"},"content":{"rendered":"<div class=\"panel-body\">\n<p>Companies in the technology sector face a constant challenge. Indeed, combining market trends and opportunities with innovative software products in a timely manner remains difficult. Therefore, and in order to meet these challenges, ABlogiX offers a <a href=\"https:\/\/www.ablogix.fr\/en\/solutions\/\">wide range of development services<\/a> (agile and waterfall ELM SaaS development environment). This starts with architecture, through application development, and then testing and customization.<\/p>\n<p>Our software development capabilities are based on industry best practices. And they meet the most complex requirements. We use agile and iterative development. It is also geographically dispersed in terms of application concepts, software architecture and specifications.<\/p>\n<p>Our software development solutions provided are :<\/p>\n<ul>\n<li>Hosting of the ELM Saas agile and waterfall development environment, with support and improvement of the process-tools on your international projects<\/li>\n<li>Rapid provision of the necessary and sufficient tooling processes for your projects<\/li>\n<li>Integration of tools to ensure software quality and application security<\/li>\n<\/ul>\n<\/div>\n\n\n<div style=\"height:36px\" aria-hidden=\"true\" class=\"wp-block-spacer\"><\/div>\n\n\n\n<div class=\"wp-block-image\"><figure class=\"aligncenter size-large is-resized\"><img loading=\"lazy\" src=\"https:\/\/www.ablogix.fr\/wp-content\/uploads\/2017\/10\/cloud-128.png__128x128_q85_crop_subsampling-2_upscale.png\" alt=\"Cloud ABeeX\" class=\"wp-image-32\" width=\"151\" height=\"151\"\/><\/figure><\/div>\n\n\n\n<p><\/p>\n","protected":false},"excerpt":{"rendered":"<p>Companies in the technology sector face a constant challenge. Indeed, combining market trends and opportunities with innovative software products in a timely manner remains difficult. Therefore, and in order to meet these challenges, ABlogiX offers a wide range of development services (agile and waterfall ELM SaaS development environment). This starts with architecture, through application development, <a href=\"https:\/\/www.ablogix.fr\/en\/abeex-environnement-developpement-elm-saas-agile-et-waterfall\/\" rel=\"nofollow\"><span class=\"sr-only\">Read more about ABeeX &#8211; Software Development Environment<\/span>[&hellip;]<\/a><\/p>\n","protected":false},"author":1,"featured_media":0,"parent":0,"menu_order":0,"comment_status":"closed","ping_status":"closed","template":"template-fullwidth.php","meta":[],"translation":{"provider":"WPGlobus","version":"2.10.0","language":"en","enabled_languages":["fr","en"],"languages":{"fr":{"title":true,"content":true,"excerpt":false},"en":{"title":true,"content":true,"excerpt":false}}},"yoast_head":"<!-- This site is optimized with the Yoast SEO plugin v19.1 - https:\/\/yoast.com\/wordpress\/plugins\/seo\/ -->\n<title>ABeeX - Environnement de d\u00e9veloppement ELM Saas agile et waterfall<\/title>\n<meta name=\"robots\" content=\"index, follow, max-snippet:-1, max-image-preview:large, max-video-preview:-1\" \/>\n<link rel=\"canonical\" href=\"https:\/\/www.ablogix.fr\/abeex-environnement-developpement-elm-saas-agile-et-waterfall\/\" \/>\n<meta property=\"og:locale\" content=\"en_US\" \/>\n<meta property=\"og:type\" content=\"article\" \/>\n<meta property=\"og:title\" content=\"ABeeX - Environnement de d\u00e9veloppement ELM Saas agile et waterfall\" \/>\n<meta property=\"og:url\" content=\"https:\/\/www.ablogix.fr\/abeex-environnement-developpement-elm-saas-agile-et-waterfall\/\" \/>\n<meta property=\"og:site_name\" content=\"ABlogiX\" \/>\n<meta property=\"article:publisher\" content=\"https:\/\/www.facebook.com\/ABlogiX\" \/>\n<meta property=\"article:modified_time\" content=\"2021-03-30T10:28:29+00:00\" \/>\n<meta property=\"og:image\" content=\"https:\/\/www.ablogix.fr\/wp-content\/uploads\/2017\/10\/cloud-128.png__128x128_q85_crop_subsampling-2_upscale.png\" \/>\n<meta name=\"twitter:card\" content=\"summary_large_image\" \/>\n<meta name=\"twitter:site\" content=\"@ABlogiX\" \/>\n<meta name=\"twitter:label1\" content=\"Est. reading time\" \/>\n\t<meta name=\"twitter:data1\" content=\"1 minute\" \/>\n<script type=\"application\/ld+json\" class=\"yoast-schema-graph\">{\"@context\":\"https:\/\/schema.org\",\"@graph\":[{\"@type\":\"Organization\",\"@id\":\"https:\/\/www.ablogix.fr\/#organization\",\"name\":\"AblogiX\",\"url\":\"https:\/\/www.ablogix.fr\/\",\"sameAs\":[\"https:\/\/www.linkedin.com\/company\/sarl-ablogix\",\"https:\/\/www.youtube.com\/channel\/UC7LR5o5aeXzd2epr7eNma3g\/featured\",\"https:\/\/www.facebook.com\/ABlogiX\",\"https:\/\/twitter.com\/ABlogiX\"],\"logo\":{\"@type\":\"ImageObject\",\"inLanguage\":\"en-US\",\"@id\":\"https:\/\/www.ablogix.fr\/#\/schema\/logo\/image\/\",\"url\":\"https:\/\/www.ablogix.fr\/wp-content\/uploads\/2020\/11\/Logo-ABlogiX.png\",\"contentUrl\":\"https:\/\/www.ablogix.fr\/wp-content\/uploads\/2020\/11\/Logo-ABlogiX.png\",\"width\":534,\"height\":368,\"caption\":\"AblogiX\"},\"image\":{\"@id\":\"https:\/\/www.ablogix.fr\/#\/schema\/logo\/image\/\"}},{\"@type\":\"WebSite\",\"@id\":\"https:\/\/www.ablogix.fr\/#website\",\"url\":\"https:\/\/www.ablogix.fr\/\",\"name\":\"ABlogiX\",\"description\":\"Ing\u00e9nierie de d\u00e9veloppement syst\u00e8me et logiciel, et s\u00e9curit\u00e9 du syst\u00e8me d&#039;information\",\"publisher\":{\"@id\":\"https:\/\/www.ablogix.fr\/#organization\"},\"potentialAction\":[{\"@type\":\"SearchAction\",\"target\":{\"@type\":\"EntryPoint\",\"urlTemplate\":\"https:\/\/www.ablogix.fr\/?s={search_term_string}\"},\"query-input\":\"required name=search_term_string\"}],\"inLanguage\":\"en-US\"},{\"@type\":\"ImageObject\",\"inLanguage\":\"en-US\",\"@id\":\"https:\/\/www.ablogix.fr\/abeex-environnement-developpement-elm-saas-agile-et-waterfall\/#primaryimage\",\"url\":\"https:\/\/www.ablogix.fr\/wp-content\/uploads\/2017\/10\/cloud-128.png__128x128_q85_crop_subsampling-2_upscale.png\",\"contentUrl\":\"https:\/\/www.ablogix.fr\/wp-content\/uploads\/2017\/10\/cloud-128.png__128x128_q85_crop_subsampling-2_upscale.png\",\"width\":128,\"height\":128,\"caption\":\"Cloud ABeeX\"},{\"@type\":\"WebPage\",\"@id\":\"https:\/\/www.ablogix.fr\/abeex-environnement-developpement-elm-saas-agile-et-waterfall\/#webpage\",\"url\":\"https:\/\/www.ablogix.fr\/abeex-environnement-developpement-elm-saas-agile-et-waterfall\/\",\"name\":\"ABeeX - Environnement de d\u00e9veloppement ELM Saas agile et waterfall\",\"isPartOf\":{\"@id\":\"https:\/\/www.ablogix.fr\/#website\"},\"primaryImageOfPage\":{\"@id\":\"https:\/\/www.ablogix.fr\/abeex-environnement-developpement-elm-saas-agile-et-waterfall\/#primaryimage\"},\"datePublished\":\"2017-10-13T13:07:13+00:00\",\"dateModified\":\"2021-03-30T10:28:29+00:00\",\"description\":\"ABlogiX propose une large gamme de services de d\u00e9veloppement (ex : Environnement de d\u00e9veloppement ELM Saas agile et waterfall).\",\"breadcrumb\":{\"@id\":\"https:\/\/www.ablogix.fr\/abeex-environnement-developpement-elm-saas-agile-et-waterfall\/#breadcrumb\"},\"inLanguage\":\"en-US\",\"potentialAction\":[{\"@type\":\"ReadAction\",\"target\":[\"https:\/\/www.ablogix.fr\/abeex-environnement-developpement-elm-saas-agile-et-waterfall\/\"]}]},{\"@type\":\"BreadcrumbList\",\"@id\":\"https:\/\/www.ablogix.fr\/abeex-environnement-developpement-elm-saas-agile-et-waterfall\/#breadcrumb\",\"itemListElement\":[{\"@type\":\"ListItem\",\"position\":1,\"name\":\"Accueil\",\"item\":\"https:\/\/www.ablogix.fr\/\"},{\"@type\":\"ListItem\",\"position\":2,\"name\":\"ABeeX &#8211; Environnement de d\u00e9veloppement logiciel\"}]}]}<\/script>\n<!-- \/ Yoast SEO plugin. -->","yoast_head_json":{"title":"ABeeX - Environnement de d\u00e9veloppement ELM Saas agile et waterfall","robots":{"index":"index","follow":"follow","max-snippet":"max-snippet:-1","max-image-preview":"max-image-preview:large","max-video-preview":"max-video-preview:-1"},"canonical":"https:\/\/www.ablogix.fr\/abeex-environnement-developpement-elm-saas-agile-et-waterfall\/","og_locale":"en_US","og_type":"article","og_title":"ABeeX - Environnement de d\u00e9veloppement ELM Saas agile et waterfall","og_url":"https:\/\/www.ablogix.fr\/abeex-environnement-developpement-elm-saas-agile-et-waterfall\/","og_site_name":"ABlogiX","article_publisher":"https:\/\/www.facebook.com\/ABlogiX","article_modified_time":"2021-03-30T10:28:29+00:00","og_image":[{"url":"https:\/\/www.ablogix.fr\/wp-content\/uploads\/2017\/10\/cloud-128.png__128x128_q85_crop_subsampling-2_upscale.png"}],"twitter_card":"summary_large_image","twitter_site":"@ABlogiX","twitter_misc":{"Est. reading time":"1 minute"},"schema":{"@context":"https:\/\/schema.org","@graph":[{"@type":"Organization","@id":"https:\/\/www.ablogix.fr\/#organization","name":"AblogiX","url":"https:\/\/www.ablogix.fr\/","sameAs":["https:\/\/www.linkedin.com\/company\/sarl-ablogix","https:\/\/www.youtube.com\/channel\/UC7LR5o5aeXzd2epr7eNma3g\/featured","https:\/\/www.facebook.com\/ABlogiX","https:\/\/twitter.com\/ABlogiX"],"logo":{"@type":"ImageObject","inLanguage":"en-US","@id":"https:\/\/www.ablogix.fr\/#\/schema\/logo\/image\/","url":"https:\/\/www.ablogix.fr\/wp-content\/uploads\/2020\/11\/Logo-ABlogiX.png","contentUrl":"https:\/\/www.ablogix.fr\/wp-content\/uploads\/2020\/11\/Logo-ABlogiX.png","width":534,"height":368,"caption":"AblogiX"},"image":{"@id":"https:\/\/www.ablogix.fr\/#\/schema\/logo\/image\/"}},{"@type":"WebSite","@id":"https:\/\/www.ablogix.fr\/#website","url":"https:\/\/www.ablogix.fr\/","name":"ABlogiX","description":"Ing\u00e9nierie de d\u00e9veloppement syst\u00e8me et logiciel, et s\u00e9curit\u00e9 du syst\u00e8me d&#039;information","publisher":{"@id":"https:\/\/www.ablogix.fr\/#organization"},"potentialAction":[{"@type":"SearchAction","target":{"@type":"EntryPoint","urlTemplate":"https:\/\/www.ablogix.fr\/?s={search_term_string}"},"query-input":"required name=search_term_string"}],"inLanguage":"en-US"},{"@type":"ImageObject","inLanguage":"en-US","@id":"https:\/\/www.ablogix.fr\/abeex-environnement-developpement-elm-saas-agile-et-waterfall\/#primaryimage","url":"https:\/\/www.ablogix.fr\/wp-content\/uploads\/2017\/10\/cloud-128.png__128x128_q85_crop_subsampling-2_upscale.png","contentUrl":"https:\/\/www.ablogix.fr\/wp-content\/uploads\/2017\/10\/cloud-128.png__128x128_q85_crop_subsampling-2_upscale.png","width":128,"height":128,"caption":"Cloud ABeeX"},{"@type":"WebPage","@id":"https:\/\/www.ablogix.fr\/abeex-environnement-developpement-elm-saas-agile-et-waterfall\/#webpage","url":"https:\/\/www.ablogix.fr\/abeex-environnement-developpement-elm-saas-agile-et-waterfall\/","name":"ABeeX - Environnement de d\u00e9veloppement ELM Saas agile et waterfall","isPartOf":{"@id":"https:\/\/www.ablogix.fr\/#website"},"primaryImageOfPage":{"@id":"https:\/\/www.ablogix.fr\/abeex-environnement-developpement-elm-saas-agile-et-waterfall\/#primaryimage"},"datePublished":"2017-10-13T13:07:13+00:00","dateModified":"2021-03-30T10:28:29+00:00","description":"ABlogiX propose une large gamme de services de d\u00e9veloppement (ex : Environnement de d\u00e9veloppement ELM Saas agile et waterfall).","breadcrumb":{"@id":"https:\/\/www.ablogix.fr\/abeex-environnement-developpement-elm-saas-agile-et-waterfall\/#breadcrumb"},"inLanguage":"en-US","potentialAction":[{"@type":"ReadAction","target":["https:\/\/www.ablogix.fr\/abeex-environnement-developpement-elm-saas-agile-et-waterfall\/"]}]},{"@type":"BreadcrumbList","@id":"https:\/\/www.ablogix.fr\/abeex-environnement-developpement-elm-saas-agile-et-waterfall\/#breadcrumb","itemListElement":[{"@type":"ListItem","position":1,"name":"Accueil","item":"https:\/\/www.ablogix.fr\/"},{"@type":"ListItem","position":2,"name":"ABeeX &#8211; Environnement de d\u00e9veloppement logiciel"}]}]}},"_links":{"self":[{"href":"https:\/\/www.ablogix.fr\/en\/wp-json\/wp\/v2\/pages\/253"}],"collection":[{"href":"https:\/\/www.ablogix.fr\/en\/wp-json\/wp\/v2\/pages"}],"about":[{"href":"https:\/\/www.ablogix.fr\/en\/wp-json\/wp\/v2\/types\/page"}],"author":[{"embeddable":true,"href":"https:\/\/www.ablogix.fr\/en\/wp-json\/wp\/v2\/users\/1"}],"replies":[{"embeddable":true,"href":"https:\/\/www.ablogix.fr\/en\/wp-json\/wp\/v2\/comments?post=253"}],"version-history":[{"count":15,"href":"https:\/\/www.ablogix.fr\/en\/wp-json\/wp\/v2\/pages\/253\/revisions"}],"predecessor-version":[{"id":4930,"href":"https:\/\/www.ablogix.fr\/en\/wp-json\/wp\/v2\/pages\/253\/revisions\/4930"}],"wp:attachment":[{"href":"https:\/\/www.ablogix.fr\/en\/wp-json\/wp\/v2\/media?parent=253"}],"curies":[{"name":"wp","href":"https:\/\/api.w.org\/{rel}","templated":true}]}}