{"id":251,"date":"2017-10-13T15:06:23","date_gmt":"2017-10-13T13:06:23","guid":{"rendered":"http:\/\/92.222.19.170\/?page_id=251"},"modified":"2021-03-30T12:16:42","modified_gmt":"2021-03-30T10:16:42","slug":"abeex-dematerialisation-documents","status":"publish","type":"page","link":"https:\/\/www.ablogix.fr\/en\/abeex-dematerialisation-documents\/","title":{"rendered":"ABeeX &#8211; Document Dematerialization"},"content":{"rendered":"\n<h2>An easy-to-access SaaS solution &#8220;ABeeX-Dematerialization&#8221; !<\/h2>\n\n\n\n<p>Available in SaaS mode and hosted in our cloud, ABeeX-Dematerialisation does not require any installation on client workstations. Moreover, it is entirely accessible on the Web.<\/p>\n\n\n\n<p><strong>Its deployment is very fast<\/strong> and its <strong>access very flexible<\/strong>, thanks to the use of SaaS and Web access. On the other hand, this access guarantees a <strong>high level of security<\/strong> via an <strong>encrypted connection<\/strong> between your client workstations (PC, tablet) and the dedicated server in the cloud.<\/p>\n\n\n\n<p>ABeeX-Dematerialisation benefits from a simple and ergonomic interface and allows for easy and quick registration of documents and letters. In other words, it takes on its full dimension when coupled with a scanner.<\/p>\n\n\n\n<p>Scanning a document automatically opens the window for entering a new letter and displays a preview on the right-hand side. The user can then enter the information related to this mail.<\/p>\n\n\n\n<h2>Complete document and mail management made easy !<\/h2>\n\n\n\n<p>ABeeX-Demat also allows :<\/p>\n\n\n\n<ul><li>Identify documents and correspondence in a unique way to ensure traceability.<\/li><li>Organise the digital management of documents and attachments (correspondence documents, emails, faxes, invoices, deeds\u2026) during each stage of the life cycle such as<ul><li>registration<\/li><li>validation<\/li><li>processing<\/li><li>closing<\/li><\/ul><\/li><li>Facilitating searches on multiple criteria and full text.<\/li><li>Ensure traceability until archiving and destruction.<\/li><\/ul>\n\n\n\n<p>In addition, it is possible <strong>to optimise<\/strong> the organisation and document processes in the departments. In order to achieve the goal of &#8220;<strong>paperless&#8221;<\/strong>, it is therefore necessary to ensure complete <strong>dematerialization<\/strong> of the process, including the supporting documents.<\/p>\n\n\n\n<p>It is based on the <strong>Maarch technical foundation<\/strong>, being the most successful Electronic Document Management (EDM) and Electronic Archiving solution in the open source world. Complete and scalable, this EDM and SAE archiving solution is released under the free GNU GPL license.<\/p>\n\n\n\n<p>It includes all the functionalities of an EDM and <strong>complies with international archiving standards<\/strong> (<a href=\"https:\/\/fr.wikipedia.org\/wiki\/ISO_15489\">ISO 15489<\/a>, <a href=\"https:\/\/fr.wikipedia.org\/wiki\/NF_Z_42-013\">NF Z42-013<\/a>). Consequently, this makes it an ideal solution for all EDM \/ EAS issues.<\/p>\n\n\n\n<h2>Incomparable advantages and services !<\/h2>\n\n\n\n<p>Our ABeeX-Dematerialization solution provides you with the following multiple benefits :<\/p>\n\n\n\n<ul><li><strong>Minimal set-up costs<\/strong> in relation to the technologies and services provided<\/li><li><strong>Reduced operating costs<\/strong> (no on-site server installation, and therefore no electricity consumption, etc.)<\/li><li>Assurance of <strong>support<\/strong> and <strong>maintenance<\/strong> via a <strong>single point of contact<\/strong><\/li><li><strong>Pooling of resources<\/strong> since this solution can host multiple entities (town halls, community of municipalities, etc.)<\/li><li>Assurance of <strong>reversibility <\/strong>not only for the archive but also for the electronic archiving system.<\/li><li>Data<strong> backup<\/strong> included in the offer<\/li><li>Increase in server resources and power transparently and without interruption of service<\/li><li>Support and advice in obtaining <a href=\"https:\/\/fr.wikipedia.org\/wiki\/NF_Z_42-013\">NFZ42-013 <\/a>certification (&#8220;Specifications for the design and operation of computer systems to ensure the preservation and integrity of documents stored in these systems&#8221;)<\/li><\/ul>\n","protected":false},"excerpt":{"rendered":"<p>An easy-to-access SaaS solution &#8220;ABeeX-Dematerialization&#8221; ! Available in SaaS mode and hosted in our cloud, ABeeX-Dematerialisation does not require any installation on client workstations. Moreover, it is entirely accessible on the Web. Its deployment is very fast and its access very flexible, thanks to the use of SaaS and Web access. On the other hand, <a href=\"https:\/\/www.ablogix.fr\/en\/abeex-dematerialisation-documents\/\" rel=\"nofollow\"><span class=\"sr-only\">Read more about ABeeX &#8211; Document Dematerialization<\/span>[&hellip;]<\/a><\/p>\n","protected":false},"author":1,"featured_media":0,"parent":0,"menu_order":0,"comment_status":"closed","ping_status":"closed","template":"template-fullwidth.php","meta":[],"translation":{"provider":"WPGlobus","version":"2.10.0","language":"en","enabled_languages":["fr","en"],"languages":{"fr":{"title":true,"content":true,"excerpt":false},"en":{"title":true,"content":true,"excerpt":false}}},"yoast_head":"<!-- This site is optimized with the Yoast SEO plugin v19.1 - https:\/\/yoast.com\/wordpress\/plugins\/seo\/ -->\n<title>ABeeX-D\u00e9mat\u00e9rialisation - disponible en mode SaaS<\/title>\n<meta name=\"robots\" content=\"index, follow, max-snippet:-1, max-image-preview:large, max-video-preview:-1\" \/>\n<link rel=\"canonical\" href=\"https:\/\/www.ablogix.fr\/abeex-dematerialisation-documents\/\" \/>\n<meta property=\"og:locale\" content=\"en_US\" \/>\n<meta property=\"og:type\" content=\"article\" \/>\n<meta property=\"og:title\" content=\"ABeeX-D\u00e9mat\u00e9rialisation - disponible en mode SaaS\" \/>\n<meta property=\"og:url\" content=\"https:\/\/www.ablogix.fr\/abeex-dematerialisation-documents\/\" \/>\n<meta property=\"og:site_name\" content=\"ABlogiX\" \/>\n<meta property=\"article:publisher\" content=\"https:\/\/www.facebook.com\/ABlogiX\" \/>\n<meta property=\"article:modified_time\" content=\"2021-03-30T10:16:42+00:00\" \/>\n<meta name=\"twitter:card\" content=\"summary_large_image\" \/>\n<meta name=\"twitter:site\" content=\"@ABlogiX\" \/>\n<meta name=\"twitter:label1\" content=\"Est. reading time\" \/>\n\t<meta name=\"twitter:data1\" content=\"2 minutes\" \/>\n<script type=\"application\/ld+json\" class=\"yoast-schema-graph\">{\"@context\":\"https:\/\/schema.org\",\"@graph\":[{\"@type\":\"Organization\",\"@id\":\"https:\/\/www.ablogix.fr\/#organization\",\"name\":\"AblogiX\",\"url\":\"https:\/\/www.ablogix.fr\/\",\"sameAs\":[\"https:\/\/www.linkedin.com\/company\/sarl-ablogix\",\"https:\/\/www.youtube.com\/channel\/UC7LR5o5aeXzd2epr7eNma3g\/featured\",\"https:\/\/www.facebook.com\/ABlogiX\",\"https:\/\/twitter.com\/ABlogiX\"],\"logo\":{\"@type\":\"ImageObject\",\"inLanguage\":\"en-US\",\"@id\":\"https:\/\/www.ablogix.fr\/#\/schema\/logo\/image\/\",\"url\":\"https:\/\/www.ablogix.fr\/wp-content\/uploads\/2020\/11\/Logo-ABlogiX.png\",\"contentUrl\":\"https:\/\/www.ablogix.fr\/wp-content\/uploads\/2020\/11\/Logo-ABlogiX.png\",\"width\":534,\"height\":368,\"caption\":\"AblogiX\"},\"image\":{\"@id\":\"https:\/\/www.ablogix.fr\/#\/schema\/logo\/image\/\"}},{\"@type\":\"WebSite\",\"@id\":\"https:\/\/www.ablogix.fr\/#website\",\"url\":\"https:\/\/www.ablogix.fr\/\",\"name\":\"ABlogiX\",\"description\":\"Ing\u00e9nierie de d\u00e9veloppement syst\u00e8me et logiciel, et s\u00e9curit\u00e9 du syst\u00e8me d&#039;information\",\"publisher\":{\"@id\":\"https:\/\/www.ablogix.fr\/#organization\"},\"potentialAction\":[{\"@type\":\"SearchAction\",\"target\":{\"@type\":\"EntryPoint\",\"urlTemplate\":\"https:\/\/www.ablogix.fr\/?s={search_term_string}\"},\"query-input\":\"required name=search_term_string\"}],\"inLanguage\":\"en-US\"},{\"@type\":\"WebPage\",\"@id\":\"https:\/\/www.ablogix.fr\/abeex-dematerialisation-documents\/#webpage\",\"url\":\"https:\/\/www.ablogix.fr\/abeex-dematerialisation-documents\/\",\"name\":\"ABeeX-D\u00e9mat\u00e9rialisation - disponible en mode SaaS\",\"isPartOf\":{\"@id\":\"https:\/\/www.ablogix.fr\/#website\"},\"datePublished\":\"2017-10-13T13:06:23+00:00\",\"dateModified\":\"2021-03-30T10:16:42+00:00\",\"description\":\"Disponible en mode SaaS h\u00e9berg\u00e9e dans notre cloud, ABeeX-D\u00e9mat\u00e9rialisation, ne n\u00e9cessite aucune installation sur les postes clients.\",\"breadcrumb\":{\"@id\":\"https:\/\/www.ablogix.fr\/abeex-dematerialisation-documents\/#breadcrumb\"},\"inLanguage\":\"en-US\",\"potentialAction\":[{\"@type\":\"ReadAction\",\"target\":[\"https:\/\/www.ablogix.fr\/abeex-dematerialisation-documents\/\"]}]},{\"@type\":\"BreadcrumbList\",\"@id\":\"https:\/\/www.ablogix.fr\/abeex-dematerialisation-documents\/#breadcrumb\",\"itemListElement\":[{\"@type\":\"ListItem\",\"position\":1,\"name\":\"Accueil\",\"item\":\"https:\/\/www.ablogix.fr\/\"},{\"@type\":\"ListItem\",\"position\":2,\"name\":\"ABeeX &#8211; D\u00e9mat\u00e9rialisation des documents\"}]}]}<\/script>\n<!-- \/ Yoast SEO plugin. -->","yoast_head_json":{"title":"ABeeX-D\u00e9mat\u00e9rialisation - disponible en mode SaaS","robots":{"index":"index","follow":"follow","max-snippet":"max-snippet:-1","max-image-preview":"max-image-preview:large","max-video-preview":"max-video-preview:-1"},"canonical":"https:\/\/www.ablogix.fr\/abeex-dematerialisation-documents\/","og_locale":"en_US","og_type":"article","og_title":"ABeeX-D\u00e9mat\u00e9rialisation - disponible en mode SaaS","og_url":"https:\/\/www.ablogix.fr\/abeex-dematerialisation-documents\/","og_site_name":"ABlogiX","article_publisher":"https:\/\/www.facebook.com\/ABlogiX","article_modified_time":"2021-03-30T10:16:42+00:00","twitter_card":"summary_large_image","twitter_site":"@ABlogiX","twitter_misc":{"Est. reading time":"2 minutes"},"schema":{"@context":"https:\/\/schema.org","@graph":[{"@type":"Organization","@id":"https:\/\/www.ablogix.fr\/#organization","name":"AblogiX","url":"https:\/\/www.ablogix.fr\/","sameAs":["https:\/\/www.linkedin.com\/company\/sarl-ablogix","https:\/\/www.youtube.com\/channel\/UC7LR5o5aeXzd2epr7eNma3g\/featured","https:\/\/www.facebook.com\/ABlogiX","https:\/\/twitter.com\/ABlogiX"],"logo":{"@type":"ImageObject","inLanguage":"en-US","@id":"https:\/\/www.ablogix.fr\/#\/schema\/logo\/image\/","url":"https:\/\/www.ablogix.fr\/wp-content\/uploads\/2020\/11\/Logo-ABlogiX.png","contentUrl":"https:\/\/www.ablogix.fr\/wp-content\/uploads\/2020\/11\/Logo-ABlogiX.png","width":534,"height":368,"caption":"AblogiX"},"image":{"@id":"https:\/\/www.ablogix.fr\/#\/schema\/logo\/image\/"}},{"@type":"WebSite","@id":"https:\/\/www.ablogix.fr\/#website","url":"https:\/\/www.ablogix.fr\/","name":"ABlogiX","description":"Ing\u00e9nierie de d\u00e9veloppement syst\u00e8me et logiciel, et s\u00e9curit\u00e9 du syst\u00e8me d&#039;information","publisher":{"@id":"https:\/\/www.ablogix.fr\/#organization"},"potentialAction":[{"@type":"SearchAction","target":{"@type":"EntryPoint","urlTemplate":"https:\/\/www.ablogix.fr\/?s={search_term_string}"},"query-input":"required name=search_term_string"}],"inLanguage":"en-US"},{"@type":"WebPage","@id":"https:\/\/www.ablogix.fr\/abeex-dematerialisation-documents\/#webpage","url":"https:\/\/www.ablogix.fr\/abeex-dematerialisation-documents\/","name":"ABeeX-D\u00e9mat\u00e9rialisation - disponible en mode SaaS","isPartOf":{"@id":"https:\/\/www.ablogix.fr\/#website"},"datePublished":"2017-10-13T13:06:23+00:00","dateModified":"2021-03-30T10:16:42+00:00","description":"Disponible en mode SaaS h\u00e9berg\u00e9e dans notre cloud, ABeeX-D\u00e9mat\u00e9rialisation, ne n\u00e9cessite aucune installation sur les postes clients.","breadcrumb":{"@id":"https:\/\/www.ablogix.fr\/abeex-dematerialisation-documents\/#breadcrumb"},"inLanguage":"en-US","potentialAction":[{"@type":"ReadAction","target":["https:\/\/www.ablogix.fr\/abeex-dematerialisation-documents\/"]}]},{"@type":"BreadcrumbList","@id":"https:\/\/www.ablogix.fr\/abeex-dematerialisation-documents\/#breadcrumb","itemListElement":[{"@type":"ListItem","position":1,"name":"Accueil","item":"https:\/\/www.ablogix.fr\/"},{"@type":"ListItem","position":2,"name":"ABeeX &#8211; D\u00e9mat\u00e9rialisation des documents"}]}]}},"_links":{"self":[{"href":"https:\/\/www.ablogix.fr\/en\/wp-json\/wp\/v2\/pages\/251"}],"collection":[{"href":"https:\/\/www.ablogix.fr\/en\/wp-json\/wp\/v2\/pages"}],"about":[{"href":"https:\/\/www.ablogix.fr\/en\/wp-json\/wp\/v2\/types\/page"}],"author":[{"embeddable":true,"href":"https:\/\/www.ablogix.fr\/en\/wp-json\/wp\/v2\/users\/1"}],"replies":[{"embeddable":true,"href":"https:\/\/www.ablogix.fr\/en\/wp-json\/wp\/v2\/comments?post=251"}],"version-history":[{"count":18,"href":"https:\/\/www.ablogix.fr\/en\/wp-json\/wp\/v2\/pages\/251\/revisions"}],"predecessor-version":[{"id":4924,"href":"https:\/\/www.ablogix.fr\/en\/wp-json\/wp\/v2\/pages\/251\/revisions\/4924"}],"wp:attachment":[{"href":"https:\/\/www.ablogix.fr\/en\/wp-json\/wp\/v2\/media?parent=251"}],"curies":[{"name":"wp","href":"https:\/\/api.w.org\/{rel}","templated":true}]}}