{"id":246,"date":"2017-10-13T15:03:09","date_gmt":"2017-10-13T13:03:09","guid":{"rendered":"http:\/\/92.222.19.170\/?page_id=246"},"modified":"2021-04-06T10:57:55","modified_gmt":"2021-04-06T08:57:55","slug":"abeex-guichet-unique","status":"publish","type":"page","link":"https:\/\/www.ablogix.fr\/en\/abeex-guichet-unique\/","title":{"rendered":"ABeeX &#8211; Commun Machine"},"content":{"rendered":"\n<p>Based on its system, network and security skills, ABlogiX has designed its own Cloud called <strong>&#8220;ABeeX&#8221;<\/strong> in a <strong>Tier3+ DataCenter <\/strong>near Le Mans.<\/p>\n\n\n\n<p>Our ABeeX Cloud allows us to provide you with <strong>services in SaaS mode<\/strong> for ABlogiX&#8217;s <strong>areas of expertise<\/strong>, which are :<\/p>\n\n\n\n<ul><li><strong>collaborative project management<\/strong><\/li><li><strong>application security<\/strong><\/li><li><strong>enterprise server: asset management, collaborative solutions, \u2026<\/strong><\/li><\/ul>\n\n\n\n<p><strong>ABeeX &#8211; Commun Machine<\/strong> is the <strong>IT asset management and collaborative management<\/strong> solution for <strong>town halls, colleges, high schools and VSEs\/SMEs<\/strong>. This Cloud guarantees <strong>secure<\/strong> access and data storage in an <strong>exclusively French DataCenter.<\/strong><\/p>\n\n\n\n<p>This solution was designed and adapted with our partner <strong>Mandriva<\/strong> for the needs of local authorities, colleges, high schools and companies. This solution is based on the application foundation: Mandriva Business Server.<\/p>\n\n\n\n<p><a href=\"http:\/\/www.mandriva.com\/fr\/produits-services\/mbs\/\" target=\"_blank\" rel=\"noreferrer noopener\">Mandriva Business Server<\/a> is a complete server solution that offers all the tools a company or an administration needs in a few clicks.<\/p>\n\n\n\n<div class=\"wp-block-image\"><figure class=\"aligncenter\"><img loading=\"lazy\" width=\"774\" height=\"465\" src=\"http:\/\/92.222.19.170\/wp-content\/uploads\/2017\/10\/abeex_infrastructure.jpg\" alt=\"\" class=\"wp-image-247\" srcset=\"https:\/\/www.ablogix.fr\/wp-content\/uploads\/2017\/10\/abeex_infrastructure.jpg 774w, https:\/\/www.ablogix.fr\/wp-content\/uploads\/2017\/10\/abeex_infrastructure-300x180.jpg 300w, https:\/\/www.ablogix.fr\/wp-content\/uploads\/2017\/10\/abeex_infrastructure-768x461.jpg 768w\" sizes=\"(max-width: 774px) 100vw, 774px\" \/><\/figure><\/div>\n\n\n\n<p>ABeeX &#8211; Commun Machine provides the digital services that are essential today for the optimal functioning of institutions (town halls, colleges, high schools, VSEs\/SMEs, etc.).<\/p>\n\n\n\n<p>ABlogiX, in designing this ABeeX &#8211; Guichet Unique solution, brings you the best of today&#8217;s digital technologies : <strong>the Cloud, digital security, centralised authentication, collaboration, dematerialisation, etc&#8230;<\/strong> to enable you to pool your digital operating resources and meet your economic expectations and efficiency requirements.<\/p>\n\n\n\n<div class=\"wp-block-image\"><figure class=\"aligncenter\"><img loading=\"lazy\" width=\"672\" height=\"598\" src=\"http:\/\/92.222.19.170\/wp-content\/uploads\/2017\/10\/abeex_listeservices.jpg\" alt=\"\" class=\"wp-image-248\" srcset=\"https:\/\/www.ablogix.fr\/wp-content\/uploads\/2017\/10\/abeex_listeservices.jpg 672w, https:\/\/www.ablogix.fr\/wp-content\/uploads\/2017\/10\/abeex_listeservices-300x267.jpg 300w\" sizes=\"(max-width: 672px) 100vw, 672px\" \/><\/figure><\/div>\n\n\n\n<p>ABlogiX is the <strong>single point of contact <\/strong>for <strong>support<\/strong> and <strong>operational maintenance.<\/strong> All support requests are formalised and traced in its ticket management system. ABlogiX ensures the follow-up and guaranteed processing of tickets with our partners.<\/p>\n\n\n\n<div class=\"wp-block-image\"><figure class=\"aligncenter\"><img loading=\"lazy\" width=\"777\" height=\"238\" src=\"http:\/\/92.222.19.170\/wp-content\/uploads\/2017\/10\/abeex_assistancelocale.jpg\" alt=\"\" class=\"wp-image-249\" srcset=\"https:\/\/www.ablogix.fr\/wp-content\/uploads\/2017\/10\/abeex_assistancelocale.jpg 777w, https:\/\/www.ablogix.fr\/wp-content\/uploads\/2017\/10\/abeex_assistancelocale-300x92.jpg 300w, https:\/\/www.ablogix.fr\/wp-content\/uploads\/2017\/10\/abeex_assistancelocale-768x235.jpg 768w\" sizes=\"(max-width: 777px) 100vw, 777px\" \/><\/figure><\/div>\n","protected":false},"excerpt":{"rendered":"<p>Based on its system, network and security skills, ABlogiX has designed its own Cloud called &#8220;ABeeX&#8221; in a Tier3+ DataCenter near Le Mans. Our ABeeX Cloud allows us to provide you with services in SaaS mode for ABlogiX&#8217;s areas of expertise, which are : collaborative project management application security enterprise server: asset management, collaborative solutions, <a href=\"https:\/\/www.ablogix.fr\/en\/abeex-guichet-unique\/\" rel=\"nofollow\"><span class=\"sr-only\">Read more about ABeeX &#8211; Commun Machine<\/span>[&hellip;]<\/a><\/p>\n","protected":false},"author":1,"featured_media":0,"parent":0,"menu_order":0,"comment_status":"closed","ping_status":"closed","template":"template-fullwidth.php","meta":[],"translation":{"provider":"WPGlobus","version":"2.10.0","language":"en","enabled_languages":["fr","en"],"languages":{"fr":{"title":true,"content":true,"excerpt":false},"en":{"title":true,"content":true,"excerpt":false}}},"yoast_head":"<!-- This site is optimized with the Yoast SEO plugin v19.1 - https:\/\/yoast.com\/wordpress\/plugins\/seo\/ -->\n<title>ABeeX - Commun Machine - ABlogiX<\/title>\n<meta name=\"robots\" content=\"index, follow, max-snippet:-1, max-image-preview:large, max-video-preview:-1\" \/>\n<link rel=\"canonical\" href=\"https:\/\/www.ablogix.fr\/abeex-guichet-unique\/\" \/>\n<meta property=\"og:locale\" content=\"en_US\" \/>\n<meta property=\"og:type\" content=\"article\" \/>\n<meta property=\"og:title\" content=\"ABeeX - Commun Machine - ABlogiX\" \/>\n<meta property=\"og:url\" content=\"https:\/\/www.ablogix.fr\/abeex-guichet-unique\/\" \/>\n<meta property=\"og:site_name\" content=\"ABlogiX\" \/>\n<meta property=\"article:publisher\" content=\"https:\/\/www.facebook.com\/ABlogiX\" \/>\n<meta property=\"article:modified_time\" content=\"2021-04-06T08:57:55+00:00\" \/>\n<meta property=\"og:image\" content=\"http:\/\/92.222.19.170\/wp-content\/uploads\/2017\/10\/abeex_infrastructure.jpg\" \/>\n<meta name=\"twitter:card\" content=\"summary_large_image\" \/>\n<meta name=\"twitter:site\" content=\"@ABlogiX\" \/>\n<meta name=\"twitter:label1\" content=\"Est. reading time\" \/>\n\t<meta name=\"twitter:data1\" content=\"2 minutes\" \/>\n<script type=\"application\/ld+json\" class=\"yoast-schema-graph\">{\"@context\":\"https:\/\/schema.org\",\"@graph\":[{\"@type\":\"Organization\",\"@id\":\"https:\/\/www.ablogix.fr\/#organization\",\"name\":\"AblogiX\",\"url\":\"https:\/\/www.ablogix.fr\/\",\"sameAs\":[\"https:\/\/www.linkedin.com\/company\/sarl-ablogix\",\"https:\/\/www.youtube.com\/channel\/UC7LR5o5aeXzd2epr7eNma3g\/featured\",\"https:\/\/www.facebook.com\/ABlogiX\",\"https:\/\/twitter.com\/ABlogiX\"],\"logo\":{\"@type\":\"ImageObject\",\"inLanguage\":\"en-US\",\"@id\":\"https:\/\/www.ablogix.fr\/#\/schema\/logo\/image\/\",\"url\":\"https:\/\/www.ablogix.fr\/wp-content\/uploads\/2020\/11\/Logo-ABlogiX.png\",\"contentUrl\":\"https:\/\/www.ablogix.fr\/wp-content\/uploads\/2020\/11\/Logo-ABlogiX.png\",\"width\":534,\"height\":368,\"caption\":\"AblogiX\"},\"image\":{\"@id\":\"https:\/\/www.ablogix.fr\/#\/schema\/logo\/image\/\"}},{\"@type\":\"WebSite\",\"@id\":\"https:\/\/www.ablogix.fr\/#website\",\"url\":\"https:\/\/www.ablogix.fr\/\",\"name\":\"ABlogiX\",\"description\":\"Ing\u00e9nierie de d\u00e9veloppement syst\u00e8me et logiciel, et s\u00e9curit\u00e9 du syst\u00e8me d&#039;information\",\"publisher\":{\"@id\":\"https:\/\/www.ablogix.fr\/#organization\"},\"potentialAction\":[{\"@type\":\"SearchAction\",\"target\":{\"@type\":\"EntryPoint\",\"urlTemplate\":\"https:\/\/www.ablogix.fr\/?s={search_term_string}\"},\"query-input\":\"required name=search_term_string\"}],\"inLanguage\":\"en-US\"},{\"@type\":\"ImageObject\",\"inLanguage\":\"en-US\",\"@id\":\"https:\/\/www.ablogix.fr\/abeex-guichet-unique\/#primaryimage\",\"url\":\"http:\/\/92.222.19.170\/wp-content\/uploads\/2017\/10\/abeex_infrastructure.jpg\",\"contentUrl\":\"http:\/\/92.222.19.170\/wp-content\/uploads\/2017\/10\/abeex_infrastructure.jpg\"},{\"@type\":\"WebPage\",\"@id\":\"https:\/\/www.ablogix.fr\/abeex-guichet-unique\/#webpage\",\"url\":\"https:\/\/www.ablogix.fr\/abeex-guichet-unique\/\",\"name\":\"ABeeX - Commun Machine - ABlogiX\",\"isPartOf\":{\"@id\":\"https:\/\/www.ablogix.fr\/#website\"},\"primaryImageOfPage\":{\"@id\":\"https:\/\/www.ablogix.fr\/abeex-guichet-unique\/#primaryimage\"},\"datePublished\":\"2017-10-13T13:03:09+00:00\",\"dateModified\":\"2021-04-06T08:57:55+00:00\",\"breadcrumb\":{\"@id\":\"https:\/\/www.ablogix.fr\/abeex-guichet-unique\/#breadcrumb\"},\"inLanguage\":\"en-US\",\"potentialAction\":[{\"@type\":\"ReadAction\",\"target\":[\"https:\/\/www.ablogix.fr\/abeex-guichet-unique\/\"]}]},{\"@type\":\"BreadcrumbList\",\"@id\":\"https:\/\/www.ablogix.fr\/abeex-guichet-unique\/#breadcrumb\",\"itemListElement\":[{\"@type\":\"ListItem\",\"position\":1,\"name\":\"Accueil\",\"item\":\"https:\/\/www.ablogix.fr\/\"},{\"@type\":\"ListItem\",\"position\":2,\"name\":\"ABeeX &#8211; Guichet Unique\"}]}]}<\/script>\n<!-- \/ Yoast SEO plugin. -->","yoast_head_json":{"title":"ABeeX - Commun Machine - ABlogiX","robots":{"index":"index","follow":"follow","max-snippet":"max-snippet:-1","max-image-preview":"max-image-preview:large","max-video-preview":"max-video-preview:-1"},"canonical":"https:\/\/www.ablogix.fr\/abeex-guichet-unique\/","og_locale":"en_US","og_type":"article","og_title":"ABeeX - Commun Machine - ABlogiX","og_url":"https:\/\/www.ablogix.fr\/abeex-guichet-unique\/","og_site_name":"ABlogiX","article_publisher":"https:\/\/www.facebook.com\/ABlogiX","article_modified_time":"2021-04-06T08:57:55+00:00","og_image":[{"url":"http:\/\/92.222.19.170\/wp-content\/uploads\/2017\/10\/abeex_infrastructure.jpg"}],"twitter_card":"summary_large_image","twitter_site":"@ABlogiX","twitter_misc":{"Est. reading time":"2 minutes"},"schema":{"@context":"https:\/\/schema.org","@graph":[{"@type":"Organization","@id":"https:\/\/www.ablogix.fr\/#organization","name":"AblogiX","url":"https:\/\/www.ablogix.fr\/","sameAs":["https:\/\/www.linkedin.com\/company\/sarl-ablogix","https:\/\/www.youtube.com\/channel\/UC7LR5o5aeXzd2epr7eNma3g\/featured","https:\/\/www.facebook.com\/ABlogiX","https:\/\/twitter.com\/ABlogiX"],"logo":{"@type":"ImageObject","inLanguage":"en-US","@id":"https:\/\/www.ablogix.fr\/#\/schema\/logo\/image\/","url":"https:\/\/www.ablogix.fr\/wp-content\/uploads\/2020\/11\/Logo-ABlogiX.png","contentUrl":"https:\/\/www.ablogix.fr\/wp-content\/uploads\/2020\/11\/Logo-ABlogiX.png","width":534,"height":368,"caption":"AblogiX"},"image":{"@id":"https:\/\/www.ablogix.fr\/#\/schema\/logo\/image\/"}},{"@type":"WebSite","@id":"https:\/\/www.ablogix.fr\/#website","url":"https:\/\/www.ablogix.fr\/","name":"ABlogiX","description":"Ing\u00e9nierie de d\u00e9veloppement syst\u00e8me et logiciel, et s\u00e9curit\u00e9 du syst\u00e8me d&#039;information","publisher":{"@id":"https:\/\/www.ablogix.fr\/#organization"},"potentialAction":[{"@type":"SearchAction","target":{"@type":"EntryPoint","urlTemplate":"https:\/\/www.ablogix.fr\/?s={search_term_string}"},"query-input":"required name=search_term_string"}],"inLanguage":"en-US"},{"@type":"ImageObject","inLanguage":"en-US","@id":"https:\/\/www.ablogix.fr\/abeex-guichet-unique\/#primaryimage","url":"http:\/\/92.222.19.170\/wp-content\/uploads\/2017\/10\/abeex_infrastructure.jpg","contentUrl":"http:\/\/92.222.19.170\/wp-content\/uploads\/2017\/10\/abeex_infrastructure.jpg"},{"@type":"WebPage","@id":"https:\/\/www.ablogix.fr\/abeex-guichet-unique\/#webpage","url":"https:\/\/www.ablogix.fr\/abeex-guichet-unique\/","name":"ABeeX - Commun Machine - ABlogiX","isPartOf":{"@id":"https:\/\/www.ablogix.fr\/#website"},"primaryImageOfPage":{"@id":"https:\/\/www.ablogix.fr\/abeex-guichet-unique\/#primaryimage"},"datePublished":"2017-10-13T13:03:09+00:00","dateModified":"2021-04-06T08:57:55+00:00","breadcrumb":{"@id":"https:\/\/www.ablogix.fr\/abeex-guichet-unique\/#breadcrumb"},"inLanguage":"en-US","potentialAction":[{"@type":"ReadAction","target":["https:\/\/www.ablogix.fr\/abeex-guichet-unique\/"]}]},{"@type":"BreadcrumbList","@id":"https:\/\/www.ablogix.fr\/abeex-guichet-unique\/#breadcrumb","itemListElement":[{"@type":"ListItem","position":1,"name":"Accueil","item":"https:\/\/www.ablogix.fr\/"},{"@type":"ListItem","position":2,"name":"ABeeX &#8211; Guichet Unique"}]}]}},"_links":{"self":[{"href":"https:\/\/www.ablogix.fr\/en\/wp-json\/wp\/v2\/pages\/246"}],"collection":[{"href":"https:\/\/www.ablogix.fr\/en\/wp-json\/wp\/v2\/pages"}],"about":[{"href":"https:\/\/www.ablogix.fr\/en\/wp-json\/wp\/v2\/types\/page"}],"author":[{"embeddable":true,"href":"https:\/\/www.ablogix.fr\/en\/wp-json\/wp\/v2\/users\/1"}],"replies":[{"embeddable":true,"href":"https:\/\/www.ablogix.fr\/en\/wp-json\/wp\/v2\/comments?post=246"}],"version-history":[{"count":13,"href":"https:\/\/www.ablogix.fr\/en\/wp-json\/wp\/v2\/pages\/246\/revisions"}],"predecessor-version":[{"id":6423,"href":"https:\/\/www.ablogix.fr\/en\/wp-json\/wp\/v2\/pages\/246\/revisions\/6423"}],"wp:attachment":[{"href":"https:\/\/www.ablogix.fr\/en\/wp-json\/wp\/v2\/media?parent=246"}],"curies":[{"name":"wp","href":"https:\/\/api.w.org\/{rel}","templated":true}]}}