{"id":2449,"date":"2020-12-18T13:57:33","date_gmt":"2020-12-18T12:57:33","guid":{"rendered":"https:\/\/www.ablogix.fr\/?page_id=2449"},"modified":"2022-12-22T12:51:15","modified_gmt":"2022-12-22T11:51:15","slug":"ssi_tr7-les-fondamentaux-de-bigfix","status":"publish","type":"page","link":"https:\/\/www.ablogix.fr\/en\/ssi_tr7-les-fondamentaux-de-bigfix\/","title":{"rendered":"SSI_Tr7.1 \u2013 BigFix basics"},"content":{"rendered":"\n<pre class=\"wp-block-preformatted\"><em>R\u00e9f : SSI_Tr<\/em>7.1<\/pre>\n\n\n\n<h2>Targeted audience<\/h2>\n\n\n\n<p>This training is intended for project members using HCL BigFix to manage patch deployments.<\/p>\n\n\n\n<div style=\"height:20px\" aria-hidden=\"true\" class=\"wp-block-spacer\"><\/div>\n\n\n\n<h2>Training objectives<\/h2>\n\n\n\n<p><\/p>\n\n\n\n<p>The objectives of the training are: <\/p>\n\n\n\n<ul><li>Understand and manage the BigFix platform<\/li><li>Understand and generate endpoint and patch management dashboards<\/li><\/ul>\n\n\n\n<div style=\"height:20px\" aria-hidden=\"true\" class=\"wp-block-spacer\"><\/div>\n\n\n\n<h2>Targeted skills<\/h2>\n\n\n\n<p><\/p>\n\n\n\n<p>At the end of the training, the participant will be able to :<\/p>\n\n\n\n<ul><li>Access and filter endpoint properties<\/li><li>Create and update endpoint groups<\/li><li>Track patch deployments<\/li><li>Monitor deployment<\/li><li>Create reports<\/li><\/ul>\n\n\n\n<div style=\"height:64px\" aria-hidden=\"true\" class=\"wp-block-spacer\"><\/div>\n\n\n\n<h2>Duration<\/h2>\n\n\n\n<p><strong>1 day, divided into 5 modules<\/strong>\u00a0(the program can be adapted to the technological context and level of knowledge of the trainees).<\/p>\n\n\n\n<ul><li>The training can be assured in person or remotely<\/li><li>The training can take place on an inter-company or intra-company basis<\/li><\/ul>\n\n\n\n<div style=\"height:20px\" aria-hidden=\"true\" class=\"wp-block-spacer\"><\/div>\n\n\n\n<p><strong>Unfolding of the training : MORNING<\/strong><\/p>\n\n\n\n<h2>Module 0 : Course objectives<\/h2>\n\n\n\n<p><\/p>\n\n\n\n<p>Day 1<\/p>\n\n\n\n<p><strong>Introduction<\/strong> : Presentation of the objectives and the course of the training.<\/p>\n\n\n\n<p><strong>Round table : <\/strong>Presentation of the group, the participants and their expectations.<\/p>\n\n\n\n<div style=\"height:20px\" aria-hidden=\"true\" class=\"wp-block-spacer\"><\/div>\n\n\n\n<h2>Module 1 : Lifecycle Management capabilities<\/h2>\n\n\n\n<p><\/p>\n\n\n\n<p>Day 1<\/p>\n\n\n\n<p>After completing this module, you should be able to understand :<\/p>\n\n\n\n<ul><li>Lifecycle Management features<\/li><li>Physical and logical architecture<\/li><\/ul>\n\n\n\n<div style=\"height:20px\" aria-hidden=\"true\" class=\"wp-block-spacer\"><\/div>\n\n\n\n<h2>Module 2 : Operations<\/h2>\n\n\n\n<p><\/p>\n\n\n\n<p>Day 1<\/p>\n\n\n\n<p>After completing this module, you should be able to understand :<\/p>\n\n\n\n<ul><li>The BIGFIX graphical interface<\/li><li>Properties of the endpoint analysis<\/li><li>Analysing inventoried information (Hardware, Sofware)<\/li><\/ul>\n\n\n\n<div style=\"height:74px\" aria-hidden=\"true\" class=\"wp-block-spacer\"><\/div>\n\n\n\n<p><strong>Unfolding of the training : AFTERNOON<\/strong><\/p>\n\n\n\n<h2>Module 3 : Patch Management<\/h2>\n\n\n\n<p><\/p>\n\n\n\n<p>Day 1<\/p>\n\n\n\n<p>After completing this module, you should be able to understand :<\/p>\n\n\n\n<ul><li>Package creation<\/li><li>Deployment of Windows patches<\/li><li>Patch deployment on other platforms<\/li><\/ul>\n\n\n\n<div style=\"height:20px\" aria-hidden=\"true\" class=\"wp-block-spacer\"><\/div>\n\n\n\n<h2>Module 4 : Web Reports<\/h2>\n\n\n\n<p><\/p>\n\n\n\n<p>Day 1<\/p>\n\n\n\n<p>After completing this module, you should be able to :<\/p>\n\n\n\n<ul><li>Use and configure reports (Web Report and BigFix \/ Console \/ Web \/ UI interface)<\/li><\/ul>\n\n\n\n<div style=\"height:24px\" aria-hidden=\"true\" class=\"wp-block-spacer\"><\/div>\n\n\n\n<h2>Training, technical and supervisory resources<\/h2>\n\n\n\n<p>Each course module will be covered in a hands-on exercise that will be performed via a remote ELM server provided and installed by ABlogiX. Each participant will have a computer already installed to access the ELM server.<\/p>\n\n\n\n<p>Training support will be provided for each module and will be presented via a video projector or large screen. A whiteboard or interactive whiteboard should be provided with pens.<\/p>\n\n\n\n<p>The training is facilitated by a consultant-trainer, which allows participants to benefit from his field experience.<\/p>\n\n\n\n<div style=\"height:20px\" aria-hidden=\"true\" class=\"wp-block-spacer\"><\/div>\n\n\n\n<h2>The trainer<\/h2>\n\n\n\n<p>Dominique is a computer engineer specialising in systems and networks. He has worked for more than 10 years in the deployment of asset management and patch management solutions for various sectors of the industry.<\/p>\n\n\n\n<div style=\"height:20px\" aria-hidden=\"true\" class=\"wp-block-spacer\"><\/div>\n\n\n\n<div style=\"height:20px\" aria-hidden=\"true\" class=\"wp-block-spacer\"><\/div>\n\n\n\n<h2>More information ?<\/h2>\n\n\n\n<p>Please contact us on <strong>+ 33(0)2 85 29 43 44<\/strong> or by email : formation@ablogix.fr for a quote.<\/p>\n\n\n\n<hr class=\"wp-block-separator\"\/>\n\n\n\n<pre class=\"wp-block-preformatted\"><strong>The training activity of ABlogiX is \"registered under number 52 72 01527 72. This registration is not equivalent to State approval\", in accordance with Article L6322-48.<\/strong><\/pre>\n\n\n\n<p><strong><a href=\"https:\/\/www.ablogix.fr\/formations\/\"><\/a><strong><a href=\"https:\/\/www.ablogix.fr\/en\/formations\/\">Find all our training courses here.<\/a><\/strong><\/strong><\/p>\n\n\n\n<p><meta charset=\"utf-8\">Download here the program of this training<\/p>\n\n\n\n<div class=\"wp-block-image\"><figure class=\"aligncenter size-full is-resized\"><img loading=\"lazy\" src=\"https:\/\/www.ablogix.fr\/wp-content\/uploads\/2022\/07\/QRcode-ABourlier-info.png\" alt=\"\" class=\"wp-image-11786\" width=\"169\" height=\"166\"\/><\/figure><\/div>\n\n\n\n<p><\/p>\n","protected":false},"excerpt":{"rendered":"<p>R\u00e9f : SSI_Tr7.1 Targeted audience This training is intended for project members using HCL BigFix to manage patch deployments. Training objectives The objectives of the training are: Understand and manage the BigFix platform Understand and generate endpoint and patch management dashboards Targeted skills At the end of the training, the participant will be able to <a href=\"https:\/\/www.ablogix.fr\/en\/ssi_tr7-les-fondamentaux-de-bigfix\/\" rel=\"nofollow\"><span class=\"sr-only\">Read more about SSI_Tr7.1 \u2013 BigFix basics<\/span>[&hellip;]<\/a><\/p>\n","protected":false},"author":4,"featured_media":0,"parent":0,"menu_order":0,"comment_status":"closed","ping_status":"closed","template":"template-fullwidth.php","meta":[],"translation":{"provider":"WPGlobus","version":"2.10.0","language":"en","enabled_languages":["fr","en"],"languages":{"fr":{"title":true,"content":true,"excerpt":false},"en":{"title":true,"content":true,"excerpt":false}}},"yoast_head":"<!-- This site is optimized with the Yoast SEO plugin v19.1 - https:\/\/yoast.com\/wordpress\/plugins\/seo\/ -->\n<title>SSI_Tr7.1 \u2013 BigFix basics - ABlogiX<\/title>\n<meta name=\"robots\" content=\"index, follow, max-snippet:-1, max-image-preview:large, max-video-preview:-1\" \/>\n<link rel=\"canonical\" href=\"https:\/\/www.ablogix.fr\/ssi_tr7-les-fondamentaux-de-bigfix\/\" \/>\n<meta property=\"og:locale\" content=\"en_US\" \/>\n<meta property=\"og:type\" content=\"article\" \/>\n<meta property=\"og:title\" content=\"SSI_Tr7.1 \u2013 BigFix basics - ABlogiX\" \/>\n<meta property=\"og:url\" content=\"https:\/\/www.ablogix.fr\/ssi_tr7-les-fondamentaux-de-bigfix\/\" \/>\n<meta property=\"og:site_name\" content=\"ABlogiX\" \/>\n<meta property=\"article:publisher\" content=\"https:\/\/www.facebook.com\/ABlogiX\" \/>\n<meta property=\"article:modified_time\" content=\"2022-12-22T11:51:15+00:00\" \/>\n<meta property=\"og:image\" content=\"https:\/\/www.ablogix.fr\/wp-content\/uploads\/2022\/07\/QRcode-ABourlier-info.png\" \/>\n<meta name=\"twitter:card\" content=\"summary_large_image\" \/>\n<meta name=\"twitter:site\" content=\"@ABlogiX\" \/>\n<meta name=\"twitter:label1\" content=\"Est. reading time\" \/>\n\t<meta name=\"twitter:data1\" content=\"3 minutes\" \/>\n<script type=\"application\/ld+json\" class=\"yoast-schema-graph\">{\"@context\":\"https:\/\/schema.org\",\"@graph\":[{\"@type\":\"Organization\",\"@id\":\"https:\/\/www.ablogix.fr\/#organization\",\"name\":\"AblogiX\",\"url\":\"https:\/\/www.ablogix.fr\/\",\"sameAs\":[\"https:\/\/www.linkedin.com\/company\/sarl-ablogix\",\"https:\/\/www.youtube.com\/channel\/UC7LR5o5aeXzd2epr7eNma3g\/featured\",\"https:\/\/www.facebook.com\/ABlogiX\",\"https:\/\/twitter.com\/ABlogiX\"],\"logo\":{\"@type\":\"ImageObject\",\"inLanguage\":\"en-US\",\"@id\":\"https:\/\/www.ablogix.fr\/#\/schema\/logo\/image\/\",\"url\":\"https:\/\/www.ablogix.fr\/wp-content\/uploads\/2020\/11\/Logo-ABlogiX.png\",\"contentUrl\":\"https:\/\/www.ablogix.fr\/wp-content\/uploads\/2020\/11\/Logo-ABlogiX.png\",\"width\":534,\"height\":368,\"caption\":\"AblogiX\"},\"image\":{\"@id\":\"https:\/\/www.ablogix.fr\/#\/schema\/logo\/image\/\"}},{\"@type\":\"WebSite\",\"@id\":\"https:\/\/www.ablogix.fr\/#website\",\"url\":\"https:\/\/www.ablogix.fr\/\",\"name\":\"ABlogiX\",\"description\":\"Ing\u00e9nierie de d\u00e9veloppement syst\u00e8me et logiciel, et s\u00e9curit\u00e9 du syst\u00e8me d&#039;information\",\"publisher\":{\"@id\":\"https:\/\/www.ablogix.fr\/#organization\"},\"potentialAction\":[{\"@type\":\"SearchAction\",\"target\":{\"@type\":\"EntryPoint\",\"urlTemplate\":\"https:\/\/www.ablogix.fr\/?s={search_term_string}\"},\"query-input\":\"required name=search_term_string\"}],\"inLanguage\":\"en-US\"},{\"@type\":\"ImageObject\",\"inLanguage\":\"en-US\",\"@id\":\"https:\/\/www.ablogix.fr\/ssi_tr7-les-fondamentaux-de-bigfix\/#primaryimage\",\"url\":\"https:\/\/www.ablogix.fr\/wp-content\/uploads\/2022\/07\/QRcode-ABourlier-info.png\",\"contentUrl\":\"https:\/\/www.ablogix.fr\/wp-content\/uploads\/2022\/07\/QRcode-ABourlier-info.png\",\"width\":272,\"height\":267},{\"@type\":\"WebPage\",\"@id\":\"https:\/\/www.ablogix.fr\/ssi_tr7-les-fondamentaux-de-bigfix\/#webpage\",\"url\":\"https:\/\/www.ablogix.fr\/ssi_tr7-les-fondamentaux-de-bigfix\/\",\"name\":\"SSI_Tr7.1 \u2013 BigFix basics - ABlogiX\",\"isPartOf\":{\"@id\":\"https:\/\/www.ablogix.fr\/#website\"},\"primaryImageOfPage\":{\"@id\":\"https:\/\/www.ablogix.fr\/ssi_tr7-les-fondamentaux-de-bigfix\/#primaryimage\"},\"datePublished\":\"2020-12-18T12:57:33+00:00\",\"dateModified\":\"2022-12-22T11:51:15+00:00\",\"breadcrumb\":{\"@id\":\"https:\/\/www.ablogix.fr\/ssi_tr7-les-fondamentaux-de-bigfix\/#breadcrumb\"},\"inLanguage\":\"en-US\",\"potentialAction\":[{\"@type\":\"ReadAction\",\"target\":[\"https:\/\/www.ablogix.fr\/ssi_tr7-les-fondamentaux-de-bigfix\/\"]}]},{\"@type\":\"BreadcrumbList\",\"@id\":\"https:\/\/www.ablogix.fr\/ssi_tr7-les-fondamentaux-de-bigfix\/#breadcrumb\",\"itemListElement\":[{\"@type\":\"ListItem\",\"position\":1,\"name\":\"Accueil\",\"item\":\"https:\/\/www.ablogix.fr\/\"},{\"@type\":\"ListItem\",\"position\":2,\"name\":\"SSI_Tr7.1 \u2013 BigFix basics\"}]}]}<\/script>\n<!-- \/ Yoast SEO plugin. -->","yoast_head_json":{"title":"SSI_Tr7.1 \u2013 BigFix basics - ABlogiX","robots":{"index":"index","follow":"follow","max-snippet":"max-snippet:-1","max-image-preview":"max-image-preview:large","max-video-preview":"max-video-preview:-1"},"canonical":"https:\/\/www.ablogix.fr\/ssi_tr7-les-fondamentaux-de-bigfix\/","og_locale":"en_US","og_type":"article","og_title":"SSI_Tr7.1 \u2013 BigFix basics - ABlogiX","og_url":"https:\/\/www.ablogix.fr\/ssi_tr7-les-fondamentaux-de-bigfix\/","og_site_name":"ABlogiX","article_publisher":"https:\/\/www.facebook.com\/ABlogiX","article_modified_time":"2022-12-22T11:51:15+00:00","og_image":[{"url":"https:\/\/www.ablogix.fr\/wp-content\/uploads\/2022\/07\/QRcode-ABourlier-info.png"}],"twitter_card":"summary_large_image","twitter_site":"@ABlogiX","twitter_misc":{"Est. reading time":"3 minutes"},"schema":{"@context":"https:\/\/schema.org","@graph":[{"@type":"Organization","@id":"https:\/\/www.ablogix.fr\/#organization","name":"AblogiX","url":"https:\/\/www.ablogix.fr\/","sameAs":["https:\/\/www.linkedin.com\/company\/sarl-ablogix","https:\/\/www.youtube.com\/channel\/UC7LR5o5aeXzd2epr7eNma3g\/featured","https:\/\/www.facebook.com\/ABlogiX","https:\/\/twitter.com\/ABlogiX"],"logo":{"@type":"ImageObject","inLanguage":"en-US","@id":"https:\/\/www.ablogix.fr\/#\/schema\/logo\/image\/","url":"https:\/\/www.ablogix.fr\/wp-content\/uploads\/2020\/11\/Logo-ABlogiX.png","contentUrl":"https:\/\/www.ablogix.fr\/wp-content\/uploads\/2020\/11\/Logo-ABlogiX.png","width":534,"height":368,"caption":"AblogiX"},"image":{"@id":"https:\/\/www.ablogix.fr\/#\/schema\/logo\/image\/"}},{"@type":"WebSite","@id":"https:\/\/www.ablogix.fr\/#website","url":"https:\/\/www.ablogix.fr\/","name":"ABlogiX","description":"Ing\u00e9nierie de d\u00e9veloppement syst\u00e8me et logiciel, et s\u00e9curit\u00e9 du syst\u00e8me d&#039;information","publisher":{"@id":"https:\/\/www.ablogix.fr\/#organization"},"potentialAction":[{"@type":"SearchAction","target":{"@type":"EntryPoint","urlTemplate":"https:\/\/www.ablogix.fr\/?s={search_term_string}"},"query-input":"required name=search_term_string"}],"inLanguage":"en-US"},{"@type":"ImageObject","inLanguage":"en-US","@id":"https:\/\/www.ablogix.fr\/ssi_tr7-les-fondamentaux-de-bigfix\/#primaryimage","url":"https:\/\/www.ablogix.fr\/wp-content\/uploads\/2022\/07\/QRcode-ABourlier-info.png","contentUrl":"https:\/\/www.ablogix.fr\/wp-content\/uploads\/2022\/07\/QRcode-ABourlier-info.png","width":272,"height":267},{"@type":"WebPage","@id":"https:\/\/www.ablogix.fr\/ssi_tr7-les-fondamentaux-de-bigfix\/#webpage","url":"https:\/\/www.ablogix.fr\/ssi_tr7-les-fondamentaux-de-bigfix\/","name":"SSI_Tr7.1 \u2013 BigFix basics - ABlogiX","isPartOf":{"@id":"https:\/\/www.ablogix.fr\/#website"},"primaryImageOfPage":{"@id":"https:\/\/www.ablogix.fr\/ssi_tr7-les-fondamentaux-de-bigfix\/#primaryimage"},"datePublished":"2020-12-18T12:57:33+00:00","dateModified":"2022-12-22T11:51:15+00:00","breadcrumb":{"@id":"https:\/\/www.ablogix.fr\/ssi_tr7-les-fondamentaux-de-bigfix\/#breadcrumb"},"inLanguage":"en-US","potentialAction":[{"@type":"ReadAction","target":["https:\/\/www.ablogix.fr\/ssi_tr7-les-fondamentaux-de-bigfix\/"]}]},{"@type":"BreadcrumbList","@id":"https:\/\/www.ablogix.fr\/ssi_tr7-les-fondamentaux-de-bigfix\/#breadcrumb","itemListElement":[{"@type":"ListItem","position":1,"name":"Accueil","item":"https:\/\/www.ablogix.fr\/"},{"@type":"ListItem","position":2,"name":"SSI_Tr7.1 \u2013 BigFix basics"}]}]}},"_links":{"self":[{"href":"https:\/\/www.ablogix.fr\/en\/wp-json\/wp\/v2\/pages\/2449"}],"collection":[{"href":"https:\/\/www.ablogix.fr\/en\/wp-json\/wp\/v2\/pages"}],"about":[{"href":"https:\/\/www.ablogix.fr\/en\/wp-json\/wp\/v2\/types\/page"}],"author":[{"embeddable":true,"href":"https:\/\/www.ablogix.fr\/en\/wp-json\/wp\/v2\/users\/4"}],"replies":[{"embeddable":true,"href":"https:\/\/www.ablogix.fr\/en\/wp-json\/wp\/v2\/comments?post=2449"}],"version-history":[{"count":51,"href":"https:\/\/www.ablogix.fr\/en\/wp-json\/wp\/v2\/pages\/2449\/revisions"}],"predecessor-version":[{"id":15440,"href":"https:\/\/www.ablogix.fr\/en\/wp-json\/wp\/v2\/pages\/2449\/revisions\/15440"}],"wp:attachment":[{"href":"https:\/\/www.ablogix.fr\/en\/wp-json\/wp\/v2\/media?parent=2449"}],"curies":[{"name":"wp","href":"https:\/\/api.w.org\/{rel}","templated":true}]}}