{"id":237,"date":"2017-10-13T14:55:03","date_gmt":"2017-10-13T12:55:03","guid":{"rendered":"http:\/\/92.222.19.170\/?page_id=237"},"modified":"2021-09-16T14:11:10","modified_gmt":"2021-09-16T12:11:10","slug":"cloud","status":"publish","type":"page","link":"https:\/\/www.ablogix.fr\/en\/cloud\/","title":{"rendered":"Cloud"},"content":{"rendered":"\n<div class=\"wp-block-image\"><figure class=\"aligncenter\"><a href=\"https:\/\/www.ablogix.fr\/wp-content\/uploads\/2017\/10\/cloud-256.png\"><img loading=\"lazy\" width=\"256\" height=\"256\" src=\"https:\/\/www.ablogix.fr\/wp-content\/uploads\/2017\/10\/cloud-256.png\" alt=\"\" class=\"wp-image-238\" srcset=\"https:\/\/www.ablogix.fr\/wp-content\/uploads\/2017\/10\/cloud-256.png 256w, https:\/\/www.ablogix.fr\/wp-content\/uploads\/2017\/10\/cloud-256-150x150.png 150w, https:\/\/www.ablogix.fr\/wp-content\/uploads\/2017\/10\/cloud-256-250x250.png 250w, https:\/\/www.ablogix.fr\/wp-content\/uploads\/2017\/10\/cloud-256-174x174.png 174w\" sizes=\"(max-width: 256px) 100vw, 256px\" \/><\/a><\/figure><\/div>\n\n\n\n<p>Drawing on its <strong>network, system and security<\/strong> skills, ABlogiX has designed a Cloud called <strong>&#8220;ABeeX&#8221;<\/strong> in a Tier3+ DataCenter near Le Mans to provide a range of innovative services to customers.<\/p>\n\n\n\n<p>ABlogiX also advises and deploys private cloud infrastructures based on <a href=\"https:\/\/www.openstack.org\/\">OpenStack<\/a>, <a href=\"https:\/\/opennebula.io\/\">OpenNebula<\/a> and <a href=\"https:\/\/www.proxmox.com\/en\/\">Proxmox<\/a> technologies according to the client&#8217;s needs.<\/p>\n\n\n\n<p>Resource, confidentiality and security constraints may require the distribution of project data and services over several Cloud hosts. In order to meet this flexibility in the distribution of services and projects on a hybrid Cloud infrastructure with containers, ABlogiX advises and deploys the <a href=\"https:\/\/www.openshift.com\/\">OpenShift <\/a>solution which uses <a href=\"https:\/\/fr.wikipedia.org\/wiki\/Docker_(logiciel)\">Docker<\/a> and <a href=\"https:\/\/fr.wikipedia.org\/wiki\/Kubernetes\">Kubernetes<\/a> technologies.Les contraintes de ressources, de confidentialit\u00e9 et de s\u00e9curit\u00e9 peuvent n\u00e9cessiter la r\u00e9partition des donn\u00e9es projets et des services sur plusieurs h\u00e9bergements Cloud. <\/p>\n\n\n\n<div class=\"wp-block-image\"><figure class=\"aligncenter\"><a href=\"https:\/\/www.ablogix.fr\/wp-content\/uploads\/2017\/10\/cloud-openstack.jpg\"><img loading=\"lazy\" width=\"1058\" height=\"794\" src=\"https:\/\/www.ablogix.fr\/wp-content\/uploads\/2017\/10\/cloud-openstack.jpg\" alt=\"\" class=\"wp-image-239\" srcset=\"https:\/\/www.ablogix.fr\/wp-content\/uploads\/2017\/10\/cloud-openstack.jpg 1058w, https:\/\/www.ablogix.fr\/wp-content\/uploads\/2017\/10\/cloud-openstack-300x225.jpg 300w, https:\/\/www.ablogix.fr\/wp-content\/uploads\/2017\/10\/cloud-openstack-768x576.jpg 768w, https:\/\/www.ablogix.fr\/wp-content\/uploads\/2017\/10\/cloud-openstack-1024x768.jpg 1024w, https:\/\/www.ablogix.fr\/wp-content\/uploads\/2017\/10\/cloud-openstack-285x214.jpg 285w\" sizes=\"(max-width: 1058px) 100vw, 1058px\" \/><\/a><\/figure><\/div>\n\n\n\n<p><strong>These SaaS services will make it possible to meet the various expectations of the market, which are<\/strong> <strong>:<\/strong><\/p>\n\n\n\n<figure class=\"wp-block-table aligncenter\"><table><tbody><tr><td>  <img loading=\"lazy\" width=\"128\" height=\"128\" src=\"https:\/\/www.ablogix.fr\/wp-content\/uploads\/2017\/10\/money.png\" alt=\"\"><a href=\"https:\/\/www.ablogix.fr\/wp-content\/uploads\/2017\/10\/money.png\"><\/a><\/td><td>             <img loading=\"lazy\" width=\"128\" height=\"128\" src=\"https:\/\/www.ablogix.fr\/wp-content\/uploads\/2017\/10\/data-share.png\" alt=\"\"><a href=\"https:\/\/www.ablogix.fr\/wp-content\/uploads\/2017\/10\/data-share.png\"><\/a><\/td><td>     <img loading=\"lazy\" width=\"128\" height=\"128\" src=\"https:\/\/www.ablogix.fr\/wp-content\/uploads\/2017\/10\/armor.png\" alt=\"\"><a href=\"https:\/\/www.ablogix.fr\/wp-content\/uploads\/2017\/10\/armor.png\"><\/a><\/td><\/tr><tr><td><strong>Cost reduction<\/strong><\/td><td><strong>Flexibility of implementation<\/strong><\/td><td><strong>Data security<\/strong><\/td><\/tr><\/tbody><\/table><\/figure>\n\n\n\n<p><strong>Le cloud ABeeX offre un ensemble de services \u00e0 votre disposition :<\/strong><\/p>\n\n\n\n<ul><li>Collaborative project management,<\/li><li>Application security testing with <a href=\"https:\/\/www.ablogix.fr\/en\/appscan-enterprise\/\">APPSCAN<\/a>,<\/li><li>Domain name security monitoring : <a href=\"https:\/\/www.ablogix.fr\/en\/squat-monitoring-squatmon\/\">SQUATMON<\/a>,<\/li><li>The ABeeX solution &#8211; One-stop shop for local authorities: Town Halls, Colleges, and companies,<\/li><li>The ABeeX solution &#8211; Dematerialisation for documents and mail.<\/li><\/ul>\n","protected":false},"excerpt":{"rendered":"<p>Drawing on its network, system and security skills, ABlogiX has designed a Cloud called &#8220;ABeeX&#8221; in a Tier3+ DataCenter near Le Mans to provide a range of innovative services to customers. ABlogiX also advises and deploys private cloud infrastructures based on OpenStack, OpenNebula and Proxmox technologies according to the client&#8217;s needs. Resource, confidentiality and security <a href=\"https:\/\/www.ablogix.fr\/en\/cloud\/\" rel=\"nofollow\"><span class=\"sr-only\">Read more about Cloud<\/span>[&hellip;]<\/a><\/p>\n","protected":false},"author":1,"featured_media":0,"parent":0,"menu_order":0,"comment_status":"closed","ping_status":"closed","template":"template-fullwidth.php","meta":[],"translation":{"provider":"WPGlobus","version":"2.10.0","language":"en","enabled_languages":["fr","en"],"languages":{"fr":{"title":true,"content":true,"excerpt":false},"en":{"title":true,"content":true,"excerpt":false}}},"yoast_head":"<!-- This site is optimized with the Yoast SEO plugin v19.1 - https:\/\/yoast.com\/wordpress\/plugins\/seo\/ -->\n<title>Cloud - ABlogiX<\/title>\n<meta name=\"robots\" content=\"index, follow, max-snippet:-1, max-image-preview:large, max-video-preview:-1\" \/>\n<link rel=\"canonical\" href=\"https:\/\/www.ablogix.fr\/cloud\/\" \/>\n<meta property=\"og:locale\" content=\"en_US\" \/>\n<meta property=\"og:type\" content=\"article\" \/>\n<meta property=\"og:title\" content=\"Cloud - ABlogiX\" \/>\n<meta property=\"og:url\" content=\"https:\/\/www.ablogix.fr\/cloud\/\" \/>\n<meta property=\"og:site_name\" content=\"ABlogiX\" \/>\n<meta property=\"article:publisher\" content=\"https:\/\/www.facebook.com\/ABlogiX\" \/>\n<meta property=\"article:modified_time\" content=\"2021-09-16T12:11:10+00:00\" \/>\n<meta property=\"og:image\" content=\"https:\/\/www.ablogix.fr\/wp-content\/uploads\/2017\/10\/cloud-256.png\" \/>\n<meta name=\"twitter:card\" content=\"summary_large_image\" \/>\n<meta name=\"twitter:site\" content=\"@ABlogiX\" \/>\n<meta name=\"twitter:label1\" content=\"Est. reading time\" \/>\n\t<meta name=\"twitter:data1\" content=\"2 minutes\" \/>\n<script type=\"application\/ld+json\" class=\"yoast-schema-graph\">{\"@context\":\"https:\/\/schema.org\",\"@graph\":[{\"@type\":\"Organization\",\"@id\":\"https:\/\/www.ablogix.fr\/#organization\",\"name\":\"AblogiX\",\"url\":\"https:\/\/www.ablogix.fr\/\",\"sameAs\":[\"https:\/\/www.linkedin.com\/company\/sarl-ablogix\",\"https:\/\/www.youtube.com\/channel\/UC7LR5o5aeXzd2epr7eNma3g\/featured\",\"https:\/\/www.facebook.com\/ABlogiX\",\"https:\/\/twitter.com\/ABlogiX\"],\"logo\":{\"@type\":\"ImageObject\",\"inLanguage\":\"en-US\",\"@id\":\"https:\/\/www.ablogix.fr\/#\/schema\/logo\/image\/\",\"url\":\"https:\/\/www.ablogix.fr\/wp-content\/uploads\/2020\/11\/Logo-ABlogiX.png\",\"contentUrl\":\"https:\/\/www.ablogix.fr\/wp-content\/uploads\/2020\/11\/Logo-ABlogiX.png\",\"width\":534,\"height\":368,\"caption\":\"AblogiX\"},\"image\":{\"@id\":\"https:\/\/www.ablogix.fr\/#\/schema\/logo\/image\/\"}},{\"@type\":\"WebSite\",\"@id\":\"https:\/\/www.ablogix.fr\/#website\",\"url\":\"https:\/\/www.ablogix.fr\/\",\"name\":\"ABlogiX\",\"description\":\"Ing\u00e9nierie de d\u00e9veloppement syst\u00e8me et logiciel, et s\u00e9curit\u00e9 du syst\u00e8me d&#039;information\",\"publisher\":{\"@id\":\"https:\/\/www.ablogix.fr\/#organization\"},\"potentialAction\":[{\"@type\":\"SearchAction\",\"target\":{\"@type\":\"EntryPoint\",\"urlTemplate\":\"https:\/\/www.ablogix.fr\/?s={search_term_string}\"},\"query-input\":\"required name=search_term_string\"}],\"inLanguage\":\"en-US\"},{\"@type\":\"ImageObject\",\"inLanguage\":\"en-US\",\"@id\":\"https:\/\/www.ablogix.fr\/cloud\/#primaryimage\",\"url\":\"https:\/\/www.ablogix.fr\/wp-content\/uploads\/2017\/10\/cloud-256.png\",\"contentUrl\":\"https:\/\/www.ablogix.fr\/wp-content\/uploads\/2017\/10\/cloud-256.png\",\"width\":256,\"height\":256},{\"@type\":\"WebPage\",\"@id\":\"https:\/\/www.ablogix.fr\/cloud\/#webpage\",\"url\":\"https:\/\/www.ablogix.fr\/cloud\/\",\"name\":\"Cloud - ABlogiX\",\"isPartOf\":{\"@id\":\"https:\/\/www.ablogix.fr\/#website\"},\"primaryImageOfPage\":{\"@id\":\"https:\/\/www.ablogix.fr\/cloud\/#primaryimage\"},\"datePublished\":\"2017-10-13T12:55:03+00:00\",\"dateModified\":\"2021-09-16T12:11:10+00:00\",\"breadcrumb\":{\"@id\":\"https:\/\/www.ablogix.fr\/cloud\/#breadcrumb\"},\"inLanguage\":\"en-US\",\"potentialAction\":[{\"@type\":\"ReadAction\",\"target\":[\"https:\/\/www.ablogix.fr\/cloud\/\"]}]},{\"@type\":\"BreadcrumbList\",\"@id\":\"https:\/\/www.ablogix.fr\/cloud\/#breadcrumb\",\"itemListElement\":[{\"@type\":\"ListItem\",\"position\":1,\"name\":\"Accueil\",\"item\":\"https:\/\/www.ablogix.fr\/\"},{\"@type\":\"ListItem\",\"position\":2,\"name\":\"Cloud\"}]}]}<\/script>\n<!-- \/ Yoast SEO plugin. -->","yoast_head_json":{"title":"Cloud - ABlogiX","robots":{"index":"index","follow":"follow","max-snippet":"max-snippet:-1","max-image-preview":"max-image-preview:large","max-video-preview":"max-video-preview:-1"},"canonical":"https:\/\/www.ablogix.fr\/cloud\/","og_locale":"en_US","og_type":"article","og_title":"Cloud - ABlogiX","og_url":"https:\/\/www.ablogix.fr\/cloud\/","og_site_name":"ABlogiX","article_publisher":"https:\/\/www.facebook.com\/ABlogiX","article_modified_time":"2021-09-16T12:11:10+00:00","og_image":[{"url":"https:\/\/www.ablogix.fr\/wp-content\/uploads\/2017\/10\/cloud-256.png"}],"twitter_card":"summary_large_image","twitter_site":"@ABlogiX","twitter_misc":{"Est. reading time":"2 minutes"},"schema":{"@context":"https:\/\/schema.org","@graph":[{"@type":"Organization","@id":"https:\/\/www.ablogix.fr\/#organization","name":"AblogiX","url":"https:\/\/www.ablogix.fr\/","sameAs":["https:\/\/www.linkedin.com\/company\/sarl-ablogix","https:\/\/www.youtube.com\/channel\/UC7LR5o5aeXzd2epr7eNma3g\/featured","https:\/\/www.facebook.com\/ABlogiX","https:\/\/twitter.com\/ABlogiX"],"logo":{"@type":"ImageObject","inLanguage":"en-US","@id":"https:\/\/www.ablogix.fr\/#\/schema\/logo\/image\/","url":"https:\/\/www.ablogix.fr\/wp-content\/uploads\/2020\/11\/Logo-ABlogiX.png","contentUrl":"https:\/\/www.ablogix.fr\/wp-content\/uploads\/2020\/11\/Logo-ABlogiX.png","width":534,"height":368,"caption":"AblogiX"},"image":{"@id":"https:\/\/www.ablogix.fr\/#\/schema\/logo\/image\/"}},{"@type":"WebSite","@id":"https:\/\/www.ablogix.fr\/#website","url":"https:\/\/www.ablogix.fr\/","name":"ABlogiX","description":"Ing\u00e9nierie de d\u00e9veloppement syst\u00e8me et logiciel, et s\u00e9curit\u00e9 du syst\u00e8me d&#039;information","publisher":{"@id":"https:\/\/www.ablogix.fr\/#organization"},"potentialAction":[{"@type":"SearchAction","target":{"@type":"EntryPoint","urlTemplate":"https:\/\/www.ablogix.fr\/?s={search_term_string}"},"query-input":"required name=search_term_string"}],"inLanguage":"en-US"},{"@type":"ImageObject","inLanguage":"en-US","@id":"https:\/\/www.ablogix.fr\/cloud\/#primaryimage","url":"https:\/\/www.ablogix.fr\/wp-content\/uploads\/2017\/10\/cloud-256.png","contentUrl":"https:\/\/www.ablogix.fr\/wp-content\/uploads\/2017\/10\/cloud-256.png","width":256,"height":256},{"@type":"WebPage","@id":"https:\/\/www.ablogix.fr\/cloud\/#webpage","url":"https:\/\/www.ablogix.fr\/cloud\/","name":"Cloud - ABlogiX","isPartOf":{"@id":"https:\/\/www.ablogix.fr\/#website"},"primaryImageOfPage":{"@id":"https:\/\/www.ablogix.fr\/cloud\/#primaryimage"},"datePublished":"2017-10-13T12:55:03+00:00","dateModified":"2021-09-16T12:11:10+00:00","breadcrumb":{"@id":"https:\/\/www.ablogix.fr\/cloud\/#breadcrumb"},"inLanguage":"en-US","potentialAction":[{"@type":"ReadAction","target":["https:\/\/www.ablogix.fr\/cloud\/"]}]},{"@type":"BreadcrumbList","@id":"https:\/\/www.ablogix.fr\/cloud\/#breadcrumb","itemListElement":[{"@type":"ListItem","position":1,"name":"Accueil","item":"https:\/\/www.ablogix.fr\/"},{"@type":"ListItem","position":2,"name":"Cloud"}]}]}},"_links":{"self":[{"href":"https:\/\/www.ablogix.fr\/en\/wp-json\/wp\/v2\/pages\/237"}],"collection":[{"href":"https:\/\/www.ablogix.fr\/en\/wp-json\/wp\/v2\/pages"}],"about":[{"href":"https:\/\/www.ablogix.fr\/en\/wp-json\/wp\/v2\/types\/page"}],"author":[{"embeddable":true,"href":"https:\/\/www.ablogix.fr\/en\/wp-json\/wp\/v2\/users\/1"}],"replies":[{"embeddable":true,"href":"https:\/\/www.ablogix.fr\/en\/wp-json\/wp\/v2\/comments?post=237"}],"version-history":[{"count":24,"href":"https:\/\/www.ablogix.fr\/en\/wp-json\/wp\/v2\/pages\/237\/revisions"}],"predecessor-version":[{"id":8196,"href":"https:\/\/www.ablogix.fr\/en\/wp-json\/wp\/v2\/pages\/237\/revisions\/8196"}],"wp:attachment":[{"href":"https:\/\/www.ablogix.fr\/en\/wp-json\/wp\/v2\/media?parent=237"}],"curies":[{"name":"wp","href":"https:\/\/api.w.org\/{rel}","templated":true}]}}