{"id":231,"date":"2017-10-13T14:48:10","date_gmt":"2017-10-13T12:48:10","guid":{"rendered":"http:\/\/92.222.19.170\/?page_id=231"},"modified":"2023-12-12T00:08:36","modified_gmt":"2023-12-11T23:08:36","slug":"processus-outilles","status":"publish","type":"page","link":"https:\/\/www.ablogix.fr\/en\/processus-outilles\/","title":{"rendered":"Tooled process"},"content":{"rendered":"<p>ABlogiX supply and deploy tooled-up process solution for System and Software Engineering Development On-Premise and <a href=\"https:\/\/www.ablogix.fr\/abeedev\/\">SaaS on ABeeDev<\/a> :<\/p>\n<div class=\"panel-body\">\n<ul>\n<li>Covering all development lifecycle disciplines: Requirements Management, Design, Testing, Configuration and Change Management, &#8230;<\/li>\n<li>Offering both Agile and Formal development cycle approaches<\/li>\n<li>While operating with a collaborative project management approach<\/li>\n<\/ul>\n<\/div>\n\n\n<figure class=\"wp-block-image size-large\"><img loading=\"lazy\" width=\"1024\" height=\"712\" src=\"https:\/\/www.ablogix.fr\/wp-content\/uploads\/2021\/05\/capture-SDLC-2021-05-07-2-1024x712.png\" alt=\"\" class=\"wp-image-6402\" srcset=\"https:\/\/www.ablogix.fr\/wp-content\/uploads\/2021\/05\/capture-SDLC-2021-05-07-2-1024x712.png 1024w, https:\/\/www.ablogix.fr\/wp-content\/uploads\/2021\/05\/capture-SDLC-2021-05-07-2-300x209.png 300w, https:\/\/www.ablogix.fr\/wp-content\/uploads\/2021\/05\/capture-SDLC-2021-05-07-2-768x534.png 768w, https:\/\/www.ablogix.fr\/wp-content\/uploads\/2021\/05\/capture-SDLC-2021-05-07-2-1536x1068.png 1536w, https:\/\/www.ablogix.fr\/wp-content\/uploads\/2021\/05\/capture-SDLC-2021-05-07-2.png 1587w\" sizes=\"(max-width: 1024px) 100vw, 1024px\" \/><\/figure>\n\n\n\n<div class=\"wp-block-media-text alignwide is-stacked-on-mobile\" style=\"grid-template-columns:15% auto\"><figure class=\"wp-block-media-text__media\"><img loading=\"lazy\" width=\"230\" height=\"123\" src=\"https:\/\/www.ablogix.fr\/wp-content\/uploads\/2021\/05\/image_2021-05-07_165248.png\" alt=\"\" class=\"wp-image-6433 size-full\"\/><\/figure><div class=\"wp-block-media-text__content\">\n<p class=\"has-medium-font-size\"><strong>IBM ELM Jazz &#8211; Engineering Lifecycle Management&nbsp;:<\/strong><\/p>\n<\/div><\/div>\n\n\n\n<div style=\"height:49px\" aria-hidden=\"true\" class=\"wp-block-spacer\"><\/div>\n\n\n\n<p>This solution provides :<\/p>\n\n\n\n<p><\/p>\n\n\n\n<ul><li>The means to collaborate throughout the software and systems life cycle<\/li><li>The set of process-tooling tools: RM, DM, CCM, TM<\/li><li>Agile SCRUM, SAFe, Waterfall, \u2026 process-tooling frameworks<\/li><li>Complete use based on the roles defined by the project process<\/li><li>Traceability between all activity data \/ artefacts:<\/li><li>Requirements Management (RM),<\/li><li>Design (DM),<\/li><li>Configuration Management (CCM),<\/li><li>Test Management (TM)<\/li><li>Integrated project management and reporting (planning and supervision)<\/li><li>Integration and collaboration with tools via API Rest OSLC<\/li><\/ul>\n\n\n\n<figure class=\"wp-block-image size-large\"><img loading=\"lazy\" width=\"1024\" height=\"508\" src=\"https:\/\/www.ablogix.fr\/wp-content\/uploads\/2021\/05\/d6flcimx-1024x508.jpg\" alt=\"\" class=\"wp-image-6408\" srcset=\"https:\/\/www.ablogix.fr\/wp-content\/uploads\/2021\/05\/d6flcimx-1024x508.jpg 1024w, https:\/\/www.ablogix.fr\/wp-content\/uploads\/2021\/05\/d6flcimx-300x149.jpg 300w, https:\/\/www.ablogix.fr\/wp-content\/uploads\/2021\/05\/d6flcimx-768x381.jpg 768w, https:\/\/www.ablogix.fr\/wp-content\/uploads\/2021\/05\/d6flcimx.bmp 1318w\" sizes=\"(max-width: 1024px) 100vw, 1024px\" \/><\/figure>\n\n\n\n<div style=\"height:43px\" aria-hidden=\"true\" class=\"wp-block-spacer\"><\/div>\n\n\n\n<div class=\"wp-block-media-text alignwide is-stacked-on-mobile\" style=\"grid-template-columns:15% auto\"><figure class=\"wp-block-media-text__media\"><img loading=\"lazy\" width=\"250\" height=\"250\" src=\"https:\/\/www.ablogix.fr\/wp-content\/uploads\/2022\/03\/image_2021-05-07_165204-copie.png\" alt=\"\" class=\"wp-image-9843 size-full\" srcset=\"https:\/\/www.ablogix.fr\/wp-content\/uploads\/2022\/03\/image_2021-05-07_165204-copie.png 250w, https:\/\/www.ablogix.fr\/wp-content\/uploads\/2022\/03\/image_2021-05-07_165204-copie-150x150.png 150w, https:\/\/www.ablogix.fr\/wp-content\/uploads\/2022\/03\/image_2021-05-07_165204-copie-174x174.png 174w\" sizes=\"(max-width: 250px) 100vw, 250px\" \/><\/figure><div class=\"wp-block-media-text__content\">\n<p class=\"has-medium-font-size\"><strong>IBM ERM Doors Next Generation &#8211; (RM&nbsp;&#8211; Requirement Management)&nbsp;:<\/strong><\/p>\n<\/div><\/div>\n\n\n\n<div style=\"height:28px\" aria-hidden=\"true\" class=\"wp-block-spacer\"><\/div>\n\n\n\n<p>This solution provides :<\/p>\n\n\n\n<ul><li>Agile SCRUM, SAFe, Waterfall, \u2026<br>Requirements document templates based on process maps<\/li><li>Requirements management in an atomic way for each requirement paragraph<\/li><li>Management of requirement document levels: System &#8211; Sub-system, etc.<\/li><li>Traceability between the requirements of the different document levels<\/li><li>Impact analysis<\/li><li>Management of requirement reviews with roles: reviewer and moderator<\/li><li>Traceability of modifications and comments on each requirement<\/li><li>Generation of reports and dashboards at project, team and user level<\/li><\/ul>\n\n\n\n<div style=\"height:28px\" aria-hidden=\"true\" class=\"wp-block-spacer\"><\/div>\n\n\n\n<div class=\"wp-block-media-text alignwide is-stacked-on-mobile\" style=\"grid-template-columns:15% auto\"><figure class=\"wp-block-media-text__media\"><img loading=\"lazy\" width=\"48\" height=\"48\" src=\"https:\/\/www.ablogix.fr\/wp-content\/uploads\/2021\/05\/image_2021-05-07_165135.png\" alt=\"\" class=\"wp-image-6431 size-full\"\/><\/figure><div class=\"wp-block-media-text__content\">\n<p class=\"has-medium-font-size\"><strong>IBM EDM Rhapsody \u2013 Design and modelling \u2013 Design Management&nbsp;:<\/strong><\/p>\n<\/div><\/div>\n\n\n\n<div style=\"height:28px\" aria-hidden=\"true\" class=\"wp-block-spacer\"><\/div>\n\n\n\n<p>This solution provides :<\/p>\n\n\n\n<p><\/p>\n\n\n\n<ul><li>All modelling languages: UML, SysML and AutoSAR<\/li><li>Support for different programming languages: C, C++, C#, Ada and Java.<\/li><li>It allows to model a system, to manage requirements, to generate and compile code.<\/li><li>It also allows to create a model from the complete source code of an application (reverse engineering).<\/li><li>Collaboration on models with other users or experts using comments.<\/li><li>Helps design team members and stakeholders to share, track, review and manage designs<\/li><li>Integration and collaboration with tools via Rest OSLC APIs<\/li><\/ul>\n\n\n\n<div class=\"wp-block-media-text alignwide is-stacked-on-mobile\" style=\"grid-template-columns:15% auto\"><figure class=\"wp-block-media-text__media\"><img src=\"https:\/\/www.ablogix.fr\/wp-content\/uploads\/2021\/05\/image_2021-05-07_165034.png\" alt=\"\" class=\"wp-image-6428 size-full\"\/><\/figure><div class=\"wp-block-media-text__content\">\n<p class=\"has-medium-font-size\"><strong>IBM ETM Test Management &#8211; Test plan management (TM)&nbsp;:<\/strong><\/p>\n<\/div><\/div>\n\n\n\n<div style=\"height:28px\" aria-hidden=\"true\" class=\"wp-block-spacer\"><\/div>\n\n\n\n<p class=\"has-text-align-left\">This solution provides :<\/p>\n\n\n\n<ul><li>Agile SCRUM, SAFe, Waterfall, \u2026<\/li><li>Version management of directories and files<\/li><li>Management of change records called &#8220;Work Items<\/li><li>Traceability between modified files and Work Items (Task, Story, Epic, \u2026)<\/li><li>Planning of Work Items on phases\/iterations<\/li><li>Planning follow-up and comparison of plans and activity progress<\/li><li>Reporting and integrated project management (planning and supervision)<\/li><li>Integration and collaboration with Git, Jira, \u2026 via the Rest OSLC API<\/li><\/ul>\n\n\n\n<div style=\"height:28px\" aria-hidden=\"true\" class=\"wp-block-spacer\"><\/div>\n\n\n\n<div class=\"wp-block-media-text alignwide is-stacked-on-mobile\" style=\"grid-template-columns:15% auto\"><figure class=\"wp-block-media-text__media\"><img loading=\"lazy\" width=\"64\" height=\"64\" src=\"https:\/\/www.ablogix.fr\/wp-content\/uploads\/2022\/03\/image_2021-05-07_164907-copie.png\" alt=\"\" class=\"wp-image-9840 size-full\"\/><\/figure><div class=\"wp-block-media-text__content\">\n<p class=\"has-medium-font-size\"><strong>IBM EWM Workflow Management (RTC) \u2013 Planning &amp; Configuration &amp; Change Management (CCM)&nbsp;:<\/strong><\/p>\n<\/div><\/div>\n\n\n\n<div style=\"height:44px\" aria-hidden=\"true\" class=\"wp-block-spacer\"><\/div>\n\n\n\n<p>This solution provides :<\/p>\n\n\n\n<p><\/p>\n\n\n\n<ul><li>Agile SCRUM, SAFe, Waterfall, \u2026<\/li><li>Version management of directories and files<\/li><li>Management of change records called &#8220;Work Items<\/li><li>Traceability between modified files and Work Items (Task, Story, Epic, \u2026)<\/li><li>Data access controls according to the teams<\/li><li>Work Item planning on phases\/iterations<\/li><li>Schedule monitoring and comparison of plans and activity progress<\/li><li>Reporting and integrated project management (planning and supervision)<\/li><li>Integration and collaboration with Git, Jira, \u2026 via Rest OSLC API<\/li><\/ul>\n\n\n\n<p><\/p>\n\n\n\n<p class=\"has-text-align-center\"><strong>HCL OneTest Studio \u2013 Testing tools suite&nbsp;:<\/strong><\/p>\n\n\n\n<p>This solution provides the following capabilities via several modules :<\/p>\n\n\n\n<ul><li>OneTest UI : Functional testing on terminals, web browsers and mobile devices<\/li><li>OneTest Performance: Testing to identify performance issues by simulating increased user load.<\/li><li>OneTest API : Testing APIs by sending information via different message formats and protocols<\/li><li>OneTest Virtualisation : virtualise missing (unimplemented) component plugs to enable early testing<\/li><li>OneTest Data : Generate volumes of data with one click<\/li><li>OneTest Embedded : test real-time applications<\/li><li>OneTest Server : Manage and monitor test projects<\/li><\/ul>\n\n\n\n<div style=\"height:21px\" aria-hidden=\"true\" class=\"wp-block-spacer\"><\/div>\n\n\n\n<div class=\"wp-block-media-text alignwide is-stacked-on-mobile\" style=\"grid-template-columns:15% auto\"><figure class=\"wp-block-media-text__media\"><img loading=\"lazy\" width=\"123\" height=\"111\" src=\"https:\/\/www.ablogix.fr\/wp-content\/uploads\/2022\/03\/image_2021-05-07_164708-copie.png\" alt=\"\" class=\"wp-image-9881 size-full\"\/><\/figure><div class=\"wp-block-media-text__content\">\n<p class=\"has-medium-font-size\"><strong><strong>HCL ACCELERATE \u2013 Value Stream Management of the DevOps chain :<\/strong><\/strong><\/p>\n<\/div><\/div>\n\n\n\n<div style=\"height:38px\" aria-hidden=\"true\" class=\"wp-block-spacer\"><\/div>\n\n\n\n<p>Main features provided by the tool :<\/p>\n\n\n\n<ul><li>It allows you to supervise your Devops strategy in a single dashboard by consolidating all the data produced in the Value Stream<\/li><li>It helps to visualise, orchestrate and optimise your continuous delivery value stream.<\/li><li>It integrates with existing DevOps tools to display an overview of the Delivery Pipeline, while allowing navigation to access details<\/li><li>It provides development teams, release managers and transformation managers with a single tool to consolidate data and drive actions in Agile and Continuous (CI, CD) mode.<\/li><li>It provides visibility into the schedule and its progress, as well as delivery incidents, and overcomes the orchestration difficulties associated with working remotely.<\/li><li>Pipeline Aggregation: Teams with complex, multi-service applications can orchestrate their pipelines through a single view.<\/li><li>It integrates with Jira, ServiceNow, GitHub, Appscan, OneTest and other tools.<\/li><\/ul>\n","protected":false},"excerpt":{"rendered":"<p>ABlogiX supply and deploy tooled-up process solution for System and Software Engineering Development On-Premise and SaaS on ABeeDev : Covering all development lifecycle disciplines: Requirements Management, Design, Testing, Configuration and Change Management, &#8230; Offering both Agile and Formal development cycle approaches While operating with a collaborative project management approach IBM ELM Jazz &#8211; Engineering Lifecycle <a href=\"https:\/\/www.ablogix.fr\/en\/processus-outilles\/\" rel=\"nofollow\"><span class=\"sr-only\">Read more about Tooled process<\/span>[&hellip;]<\/a><\/p>\n","protected":false},"author":1,"featured_media":0,"parent":0,"menu_order":0,"comment_status":"closed","ping_status":"closed","template":"template-fullwidth.php","meta":[],"translation":{"provider":"WPGlobus","version":"2.10.0","language":"en","enabled_languages":["fr","en"],"languages":{"fr":{"title":true,"content":true,"excerpt":false},"en":{"title":true,"content":true,"excerpt":false}}},"yoast_head":"<!-- This site is optimized with the Yoast SEO plugin v19.1 - https:\/\/yoast.com\/wordpress\/plugins\/seo\/ -->\n<title>Tooled process - ABlogiX<\/title>\n<meta name=\"robots\" content=\"index, follow, max-snippet:-1, max-image-preview:large, max-video-preview:-1\" \/>\n<link rel=\"canonical\" href=\"https:\/\/www.ablogix.fr\/processus-outilles\/\" \/>\n<meta property=\"og:locale\" content=\"en_US\" \/>\n<meta property=\"og:type\" content=\"article\" \/>\n<meta property=\"og:title\" content=\"Tooled process - ABlogiX\" \/>\n<meta property=\"og:url\" content=\"https:\/\/www.ablogix.fr\/processus-outilles\/\" \/>\n<meta property=\"og:site_name\" content=\"ABlogiX\" \/>\n<meta property=\"article:publisher\" content=\"https:\/\/www.facebook.com\/ABlogiX\" \/>\n<meta property=\"article:modified_time\" content=\"2023-12-11T23:08:36+00:00\" \/>\n<meta property=\"og:image\" content=\"https:\/\/www.ablogix.fr\/wp-content\/uploads\/2021\/05\/capture-SDLC-2021-05-07-2-1024x712.png\" \/>\n<meta name=\"twitter:card\" content=\"summary_large_image\" \/>\n<meta name=\"twitter:site\" content=\"@ABlogiX\" \/>\n<meta name=\"twitter:label1\" content=\"Est. reading time\" \/>\n\t<meta name=\"twitter:data1\" content=\"6 minutes\" \/>\n<script type=\"application\/ld+json\" class=\"yoast-schema-graph\">{\"@context\":\"https:\/\/schema.org\",\"@graph\":[{\"@type\":\"Organization\",\"@id\":\"https:\/\/www.ablogix.fr\/#organization\",\"name\":\"AblogiX\",\"url\":\"https:\/\/www.ablogix.fr\/\",\"sameAs\":[\"https:\/\/www.linkedin.com\/company\/sarl-ablogix\",\"https:\/\/www.youtube.com\/channel\/UC7LR5o5aeXzd2epr7eNma3g\/featured\",\"https:\/\/www.facebook.com\/ABlogiX\",\"https:\/\/twitter.com\/ABlogiX\"],\"logo\":{\"@type\":\"ImageObject\",\"inLanguage\":\"en-US\",\"@id\":\"https:\/\/www.ablogix.fr\/#\/schema\/logo\/image\/\",\"url\":\"https:\/\/www.ablogix.fr\/wp-content\/uploads\/2020\/11\/Logo-ABlogiX.png\",\"contentUrl\":\"https:\/\/www.ablogix.fr\/wp-content\/uploads\/2020\/11\/Logo-ABlogiX.png\",\"width\":534,\"height\":368,\"caption\":\"AblogiX\"},\"image\":{\"@id\":\"https:\/\/www.ablogix.fr\/#\/schema\/logo\/image\/\"}},{\"@type\":\"WebSite\",\"@id\":\"https:\/\/www.ablogix.fr\/#website\",\"url\":\"https:\/\/www.ablogix.fr\/\",\"name\":\"ABlogiX\",\"description\":\"Ing\u00e9nierie de d\u00e9veloppement syst\u00e8me et logiciel, et s\u00e9curit\u00e9 du syst\u00e8me d&#039;information\",\"publisher\":{\"@id\":\"https:\/\/www.ablogix.fr\/#organization\"},\"potentialAction\":[{\"@type\":\"SearchAction\",\"target\":{\"@type\":\"EntryPoint\",\"urlTemplate\":\"https:\/\/www.ablogix.fr\/?s={search_term_string}\"},\"query-input\":\"required name=search_term_string\"}],\"inLanguage\":\"en-US\"},{\"@type\":\"ImageObject\",\"inLanguage\":\"en-US\",\"@id\":\"https:\/\/www.ablogix.fr\/processus-outilles\/#primaryimage\",\"url\":\"https:\/\/www.ablogix.fr\/wp-content\/uploads\/2021\/05\/capture-SDLC-2021-05-07-2.png\",\"contentUrl\":\"https:\/\/www.ablogix.fr\/wp-content\/uploads\/2021\/05\/capture-SDLC-2021-05-07-2.png\",\"width\":1587,\"height\":1103},{\"@type\":\"WebPage\",\"@id\":\"https:\/\/www.ablogix.fr\/processus-outilles\/#webpage\",\"url\":\"https:\/\/www.ablogix.fr\/processus-outilles\/\",\"name\":\"Tooled process - ABlogiX\",\"isPartOf\":{\"@id\":\"https:\/\/www.ablogix.fr\/#website\"},\"primaryImageOfPage\":{\"@id\":\"https:\/\/www.ablogix.fr\/processus-outilles\/#primaryimage\"},\"datePublished\":\"2017-10-13T12:48:10+00:00\",\"dateModified\":\"2023-12-11T23:08:36+00:00\",\"breadcrumb\":{\"@id\":\"https:\/\/www.ablogix.fr\/processus-outilles\/#breadcrumb\"},\"inLanguage\":\"en-US\",\"potentialAction\":[{\"@type\":\"ReadAction\",\"target\":[\"https:\/\/www.ablogix.fr\/processus-outilles\/\"]}]},{\"@type\":\"BreadcrumbList\",\"@id\":\"https:\/\/www.ablogix.fr\/processus-outilles\/#breadcrumb\",\"itemListElement\":[{\"@type\":\"ListItem\",\"position\":1,\"name\":\"Accueil\",\"item\":\"https:\/\/www.ablogix.fr\/\"},{\"@type\":\"ListItem\",\"position\":2,\"name\":\"Processus outill\u00e9 d&rsquo;Ing\u00e9nierie de D\u00e9veloppement\"}]}]}<\/script>\n<!-- \/ Yoast SEO plugin. -->","yoast_head_json":{"title":"Tooled process - ABlogiX","robots":{"index":"index","follow":"follow","max-snippet":"max-snippet:-1","max-image-preview":"max-image-preview:large","max-video-preview":"max-video-preview:-1"},"canonical":"https:\/\/www.ablogix.fr\/processus-outilles\/","og_locale":"en_US","og_type":"article","og_title":"Tooled process - ABlogiX","og_url":"https:\/\/www.ablogix.fr\/processus-outilles\/","og_site_name":"ABlogiX","article_publisher":"https:\/\/www.facebook.com\/ABlogiX","article_modified_time":"2023-12-11T23:08:36+00:00","og_image":[{"url":"https:\/\/www.ablogix.fr\/wp-content\/uploads\/2021\/05\/capture-SDLC-2021-05-07-2-1024x712.png"}],"twitter_card":"summary_large_image","twitter_site":"@ABlogiX","twitter_misc":{"Est. reading time":"6 minutes"},"schema":{"@context":"https:\/\/schema.org","@graph":[{"@type":"Organization","@id":"https:\/\/www.ablogix.fr\/#organization","name":"AblogiX","url":"https:\/\/www.ablogix.fr\/","sameAs":["https:\/\/www.linkedin.com\/company\/sarl-ablogix","https:\/\/www.youtube.com\/channel\/UC7LR5o5aeXzd2epr7eNma3g\/featured","https:\/\/www.facebook.com\/ABlogiX","https:\/\/twitter.com\/ABlogiX"],"logo":{"@type":"ImageObject","inLanguage":"en-US","@id":"https:\/\/www.ablogix.fr\/#\/schema\/logo\/image\/","url":"https:\/\/www.ablogix.fr\/wp-content\/uploads\/2020\/11\/Logo-ABlogiX.png","contentUrl":"https:\/\/www.ablogix.fr\/wp-content\/uploads\/2020\/11\/Logo-ABlogiX.png","width":534,"height":368,"caption":"AblogiX"},"image":{"@id":"https:\/\/www.ablogix.fr\/#\/schema\/logo\/image\/"}},{"@type":"WebSite","@id":"https:\/\/www.ablogix.fr\/#website","url":"https:\/\/www.ablogix.fr\/","name":"ABlogiX","description":"Ing\u00e9nierie de d\u00e9veloppement syst\u00e8me et logiciel, et s\u00e9curit\u00e9 du syst\u00e8me d&#039;information","publisher":{"@id":"https:\/\/www.ablogix.fr\/#organization"},"potentialAction":[{"@type":"SearchAction","target":{"@type":"EntryPoint","urlTemplate":"https:\/\/www.ablogix.fr\/?s={search_term_string}"},"query-input":"required name=search_term_string"}],"inLanguage":"en-US"},{"@type":"ImageObject","inLanguage":"en-US","@id":"https:\/\/www.ablogix.fr\/processus-outilles\/#primaryimage","url":"https:\/\/www.ablogix.fr\/wp-content\/uploads\/2021\/05\/capture-SDLC-2021-05-07-2.png","contentUrl":"https:\/\/www.ablogix.fr\/wp-content\/uploads\/2021\/05\/capture-SDLC-2021-05-07-2.png","width":1587,"height":1103},{"@type":"WebPage","@id":"https:\/\/www.ablogix.fr\/processus-outilles\/#webpage","url":"https:\/\/www.ablogix.fr\/processus-outilles\/","name":"Tooled process - ABlogiX","isPartOf":{"@id":"https:\/\/www.ablogix.fr\/#website"},"primaryImageOfPage":{"@id":"https:\/\/www.ablogix.fr\/processus-outilles\/#primaryimage"},"datePublished":"2017-10-13T12:48:10+00:00","dateModified":"2023-12-11T23:08:36+00:00","breadcrumb":{"@id":"https:\/\/www.ablogix.fr\/processus-outilles\/#breadcrumb"},"inLanguage":"en-US","potentialAction":[{"@type":"ReadAction","target":["https:\/\/www.ablogix.fr\/processus-outilles\/"]}]},{"@type":"BreadcrumbList","@id":"https:\/\/www.ablogix.fr\/processus-outilles\/#breadcrumb","itemListElement":[{"@type":"ListItem","position":1,"name":"Accueil","item":"https:\/\/www.ablogix.fr\/"},{"@type":"ListItem","position":2,"name":"Processus outill\u00e9 d&rsquo;Ing\u00e9nierie de D\u00e9veloppement"}]}]}},"_links":{"self":[{"href":"https:\/\/www.ablogix.fr\/en\/wp-json\/wp\/v2\/pages\/231"}],"collection":[{"href":"https:\/\/www.ablogix.fr\/en\/wp-json\/wp\/v2\/pages"}],"about":[{"href":"https:\/\/www.ablogix.fr\/en\/wp-json\/wp\/v2\/types\/page"}],"author":[{"embeddable":true,"href":"https:\/\/www.ablogix.fr\/en\/wp-json\/wp\/v2\/users\/1"}],"replies":[{"embeddable":true,"href":"https:\/\/www.ablogix.fr\/en\/wp-json\/wp\/v2\/comments?post=231"}],"version-history":[{"count":75,"href":"https:\/\/www.ablogix.fr\/en\/wp-json\/wp\/v2\/pages\/231\/revisions"}],"predecessor-version":[{"id":19018,"href":"https:\/\/www.ablogix.fr\/en\/wp-json\/wp\/v2\/pages\/231\/revisions\/19018"}],"wp:attachment":[{"href":"https:\/\/www.ablogix.fr\/en\/wp-json\/wp\/v2\/media?parent=231"}],"curies":[{"name":"wp","href":"https:\/\/api.w.org\/{rel}","templated":true}]}}