{"id":225,"date":"2017-10-13T14:46:56","date_gmt":"2017-10-13T12:46:56","guid":{"rendered":"http:\/\/92.222.19.170\/?page_id=225"},"modified":"2021-03-29T15:27:54","modified_gmt":"2021-03-29T13:27:54","slug":"cameras-mobotix","status":"publish","type":"page","link":"https:\/\/www.ablogix.fr\/en\/cameras-mobotix\/","title":{"rendered":"Mobotix cameras"},"content":{"rendered":"\n<p>ABlogiX specialises in Software Engineering and Information System Security and offers complete security solutions that cover the entire potential attack surface.<\/p>\n\n\n\n<p>Within the framework of <strong>Physical Security<\/strong>, ABlogiX offers to guarantee the <strong>security of the building<\/strong>, <strong>the people and the IT assets <\/strong>with the solutions :<\/p>\n\n\n\n<ul><li><strong>Video protection<\/strong> systems from <strong>MOBOTIX<\/strong>,<\/li><li>access control with RFID badge systems,<\/li><li>integrations of systems such as RFID <strong>access control<\/strong> with video protection,<\/li><li>security (risks and solutions).<\/li><\/ul>\n\n\n\n<div class=\"wp-block-image\"><figure class=\"aligncenter\"><a href=\"https:\/\/www.ablogix.fr\/wp-content\/uploads\/2017\/10\/mobotix.jpg\"><img loading=\"lazy\" width=\"1024\" height=\"819\" src=\"https:\/\/www.ablogix.fr\/wp-content\/uploads\/2017\/10\/mobotix-1024x819.jpg\" alt=\"\" class=\"wp-image-226\" srcset=\"https:\/\/www.ablogix.fr\/wp-content\/uploads\/2017\/10\/mobotix-1024x819.jpg 1024w, https:\/\/www.ablogix.fr\/wp-content\/uploads\/2017\/10\/mobotix-300x240.jpg 300w, https:\/\/www.ablogix.fr\/wp-content\/uploads\/2017\/10\/mobotix-768x614.jpg 768w, https:\/\/www.ablogix.fr\/wp-content\/uploads\/2017\/10\/mobotix.jpg 1280w\" sizes=\"(max-width: 1024px) 100vw, 1024px\" \/><\/a><\/figure><\/div>\n\n\n\n<p>More than just installing a video surveillance camera, ABlogiX specifies, designs, installs and maintains an<strong> integrated, tailor-made video protection solution for its customers.<\/strong><\/p>\n\n\n\n<p>ABlogiX ensures permanent monitoring of the entire technical solution installed and remote start-up in the event of a malfunction (electrical or IT).<\/p>\n\n\n\n<p>On-site intervention is only carried out in the event of a hardware failure.<\/p>\n\n\n\n<figure class=\"wp-block-table alignleft\"><table><thead><tr><th scope=\"col\">Dome camera &nbsp;<br> 2 directional sensors<\/th><th scope=\"col\">wide range of sensors<br> night &#8211; colour &#8211; thermal<\/th><th scope=\"col\">image processing features<\/th><\/tr><\/thead><tbody><tr><td><a href=\"https:\/\/www.ablogix.fr\/wp-content\/uploads\/2017\/10\/dome.jpg\"><img loading=\"lazy\" width=\"300\" height=\"151\" src=\"https:\/\/www.ablogix.fr\/wp-content\/uploads\/2017\/10\/dome-300x151.jpg\" alt=\"\"><\/a><a href=\"https:\/\/www.ablogix.fr\/wp-content\/uploads\/2017\/10\/dome.jpg\"><\/a><\/td><td><a href=\"https:\/\/www.ablogix.fr\/wp-content\/uploads\/2017\/10\/mx_thermic-night-captor.jpg\"><img loading=\"lazy\" width=\"300\" height=\"141\" src=\"https:\/\/www.ablogix.fr\/wp-content\/uploads\/2017\/10\/mx_thermic-night-captor-300x141.jpg\" alt=\"\"><\/a><a href=\"https:\/\/www.ablogix.fr\/wp-content\/uploads\/2017\/10\/mx_thermic-night-captor.jpg\"><\/a><\/td><td><a href=\"https:\/\/www.ablogix.fr\/wp-content\/uploads\/2017\/10\/Mx_WB_Mx.gif\"><img loading=\"lazy\" width=\"300\" height=\"161\" src=\"https:\/\/www.ablogix.fr\/wp-content\/uploads\/2017\/10\/Mx_WB_Mx-300x161.gif\" alt=\"\"><\/a><a href=\"https:\/\/www.ablogix.fr\/wp-content\/uploads\/2017\/10\/Mx_WB_Mx.gif\"><\/a><\/td><\/tr><\/tbody><\/table><figcaption><a href=\"https:\/\/www.ablogix.fr\/wp-content\/uploads\/2017\/10\/Mx_WB_Mx.gif\"><\/a><\/figcaption><\/figure>\n\n\n\n<h2><strong>Reliable solutions :<\/strong><\/h2>\n\n\n\n<p>The solutions chosen by ABlogiX, such as the MOBOTIX products, have the lowest failure rate on the market, and the software installed is updated by remote assistance, allowing the transmission of new functions without changing the hardware.<\/p>\n\n\n\n<p>Thanks to the innovative design of the MOBOTIX cameras and the integration of the systems made by ABlogiX, our offer of functionalities and services for video protection is the most complete :<\/p>\n\n\n\n<ul><li><strong>decentralised architecture<\/strong> with stand-alone cameras (no need for a costly centralised server)<\/li><li><strong>remote access in web<\/strong> mode from computers and mobiles (and tablets) while guaranteeing <strong>secure access<\/strong>,<\/li><li><strong>simple integration<\/strong> into existing IT architectures and with other cameras (H264, ONVIF compatible) buffering of images and videos (recording of images on the 4G, 64G or 128G SD card before transferring the files to the customer&#8217;s network storage array or to the ABlogiX Cloud)<\/li><li>email <strong>alerts<\/strong>, <strong>remote voice control<\/strong> via your PC or mobile,<\/li><li>high HD resolution, <strong>extra wide 180\u00b0 and 360\u00b0 image<\/strong> with full exploitation of the filmed surfaces up to 30 meters deep,<\/li><li>l<strong>ow power consumption<\/strong> (4 to 7Wh) and its low current power supply (POEEE) which limits the need for cables and therefore facilitates installation,<\/li><li>Sending <strong>alerts by detection of movement<\/strong>,<strong> abnormal displacement, noise<\/strong> and even external sensors OR a combination of these alerting factors,<\/li><li>logs recorded in the logbook to ensure the evidential value of operations carried out with the camera.<\/li><\/ul>\n\n\n\n<h2>The benefits :<\/h2>\n\n\n\n<ul><li>fewer cameras,<\/li><li>less network bandwidth usage due to in-camera processing,<\/li><li>less network storage with SD card storage up to 128GB,<\/li><li>robust and even vandal-proof if required,<\/li><li>software included, no license required and free updates,<\/li><li>can be used in large organisations (several thousand cameras) and also for SMEs and private installations thanks to its autonomous and fully integrated operation.<\/li><\/ul>\n","protected":false},"excerpt":{"rendered":"<p>ABlogiX specialises in Software Engineering and Information System Security and offers complete security solutions that cover the entire potential attack surface. Within the framework of Physical Security, ABlogiX offers to guarantee the security of the building, the people and the IT assets with the solutions : Video protection systems from MOBOTIX, access control with RFID <a href=\"https:\/\/www.ablogix.fr\/en\/cameras-mobotix\/\" rel=\"nofollow\"><span class=\"sr-only\">Read more about Mobotix cameras<\/span>[&hellip;]<\/a><\/p>\n","protected":false},"author":1,"featured_media":0,"parent":0,"menu_order":0,"comment_status":"closed","ping_status":"closed","template":"template-fullwidth.php","meta":[],"translation":{"provider":"WPGlobus","version":"2.10.0","language":"en","enabled_languages":["fr","en"],"languages":{"fr":{"title":true,"content":true,"excerpt":false},"en":{"title":true,"content":true,"excerpt":false}}},"yoast_head":"<!-- This site is optimized with the Yoast SEO plugin v19.1 - https:\/\/yoast.com\/wordpress\/plugins\/seo\/ -->\n<title>Mobotix cameras - ABlogiX<\/title>\n<meta name=\"robots\" content=\"index, follow, max-snippet:-1, max-image-preview:large, max-video-preview:-1\" \/>\n<link rel=\"canonical\" href=\"https:\/\/www.ablogix.fr\/cameras-mobotix\/\" \/>\n<meta property=\"og:locale\" content=\"en_US\" \/>\n<meta property=\"og:type\" content=\"article\" \/>\n<meta property=\"og:title\" content=\"Mobotix cameras - ABlogiX\" \/>\n<meta property=\"og:url\" content=\"https:\/\/www.ablogix.fr\/cameras-mobotix\/\" \/>\n<meta property=\"og:site_name\" content=\"ABlogiX\" \/>\n<meta property=\"article:publisher\" content=\"https:\/\/www.facebook.com\/ABlogiX\" \/>\n<meta property=\"article:modified_time\" content=\"2021-03-29T13:27:54+00:00\" \/>\n<meta property=\"og:image\" content=\"https:\/\/www.ablogix.fr\/wp-content\/uploads\/2017\/10\/mobotix-1024x819.jpg\" \/>\n<meta name=\"twitter:card\" content=\"summary_large_image\" \/>\n<meta name=\"twitter:site\" content=\"@ABlogiX\" \/>\n<meta name=\"twitter:label1\" content=\"Est. reading time\" \/>\n\t<meta name=\"twitter:data1\" content=\"3 minutes\" \/>\n<script type=\"application\/ld+json\" class=\"yoast-schema-graph\">{\"@context\":\"https:\/\/schema.org\",\"@graph\":[{\"@type\":\"Organization\",\"@id\":\"https:\/\/www.ablogix.fr\/#organization\",\"name\":\"AblogiX\",\"url\":\"https:\/\/www.ablogix.fr\/\",\"sameAs\":[\"https:\/\/www.linkedin.com\/company\/sarl-ablogix\",\"https:\/\/www.youtube.com\/channel\/UC7LR5o5aeXzd2epr7eNma3g\/featured\",\"https:\/\/www.facebook.com\/ABlogiX\",\"https:\/\/twitter.com\/ABlogiX\"],\"logo\":{\"@type\":\"ImageObject\",\"inLanguage\":\"en-US\",\"@id\":\"https:\/\/www.ablogix.fr\/#\/schema\/logo\/image\/\",\"url\":\"https:\/\/www.ablogix.fr\/wp-content\/uploads\/2020\/11\/Logo-ABlogiX.png\",\"contentUrl\":\"https:\/\/www.ablogix.fr\/wp-content\/uploads\/2020\/11\/Logo-ABlogiX.png\",\"width\":534,\"height\":368,\"caption\":\"AblogiX\"},\"image\":{\"@id\":\"https:\/\/www.ablogix.fr\/#\/schema\/logo\/image\/\"}},{\"@type\":\"WebSite\",\"@id\":\"https:\/\/www.ablogix.fr\/#website\",\"url\":\"https:\/\/www.ablogix.fr\/\",\"name\":\"ABlogiX\",\"description\":\"Ing\u00e9nierie de d\u00e9veloppement syst\u00e8me et logiciel, et s\u00e9curit\u00e9 du syst\u00e8me d&#039;information\",\"publisher\":{\"@id\":\"https:\/\/www.ablogix.fr\/#organization\"},\"potentialAction\":[{\"@type\":\"SearchAction\",\"target\":{\"@type\":\"EntryPoint\",\"urlTemplate\":\"https:\/\/www.ablogix.fr\/?s={search_term_string}\"},\"query-input\":\"required name=search_term_string\"}],\"inLanguage\":\"en-US\"},{\"@type\":\"ImageObject\",\"inLanguage\":\"en-US\",\"@id\":\"https:\/\/www.ablogix.fr\/cameras-mobotix\/#primaryimage\",\"url\":\"https:\/\/www.ablogix.fr\/wp-content\/uploads\/2017\/10\/mobotix.jpg\",\"contentUrl\":\"https:\/\/www.ablogix.fr\/wp-content\/uploads\/2017\/10\/mobotix.jpg\",\"width\":1280,\"height\":1024},{\"@type\":\"WebPage\",\"@id\":\"https:\/\/www.ablogix.fr\/cameras-mobotix\/#webpage\",\"url\":\"https:\/\/www.ablogix.fr\/cameras-mobotix\/\",\"name\":\"Mobotix cameras - ABlogiX\",\"isPartOf\":{\"@id\":\"https:\/\/www.ablogix.fr\/#website\"},\"primaryImageOfPage\":{\"@id\":\"https:\/\/www.ablogix.fr\/cameras-mobotix\/#primaryimage\"},\"datePublished\":\"2017-10-13T12:46:56+00:00\",\"dateModified\":\"2021-03-29T13:27:54+00:00\",\"breadcrumb\":{\"@id\":\"https:\/\/www.ablogix.fr\/cameras-mobotix\/#breadcrumb\"},\"inLanguage\":\"en-US\",\"potentialAction\":[{\"@type\":\"ReadAction\",\"target\":[\"https:\/\/www.ablogix.fr\/cameras-mobotix\/\"]}]},{\"@type\":\"BreadcrumbList\",\"@id\":\"https:\/\/www.ablogix.fr\/cameras-mobotix\/#breadcrumb\",\"itemListElement\":[{\"@type\":\"ListItem\",\"position\":1,\"name\":\"Accueil\",\"item\":\"https:\/\/www.ablogix.fr\/\"},{\"@type\":\"ListItem\",\"position\":2,\"name\":\"Cam\u00e9ras Mobotix\"}]}]}<\/script>\n<!-- \/ Yoast SEO plugin. -->","yoast_head_json":{"title":"Mobotix cameras - ABlogiX","robots":{"index":"index","follow":"follow","max-snippet":"max-snippet:-1","max-image-preview":"max-image-preview:large","max-video-preview":"max-video-preview:-1"},"canonical":"https:\/\/www.ablogix.fr\/cameras-mobotix\/","og_locale":"en_US","og_type":"article","og_title":"Mobotix cameras - ABlogiX","og_url":"https:\/\/www.ablogix.fr\/cameras-mobotix\/","og_site_name":"ABlogiX","article_publisher":"https:\/\/www.facebook.com\/ABlogiX","article_modified_time":"2021-03-29T13:27:54+00:00","og_image":[{"url":"https:\/\/www.ablogix.fr\/wp-content\/uploads\/2017\/10\/mobotix-1024x819.jpg"}],"twitter_card":"summary_large_image","twitter_site":"@ABlogiX","twitter_misc":{"Est. reading time":"3 minutes"},"schema":{"@context":"https:\/\/schema.org","@graph":[{"@type":"Organization","@id":"https:\/\/www.ablogix.fr\/#organization","name":"AblogiX","url":"https:\/\/www.ablogix.fr\/","sameAs":["https:\/\/www.linkedin.com\/company\/sarl-ablogix","https:\/\/www.youtube.com\/channel\/UC7LR5o5aeXzd2epr7eNma3g\/featured","https:\/\/www.facebook.com\/ABlogiX","https:\/\/twitter.com\/ABlogiX"],"logo":{"@type":"ImageObject","inLanguage":"en-US","@id":"https:\/\/www.ablogix.fr\/#\/schema\/logo\/image\/","url":"https:\/\/www.ablogix.fr\/wp-content\/uploads\/2020\/11\/Logo-ABlogiX.png","contentUrl":"https:\/\/www.ablogix.fr\/wp-content\/uploads\/2020\/11\/Logo-ABlogiX.png","width":534,"height":368,"caption":"AblogiX"},"image":{"@id":"https:\/\/www.ablogix.fr\/#\/schema\/logo\/image\/"}},{"@type":"WebSite","@id":"https:\/\/www.ablogix.fr\/#website","url":"https:\/\/www.ablogix.fr\/","name":"ABlogiX","description":"Ing\u00e9nierie de d\u00e9veloppement syst\u00e8me et logiciel, et s\u00e9curit\u00e9 du syst\u00e8me d&#039;information","publisher":{"@id":"https:\/\/www.ablogix.fr\/#organization"},"potentialAction":[{"@type":"SearchAction","target":{"@type":"EntryPoint","urlTemplate":"https:\/\/www.ablogix.fr\/?s={search_term_string}"},"query-input":"required name=search_term_string"}],"inLanguage":"en-US"},{"@type":"ImageObject","inLanguage":"en-US","@id":"https:\/\/www.ablogix.fr\/cameras-mobotix\/#primaryimage","url":"https:\/\/www.ablogix.fr\/wp-content\/uploads\/2017\/10\/mobotix.jpg","contentUrl":"https:\/\/www.ablogix.fr\/wp-content\/uploads\/2017\/10\/mobotix.jpg","width":1280,"height":1024},{"@type":"WebPage","@id":"https:\/\/www.ablogix.fr\/cameras-mobotix\/#webpage","url":"https:\/\/www.ablogix.fr\/cameras-mobotix\/","name":"Mobotix cameras - ABlogiX","isPartOf":{"@id":"https:\/\/www.ablogix.fr\/#website"},"primaryImageOfPage":{"@id":"https:\/\/www.ablogix.fr\/cameras-mobotix\/#primaryimage"},"datePublished":"2017-10-13T12:46:56+00:00","dateModified":"2021-03-29T13:27:54+00:00","breadcrumb":{"@id":"https:\/\/www.ablogix.fr\/cameras-mobotix\/#breadcrumb"},"inLanguage":"en-US","potentialAction":[{"@type":"ReadAction","target":["https:\/\/www.ablogix.fr\/cameras-mobotix\/"]}]},{"@type":"BreadcrumbList","@id":"https:\/\/www.ablogix.fr\/cameras-mobotix\/#breadcrumb","itemListElement":[{"@type":"ListItem","position":1,"name":"Accueil","item":"https:\/\/www.ablogix.fr\/"},{"@type":"ListItem","position":2,"name":"Cam\u00e9ras Mobotix"}]}]}},"_links":{"self":[{"href":"https:\/\/www.ablogix.fr\/en\/wp-json\/wp\/v2\/pages\/225"}],"collection":[{"href":"https:\/\/www.ablogix.fr\/en\/wp-json\/wp\/v2\/pages"}],"about":[{"href":"https:\/\/www.ablogix.fr\/en\/wp-json\/wp\/v2\/types\/page"}],"author":[{"embeddable":true,"href":"https:\/\/www.ablogix.fr\/en\/wp-json\/wp\/v2\/users\/1"}],"replies":[{"embeddable":true,"href":"https:\/\/www.ablogix.fr\/en\/wp-json\/wp\/v2\/comments?post=225"}],"version-history":[{"count":21,"href":"https:\/\/www.ablogix.fr\/en\/wp-json\/wp\/v2\/pages\/225\/revisions"}],"predecessor-version":[{"id":4788,"href":"https:\/\/www.ablogix.fr\/en\/wp-json\/wp\/v2\/pages\/225\/revisions\/4788"}],"wp:attachment":[{"href":"https:\/\/www.ablogix.fr\/en\/wp-json\/wp\/v2\/media?parent=225"}],"curies":[{"name":"wp","href":"https:\/\/api.w.org\/{rel}","templated":true}]}}