{"id":214,"date":"2017-10-13T14:37:19","date_gmt":"2017-10-13T12:37:19","guid":{"rendered":"http:\/\/92.222.19.170\/?page_id=214"},"modified":"2021-03-29T12:38:36","modified_gmt":"2021-03-29T10:38:36","slug":"pare-feu-palo-alto","status":"publish","type":"page","link":"https:\/\/www.ablogix.fr\/en\/pare-feu-palo-alto\/","title":{"rendered":"Palo-Alto Firewall"},"content":{"rendered":"\n<h2>Palo Alto Networks, the first network security solution certified by the ANSSI in France.<\/h2>\n\n\n\n<p><strong>ABlogiX is a certified partner<\/strong> on <strong>Palo Alto Networks next generation firewalls <\/strong>to meet the most demanding network security needs.<\/p>\n\n\n\n<p>The traditional firewall is no longer effective in complex infrastructure configurations. Today&#8217;s threats easily bypass traditional firewalls because they are not tied to ports or protocols and can even be encrypted.<\/p>\n\n\n\n<div class=\"wp-block-image\"><figure class=\"aligncenter\"><a href=\"https:\/\/www.ablogix.fr\/wp-content\/uploads\/2017\/10\/paloaltonetworks.png\"><img loading=\"lazy\" width=\"145\" height=\"50\" src=\"https:\/\/www.ablogix.fr\/wp-content\/uploads\/2017\/10\/paloaltonetworks.png\" alt=\"\" class=\"wp-image-215\"\/><\/a><\/figure><\/div>\n\n\n\n<p>Palo Alto Networks offers next-generation firewalls that can see and control applications, users and content simultaneously at up to 20Gbs, without performance degradation.<\/p>\n\n\n\n<div class=\"wp-block-image\"><figure class=\"aligncenter\"><a href=\"https:\/\/www.ablogix.fr\/wp-content\/uploads\/2017\/10\/pan-controlappusercontent.jpg\"><img loading=\"lazy\" width=\"889\" height=\"768\" src=\"https:\/\/www.ablogix.fr\/wp-content\/uploads\/2017\/10\/pan-controlappusercontent.jpg\" alt=\"\" class=\"wp-image-216\" srcset=\"https:\/\/www.ablogix.fr\/wp-content\/uploads\/2017\/10\/pan-controlappusercontent.jpg 889w, https:\/\/www.ablogix.fr\/wp-content\/uploads\/2017\/10\/pan-controlappusercontent-300x259.jpg 300w, https:\/\/www.ablogix.fr\/wp-content\/uploads\/2017\/10\/pan-controlappusercontent-768x663.jpg 768w\" sizes=\"(max-width: 889px) 100vw, 889px\" \/><\/a><\/figure><\/div>\n\n\n\n<p>Full control of applications, users and content<\/p>\n\n\n\n<h2>Three key solutions :<\/h2>\n\n\n\n<ul><li>Identify applications<\/li><li>Protect against threats<\/li><li>Simplify infrastructure<\/li><\/ul>\n\n\n\n<h2>Three identification technologies in one go :<\/h2>\n\n\n\n<p>App-ID : to identify applications accurately.<\/p>\n\n\n\n<p>User-ID : for seamless integration with enterprise directory services such as Active Directory, eDirectory, LDAP and Citrix.<\/p>\n\n\n\n<p>Content-ID : Plux scanning engine to block all types of threats and limit unauthorised file and data transfer. Comprehensive URL database to monitor web browsing.<\/p>\n\n\n\n<div class=\"wp-block-image\"><figure class=\"aligncenter\"><a href=\"https:\/\/www.ablogix.fr\/wp-content\/uploads\/2017\/10\/singlepasssoft-capture.jpg\"><img loading=\"lazy\" width=\"300\" height=\"248\" src=\"https:\/\/www.ablogix.fr\/wp-content\/uploads\/2017\/10\/singlepasssoft-capture-300x248.jpg\" alt=\"\" class=\"wp-image-217\" srcset=\"https:\/\/www.ablogix.fr\/wp-content\/uploads\/2017\/10\/singlepasssoft-capture-300x248.jpg 300w, https:\/\/www.ablogix.fr\/wp-content\/uploads\/2017\/10\/singlepasssoft-capture.jpg 400w\" sizes=\"(max-width: 300px) 100vw, 300px\" \/><\/a><\/figure><\/div>\n\n\n\n<p>This analysis is done in a single pass allowing high performance to be maintained through parallel processing by all existing and future analysis modules.<\/p>\n","protected":false},"excerpt":{"rendered":"<p>Palo Alto Networks, the first network security solution certified by the ANSSI in France. ABlogiX is a certified partner on Palo Alto Networks next generation firewalls to meet the most demanding network security needs. The traditional firewall is no longer effective in complex infrastructure configurations. Today&#8217;s threats easily bypass traditional firewalls because they are not <a href=\"https:\/\/www.ablogix.fr\/en\/pare-feu-palo-alto\/\" rel=\"nofollow\"><span class=\"sr-only\">Read more about Palo-Alto Firewall<\/span>[&hellip;]<\/a><\/p>\n","protected":false},"author":1,"featured_media":0,"parent":0,"menu_order":0,"comment_status":"closed","ping_status":"closed","template":"template-fullwidth.php","meta":[],"translation":{"provider":"WPGlobus","version":"2.10.0","language":"en","enabled_languages":["fr","en"],"languages":{"fr":{"title":true,"content":true,"excerpt":false},"en":{"title":true,"content":true,"excerpt":false}}},"yoast_head":"<!-- This site is optimized with the Yoast SEO plugin v19.1 - https:\/\/yoast.com\/wordpress\/plugins\/seo\/ -->\n<title>Palo-Alto Firewall - ABlogiX<\/title>\n<meta name=\"robots\" content=\"index, follow, max-snippet:-1, max-image-preview:large, max-video-preview:-1\" \/>\n<link rel=\"canonical\" href=\"https:\/\/www.ablogix.fr\/pare-feu-palo-alto\/\" \/>\n<meta property=\"og:locale\" content=\"en_US\" \/>\n<meta property=\"og:type\" content=\"article\" \/>\n<meta property=\"og:title\" content=\"Palo-Alto Firewall - ABlogiX\" \/>\n<meta property=\"og:url\" content=\"https:\/\/www.ablogix.fr\/pare-feu-palo-alto\/\" \/>\n<meta property=\"og:site_name\" content=\"ABlogiX\" \/>\n<meta property=\"article:publisher\" content=\"https:\/\/www.facebook.com\/ABlogiX\" \/>\n<meta property=\"article:modified_time\" content=\"2021-03-29T10:38:36+00:00\" \/>\n<meta property=\"og:image\" content=\"https:\/\/www.ablogix.fr\/wp-content\/uploads\/2017\/10\/paloaltonetworks.png\" \/>\n<meta name=\"twitter:card\" content=\"summary_large_image\" \/>\n<meta name=\"twitter:site\" content=\"@ABlogiX\" \/>\n<meta name=\"twitter:label1\" content=\"Est. reading time\" \/>\n\t<meta name=\"twitter:data1\" content=\"2 minutes\" \/>\n<script type=\"application\/ld+json\" class=\"yoast-schema-graph\">{\"@context\":\"https:\/\/schema.org\",\"@graph\":[{\"@type\":\"Organization\",\"@id\":\"https:\/\/www.ablogix.fr\/#organization\",\"name\":\"AblogiX\",\"url\":\"https:\/\/www.ablogix.fr\/\",\"sameAs\":[\"https:\/\/www.linkedin.com\/company\/sarl-ablogix\",\"https:\/\/www.youtube.com\/channel\/UC7LR5o5aeXzd2epr7eNma3g\/featured\",\"https:\/\/www.facebook.com\/ABlogiX\",\"https:\/\/twitter.com\/ABlogiX\"],\"logo\":{\"@type\":\"ImageObject\",\"inLanguage\":\"en-US\",\"@id\":\"https:\/\/www.ablogix.fr\/#\/schema\/logo\/image\/\",\"url\":\"https:\/\/www.ablogix.fr\/wp-content\/uploads\/2020\/11\/Logo-ABlogiX.png\",\"contentUrl\":\"https:\/\/www.ablogix.fr\/wp-content\/uploads\/2020\/11\/Logo-ABlogiX.png\",\"width\":534,\"height\":368,\"caption\":\"AblogiX\"},\"image\":{\"@id\":\"https:\/\/www.ablogix.fr\/#\/schema\/logo\/image\/\"}},{\"@type\":\"WebSite\",\"@id\":\"https:\/\/www.ablogix.fr\/#website\",\"url\":\"https:\/\/www.ablogix.fr\/\",\"name\":\"ABlogiX\",\"description\":\"Ing\u00e9nierie de d\u00e9veloppement syst\u00e8me et logiciel, et s\u00e9curit\u00e9 du syst\u00e8me d&#039;information\",\"publisher\":{\"@id\":\"https:\/\/www.ablogix.fr\/#organization\"},\"potentialAction\":[{\"@type\":\"SearchAction\",\"target\":{\"@type\":\"EntryPoint\",\"urlTemplate\":\"https:\/\/www.ablogix.fr\/?s={search_term_string}\"},\"query-input\":\"required name=search_term_string\"}],\"inLanguage\":\"en-US\"},{\"@type\":\"ImageObject\",\"inLanguage\":\"en-US\",\"@id\":\"https:\/\/www.ablogix.fr\/pare-feu-palo-alto\/#primaryimage\",\"url\":\"https:\/\/www.ablogix.fr\/wp-content\/uploads\/2017\/10\/paloaltonetworks.png\",\"contentUrl\":\"https:\/\/www.ablogix.fr\/wp-content\/uploads\/2017\/10\/paloaltonetworks.png\",\"width\":145,\"height\":50},{\"@type\":\"WebPage\",\"@id\":\"https:\/\/www.ablogix.fr\/pare-feu-palo-alto\/#webpage\",\"url\":\"https:\/\/www.ablogix.fr\/pare-feu-palo-alto\/\",\"name\":\"Palo-Alto Firewall - ABlogiX\",\"isPartOf\":{\"@id\":\"https:\/\/www.ablogix.fr\/#website\"},\"primaryImageOfPage\":{\"@id\":\"https:\/\/www.ablogix.fr\/pare-feu-palo-alto\/#primaryimage\"},\"datePublished\":\"2017-10-13T12:37:19+00:00\",\"dateModified\":\"2021-03-29T10:38:36+00:00\",\"breadcrumb\":{\"@id\":\"https:\/\/www.ablogix.fr\/pare-feu-palo-alto\/#breadcrumb\"},\"inLanguage\":\"en-US\",\"potentialAction\":[{\"@type\":\"ReadAction\",\"target\":[\"https:\/\/www.ablogix.fr\/pare-feu-palo-alto\/\"]}]},{\"@type\":\"BreadcrumbList\",\"@id\":\"https:\/\/www.ablogix.fr\/pare-feu-palo-alto\/#breadcrumb\",\"itemListElement\":[{\"@type\":\"ListItem\",\"position\":1,\"name\":\"Accueil\",\"item\":\"https:\/\/www.ablogix.fr\/\"},{\"@type\":\"ListItem\",\"position\":2,\"name\":\"Pare-feu Palo-Alto\"}]}]}<\/script>\n<!-- \/ Yoast SEO plugin. -->","yoast_head_json":{"title":"Palo-Alto Firewall - ABlogiX","robots":{"index":"index","follow":"follow","max-snippet":"max-snippet:-1","max-image-preview":"max-image-preview:large","max-video-preview":"max-video-preview:-1"},"canonical":"https:\/\/www.ablogix.fr\/pare-feu-palo-alto\/","og_locale":"en_US","og_type":"article","og_title":"Palo-Alto Firewall - ABlogiX","og_url":"https:\/\/www.ablogix.fr\/pare-feu-palo-alto\/","og_site_name":"ABlogiX","article_publisher":"https:\/\/www.facebook.com\/ABlogiX","article_modified_time":"2021-03-29T10:38:36+00:00","og_image":[{"url":"https:\/\/www.ablogix.fr\/wp-content\/uploads\/2017\/10\/paloaltonetworks.png"}],"twitter_card":"summary_large_image","twitter_site":"@ABlogiX","twitter_misc":{"Est. reading time":"2 minutes"},"schema":{"@context":"https:\/\/schema.org","@graph":[{"@type":"Organization","@id":"https:\/\/www.ablogix.fr\/#organization","name":"AblogiX","url":"https:\/\/www.ablogix.fr\/","sameAs":["https:\/\/www.linkedin.com\/company\/sarl-ablogix","https:\/\/www.youtube.com\/channel\/UC7LR5o5aeXzd2epr7eNma3g\/featured","https:\/\/www.facebook.com\/ABlogiX","https:\/\/twitter.com\/ABlogiX"],"logo":{"@type":"ImageObject","inLanguage":"en-US","@id":"https:\/\/www.ablogix.fr\/#\/schema\/logo\/image\/","url":"https:\/\/www.ablogix.fr\/wp-content\/uploads\/2020\/11\/Logo-ABlogiX.png","contentUrl":"https:\/\/www.ablogix.fr\/wp-content\/uploads\/2020\/11\/Logo-ABlogiX.png","width":534,"height":368,"caption":"AblogiX"},"image":{"@id":"https:\/\/www.ablogix.fr\/#\/schema\/logo\/image\/"}},{"@type":"WebSite","@id":"https:\/\/www.ablogix.fr\/#website","url":"https:\/\/www.ablogix.fr\/","name":"ABlogiX","description":"Ing\u00e9nierie de d\u00e9veloppement syst\u00e8me et logiciel, et s\u00e9curit\u00e9 du syst\u00e8me d&#039;information","publisher":{"@id":"https:\/\/www.ablogix.fr\/#organization"},"potentialAction":[{"@type":"SearchAction","target":{"@type":"EntryPoint","urlTemplate":"https:\/\/www.ablogix.fr\/?s={search_term_string}"},"query-input":"required name=search_term_string"}],"inLanguage":"en-US"},{"@type":"ImageObject","inLanguage":"en-US","@id":"https:\/\/www.ablogix.fr\/pare-feu-palo-alto\/#primaryimage","url":"https:\/\/www.ablogix.fr\/wp-content\/uploads\/2017\/10\/paloaltonetworks.png","contentUrl":"https:\/\/www.ablogix.fr\/wp-content\/uploads\/2017\/10\/paloaltonetworks.png","width":145,"height":50},{"@type":"WebPage","@id":"https:\/\/www.ablogix.fr\/pare-feu-palo-alto\/#webpage","url":"https:\/\/www.ablogix.fr\/pare-feu-palo-alto\/","name":"Palo-Alto Firewall - ABlogiX","isPartOf":{"@id":"https:\/\/www.ablogix.fr\/#website"},"primaryImageOfPage":{"@id":"https:\/\/www.ablogix.fr\/pare-feu-palo-alto\/#primaryimage"},"datePublished":"2017-10-13T12:37:19+00:00","dateModified":"2021-03-29T10:38:36+00:00","breadcrumb":{"@id":"https:\/\/www.ablogix.fr\/pare-feu-palo-alto\/#breadcrumb"},"inLanguage":"en-US","potentialAction":[{"@type":"ReadAction","target":["https:\/\/www.ablogix.fr\/pare-feu-palo-alto\/"]}]},{"@type":"BreadcrumbList","@id":"https:\/\/www.ablogix.fr\/pare-feu-palo-alto\/#breadcrumb","itemListElement":[{"@type":"ListItem","position":1,"name":"Accueil","item":"https:\/\/www.ablogix.fr\/"},{"@type":"ListItem","position":2,"name":"Pare-feu Palo-Alto"}]}]}},"_links":{"self":[{"href":"https:\/\/www.ablogix.fr\/en\/wp-json\/wp\/v2\/pages\/214"}],"collection":[{"href":"https:\/\/www.ablogix.fr\/en\/wp-json\/wp\/v2\/pages"}],"about":[{"href":"https:\/\/www.ablogix.fr\/en\/wp-json\/wp\/v2\/types\/page"}],"author":[{"embeddable":true,"href":"https:\/\/www.ablogix.fr\/en\/wp-json\/wp\/v2\/users\/1"}],"replies":[{"embeddable":true,"href":"https:\/\/www.ablogix.fr\/en\/wp-json\/wp\/v2\/comments?post=214"}],"version-history":[{"count":10,"href":"https:\/\/www.ablogix.fr\/en\/wp-json\/wp\/v2\/pages\/214\/revisions"}],"predecessor-version":[{"id":4684,"href":"https:\/\/www.ablogix.fr\/en\/wp-json\/wp\/v2\/pages\/214\/revisions\/4684"}],"wp:attachment":[{"href":"https:\/\/www.ablogix.fr\/en\/wp-json\/wp\/v2\/media?parent=214"}],"curies":[{"name":"wp","href":"https:\/\/api.w.org\/{rel}","templated":true}]}}