{"id":210,"date":"2017-10-13T14:32:58","date_gmt":"2017-10-13T12:32:58","guid":{"rendered":"http:\/\/92.222.19.170\/?page_id=210"},"modified":"2021-03-29T12:33:35","modified_gmt":"2021-03-29T10:33:35","slug":"pare-feu-pfsense","status":"publish","type":"page","link":"https:\/\/www.ablogix.fr\/en\/pare-feu-pfsense\/","title":{"rendered":"pfSense Firewall"},"content":{"rendered":"\n<div class=\"wp-block-image\"><figure class=\"aligncenter\"><img loading=\"lazy\" width=\"406\" height=\"226\" src=\"http:\/\/92.222.19.170\/wp-content\/uploads\/2017\/10\/pfsense-logo.png\" alt=\"\" class=\"wp-image-211\" srcset=\"https:\/\/www.ablogix.fr\/wp-content\/uploads\/2017\/10\/pfsense-logo.png 406w, https:\/\/www.ablogix.fr\/wp-content\/uploads\/2017\/10\/pfsense-logo-300x167.png 300w\" sizes=\"(max-width: 406px) 100vw, 406px\" \/><\/figure><\/div>\n\n\n\n<p>ABlogiX offers to assist you in the installation and configuration of pfSense firewalls.<\/p>\n\n\n\n<p>Based on FreeBSD, pfSense offers a complete solution to secure your network.<\/p>\n\n\n\n<p>In addition to the classic firewall features, pfSense has a whole range of network services. I will present you some of them, those I have used or that seem interesting to me.<\/p>\n\n\n\n<ul><li>State Table: The State Table contains information about network connections. It allows to have an overview of the connections and especially to create rules for example on the maximum number of connections for a host.<\/li><li>Network Address Translation (NAT): Allows to reach a machine located on the LAN from outside.<\/li><li>Management of private networks virutelsIpSec, OpenVPN or PPTP.<\/li><li>DHCP server.<\/li><li>DNS server and dynamic DNS.<\/li><li>Captive portal.<\/li><li>Redundancy and load balancing.<\/li><li>System and network load graphing.<\/li><li>URL filtering<\/li><li>Software can be installed via a package system. The number of available applications is constantly growing thanks to the investment of the community.<\/li><\/ul>\n\n\n\n<p>ABlogiX offers two pfSense firewall models :<\/p>\n\n\n\n<figure class=\"wp-block-table\"><table><thead><tr><th scope=\"col\">&nbsp;<\/th><th scope=\"col\">APU1D4<\/th><th scope=\"col\">AB-HW-FW-8000<\/th><\/tr><\/thead><tbody><tr><td>RAM memory<\/td><td>4GB<\/td><td>8 GB<\/td><\/tr><tr><td>Processor<\/td><td>CPU AMD S\u00e9rie G T40 1Ghz<\/td><td>CPU Intel Celeron 1,8Ghz<\/td><\/tr><tr><td>Hard disk<\/td><td>MSATA 16GB<\/td><td>MSATA 16GB<\/td><\/tr><tr><td>OS<\/td><td>PfSense 2.2<\/td><td>PfSesnse 2.2<\/td><\/tr><tr><td>GBe ports<\/td><td>3<\/td><td>6<\/td><\/tr><tr><td>VGA<\/td><td>No<\/td><td>Yes<\/td><\/tr><tr><td>Guarantee<\/td><td>3 years<\/td><td>3 years<\/td><\/tr><tr><td>Rackable<\/td><td>No<\/td><td>Yes<\/td><\/tr><\/tbody><\/table><\/figure>\n","protected":false},"excerpt":{"rendered":"<p>ABlogiX offers to assist you in the installation and configuration of pfSense firewalls. Based on FreeBSD, pfSense offers a complete solution to secure your network. In addition to the classic firewall features, pfSense has a whole range of network services. I will present you some of them, those I have used or that seem interesting <a href=\"https:\/\/www.ablogix.fr\/en\/pare-feu-pfsense\/\" rel=\"nofollow\"><span class=\"sr-only\">Read more about pfSense Firewall<\/span>[&hellip;]<\/a><\/p>\n","protected":false},"author":1,"featured_media":0,"parent":0,"menu_order":0,"comment_status":"closed","ping_status":"closed","template":"template-fullwidth.php","meta":[],"translation":{"provider":"WPGlobus","version":"2.10.0","language":"en","enabled_languages":["fr","en"],"languages":{"fr":{"title":true,"content":true,"excerpt":false},"en":{"title":true,"content":true,"excerpt":false}}},"yoast_head":"<!-- This site is optimized with the Yoast SEO plugin v19.1 - https:\/\/yoast.com\/wordpress\/plugins\/seo\/ -->\n<title>pfSense Firewall - ABlogiX<\/title>\n<meta name=\"robots\" content=\"index, follow, max-snippet:-1, max-image-preview:large, max-video-preview:-1\" \/>\n<link rel=\"canonical\" href=\"https:\/\/www.ablogix.fr\/pare-feu-pfsense\/\" \/>\n<meta property=\"og:locale\" content=\"en_US\" \/>\n<meta property=\"og:type\" content=\"article\" \/>\n<meta property=\"og:title\" content=\"pfSense Firewall - ABlogiX\" \/>\n<meta property=\"og:url\" content=\"https:\/\/www.ablogix.fr\/pare-feu-pfsense\/\" \/>\n<meta property=\"og:site_name\" content=\"ABlogiX\" \/>\n<meta property=\"article:publisher\" content=\"https:\/\/www.facebook.com\/ABlogiX\" \/>\n<meta property=\"article:modified_time\" content=\"2021-03-29T10:33:35+00:00\" \/>\n<meta property=\"og:image\" content=\"http:\/\/92.222.19.170\/wp-content\/uploads\/2017\/10\/pfsense-logo.png\" \/>\n<meta name=\"twitter:card\" content=\"summary_large_image\" \/>\n<meta name=\"twitter:site\" content=\"@ABlogiX\" \/>\n<meta name=\"twitter:label1\" content=\"Est. reading time\" \/>\n\t<meta name=\"twitter:data1\" content=\"2 minutes\" \/>\n<script type=\"application\/ld+json\" class=\"yoast-schema-graph\">{\"@context\":\"https:\/\/schema.org\",\"@graph\":[{\"@type\":\"Organization\",\"@id\":\"https:\/\/www.ablogix.fr\/#organization\",\"name\":\"AblogiX\",\"url\":\"https:\/\/www.ablogix.fr\/\",\"sameAs\":[\"https:\/\/www.linkedin.com\/company\/sarl-ablogix\",\"https:\/\/www.youtube.com\/channel\/UC7LR5o5aeXzd2epr7eNma3g\/featured\",\"https:\/\/www.facebook.com\/ABlogiX\",\"https:\/\/twitter.com\/ABlogiX\"],\"logo\":{\"@type\":\"ImageObject\",\"inLanguage\":\"en-US\",\"@id\":\"https:\/\/www.ablogix.fr\/#\/schema\/logo\/image\/\",\"url\":\"https:\/\/www.ablogix.fr\/wp-content\/uploads\/2020\/11\/Logo-ABlogiX.png\",\"contentUrl\":\"https:\/\/www.ablogix.fr\/wp-content\/uploads\/2020\/11\/Logo-ABlogiX.png\",\"width\":534,\"height\":368,\"caption\":\"AblogiX\"},\"image\":{\"@id\":\"https:\/\/www.ablogix.fr\/#\/schema\/logo\/image\/\"}},{\"@type\":\"WebSite\",\"@id\":\"https:\/\/www.ablogix.fr\/#website\",\"url\":\"https:\/\/www.ablogix.fr\/\",\"name\":\"ABlogiX\",\"description\":\"Ing\u00e9nierie de d\u00e9veloppement syst\u00e8me et logiciel, et s\u00e9curit\u00e9 du syst\u00e8me d&#039;information\",\"publisher\":{\"@id\":\"https:\/\/www.ablogix.fr\/#organization\"},\"potentialAction\":[{\"@type\":\"SearchAction\",\"target\":{\"@type\":\"EntryPoint\",\"urlTemplate\":\"https:\/\/www.ablogix.fr\/?s={search_term_string}\"},\"query-input\":\"required name=search_term_string\"}],\"inLanguage\":\"en-US\"},{\"@type\":\"ImageObject\",\"inLanguage\":\"en-US\",\"@id\":\"https:\/\/www.ablogix.fr\/pare-feu-pfsense\/#primaryimage\",\"url\":\"http:\/\/92.222.19.170\/wp-content\/uploads\/2017\/10\/pfsense-logo.png\",\"contentUrl\":\"http:\/\/92.222.19.170\/wp-content\/uploads\/2017\/10\/pfsense-logo.png\"},{\"@type\":\"WebPage\",\"@id\":\"https:\/\/www.ablogix.fr\/pare-feu-pfsense\/#webpage\",\"url\":\"https:\/\/www.ablogix.fr\/pare-feu-pfsense\/\",\"name\":\"pfSense Firewall - ABlogiX\",\"isPartOf\":{\"@id\":\"https:\/\/www.ablogix.fr\/#website\"},\"primaryImageOfPage\":{\"@id\":\"https:\/\/www.ablogix.fr\/pare-feu-pfsense\/#primaryimage\"},\"datePublished\":\"2017-10-13T12:32:58+00:00\",\"dateModified\":\"2021-03-29T10:33:35+00:00\",\"breadcrumb\":{\"@id\":\"https:\/\/www.ablogix.fr\/pare-feu-pfsense\/#breadcrumb\"},\"inLanguage\":\"en-US\",\"potentialAction\":[{\"@type\":\"ReadAction\",\"target\":[\"https:\/\/www.ablogix.fr\/pare-feu-pfsense\/\"]}]},{\"@type\":\"BreadcrumbList\",\"@id\":\"https:\/\/www.ablogix.fr\/pare-feu-pfsense\/#breadcrumb\",\"itemListElement\":[{\"@type\":\"ListItem\",\"position\":1,\"name\":\"Accueil\",\"item\":\"https:\/\/www.ablogix.fr\/\"},{\"@type\":\"ListItem\",\"position\":2,\"name\":\"Pare-feu pfSense\"}]}]}<\/script>\n<!-- \/ Yoast SEO plugin. -->","yoast_head_json":{"title":"pfSense Firewall - ABlogiX","robots":{"index":"index","follow":"follow","max-snippet":"max-snippet:-1","max-image-preview":"max-image-preview:large","max-video-preview":"max-video-preview:-1"},"canonical":"https:\/\/www.ablogix.fr\/pare-feu-pfsense\/","og_locale":"en_US","og_type":"article","og_title":"pfSense Firewall - ABlogiX","og_url":"https:\/\/www.ablogix.fr\/pare-feu-pfsense\/","og_site_name":"ABlogiX","article_publisher":"https:\/\/www.facebook.com\/ABlogiX","article_modified_time":"2021-03-29T10:33:35+00:00","og_image":[{"url":"http:\/\/92.222.19.170\/wp-content\/uploads\/2017\/10\/pfsense-logo.png"}],"twitter_card":"summary_large_image","twitter_site":"@ABlogiX","twitter_misc":{"Est. reading time":"2 minutes"},"schema":{"@context":"https:\/\/schema.org","@graph":[{"@type":"Organization","@id":"https:\/\/www.ablogix.fr\/#organization","name":"AblogiX","url":"https:\/\/www.ablogix.fr\/","sameAs":["https:\/\/www.linkedin.com\/company\/sarl-ablogix","https:\/\/www.youtube.com\/channel\/UC7LR5o5aeXzd2epr7eNma3g\/featured","https:\/\/www.facebook.com\/ABlogiX","https:\/\/twitter.com\/ABlogiX"],"logo":{"@type":"ImageObject","inLanguage":"en-US","@id":"https:\/\/www.ablogix.fr\/#\/schema\/logo\/image\/","url":"https:\/\/www.ablogix.fr\/wp-content\/uploads\/2020\/11\/Logo-ABlogiX.png","contentUrl":"https:\/\/www.ablogix.fr\/wp-content\/uploads\/2020\/11\/Logo-ABlogiX.png","width":534,"height":368,"caption":"AblogiX"},"image":{"@id":"https:\/\/www.ablogix.fr\/#\/schema\/logo\/image\/"}},{"@type":"WebSite","@id":"https:\/\/www.ablogix.fr\/#website","url":"https:\/\/www.ablogix.fr\/","name":"ABlogiX","description":"Ing\u00e9nierie de d\u00e9veloppement syst\u00e8me et logiciel, et s\u00e9curit\u00e9 du syst\u00e8me d&#039;information","publisher":{"@id":"https:\/\/www.ablogix.fr\/#organization"},"potentialAction":[{"@type":"SearchAction","target":{"@type":"EntryPoint","urlTemplate":"https:\/\/www.ablogix.fr\/?s={search_term_string}"},"query-input":"required name=search_term_string"}],"inLanguage":"en-US"},{"@type":"ImageObject","inLanguage":"en-US","@id":"https:\/\/www.ablogix.fr\/pare-feu-pfsense\/#primaryimage","url":"http:\/\/92.222.19.170\/wp-content\/uploads\/2017\/10\/pfsense-logo.png","contentUrl":"http:\/\/92.222.19.170\/wp-content\/uploads\/2017\/10\/pfsense-logo.png"},{"@type":"WebPage","@id":"https:\/\/www.ablogix.fr\/pare-feu-pfsense\/#webpage","url":"https:\/\/www.ablogix.fr\/pare-feu-pfsense\/","name":"pfSense Firewall - ABlogiX","isPartOf":{"@id":"https:\/\/www.ablogix.fr\/#website"},"primaryImageOfPage":{"@id":"https:\/\/www.ablogix.fr\/pare-feu-pfsense\/#primaryimage"},"datePublished":"2017-10-13T12:32:58+00:00","dateModified":"2021-03-29T10:33:35+00:00","breadcrumb":{"@id":"https:\/\/www.ablogix.fr\/pare-feu-pfsense\/#breadcrumb"},"inLanguage":"en-US","potentialAction":[{"@type":"ReadAction","target":["https:\/\/www.ablogix.fr\/pare-feu-pfsense\/"]}]},{"@type":"BreadcrumbList","@id":"https:\/\/www.ablogix.fr\/pare-feu-pfsense\/#breadcrumb","itemListElement":[{"@type":"ListItem","position":1,"name":"Accueil","item":"https:\/\/www.ablogix.fr\/"},{"@type":"ListItem","position":2,"name":"Pare-feu pfSense"}]}]}},"_links":{"self":[{"href":"https:\/\/www.ablogix.fr\/en\/wp-json\/wp\/v2\/pages\/210"}],"collection":[{"href":"https:\/\/www.ablogix.fr\/en\/wp-json\/wp\/v2\/pages"}],"about":[{"href":"https:\/\/www.ablogix.fr\/en\/wp-json\/wp\/v2\/types\/page"}],"author":[{"embeddable":true,"href":"https:\/\/www.ablogix.fr\/en\/wp-json\/wp\/v2\/users\/1"}],"replies":[{"embeddable":true,"href":"https:\/\/www.ablogix.fr\/en\/wp-json\/wp\/v2\/comments?post=210"}],"version-history":[{"count":7,"href":"https:\/\/www.ablogix.fr\/en\/wp-json\/wp\/v2\/pages\/210\/revisions"}],"predecessor-version":[{"id":4676,"href":"https:\/\/www.ablogix.fr\/en\/wp-json\/wp\/v2\/pages\/210\/revisions\/4676"}],"wp:attachment":[{"href":"https:\/\/www.ablogix.fr\/en\/wp-json\/wp\/v2\/media?parent=210"}],"curies":[{"name":"wp","href":"https:\/\/api.w.org\/{rel}","templated":true}]}}