{"id":204,"date":"2017-10-13T14:27:24","date_gmt":"2017-10-13T12:27:24","guid":{"rendered":"http:\/\/92.222.19.170\/?page_id=204"},"modified":"2021-03-29T12:23:05","modified_gmt":"2021-03-29T10:23:05","slug":"squat-monitoring-squatmon","status":"publish","type":"page","link":"https:\/\/www.ablogix.fr\/en\/squat-monitoring-squatmon\/","title":{"rendered":"Squat Monitoring : SQUATMON"},"content":{"rendered":"\n<p>This service called <strong>&#8220;Squatmon&#8221;<\/strong> for <strong>&#8220;Squate Monitoring&#8221;<\/strong> is an e-commerce <strong>domain name security monitoring service.<\/strong><\/p>\n\n\n\n<p>With this service ABlogiX aims to :<\/p>\n\n\n\n<ul><li>fFacilitate both the registration and the entry of domain names to be monitored and their monitoring criteria,<\/li><li>Automate the generation of domain name variants (based on typographical errors and homo-glyphs),<\/li><li>Automate the search for the existence and use of the variant on all the domain name authority servers.<\/li><li>Automate the detection of the similarity of the site to the original site<\/li><li>Calculate the criticality level of each variant<\/li><li>provide the results of this security watch in the form of a synthetic dashboard with graphs, and also in detailed form &#8220;in a click&#8221;.<\/li><\/ul>\n\n\n\n<p>The security intelligence market is growing rapidly for several reasons :<\/p>\n\n\n\n<ul><li>Increase in large-scale hacking (hundreds of thousands of personal customer account data are frequently stolen \u2026)<\/li><li>Domain name extensions are changing a lot : email, \u2026<\/li><li>The naming rules for domain names are being modified (addition of accented characters, non-Latin alphabets, etc.)<\/li><\/ul>\n\n\n\n<p>It is therefore difficult for a company or an individual to be aware of all these changes and the associated risks.<\/p>\n\n\n\n<div class=\"wp-block-image\"><figure class=\"aligncenter\"><img loading=\"lazy\" width=\"1143\" height=\"547\" src=\"http:\/\/92.222.19.170\/wp-content\/uploads\/2017\/10\/capture-SQUATMON_LandingPage1.png\" alt=\"\" class=\"wp-image-205\" srcset=\"https:\/\/www.ablogix.fr\/wp-content\/uploads\/2017\/10\/capture-SQUATMON_LandingPage1.png 1143w, https:\/\/www.ablogix.fr\/wp-content\/uploads\/2017\/10\/capture-SQUATMON_LandingPage1-300x144.png 300w, https:\/\/www.ablogix.fr\/wp-content\/uploads\/2017\/10\/capture-SQUATMON_LandingPage1-768x368.png 768w, https:\/\/www.ablogix.fr\/wp-content\/uploads\/2017\/10\/capture-SQUATMON_LandingPage1-1024x490.png 1024w\" sizes=\"(max-width: 1143px) 100vw, 1143px\" \/><\/figure><\/div>\n\n\n\n<p>By providing this service and meeting these requirements, ABlogiX also wants to make this service accessible to everyone at an affordable price.<\/p>\n","protected":false},"excerpt":{"rendered":"<p>This service called &#8220;Squatmon&#8221; for &#8220;Squate Monitoring&#8221; is an e-commerce domain name security monitoring service. With this service ABlogiX aims to : fFacilitate both the registration and the entry of domain names to be monitored and their monitoring criteria, Automate the generation of domain name variants (based on typographical errors and homo-glyphs), Automate the search <a href=\"https:\/\/www.ablogix.fr\/en\/squat-monitoring-squatmon\/\" rel=\"nofollow\"><span class=\"sr-only\">Read more about Squat Monitoring : SQUATMON<\/span>[&hellip;]<\/a><\/p>\n","protected":false},"author":1,"featured_media":0,"parent":0,"menu_order":0,"comment_status":"closed","ping_status":"closed","template":"template-fullwidth.php","meta":[],"translation":{"provider":"WPGlobus","version":"2.10.0","language":"en","enabled_languages":["fr","en"],"languages":{"fr":{"title":true,"content":true,"excerpt":false},"en":{"title":true,"content":true,"excerpt":false}}},"yoast_head":"<!-- This site is optimized with the Yoast SEO plugin v19.1 - https:\/\/yoast.com\/wordpress\/plugins\/seo\/ -->\n<title>Squat Monitoring : SQUATMON - ABlogiX<\/title>\n<meta name=\"robots\" content=\"index, follow, max-snippet:-1, max-image-preview:large, max-video-preview:-1\" \/>\n<link rel=\"canonical\" href=\"https:\/\/www.ablogix.fr\/squat-monitoring-squatmon\/\" \/>\n<meta property=\"og:locale\" content=\"en_US\" \/>\n<meta property=\"og:type\" content=\"article\" \/>\n<meta property=\"og:title\" content=\"Squat Monitoring : SQUATMON - ABlogiX\" \/>\n<meta property=\"og:url\" content=\"https:\/\/www.ablogix.fr\/squat-monitoring-squatmon\/\" \/>\n<meta property=\"og:site_name\" content=\"ABlogiX\" \/>\n<meta property=\"article:publisher\" content=\"https:\/\/www.facebook.com\/ABlogiX\" \/>\n<meta property=\"article:modified_time\" content=\"2021-03-29T10:23:05+00:00\" \/>\n<meta property=\"og:image\" content=\"http:\/\/92.222.19.170\/wp-content\/uploads\/2017\/10\/capture-SQUATMON_LandingPage1.png\" \/>\n<meta name=\"twitter:card\" content=\"summary_large_image\" \/>\n<meta name=\"twitter:site\" content=\"@ABlogiX\" \/>\n<meta name=\"twitter:label1\" content=\"Est. reading time\" \/>\n\t<meta name=\"twitter:data1\" content=\"2 minutes\" \/>\n<script type=\"application\/ld+json\" class=\"yoast-schema-graph\">{\"@context\":\"https:\/\/schema.org\",\"@graph\":[{\"@type\":\"Organization\",\"@id\":\"https:\/\/www.ablogix.fr\/#organization\",\"name\":\"AblogiX\",\"url\":\"https:\/\/www.ablogix.fr\/\",\"sameAs\":[\"https:\/\/www.linkedin.com\/company\/sarl-ablogix\",\"https:\/\/www.youtube.com\/channel\/UC7LR5o5aeXzd2epr7eNma3g\/featured\",\"https:\/\/www.facebook.com\/ABlogiX\",\"https:\/\/twitter.com\/ABlogiX\"],\"logo\":{\"@type\":\"ImageObject\",\"inLanguage\":\"en-US\",\"@id\":\"https:\/\/www.ablogix.fr\/#\/schema\/logo\/image\/\",\"url\":\"https:\/\/www.ablogix.fr\/wp-content\/uploads\/2020\/11\/Logo-ABlogiX.png\",\"contentUrl\":\"https:\/\/www.ablogix.fr\/wp-content\/uploads\/2020\/11\/Logo-ABlogiX.png\",\"width\":534,\"height\":368,\"caption\":\"AblogiX\"},\"image\":{\"@id\":\"https:\/\/www.ablogix.fr\/#\/schema\/logo\/image\/\"}},{\"@type\":\"WebSite\",\"@id\":\"https:\/\/www.ablogix.fr\/#website\",\"url\":\"https:\/\/www.ablogix.fr\/\",\"name\":\"ABlogiX\",\"description\":\"Ing\u00e9nierie de d\u00e9veloppement syst\u00e8me et logiciel, et s\u00e9curit\u00e9 du syst\u00e8me d&#039;information\",\"publisher\":{\"@id\":\"https:\/\/www.ablogix.fr\/#organization\"},\"potentialAction\":[{\"@type\":\"SearchAction\",\"target\":{\"@type\":\"EntryPoint\",\"urlTemplate\":\"https:\/\/www.ablogix.fr\/?s={search_term_string}\"},\"query-input\":\"required name=search_term_string\"}],\"inLanguage\":\"en-US\"},{\"@type\":\"ImageObject\",\"inLanguage\":\"en-US\",\"@id\":\"https:\/\/www.ablogix.fr\/squat-monitoring-squatmon\/#primaryimage\",\"url\":\"http:\/\/92.222.19.170\/wp-content\/uploads\/2017\/10\/capture-SQUATMON_LandingPage1.png\",\"contentUrl\":\"http:\/\/92.222.19.170\/wp-content\/uploads\/2017\/10\/capture-SQUATMON_LandingPage1.png\"},{\"@type\":\"WebPage\",\"@id\":\"https:\/\/www.ablogix.fr\/squat-monitoring-squatmon\/#webpage\",\"url\":\"https:\/\/www.ablogix.fr\/squat-monitoring-squatmon\/\",\"name\":\"Squat Monitoring : SQUATMON - ABlogiX\",\"isPartOf\":{\"@id\":\"https:\/\/www.ablogix.fr\/#website\"},\"primaryImageOfPage\":{\"@id\":\"https:\/\/www.ablogix.fr\/squat-monitoring-squatmon\/#primaryimage\"},\"datePublished\":\"2017-10-13T12:27:24+00:00\",\"dateModified\":\"2021-03-29T10:23:05+00:00\",\"breadcrumb\":{\"@id\":\"https:\/\/www.ablogix.fr\/squat-monitoring-squatmon\/#breadcrumb\"},\"inLanguage\":\"en-US\",\"potentialAction\":[{\"@type\":\"ReadAction\",\"target\":[\"https:\/\/www.ablogix.fr\/squat-monitoring-squatmon\/\"]}]},{\"@type\":\"BreadcrumbList\",\"@id\":\"https:\/\/www.ablogix.fr\/squat-monitoring-squatmon\/#breadcrumb\",\"itemListElement\":[{\"@type\":\"ListItem\",\"position\":1,\"name\":\"Accueil\",\"item\":\"https:\/\/www.ablogix.fr\/\"},{\"@type\":\"ListItem\",\"position\":2,\"name\":\"Squat Monitoring : SQUATMON\"}]}]}<\/script>\n<!-- \/ Yoast SEO plugin. -->","yoast_head_json":{"title":"Squat Monitoring : SQUATMON - ABlogiX","robots":{"index":"index","follow":"follow","max-snippet":"max-snippet:-1","max-image-preview":"max-image-preview:large","max-video-preview":"max-video-preview:-1"},"canonical":"https:\/\/www.ablogix.fr\/squat-monitoring-squatmon\/","og_locale":"en_US","og_type":"article","og_title":"Squat Monitoring : SQUATMON - ABlogiX","og_url":"https:\/\/www.ablogix.fr\/squat-monitoring-squatmon\/","og_site_name":"ABlogiX","article_publisher":"https:\/\/www.facebook.com\/ABlogiX","article_modified_time":"2021-03-29T10:23:05+00:00","og_image":[{"url":"http:\/\/92.222.19.170\/wp-content\/uploads\/2017\/10\/capture-SQUATMON_LandingPage1.png"}],"twitter_card":"summary_large_image","twitter_site":"@ABlogiX","twitter_misc":{"Est. reading time":"2 minutes"},"schema":{"@context":"https:\/\/schema.org","@graph":[{"@type":"Organization","@id":"https:\/\/www.ablogix.fr\/#organization","name":"AblogiX","url":"https:\/\/www.ablogix.fr\/","sameAs":["https:\/\/www.linkedin.com\/company\/sarl-ablogix","https:\/\/www.youtube.com\/channel\/UC7LR5o5aeXzd2epr7eNma3g\/featured","https:\/\/www.facebook.com\/ABlogiX","https:\/\/twitter.com\/ABlogiX"],"logo":{"@type":"ImageObject","inLanguage":"en-US","@id":"https:\/\/www.ablogix.fr\/#\/schema\/logo\/image\/","url":"https:\/\/www.ablogix.fr\/wp-content\/uploads\/2020\/11\/Logo-ABlogiX.png","contentUrl":"https:\/\/www.ablogix.fr\/wp-content\/uploads\/2020\/11\/Logo-ABlogiX.png","width":534,"height":368,"caption":"AblogiX"},"image":{"@id":"https:\/\/www.ablogix.fr\/#\/schema\/logo\/image\/"}},{"@type":"WebSite","@id":"https:\/\/www.ablogix.fr\/#website","url":"https:\/\/www.ablogix.fr\/","name":"ABlogiX","description":"Ing\u00e9nierie de d\u00e9veloppement syst\u00e8me et logiciel, et s\u00e9curit\u00e9 du syst\u00e8me d&#039;information","publisher":{"@id":"https:\/\/www.ablogix.fr\/#organization"},"potentialAction":[{"@type":"SearchAction","target":{"@type":"EntryPoint","urlTemplate":"https:\/\/www.ablogix.fr\/?s={search_term_string}"},"query-input":"required name=search_term_string"}],"inLanguage":"en-US"},{"@type":"ImageObject","inLanguage":"en-US","@id":"https:\/\/www.ablogix.fr\/squat-monitoring-squatmon\/#primaryimage","url":"http:\/\/92.222.19.170\/wp-content\/uploads\/2017\/10\/capture-SQUATMON_LandingPage1.png","contentUrl":"http:\/\/92.222.19.170\/wp-content\/uploads\/2017\/10\/capture-SQUATMON_LandingPage1.png"},{"@type":"WebPage","@id":"https:\/\/www.ablogix.fr\/squat-monitoring-squatmon\/#webpage","url":"https:\/\/www.ablogix.fr\/squat-monitoring-squatmon\/","name":"Squat Monitoring : SQUATMON - ABlogiX","isPartOf":{"@id":"https:\/\/www.ablogix.fr\/#website"},"primaryImageOfPage":{"@id":"https:\/\/www.ablogix.fr\/squat-monitoring-squatmon\/#primaryimage"},"datePublished":"2017-10-13T12:27:24+00:00","dateModified":"2021-03-29T10:23:05+00:00","breadcrumb":{"@id":"https:\/\/www.ablogix.fr\/squat-monitoring-squatmon\/#breadcrumb"},"inLanguage":"en-US","potentialAction":[{"@type":"ReadAction","target":["https:\/\/www.ablogix.fr\/squat-monitoring-squatmon\/"]}]},{"@type":"BreadcrumbList","@id":"https:\/\/www.ablogix.fr\/squat-monitoring-squatmon\/#breadcrumb","itemListElement":[{"@type":"ListItem","position":1,"name":"Accueil","item":"https:\/\/www.ablogix.fr\/"},{"@type":"ListItem","position":2,"name":"Squat Monitoring : SQUATMON"}]}]}},"_links":{"self":[{"href":"https:\/\/www.ablogix.fr\/en\/wp-json\/wp\/v2\/pages\/204"}],"collection":[{"href":"https:\/\/www.ablogix.fr\/en\/wp-json\/wp\/v2\/pages"}],"about":[{"href":"https:\/\/www.ablogix.fr\/en\/wp-json\/wp\/v2\/types\/page"}],"author":[{"embeddable":true,"href":"https:\/\/www.ablogix.fr\/en\/wp-json\/wp\/v2\/users\/1"}],"replies":[{"embeddable":true,"href":"https:\/\/www.ablogix.fr\/en\/wp-json\/wp\/v2\/comments?post=204"}],"version-history":[{"count":14,"href":"https:\/\/www.ablogix.fr\/en\/wp-json\/wp\/v2\/pages\/204\/revisions"}],"predecessor-version":[{"id":4664,"href":"https:\/\/www.ablogix.fr\/en\/wp-json\/wp\/v2\/pages\/204\/revisions\/4664"}],"wp:attachment":[{"href":"https:\/\/www.ablogix.fr\/en\/wp-json\/wp\/v2\/media?parent=204"}],"curies":[{"name":"wp","href":"https:\/\/api.w.org\/{rel}","templated":true}]}}