{"id":19853,"date":"2024-03-13T22:57:00","date_gmt":"2024-03-13T21:57:00","guid":{"rendered":"https:\/\/www.ablogix.fr\/?page_id=19853"},"modified":"2024-03-13T23:26:23","modified_gmt":"2024-03-13T22:26:23","slug":"ssi_tr7-1-1-bigfix-patch-management","status":"publish","type":"page","link":"https:\/\/www.ablogix.fr\/en\/ssi_tr7-1-1-bigfix-patch-management\/","title":{"rendered":"SSi_Tr7.1.1 BigFix Patch Management"},"content":{"rendered":"\n<div class=\"wp-block-themeisle-blocks-advanced-columns has-1-columns has-desktop-equal-layout has-tablet-equal-layout has-mobile-equal-layout has-default-gap has-vertical-unset\" id=\"wp-block-themeisle-blocks-advanced-columns-37679ffb\"><div class=\"wp-block-themeisle-blocks-advanced-columns-overlay\"><\/div><div class=\"innerblocks-wrap\">\n<div class=\"wp-block-themeisle-blocks-advanced-column\" id=\"wp-block-themeisle-blocks-advanced-column-cf282256\">\n<pre class=\"wp-block-preformatted\"><em>R\u00e9f : <\/em>SSi_Tr7.1.1<\/pre>\n\n\n\n<h2>Public concern\u00e9<\/h2>\n\n\n\n<p>Cette formation est destin\u00e9e aux membres du projet utilisant HCL\u00ae BigFix Patch Management pour la gestion et automatisation des d\u00e9ploiements des patchs.<\/p>\n\n\n\n<div style=\"height:20px\" aria-hidden=\"true\" class=\"wp-block-spacer\"><\/div>\n\n\n\n<h2>Objectifs p\u00e9dagogiques<\/h2>\n\n\n\n<p><\/p>\n\n\n\n<p>Les objectifs de la formation sont : <\/p>\n\n\n\n<p><li>Comprendre la plateforme BigFix<\/li><\/p>\n\n\n\n<p><li>Comprendre, utiliser et personnaliser les tableaux de bord<\/li><\/p>\n\n\n\n<p><li>Configurer et g\u00e9rer les patchs et leurs politiques<\/li><\/p>\n\n\n\n<p><\/p>\n\n\n\n<p><\/p>\n\n\n\n<div style=\"height:20px\" aria-hidden=\"true\" class=\"wp-block-spacer\"><\/div>\n\n\n\n<h2>Comp\u00e9tences vis\u00e9es<\/h2>\n\n\n\n<p><\/p>\n\n\n\n<p>\u00c0 l&#8217;issue de la formation, le participant sera capable de :<\/p>\n\n\n\n<ul><li>Acc\u00e9der et filtrer les propri\u00e9t\u00e9s des endpoints<\/li><li>Cr\u00e9er et mettre \u00e0 jour des groupes de endpoints<\/li><li>Suivre les d\u00e9ploiements de patchs<\/li><li>Contr\u00f4ler le d\u00e9ploiement<\/li><li>\u00c9tablir des rapports<\/li><\/ul>\n\n\n\n<h2 class=\"has-text-align-center\">JOUR 1 &#8211; MATIN<\/h2>\n\n\n\n<h3>MODULE 0&nbsp;: Objectifs du cours<\/h3>\n\n\n\n<figure class=\"wp-block-table\"><table><tbody><tr><td><br><\/td><\/tr><tr><td><strong>Introduction <\/strong>: Pr\u00e9sentation des objectifs et du d\u00e9roulement de la formation <strong>Tour de table :<\/strong> Pr\u00e9sentation du groupe, des participants et de leurs attentes<\/td><\/tr><\/tbody><\/table><\/figure>\n\n\n\n<h3>MODULE 1\u00a0: Introduction \u00e0 BigFix<\/h3>\n\n\n\n<figure class=\"wp-block-table\"><table><tbody><tr><td><br><\/td><\/tr><tr><td>Apr\u00e8s avoir compl\u00e9t\u00e9 ce module, vous devriez \u00eatre en mesure de comprendre : La suite de produits BigFix O\u00f9 trouver de l&#8217;aide et des informations sur BigFix<\/td><\/tr><\/tbody><\/table><\/figure>\n\n\n\n<h3>MODULE 2 : Architecture et vocabulaire de BigFix<\/h3>\n\n\n\n<figure class=\"wp-block-table\"><table><tbody><tr><td><br><\/td><\/tr><tr><td>Apr\u00e8s avoir compl\u00e9t\u00e9 ce module, vous devriez \u00eatre en mesure de comprendre : Le vocabulaire de BigFix L\u2019architecture de base Les flux r\u00e9seaux de BigFix Les cl\u00e9s et certificats de BigFix La boucle d&#8217;\u00e9valuation des clients<\/td><\/tr><\/tbody><\/table><\/figure>\n\n\n\n<h3>MODULE 3&nbsp;: Exemple d&#8217;infrastructure BigFix<\/h3>\n\n\n\n<figure class=\"wp-block-table\"><table><tbody><tr><td><br><\/td><\/tr><tr><td>Apr\u00e8s avoir compl\u00e9t\u00e9 ce module, vous devriez \u00eatre en mesure de comprendre&nbsp;: Un exemple d\u2019architecture <em>all-in-one<\/em> \u00e0 petite \u00e9chelle Un exemple d\u2019architecture incorporant des <em>relais<\/em> \u00e0 moyenne \u00e9chelle<\/td><\/tr><\/tbody><\/table><\/figure>\n\n\n\n<h3>MODULE 4\u00a0: Environnement de formation d&#8217;ABlogiX<\/h3>\n\n\n\n<figure class=\"wp-block-table\"><table><tbody><tr><td><br><\/td><\/tr><tr><td>Apr\u00e8s avoir compl\u00e9t\u00e9 ce module, vous devriez \u00eatre en mesure de comprendre : Le fonctionnement de l\u2019environnement d\u2019exercices d\u2019ABlogiX Les VMs et leur contenu<\/td><\/tr><\/tbody><\/table><\/figure>\n\n\n\n<h3>MODULE 5\u00a0: Pr\u00e9sentation de l&#8217;interface utilisateur BigFix WebUI<\/h3>\n\n\n\n<figure class=\"wp-block-table\"><table><tbody><tr><td><br><\/td><\/tr><tr><td>Apr\u00e8s avoir compl\u00e9t\u00e9 ce module, vous devriez \u00eatre en mesure de comprendre : Le fonctionnement de la WebUI Le contenu des dashboards<\/td><\/tr><\/tbody><\/table><\/figure>\n\n\n\n<h3 class=\"has-text-align-center\"><strong>JOUR 1 &#8211; APR\u00c8S-MIDI<\/strong><\/h3>\n\n\n\n<h3>MODULE 6\u00a0: D\u00e9ploiement de l\u2019agent BigFix<\/h3>\n\n\n\n<figure class=\"wp-block-table\"><table><tbody><tr><td><br><\/td><\/tr><tr><td>Apr\u00e8s avoir compl\u00e9t\u00e9 ce module, vous devriez \u00eatre en mesure de comprendre : Le d\u00e9ploiement manuel sous Windows Le script de d\u00e9ploiement ABlogiX pour Linux Le <em>Client Deployment Tools<\/em><\/td><\/tr><\/tbody><\/table><\/figure>\n\n\n\n<h3>MODULE 7&nbsp;: Pr\u00e9sentation de la console BigFix<\/h3>\n\n\n\n<figure class=\"wp-block-table\"><table><tbody><tr><td><br><\/td><\/tr><tr><td>Apr\u00e8s avoir compl\u00e9t\u00e9 ce module, vous devriez \u00eatre en mesure de comprendre : L\u2019interface de la console BigFix Les <em>r\u00f4les<\/em> dans BigFix Les <em>Domaines<\/em>, <em>Sites<\/em>, <em>Fixlets<\/em> et <em>Tasks<\/em> Les <em>Actions<\/em><\/td><\/tr><\/tbody><\/table><\/figure>\n\n\n\n<h3>MODULE 8\u00a0: BigFix <em>Relevance<\/em>, analyses et groupes<\/h3>\n\n\n\n<figure class=\"wp-block-table\"><table><tbody><tr><td><br><\/td><\/tr><tr><td>Apr\u00e8s avoir compl\u00e9t\u00e9 ce module, vous devriez \u00eatre en mesure de comprendre : Le r\u00f4le du langage <em>Relevance<\/em> Le r\u00f4le des analyses Le r\u00f4le d\u2019<em>Action Script<\/em> O\u00f9 trouver de l&#8217;aide et des informations sur <em>Relevance<\/em> et <em>Action Script<\/em> Les groupes dans BigFix<\/td><\/tr><\/tbody><\/table><\/figure>\n\n\n\n<h3>MODULE 9\u00a0: Gestion des sites et des licences<\/h3>\n\n\n\n<figure class=\"wp-block-table\"><table><tbody><tr><td><br><\/td><\/tr><tr><td>Apr\u00e8s avoir compl\u00e9t\u00e9 ce module, vous devriez \u00eatre en mesure de comprendre : La gestion des sites de contenu dans BigFix La gestion des licences BigFix<\/td><\/tr><\/tbody><\/table><\/figure>\n\n\n\n<h3 class=\"has-text-align-center\"><strong>JOUR 2 &#8211; MATIN<\/strong><br><\/h3>\n\n\n\n<h3>MODULE 10&nbsp;: Workflow BigFix typique<\/h3>\n\n\n\n<figure class=\"wp-block-table\"><table><tbody><tr><td><br><\/td><\/tr><tr><td>Apr\u00e8s avoir compl\u00e9t\u00e9 ce module, vous devriez \u00eatre en mesure de comprendre : Les objectifs et contraintes et comment BigFix y r\u00e9pond Le processus g\u00e9n\u00e9ral de patch Les automatisations possibles<\/td><\/tr><\/tbody><\/table><\/figure>\n\n\n\n<h3>MODULE 11\u00a0: Patcher Linux, Windows et les autres<\/h3>\n\n\n\n<figure class=\"wp-block-table\"><table><tbody><tr><td><br><\/td><\/tr><tr><td>Apr\u00e8s avoir compl\u00e9t\u00e9 ce module, vous devriez \u00eatre en mesure de comprendre : Les similitudes et les diff\u00e9rences entre les plateformes \u00c0 quoi faire attention avec vos contenus personnalis\u00e9s<\/td><\/tr><\/tbody><\/table><\/figure>\n\n\n\n<h3>MODULE 12\u00a0: Patch manuel<\/h3>\n\n\n\n<figure class=\"wp-block-table\"><table><tbody><tr><td><br><\/td><\/tr><tr><td>Apr\u00e8s avoir compl\u00e9t\u00e9 ce module, vous devriez \u00eatre en mesure de comprendre : Le patch manuel depuis la WebUII Le patch manuel depuis la console Les possibilit\u00e9s de <em>rollback<\/em><\/td><\/tr><\/tbody><\/table><\/figure>\n\n\n\n<h3>MODULE 13\u00a0: Les <em>baselines<\/em><\/h3>\n\n\n\n<figure class=\"wp-block-table\"><table><tbody><tr><td><br><\/td><\/tr><tr><td>Apr\u00e8s avoir compl\u00e9t\u00e9 ce module, vous devriez \u00eatre en mesure de : Comprendre ce qu&#8217;est une baseline Cr\u00e9er et mettre \u00e0 jour une baseline Utiliser une baseline<\/td><\/tr><\/tbody><\/table><\/figure>\n\n\n\n<h3>MODULE 14\u00a0: Les politiques de patch<\/h3>\n\n\n\n<figure class=\"wp-block-table\"><table><tbody><tr><td><br><\/td><\/tr><tr><td>Apr\u00e8s avoir compl\u00e9t\u00e9 ce module, vous devriez \u00eatre en mesure de : Comprendre ce qu&#8217;est une politique de patch Cr\u00e9er et utiliser une politique de patch Mettre \u00e0 jour une politique de patch<br><\/td><\/tr><\/tbody><\/table><\/figure>\n\n\n\n<h3 class=\"has-text-align-center\"><strong>JOUR 2 &#8211; APR\u00c8S-MIDI<\/strong><\/h3>\n\n\n\n<h3>MODULE 15\u00a0: Pr\u00e9sentation de BigFix WebReports<\/h3>\n\n\n\n<figure class=\"wp-block-table\"><table><tbody><tr><td><br><\/td><\/tr><tr><td>Apr\u00e8s avoir compl\u00e9t\u00e9 ce module, vous devriez \u00eatre en mesure de : Comprendre ce que sont les <em>WebReports<\/em> Utiliser les <em>WebReports<\/em><\/td><\/tr><\/tbody><\/table><\/figure>\n\n\n\n<h3>MODULE 16\u00a0: <em>Relevance<\/em> et analyse personnalis\u00e9es<\/h3>\n\n\n\n<figure class=\"wp-block-table\"><table><tbody><tr><td><br><\/td><\/tr><tr><td>Apr\u00e8s avoir compl\u00e9t\u00e9 ce module, vous devriez \u00eatre en mesure de : Cr\u00e9er vos propres analyses<\/td><\/tr><\/tbody><\/table><\/figure>\n\n\n\n<h3>MODULE 17\u00a0: Troubleshooting<\/h3>\n\n\n\n<figure class=\"wp-block-table\"><table><tbody><tr><td><br><\/td><\/tr><tr><td>Apr\u00e8s avoir compl\u00e9t\u00e9 ce module, vous devriez \u00eatre en mesure de comprendre : L\u2019emplacement des logs cl\u00e9s Le troubleshooting du client Le troubleshooting du serveur Les performances de la console Le <em>Health Check Dashboard<\/em><\/td><\/tr><\/tbody><\/table><\/figure>\n\n\n\n<h2>Public concern\u00e9 et pr\u00e9requis<\/h2>\n\n\n\n<p>Ce cours est destin\u00e9 aux membres du projet utilisant HCL BIGFIX pour la gestion des d\u00e9ploiements des patchs.<\/p>\n\n\n\n<p>Des connaissances du syst\u00e8me d\u2019exploitation Linux et ou Windows sont requises.<\/p>\n\n\n\n<h2>Modalit\u00e9s et d\u00e9lais d&#8217;acc\u00e8s, accessibilit\u00e9 PSH<sup>1<\/sup><\/h2>\n\n\n\n<p><strong>Dur\u00e9e&nbsp;<\/strong>: 2 jours<\/p>\n\n\n\n<p><strong>Lieu <\/strong>: en entreprise (France enti\u00e8re) OU en classe \u00e0 distance<\/p>\n\n\n\n<p><strong>Dates<\/strong> : Pour tout souhait de formation, veuillez nous t\u00e9l\u00e9phoner au num\u00e9ro indiqu\u00e9 en pied de page. Nous conviendrons avec vous d\u2019une solution sur-mesure dans un d\u00e9lai co-\u00e9labor\u00e9 d\u2019un mois maximum.<\/p>\n\n\n\n<p><strong>Nombre minimum de stagiaires : <\/strong>4 personnes.<\/p>\n\n\n\n<p><strong>Accessibilit\u00e9 personnes handicap\u00e9es :<\/strong> Les salles que nous louons sont accessibles aux PMR<sup><a href=\"#sdfootnote1sym\"><sup>2<\/sup><\/a><\/sup>. Pour tout autre type de handicap, nous consulter au pr\u00e9alable pour co-construire une solution adapt\u00e9e dans la mesure des ressources disponibles.<\/p>\n\n\n\n<p><a href=\"#sdfootnote1anc\">1<\/a> PSH\u00a0: Personne en Situation de Handicap.<\/p>\n\n\n\n<p>2 PMR\u00a0: Personne \u00e0 Mobilit\u00e9 R\u00e9duite.<\/p>\n<\/div>\n<\/div><\/div>\n\n\n\n<h2>Moyens p\u00e9dagogiques, techniques et d&#8217;encadrement<\/h2>\n\n\n\n<ul><li>Chaque module abord\u00e9 fait l\u2019objet de travaux pratiques qui seront fait sur une plateforme BIGFIX.<\/li><li>Un support de formation sera fourni pour chaque module et sera pr\u00e9sent\u00e9 via un vid\u00e9oprojecteur ou grand \u00e9cran. Un tableau blanc ou interactif devra \u00eatre mis \u00e0 disposition avec des stylos.<\/li><li>La formation est anim\u00e9e par un consultant-formateur, ce qui permet aux participants de b\u00e9n\u00e9ficier de l&#8217;apport issu de son exp\u00e9rience de terrain.<\/li><\/ul>\n\n\n\n<h2>L&#8217;intervenant<\/h2>\n\n\n\n<p><strong>Julien, <\/strong>techniciensyst\u00e8me&amp;r\u00e9seau et administrateur de la plateforme BigFix chez ABlogiX. Il r\u00e9alise le d\u00e9ploiement de solution de gestion de parc et de patch management pour nos clients dans diff\u00e9rents secteurs de l\u2019industrie.<\/p>\n\n\n\n<h2>Plus d&#8217;informations ?<\/h2>\n\n\n\n<p>Veuillez nous contacter au <strong>+ 33(0)2 85 29 43 43<\/strong> ou par courrier \u00e9lectronique :\u00a0<a href=\"mailto:formation@ablogix.fr\">formation@ablogix.fr<\/a> pour obtenir un devis.<\/p>\n\n\n\n<hr class=\"wp-block-separator\"\/>\n\n\n\n<pre class=\"wp-block-preformatted\"><strong>L\u2019activit\u00e9 de formation de ABlogiX est \u00ab enregistr\u00e9e sous le num\u00e9ro 52 72 01527 72.<\/strong> \n<strong>Cet enregistrement ne vaut pas agr\u00e9ment de l\u2019\u00c9tat \u00bb, conform\u00e9ment \u00e0 l\u2019article L6322-48.<\/strong><\/pre>\n\n\n\n<p><strong><a href=\"https:\/\/www.ablogix.fr\/formations\/\" target=\"_blank\" rel=\"noreferrer noopener\">Retrouvez ici l&#8217;ensemble de nos Formations.<\/a><\/strong><\/p>\n\n\n\n<p><a href=\"https:\/\/www.ablogix.fr\/ssi_tr7-1-1-formation-bigfix-patchmanagement-fr\/\" target=\"_blank\" rel=\"noreferrer noopener\">T\u00e9l\u00e9chargez ici ce descriptif complet au format .pdf<\/a><\/p>\n\n\n\n<p><\/p>\n\n\n\n<div class=\"wp-block-image\"><figure class=\"aligncenter size-full is-resized\"><img loading=\"lazy\" src=\"https:\/\/www.ablogix.fr\/wp-content\/uploads\/2022\/07\/QRcode-ABourlier-info.png\" alt=\"\" class=\"wp-image-11786\" width=\"169\" height=\"166\"\/><\/figure><\/div>\n","protected":false},"excerpt":{"rendered":"<p>Moyens p\u00e9dagogiques, techniques et d&#8217;encadrement Chaque module abord\u00e9 fait l\u2019objet de travaux pratiques qui seront fait sur une plateforme BIGFIX. Un support de formation sera fourni pour chaque module et sera pr\u00e9sent\u00e9 via un vid\u00e9oprojecteur ou grand \u00e9cran. Un tableau blanc ou interactif devra \u00eatre mis \u00e0 disposition avec des stylos. La formation est anim\u00e9e <a href=\"https:\/\/www.ablogix.fr\/en\/ssi_tr7-1-1-bigfix-patch-management\/\" rel=\"nofollow\"><span class=\"sr-only\">Read more about SSi_Tr7.1.1 BigFix Patch Management<\/span>[&hellip;]<\/a><\/p>\n","protected":false},"author":3,"featured_media":0,"parent":0,"menu_order":0,"comment_status":"closed","ping_status":"closed","template":"","meta":[],"translation":{"provider":"WPGlobus","version":"2.10.0","language":"en","enabled_languages":["fr","en"],"languages":{"fr":{"title":true,"content":true,"excerpt":false},"en":{"title":false,"content":false,"excerpt":false}}},"yoast_head":"<!-- This site is optimized with the Yoast SEO plugin v19.1 - https:\/\/yoast.com\/wordpress\/plugins\/seo\/ -->\n<title>SSi_Tr7.1.1 BigFix Patch Management - ABlogiX<\/title>\n<meta name=\"robots\" content=\"index, follow, max-snippet:-1, max-image-preview:large, max-video-preview:-1\" \/>\n<link rel=\"canonical\" href=\"https:\/\/www.ablogix.fr\/ssi_tr7-1-1-bigfix-patch-management\/\" \/>\n<meta property=\"og:locale\" content=\"en_US\" \/>\n<meta property=\"og:type\" content=\"article\" \/>\n<meta property=\"og:title\" content=\"SSi_Tr7.1.1 BigFix Patch Management - ABlogiX\" \/>\n<meta property=\"og:url\" content=\"https:\/\/www.ablogix.fr\/ssi_tr7-1-1-bigfix-patch-management\/\" \/>\n<meta property=\"og:site_name\" content=\"ABlogiX\" \/>\n<meta property=\"article:publisher\" content=\"https:\/\/www.facebook.com\/ABlogiX\" \/>\n<meta property=\"article:modified_time\" content=\"2024-03-13T22:26:23+00:00\" \/>\n<meta property=\"og:image\" content=\"https:\/\/www.ablogix.fr\/wp-content\/uploads\/2022\/07\/QRcode-ABourlier-info.png\" \/>\n<meta name=\"twitter:card\" content=\"summary_large_image\" \/>\n<meta name=\"twitter:site\" content=\"@ABlogiX\" \/>\n<meta name=\"twitter:label1\" content=\"Est. reading time\" \/>\n\t<meta name=\"twitter:data1\" content=\"6 minutes\" \/>\n<script type=\"application\/ld+json\" class=\"yoast-schema-graph\">{\"@context\":\"https:\/\/schema.org\",\"@graph\":[{\"@type\":\"Organization\",\"@id\":\"https:\/\/www.ablogix.fr\/#organization\",\"name\":\"AblogiX\",\"url\":\"https:\/\/www.ablogix.fr\/\",\"sameAs\":[\"https:\/\/www.linkedin.com\/company\/sarl-ablogix\",\"https:\/\/www.youtube.com\/channel\/UC7LR5o5aeXzd2epr7eNma3g\/featured\",\"https:\/\/www.facebook.com\/ABlogiX\",\"https:\/\/twitter.com\/ABlogiX\"],\"logo\":{\"@type\":\"ImageObject\",\"inLanguage\":\"en-US\",\"@id\":\"https:\/\/www.ablogix.fr\/#\/schema\/logo\/image\/\",\"url\":\"https:\/\/www.ablogix.fr\/wp-content\/uploads\/2020\/11\/Logo-ABlogiX.png\",\"contentUrl\":\"https:\/\/www.ablogix.fr\/wp-content\/uploads\/2020\/11\/Logo-ABlogiX.png\",\"width\":534,\"height\":368,\"caption\":\"AblogiX\"},\"image\":{\"@id\":\"https:\/\/www.ablogix.fr\/#\/schema\/logo\/image\/\"}},{\"@type\":\"WebSite\",\"@id\":\"https:\/\/www.ablogix.fr\/#website\",\"url\":\"https:\/\/www.ablogix.fr\/\",\"name\":\"ABlogiX\",\"description\":\"Ing\u00e9nierie de d\u00e9veloppement syst\u00e8me et logiciel, et s\u00e9curit\u00e9 du syst\u00e8me d&#039;information\",\"publisher\":{\"@id\":\"https:\/\/www.ablogix.fr\/#organization\"},\"potentialAction\":[{\"@type\":\"SearchAction\",\"target\":{\"@type\":\"EntryPoint\",\"urlTemplate\":\"https:\/\/www.ablogix.fr\/?s={search_term_string}\"},\"query-input\":\"required name=search_term_string\"}],\"inLanguage\":\"en-US\"},{\"@type\":\"ImageObject\",\"inLanguage\":\"en-US\",\"@id\":\"https:\/\/www.ablogix.fr\/ssi_tr7-1-1-bigfix-patch-management\/#primaryimage\",\"url\":\"https:\/\/www.ablogix.fr\/wp-content\/uploads\/2022\/07\/QRcode-ABourlier-info.png\",\"contentUrl\":\"https:\/\/www.ablogix.fr\/wp-content\/uploads\/2022\/07\/QRcode-ABourlier-info.png\",\"width\":272,\"height\":267},{\"@type\":\"WebPage\",\"@id\":\"https:\/\/www.ablogix.fr\/ssi_tr7-1-1-bigfix-patch-management\/#webpage\",\"url\":\"https:\/\/www.ablogix.fr\/ssi_tr7-1-1-bigfix-patch-management\/\",\"name\":\"SSi_Tr7.1.1 BigFix Patch Management - ABlogiX\",\"isPartOf\":{\"@id\":\"https:\/\/www.ablogix.fr\/#website\"},\"primaryImageOfPage\":{\"@id\":\"https:\/\/www.ablogix.fr\/ssi_tr7-1-1-bigfix-patch-management\/#primaryimage\"},\"datePublished\":\"2024-03-13T21:57:00+00:00\",\"dateModified\":\"2024-03-13T22:26:23+00:00\",\"breadcrumb\":{\"@id\":\"https:\/\/www.ablogix.fr\/ssi_tr7-1-1-bigfix-patch-management\/#breadcrumb\"},\"inLanguage\":\"en-US\",\"potentialAction\":[{\"@type\":\"ReadAction\",\"target\":[\"https:\/\/www.ablogix.fr\/ssi_tr7-1-1-bigfix-patch-management\/\"]}]},{\"@type\":\"BreadcrumbList\",\"@id\":\"https:\/\/www.ablogix.fr\/ssi_tr7-1-1-bigfix-patch-management\/#breadcrumb\",\"itemListElement\":[{\"@type\":\"ListItem\",\"position\":1,\"name\":\"Accueil\",\"item\":\"https:\/\/www.ablogix.fr\/\"},{\"@type\":\"ListItem\",\"position\":2,\"name\":\"SSi_Tr7.1.1 BigFix Patch Management\"}]}]}<\/script>\n<!-- \/ Yoast SEO plugin. -->","yoast_head_json":{"title":"SSi_Tr7.1.1 BigFix Patch Management - ABlogiX","robots":{"index":"index","follow":"follow","max-snippet":"max-snippet:-1","max-image-preview":"max-image-preview:large","max-video-preview":"max-video-preview:-1"},"canonical":"https:\/\/www.ablogix.fr\/ssi_tr7-1-1-bigfix-patch-management\/","og_locale":"en_US","og_type":"article","og_title":"SSi_Tr7.1.1 BigFix Patch Management - ABlogiX","og_url":"https:\/\/www.ablogix.fr\/ssi_tr7-1-1-bigfix-patch-management\/","og_site_name":"ABlogiX","article_publisher":"https:\/\/www.facebook.com\/ABlogiX","article_modified_time":"2024-03-13T22:26:23+00:00","og_image":[{"url":"https:\/\/www.ablogix.fr\/wp-content\/uploads\/2022\/07\/QRcode-ABourlier-info.png"}],"twitter_card":"summary_large_image","twitter_site":"@ABlogiX","twitter_misc":{"Est. reading time":"6 minutes"},"schema":{"@context":"https:\/\/schema.org","@graph":[{"@type":"Organization","@id":"https:\/\/www.ablogix.fr\/#organization","name":"AblogiX","url":"https:\/\/www.ablogix.fr\/","sameAs":["https:\/\/www.linkedin.com\/company\/sarl-ablogix","https:\/\/www.youtube.com\/channel\/UC7LR5o5aeXzd2epr7eNma3g\/featured","https:\/\/www.facebook.com\/ABlogiX","https:\/\/twitter.com\/ABlogiX"],"logo":{"@type":"ImageObject","inLanguage":"en-US","@id":"https:\/\/www.ablogix.fr\/#\/schema\/logo\/image\/","url":"https:\/\/www.ablogix.fr\/wp-content\/uploads\/2020\/11\/Logo-ABlogiX.png","contentUrl":"https:\/\/www.ablogix.fr\/wp-content\/uploads\/2020\/11\/Logo-ABlogiX.png","width":534,"height":368,"caption":"AblogiX"},"image":{"@id":"https:\/\/www.ablogix.fr\/#\/schema\/logo\/image\/"}},{"@type":"WebSite","@id":"https:\/\/www.ablogix.fr\/#website","url":"https:\/\/www.ablogix.fr\/","name":"ABlogiX","description":"Ing\u00e9nierie de d\u00e9veloppement syst\u00e8me et logiciel, et s\u00e9curit\u00e9 du syst\u00e8me d&#039;information","publisher":{"@id":"https:\/\/www.ablogix.fr\/#organization"},"potentialAction":[{"@type":"SearchAction","target":{"@type":"EntryPoint","urlTemplate":"https:\/\/www.ablogix.fr\/?s={search_term_string}"},"query-input":"required name=search_term_string"}],"inLanguage":"en-US"},{"@type":"ImageObject","inLanguage":"en-US","@id":"https:\/\/www.ablogix.fr\/ssi_tr7-1-1-bigfix-patch-management\/#primaryimage","url":"https:\/\/www.ablogix.fr\/wp-content\/uploads\/2022\/07\/QRcode-ABourlier-info.png","contentUrl":"https:\/\/www.ablogix.fr\/wp-content\/uploads\/2022\/07\/QRcode-ABourlier-info.png","width":272,"height":267},{"@type":"WebPage","@id":"https:\/\/www.ablogix.fr\/ssi_tr7-1-1-bigfix-patch-management\/#webpage","url":"https:\/\/www.ablogix.fr\/ssi_tr7-1-1-bigfix-patch-management\/","name":"SSi_Tr7.1.1 BigFix Patch Management - ABlogiX","isPartOf":{"@id":"https:\/\/www.ablogix.fr\/#website"},"primaryImageOfPage":{"@id":"https:\/\/www.ablogix.fr\/ssi_tr7-1-1-bigfix-patch-management\/#primaryimage"},"datePublished":"2024-03-13T21:57:00+00:00","dateModified":"2024-03-13T22:26:23+00:00","breadcrumb":{"@id":"https:\/\/www.ablogix.fr\/ssi_tr7-1-1-bigfix-patch-management\/#breadcrumb"},"inLanguage":"en-US","potentialAction":[{"@type":"ReadAction","target":["https:\/\/www.ablogix.fr\/ssi_tr7-1-1-bigfix-patch-management\/"]}]},{"@type":"BreadcrumbList","@id":"https:\/\/www.ablogix.fr\/ssi_tr7-1-1-bigfix-patch-management\/#breadcrumb","itemListElement":[{"@type":"ListItem","position":1,"name":"Accueil","item":"https:\/\/www.ablogix.fr\/"},{"@type":"ListItem","position":2,"name":"SSi_Tr7.1.1 BigFix Patch Management"}]}]}},"_links":{"self":[{"href":"https:\/\/www.ablogix.fr\/en\/wp-json\/wp\/v2\/pages\/19853"}],"collection":[{"href":"https:\/\/www.ablogix.fr\/en\/wp-json\/wp\/v2\/pages"}],"about":[{"href":"https:\/\/www.ablogix.fr\/en\/wp-json\/wp\/v2\/types\/page"}],"author":[{"embeddable":true,"href":"https:\/\/www.ablogix.fr\/en\/wp-json\/wp\/v2\/users\/3"}],"replies":[{"embeddable":true,"href":"https:\/\/www.ablogix.fr\/en\/wp-json\/wp\/v2\/comments?post=19853"}],"version-history":[{"count":8,"href":"https:\/\/www.ablogix.fr\/en\/wp-json\/wp\/v2\/pages\/19853\/revisions"}],"predecessor-version":[{"id":19872,"href":"https:\/\/www.ablogix.fr\/en\/wp-json\/wp\/v2\/pages\/19853\/revisions\/19872"}],"wp:attachment":[{"href":"https:\/\/www.ablogix.fr\/en\/wp-json\/wp\/v2\/media?parent=19853"}],"curies":[{"name":"wp","href":"https:\/\/api.w.org\/{rel}","templated":true}]}}