{"id":191,"date":"2017-10-13T14:17:03","date_gmt":"2017-10-13T12:17:03","guid":{"rendered":"http:\/\/92.222.19.170\/?page_id=191"},"modified":"2022-01-05T12:13:01","modified_gmt":"2022-01-05T11:13:01","slug":"securite-logicielle","status":"publish","type":"page","link":"https:\/\/www.ablogix.fr\/en\/securite-logicielle\/","title":{"rendered":"Software security"},"content":{"rendered":"\n<div style=\"height:19px\" aria-hidden=\"true\" class=\"wp-block-spacer\"><\/div>\n\n\n\n<h2><b>Scalable Security Scanner with a complete offer<\/b><\/h2>\n\n\n\n<p>HCL AppScan is a scalable application vulnerability scanning tool that provides SAST, DAST, IAST, OSA and enterprise-level management capabilities to manage risk and compliance throughout the Secure DevOps application development lifecycle. APPSCAN integrates with CI\/CD and Value Stream Management (VSM) tools to automate analysis and detect vulnerabilities early.<\/p>\n\n\n\n<p>Already during the coding process, the developer can benefit from free detection and remediation support with the <a href=\"https:\/\/www.ablogix.fr\/en\/appscan-source\/\">CodeSweep<\/a> analyser, which can be downloaded and used for free from APPSCAN SOURCE.\u00a0<\/p>\n\n\n\n<div style=\"height:19px\" aria-hidden=\"true\" class=\"wp-block-spacer\"><\/div>\n\n\n\n<h2><b>Deploy security the way you want it<\/b><\/h2>\n\n\n\n<p>HCL AppScan allows customers to access multiple testing tools through flexible deployment capabilities: cloud-based deployment, on-premise deployment, or a combination of both.<\/p>\n\n\n\n<h3><strong>Advantages :<\/strong><\/h3>\n\n\n\n<ul><li>Unique Editor,<\/li><\/ul>\n\n\n\n<ul><li>Flexibility of scanning modes,<\/li><\/ul>\n\n\n\n<ul><li>Can be installed on your infrastructure or used directly as a SaaS,<\/li><\/ul>\n\n\n\n<ul><li>Can be used in Hybrid mode,<\/li><\/ul>\n\n\n\n<ul><li>Optimisation functions based on Machine Learning,<\/li><\/ul>\n\n\n\n<ul><li>Accuracy and speed,<\/li><\/ul>\n\n\n\n<ul><li>And more and more innovations.<\/li><\/ul>\n\n\n\n<div style=\"height:19px\" aria-hidden=\"true\" class=\"wp-block-spacer\"><\/div>\n\n\n\n<figure class=\"wp-block-image size-large\"><img loading=\"lazy\" width=\"1024\" height=\"537\" src=\"https:\/\/www.ablogix.fr\/wp-content\/uploads\/2022\/01\/H7kVajfmB25ZgEgd-1024x537.png\" alt=\"\" class=\"wp-image-9291\" srcset=\"https:\/\/www.ablogix.fr\/wp-content\/uploads\/2022\/01\/H7kVajfmB25ZgEgd-1024x537.png 1024w, https:\/\/www.ablogix.fr\/wp-content\/uploads\/2022\/01\/H7kVajfmB25ZgEgd-300x157.png 300w, https:\/\/www.ablogix.fr\/wp-content\/uploads\/2022\/01\/H7kVajfmB25ZgEgd-768x403.png 768w, https:\/\/www.ablogix.fr\/wp-content\/uploads\/2022\/01\/H7kVajfmB25ZgEgd-1536x806.png 1536w, https:\/\/www.ablogix.fr\/wp-content\/uploads\/2022\/01\/H7kVajfmB25ZgEgd.png 1852w\" sizes=\"(max-width: 1024px) 100vw, 1024px\" \/><\/figure>\n","protected":false},"excerpt":{"rendered":"<p>Scalable Security Scanner with a complete offer HCL AppScan is a scalable application vulnerability scanning tool that provides SAST, DAST, IAST, OSA and enterprise-level management capabilities to manage risk and compliance throughout the Secure DevOps application development lifecycle. APPSCAN integrates with CI\/CD and Value Stream Management (VSM) tools to automate analysis and detect vulnerabilities early. <a href=\"https:\/\/www.ablogix.fr\/en\/securite-logicielle\/\" rel=\"nofollow\"><span class=\"sr-only\">Read more about Software security<\/span>[&hellip;]<\/a><\/p>\n","protected":false},"author":1,"featured_media":0,"parent":0,"menu_order":0,"comment_status":"closed","ping_status":"closed","template":"template-fullwidth.php","meta":[],"translation":{"provider":"WPGlobus","version":"2.10.0","language":"en","enabled_languages":["fr","en"],"languages":{"fr":{"title":true,"content":true,"excerpt":false},"en":{"title":true,"content":true,"excerpt":false}}},"yoast_head":"<!-- This site is optimized with the Yoast SEO plugin v19.1 - https:\/\/yoast.com\/wordpress\/plugins\/seo\/ -->\n<title>Software security - ABlogiX<\/title>\n<meta name=\"robots\" content=\"index, follow, max-snippet:-1, max-image-preview:large, max-video-preview:-1\" \/>\n<link rel=\"canonical\" href=\"https:\/\/www.ablogix.fr\/securite-logicielle\/\" \/>\n<meta property=\"og:locale\" content=\"en_US\" \/>\n<meta property=\"og:type\" content=\"article\" \/>\n<meta property=\"og:title\" content=\"Software security - ABlogiX\" \/>\n<meta property=\"og:url\" content=\"https:\/\/www.ablogix.fr\/securite-logicielle\/\" \/>\n<meta property=\"og:site_name\" content=\"ABlogiX\" \/>\n<meta property=\"article:publisher\" content=\"https:\/\/www.facebook.com\/ABlogiX\" \/>\n<meta property=\"article:modified_time\" content=\"2022-01-05T11:13:01+00:00\" \/>\n<meta property=\"og:image\" content=\"https:\/\/www.ablogix.fr\/wp-content\/uploads\/2022\/01\/H7kVajfmB25ZgEgd-1024x537.png\" \/>\n<meta name=\"twitter:card\" content=\"summary_large_image\" \/>\n<meta name=\"twitter:site\" content=\"@ABlogiX\" \/>\n<meta name=\"twitter:label1\" content=\"Est. reading time\" \/>\n\t<meta name=\"twitter:data1\" content=\"1 minute\" \/>\n<script type=\"application\/ld+json\" class=\"yoast-schema-graph\">{\"@context\":\"https:\/\/schema.org\",\"@graph\":[{\"@type\":\"Organization\",\"@id\":\"https:\/\/www.ablogix.fr\/#organization\",\"name\":\"AblogiX\",\"url\":\"https:\/\/www.ablogix.fr\/\",\"sameAs\":[\"https:\/\/www.linkedin.com\/company\/sarl-ablogix\",\"https:\/\/www.youtube.com\/channel\/UC7LR5o5aeXzd2epr7eNma3g\/featured\",\"https:\/\/www.facebook.com\/ABlogiX\",\"https:\/\/twitter.com\/ABlogiX\"],\"logo\":{\"@type\":\"ImageObject\",\"inLanguage\":\"en-US\",\"@id\":\"https:\/\/www.ablogix.fr\/#\/schema\/logo\/image\/\",\"url\":\"https:\/\/www.ablogix.fr\/wp-content\/uploads\/2020\/11\/Logo-ABlogiX.png\",\"contentUrl\":\"https:\/\/www.ablogix.fr\/wp-content\/uploads\/2020\/11\/Logo-ABlogiX.png\",\"width\":534,\"height\":368,\"caption\":\"AblogiX\"},\"image\":{\"@id\":\"https:\/\/www.ablogix.fr\/#\/schema\/logo\/image\/\"}},{\"@type\":\"WebSite\",\"@id\":\"https:\/\/www.ablogix.fr\/#website\",\"url\":\"https:\/\/www.ablogix.fr\/\",\"name\":\"ABlogiX\",\"description\":\"Ing\u00e9nierie de d\u00e9veloppement syst\u00e8me et logiciel, et s\u00e9curit\u00e9 du syst\u00e8me d&#039;information\",\"publisher\":{\"@id\":\"https:\/\/www.ablogix.fr\/#organization\"},\"potentialAction\":[{\"@type\":\"SearchAction\",\"target\":{\"@type\":\"EntryPoint\",\"urlTemplate\":\"https:\/\/www.ablogix.fr\/?s={search_term_string}\"},\"query-input\":\"required name=search_term_string\"}],\"inLanguage\":\"en-US\"},{\"@type\":\"ImageObject\",\"inLanguage\":\"en-US\",\"@id\":\"https:\/\/www.ablogix.fr\/securite-logicielle\/#primaryimage\",\"url\":\"https:\/\/www.ablogix.fr\/wp-content\/uploads\/2022\/01\/H7kVajfmB25ZgEgd.png\",\"contentUrl\":\"https:\/\/www.ablogix.fr\/wp-content\/uploads\/2022\/01\/H7kVajfmB25ZgEgd.png\",\"width\":1852,\"height\":972},{\"@type\":\"WebPage\",\"@id\":\"https:\/\/www.ablogix.fr\/securite-logicielle\/#webpage\",\"url\":\"https:\/\/www.ablogix.fr\/securite-logicielle\/\",\"name\":\"Software security - ABlogiX\",\"isPartOf\":{\"@id\":\"https:\/\/www.ablogix.fr\/#website\"},\"primaryImageOfPage\":{\"@id\":\"https:\/\/www.ablogix.fr\/securite-logicielle\/#primaryimage\"},\"datePublished\":\"2017-10-13T12:17:03+00:00\",\"dateModified\":\"2022-01-05T11:13:01+00:00\",\"breadcrumb\":{\"@id\":\"https:\/\/www.ablogix.fr\/securite-logicielle\/#breadcrumb\"},\"inLanguage\":\"en-US\",\"potentialAction\":[{\"@type\":\"ReadAction\",\"target\":[\"https:\/\/www.ablogix.fr\/securite-logicielle\/\"]}]},{\"@type\":\"BreadcrumbList\",\"@id\":\"https:\/\/www.ablogix.fr\/securite-logicielle\/#breadcrumb\",\"itemListElement\":[{\"@type\":\"ListItem\",\"position\":1,\"name\":\"Accueil\",\"item\":\"https:\/\/www.ablogix.fr\/\"},{\"@type\":\"ListItem\",\"position\":2,\"name\":\"S\u00e9curit\u00e9 logicielle\"}]}]}<\/script>\n<!-- \/ Yoast SEO plugin. -->","yoast_head_json":{"title":"Software security - ABlogiX","robots":{"index":"index","follow":"follow","max-snippet":"max-snippet:-1","max-image-preview":"max-image-preview:large","max-video-preview":"max-video-preview:-1"},"canonical":"https:\/\/www.ablogix.fr\/securite-logicielle\/","og_locale":"en_US","og_type":"article","og_title":"Software security - ABlogiX","og_url":"https:\/\/www.ablogix.fr\/securite-logicielle\/","og_site_name":"ABlogiX","article_publisher":"https:\/\/www.facebook.com\/ABlogiX","article_modified_time":"2022-01-05T11:13:01+00:00","og_image":[{"url":"https:\/\/www.ablogix.fr\/wp-content\/uploads\/2022\/01\/H7kVajfmB25ZgEgd-1024x537.png"}],"twitter_card":"summary_large_image","twitter_site":"@ABlogiX","twitter_misc":{"Est. reading time":"1 minute"},"schema":{"@context":"https:\/\/schema.org","@graph":[{"@type":"Organization","@id":"https:\/\/www.ablogix.fr\/#organization","name":"AblogiX","url":"https:\/\/www.ablogix.fr\/","sameAs":["https:\/\/www.linkedin.com\/company\/sarl-ablogix","https:\/\/www.youtube.com\/channel\/UC7LR5o5aeXzd2epr7eNma3g\/featured","https:\/\/www.facebook.com\/ABlogiX","https:\/\/twitter.com\/ABlogiX"],"logo":{"@type":"ImageObject","inLanguage":"en-US","@id":"https:\/\/www.ablogix.fr\/#\/schema\/logo\/image\/","url":"https:\/\/www.ablogix.fr\/wp-content\/uploads\/2020\/11\/Logo-ABlogiX.png","contentUrl":"https:\/\/www.ablogix.fr\/wp-content\/uploads\/2020\/11\/Logo-ABlogiX.png","width":534,"height":368,"caption":"AblogiX"},"image":{"@id":"https:\/\/www.ablogix.fr\/#\/schema\/logo\/image\/"}},{"@type":"WebSite","@id":"https:\/\/www.ablogix.fr\/#website","url":"https:\/\/www.ablogix.fr\/","name":"ABlogiX","description":"Ing\u00e9nierie de d\u00e9veloppement syst\u00e8me et logiciel, et s\u00e9curit\u00e9 du syst\u00e8me d&#039;information","publisher":{"@id":"https:\/\/www.ablogix.fr\/#organization"},"potentialAction":[{"@type":"SearchAction","target":{"@type":"EntryPoint","urlTemplate":"https:\/\/www.ablogix.fr\/?s={search_term_string}"},"query-input":"required name=search_term_string"}],"inLanguage":"en-US"},{"@type":"ImageObject","inLanguage":"en-US","@id":"https:\/\/www.ablogix.fr\/securite-logicielle\/#primaryimage","url":"https:\/\/www.ablogix.fr\/wp-content\/uploads\/2022\/01\/H7kVajfmB25ZgEgd.png","contentUrl":"https:\/\/www.ablogix.fr\/wp-content\/uploads\/2022\/01\/H7kVajfmB25ZgEgd.png","width":1852,"height":972},{"@type":"WebPage","@id":"https:\/\/www.ablogix.fr\/securite-logicielle\/#webpage","url":"https:\/\/www.ablogix.fr\/securite-logicielle\/","name":"Software security - ABlogiX","isPartOf":{"@id":"https:\/\/www.ablogix.fr\/#website"},"primaryImageOfPage":{"@id":"https:\/\/www.ablogix.fr\/securite-logicielle\/#primaryimage"},"datePublished":"2017-10-13T12:17:03+00:00","dateModified":"2022-01-05T11:13:01+00:00","breadcrumb":{"@id":"https:\/\/www.ablogix.fr\/securite-logicielle\/#breadcrumb"},"inLanguage":"en-US","potentialAction":[{"@type":"ReadAction","target":["https:\/\/www.ablogix.fr\/securite-logicielle\/"]}]},{"@type":"BreadcrumbList","@id":"https:\/\/www.ablogix.fr\/securite-logicielle\/#breadcrumb","itemListElement":[{"@type":"ListItem","position":1,"name":"Accueil","item":"https:\/\/www.ablogix.fr\/"},{"@type":"ListItem","position":2,"name":"S\u00e9curit\u00e9 logicielle"}]}]}},"_links":{"self":[{"href":"https:\/\/www.ablogix.fr\/en\/wp-json\/wp\/v2\/pages\/191"}],"collection":[{"href":"https:\/\/www.ablogix.fr\/en\/wp-json\/wp\/v2\/pages"}],"about":[{"href":"https:\/\/www.ablogix.fr\/en\/wp-json\/wp\/v2\/types\/page"}],"author":[{"embeddable":true,"href":"https:\/\/www.ablogix.fr\/en\/wp-json\/wp\/v2\/users\/1"}],"replies":[{"embeddable":true,"href":"https:\/\/www.ablogix.fr\/en\/wp-json\/wp\/v2\/comments?post=191"}],"version-history":[{"count":22,"href":"https:\/\/www.ablogix.fr\/en\/wp-json\/wp\/v2\/pages\/191\/revisions"}],"predecessor-version":[{"id":9298,"href":"https:\/\/www.ablogix.fr\/en\/wp-json\/wp\/v2\/pages\/191\/revisions\/9298"}],"wp:attachment":[{"href":"https:\/\/www.ablogix.fr\/en\/wp-json\/wp\/v2\/media?parent=191"}],"curies":[{"name":"wp","href":"https:\/\/api.w.org\/{rel}","templated":true}]}}