{"id":176,"date":"2017-10-13T14:08:03","date_gmt":"2017-10-13T12:08:03","guid":{"rendered":"http:\/\/92.222.19.170\/?page_id=176"},"modified":"2021-03-16T12:47:53","modified_gmt":"2021-03-16T11:47:53","slug":"securite-reseau","status":"publish","type":"page","link":"https:\/\/www.ablogix.fr\/en\/securite-reseau\/","title":{"rendered":"Network security"},"content":{"rendered":"\n<p><strong>ABlogiX supports you in securing your network infrastructure and offers its expertise in the following areas<\/strong> :<\/p>\n\n\n\n<hr class=\"wp-block-separator\"\/>\n\n\n\n<div class=\"wp-block-image\"><figure class=\"aligncenter\"><a href=\"https:\/\/www.ablogix.fr\/wp-content\/uploads\/2017\/10\/armor.png\"><img loading=\"lazy\" width=\"128\" height=\"128\" src=\"https:\/\/www.ablogix.fr\/wp-content\/uploads\/2017\/10\/armor.png\" alt=\"\" class=\"wp-image-177\"\/><\/a><\/figure><\/div>\n\n\n\n<h3 class=\"has-text-align-center\"><strong>Firewall<\/strong><\/h3>\n\n\n\n<p>The configuration of your firewall is an essential component of the security of your network infrastructure and is a determining factor in the security of your information system. ABlogiX can assist you in setting up, configuring and training on different models.<\/p>\n\n\n\n<hr class=\"wp-block-separator\"\/>\n\n\n\n<div class=\"wp-block-image\"><figure class=\"aligncenter\"><a href=\"https:\/\/www.ablogix.fr\/wp-content\/uploads\/2017\/10\/graph.png\"><img loading=\"lazy\" width=\"128\" height=\"128\" src=\"https:\/\/www.ablogix.fr\/wp-content\/uploads\/2017\/10\/graph.png\" alt=\"\" class=\"wp-image-178\"\/><\/a><\/figure><\/div>\n\n\n\n<h3 class=\"has-text-align-center\"><strong>S.I.E.M \/ Log Management<\/strong><\/h3>\n\n\n\n<p>The SIEM collects the events of your information system as well as the system logs of your firewalls, routers, servers, etc. It allows the centralisation, management and correlation of the events of your information system. Its implementation can be complex and requires expertise that ABlogiX can offer you.<\/p>\n\n\n\n<hr class=\"wp-block-separator\"\/>\n\n\n\n<div class=\"wp-block-image\"><figure class=\"aligncenter\"><a href=\"https:\/\/www.ablogix.fr\/wp-content\/uploads\/2017\/10\/mobile-phone.png\"><img loading=\"lazy\" width=\"128\" height=\"128\" src=\"https:\/\/www.ablogix.fr\/wp-content\/uploads\/2017\/10\/mobile-phone.png\" alt=\"\" class=\"wp-image-179\"\/><\/a><\/figure><\/div>\n\n\n\n<h3 class=\"has-text-align-center\"><strong>Securing the mobile fleet<\/strong><\/h3>\n\n\n\n<p>Mobility has become a key issue in the enterprise. Users are increasingly bringing and using their own equipment in the company (BYOD); however, the company&#8217;s data must be protected. ABlogiX offers mobile and BYOD management and fleet solutions that enable compliance to be checked (antivirus status, rooted or jailbroken hardware) of the mobile device before it is connected to the company&#8217;s network.<\/p>\n","protected":false},"excerpt":{"rendered":"<p>ABlogiX supports you in securing your network infrastructure and offers its expertise in the following areas : Firewall The configuration of your firewall is an essential component of the security of your network infrastructure and is a determining factor in the security of your information system. ABlogiX can assist you in setting up, configuring and <a href=\"https:\/\/www.ablogix.fr\/en\/securite-reseau\/\" rel=\"nofollow\"><span class=\"sr-only\">Read more about Network security<\/span>[&hellip;]<\/a><\/p>\n","protected":false},"author":1,"featured_media":0,"parent":0,"menu_order":0,"comment_status":"closed","ping_status":"closed","template":"template-fullwidth.php","meta":[],"translation":{"provider":"WPGlobus","version":"2.10.0","language":"en","enabled_languages":["fr","en"],"languages":{"fr":{"title":true,"content":true,"excerpt":false},"en":{"title":true,"content":true,"excerpt":false}}},"yoast_head":"<!-- This site is optimized with the Yoast SEO plugin v19.1 - https:\/\/yoast.com\/wordpress\/plugins\/seo\/ -->\n<title>Network security - ABlogiX<\/title>\n<meta name=\"robots\" content=\"index, follow, max-snippet:-1, max-image-preview:large, max-video-preview:-1\" \/>\n<link rel=\"canonical\" href=\"https:\/\/www.ablogix.fr\/securite-reseau\/\" \/>\n<meta property=\"og:locale\" content=\"en_US\" \/>\n<meta property=\"og:type\" content=\"article\" \/>\n<meta property=\"og:title\" content=\"Network security - ABlogiX\" \/>\n<meta property=\"og:url\" content=\"https:\/\/www.ablogix.fr\/securite-reseau\/\" \/>\n<meta property=\"og:site_name\" content=\"ABlogiX\" \/>\n<meta property=\"article:publisher\" content=\"https:\/\/www.facebook.com\/ABlogiX\" \/>\n<meta property=\"article:modified_time\" content=\"2021-03-16T11:47:53+00:00\" \/>\n<meta property=\"og:image\" content=\"https:\/\/www.ablogix.fr\/wp-content\/uploads\/2017\/10\/armor.png\" \/>\n<meta name=\"twitter:card\" content=\"summary_large_image\" \/>\n<meta name=\"twitter:site\" content=\"@ABlogiX\" \/>\n<meta name=\"twitter:label1\" content=\"Est. reading time\" \/>\n\t<meta name=\"twitter:data1\" content=\"2 minutes\" \/>\n<script type=\"application\/ld+json\" class=\"yoast-schema-graph\">{\"@context\":\"https:\/\/schema.org\",\"@graph\":[{\"@type\":\"Organization\",\"@id\":\"https:\/\/www.ablogix.fr\/#organization\",\"name\":\"AblogiX\",\"url\":\"https:\/\/www.ablogix.fr\/\",\"sameAs\":[\"https:\/\/www.linkedin.com\/company\/sarl-ablogix\",\"https:\/\/www.youtube.com\/channel\/UC7LR5o5aeXzd2epr7eNma3g\/featured\",\"https:\/\/www.facebook.com\/ABlogiX\",\"https:\/\/twitter.com\/ABlogiX\"],\"logo\":{\"@type\":\"ImageObject\",\"inLanguage\":\"en-US\",\"@id\":\"https:\/\/www.ablogix.fr\/#\/schema\/logo\/image\/\",\"url\":\"https:\/\/www.ablogix.fr\/wp-content\/uploads\/2020\/11\/Logo-ABlogiX.png\",\"contentUrl\":\"https:\/\/www.ablogix.fr\/wp-content\/uploads\/2020\/11\/Logo-ABlogiX.png\",\"width\":534,\"height\":368,\"caption\":\"AblogiX\"},\"image\":{\"@id\":\"https:\/\/www.ablogix.fr\/#\/schema\/logo\/image\/\"}},{\"@type\":\"WebSite\",\"@id\":\"https:\/\/www.ablogix.fr\/#website\",\"url\":\"https:\/\/www.ablogix.fr\/\",\"name\":\"ABlogiX\",\"description\":\"Ing\u00e9nierie de d\u00e9veloppement syst\u00e8me et logiciel, et s\u00e9curit\u00e9 du syst\u00e8me d&#039;information\",\"publisher\":{\"@id\":\"https:\/\/www.ablogix.fr\/#organization\"},\"potentialAction\":[{\"@type\":\"SearchAction\",\"target\":{\"@type\":\"EntryPoint\",\"urlTemplate\":\"https:\/\/www.ablogix.fr\/?s={search_term_string}\"},\"query-input\":\"required name=search_term_string\"}],\"inLanguage\":\"en-US\"},{\"@type\":\"ImageObject\",\"inLanguage\":\"en-US\",\"@id\":\"https:\/\/www.ablogix.fr\/securite-reseau\/#primaryimage\",\"url\":\"https:\/\/www.ablogix.fr\/wp-content\/uploads\/2017\/10\/armor.png\",\"contentUrl\":\"https:\/\/www.ablogix.fr\/wp-content\/uploads\/2017\/10\/armor.png\",\"width\":128,\"height\":128},{\"@type\":\"WebPage\",\"@id\":\"https:\/\/www.ablogix.fr\/securite-reseau\/#webpage\",\"url\":\"https:\/\/www.ablogix.fr\/securite-reseau\/\",\"name\":\"Network security - ABlogiX\",\"isPartOf\":{\"@id\":\"https:\/\/www.ablogix.fr\/#website\"},\"primaryImageOfPage\":{\"@id\":\"https:\/\/www.ablogix.fr\/securite-reseau\/#primaryimage\"},\"datePublished\":\"2017-10-13T12:08:03+00:00\",\"dateModified\":\"2021-03-16T11:47:53+00:00\",\"breadcrumb\":{\"@id\":\"https:\/\/www.ablogix.fr\/securite-reseau\/#breadcrumb\"},\"inLanguage\":\"en-US\",\"potentialAction\":[{\"@type\":\"ReadAction\",\"target\":[\"https:\/\/www.ablogix.fr\/securite-reseau\/\"]}]},{\"@type\":\"BreadcrumbList\",\"@id\":\"https:\/\/www.ablogix.fr\/securite-reseau\/#breadcrumb\",\"itemListElement\":[{\"@type\":\"ListItem\",\"position\":1,\"name\":\"Accueil\",\"item\":\"https:\/\/www.ablogix.fr\/\"},{\"@type\":\"ListItem\",\"position\":2,\"name\":\"S\u00e9curit\u00e9 r\u00e9seau\"}]}]}<\/script>\n<!-- \/ Yoast SEO plugin. -->","yoast_head_json":{"title":"Network security - ABlogiX","robots":{"index":"index","follow":"follow","max-snippet":"max-snippet:-1","max-image-preview":"max-image-preview:large","max-video-preview":"max-video-preview:-1"},"canonical":"https:\/\/www.ablogix.fr\/securite-reseau\/","og_locale":"en_US","og_type":"article","og_title":"Network security - ABlogiX","og_url":"https:\/\/www.ablogix.fr\/securite-reseau\/","og_site_name":"ABlogiX","article_publisher":"https:\/\/www.facebook.com\/ABlogiX","article_modified_time":"2021-03-16T11:47:53+00:00","og_image":[{"url":"https:\/\/www.ablogix.fr\/wp-content\/uploads\/2017\/10\/armor.png"}],"twitter_card":"summary_large_image","twitter_site":"@ABlogiX","twitter_misc":{"Est. reading time":"2 minutes"},"schema":{"@context":"https:\/\/schema.org","@graph":[{"@type":"Organization","@id":"https:\/\/www.ablogix.fr\/#organization","name":"AblogiX","url":"https:\/\/www.ablogix.fr\/","sameAs":["https:\/\/www.linkedin.com\/company\/sarl-ablogix","https:\/\/www.youtube.com\/channel\/UC7LR5o5aeXzd2epr7eNma3g\/featured","https:\/\/www.facebook.com\/ABlogiX","https:\/\/twitter.com\/ABlogiX"],"logo":{"@type":"ImageObject","inLanguage":"en-US","@id":"https:\/\/www.ablogix.fr\/#\/schema\/logo\/image\/","url":"https:\/\/www.ablogix.fr\/wp-content\/uploads\/2020\/11\/Logo-ABlogiX.png","contentUrl":"https:\/\/www.ablogix.fr\/wp-content\/uploads\/2020\/11\/Logo-ABlogiX.png","width":534,"height":368,"caption":"AblogiX"},"image":{"@id":"https:\/\/www.ablogix.fr\/#\/schema\/logo\/image\/"}},{"@type":"WebSite","@id":"https:\/\/www.ablogix.fr\/#website","url":"https:\/\/www.ablogix.fr\/","name":"ABlogiX","description":"Ing\u00e9nierie de d\u00e9veloppement syst\u00e8me et logiciel, et s\u00e9curit\u00e9 du syst\u00e8me d&#039;information","publisher":{"@id":"https:\/\/www.ablogix.fr\/#organization"},"potentialAction":[{"@type":"SearchAction","target":{"@type":"EntryPoint","urlTemplate":"https:\/\/www.ablogix.fr\/?s={search_term_string}"},"query-input":"required name=search_term_string"}],"inLanguage":"en-US"},{"@type":"ImageObject","inLanguage":"en-US","@id":"https:\/\/www.ablogix.fr\/securite-reseau\/#primaryimage","url":"https:\/\/www.ablogix.fr\/wp-content\/uploads\/2017\/10\/armor.png","contentUrl":"https:\/\/www.ablogix.fr\/wp-content\/uploads\/2017\/10\/armor.png","width":128,"height":128},{"@type":"WebPage","@id":"https:\/\/www.ablogix.fr\/securite-reseau\/#webpage","url":"https:\/\/www.ablogix.fr\/securite-reseau\/","name":"Network security - ABlogiX","isPartOf":{"@id":"https:\/\/www.ablogix.fr\/#website"},"primaryImageOfPage":{"@id":"https:\/\/www.ablogix.fr\/securite-reseau\/#primaryimage"},"datePublished":"2017-10-13T12:08:03+00:00","dateModified":"2021-03-16T11:47:53+00:00","breadcrumb":{"@id":"https:\/\/www.ablogix.fr\/securite-reseau\/#breadcrumb"},"inLanguage":"en-US","potentialAction":[{"@type":"ReadAction","target":["https:\/\/www.ablogix.fr\/securite-reseau\/"]}]},{"@type":"BreadcrumbList","@id":"https:\/\/www.ablogix.fr\/securite-reseau\/#breadcrumb","itemListElement":[{"@type":"ListItem","position":1,"name":"Accueil","item":"https:\/\/www.ablogix.fr\/"},{"@type":"ListItem","position":2,"name":"S\u00e9curit\u00e9 r\u00e9seau"}]}]}},"_links":{"self":[{"href":"https:\/\/www.ablogix.fr\/en\/wp-json\/wp\/v2\/pages\/176"}],"collection":[{"href":"https:\/\/www.ablogix.fr\/en\/wp-json\/wp\/v2\/pages"}],"about":[{"href":"https:\/\/www.ablogix.fr\/en\/wp-json\/wp\/v2\/types\/page"}],"author":[{"embeddable":true,"href":"https:\/\/www.ablogix.fr\/en\/wp-json\/wp\/v2\/users\/1"}],"replies":[{"embeddable":true,"href":"https:\/\/www.ablogix.fr\/en\/wp-json\/wp\/v2\/comments?post=176"}],"version-history":[{"count":12,"href":"https:\/\/www.ablogix.fr\/en\/wp-json\/wp\/v2\/pages\/176\/revisions"}],"predecessor-version":[{"id":4336,"href":"https:\/\/www.ablogix.fr\/en\/wp-json\/wp\/v2\/pages\/176\/revisions\/4336"}],"wp:attachment":[{"href":"https:\/\/www.ablogix.fr\/en\/wp-json\/wp\/v2\/media?parent=176"}],"curies":[{"name":"wp","href":"https:\/\/api.w.org\/{rel}","templated":true}]}}