{"id":1632,"date":"2020-11-18T12:10:36","date_gmt":"2020-11-18T11:10:36","guid":{"rendered":"https:\/\/www.ablogix.fr\/?page_id=1632"},"modified":"2021-03-30T09:25:01","modified_gmt":"2021-03-30T07:25:01","slug":"hcl-domino","status":"publish","type":"page","link":"https:\/\/www.ablogix.fr\/en\/hcl-domino\/","title":{"rendered":"HCL Domino"},"content":{"rendered":"\n<div class=\"wp-block-themeisle-blocks-advanced-columns has-1-columns has-desktop-equal-layout has-tablet-equal-layout has-mobile-equal-layout has-default-gap has-vertical-unset\" id=\"wp-block-themeisle-blocks-advanced-columns-fa881658\"><div class=\"wp-block-themeisle-blocks-advanced-columns-overlay\"><\/div><div class=\"innerblocks-wrap\">\n<div class=\"wp-block-themeisle-blocks-advanced-column\" id=\"wp-block-themeisle-blocks-advanced-column-20a46d95\">\n<div class=\"wp-block-image\"><figure class=\"aligncenter size-large is-resized\"><img loading=\"lazy\" src=\"https:\/\/www.ablogix.fr\/wp-content\/uploads\/2020\/11\/Ico\u0302ne-Domino-Volt.png\" alt=\"HCL Domino\" class=\"wp-image-1594\" width=\"264\" height=\"264\"\/><\/figure><\/div>\n<\/div>\n<\/div><\/div>\n\n\n\n<p>HCL Domino is a secure enterprise application development platform developed by <a href=\"https:\/\/www.hcltechsw.com\/products\/domino\/offerings\/domino-volt\">HCL<\/a>. It features replication and enterprise messaging for thick, thin and <a href=\"https:\/\/fr.wikipedia.org\/wiki\/Progressive_web_app\">PWA<\/a> clients. In addition, this solution is part of the 3 pillars of the <a href=\"https:\/\/www.ablogix.fr\/en\/suite-collaborative\/\">Collaborative Suite<\/a> with the HCL <a href=\"https:\/\/www.ablogix.fr\/en\/hcl-sametime-premium\/\">Sametime Premium<\/a> and <a href=\"https:\/\/www.ablogix.fr\/en\/hcl-connections\/\">HCL Connections<\/a> solutions.<\/p>\n\n\n\n<p>Par ailleurs, l&#8217;offre HCL Domino, de part ses nombreuses d\u00e9clinaisons permet :<\/p>\n\n\n\n<ul><li>Easily develop powerful workflow applications. These are secured and encrypted with its new low-code module <a href=\"https:\/\/www.hcltechsw.com\/products\/domino\/offerings\/domino-volt\">(HCL Volt)<\/a>,<\/li><li>Access to email, calendar and contact management functionality, seamlessly integrating with other Domino collaboration tools and enterprise applications <a href=\"https:\/\/www.hcltechsw.com\/products\/nd\">(HCL Notes, thick client)<\/a>,<\/li><li>Access collaboration features such as instant messaging, file sharing and profile management from your desktop or any mobile device <a href=\"https:\/\/www.hcltechsw.com\/products\/verse\">(HCL Verse thin client)<\/a>,<\/li><\/ul>\n\n\n\n<p>All these versions are also available on the Apple and Android stores for phones and tablets. They include the &#8220;offline&#8221; functionality.<\/p>\n\n\n\n<p>It is also possible to <a href=\"https:\/\/www.hcltechsw.com\/domino\/try-domino\">try this solution for free<\/a> by creating a sandbox account. Access to sample applications, training tutorials and videos is also available.<\/p>\n\n\n\n<p>It should be noted that <a href=\"https:\/\/www.hcltechsw.com\/products\/domino\/preview-of-hcl-domino-v12\">version 12<\/a> will arrive in 2021 and will introduce some interesting new features.<\/p>\n","protected":false},"excerpt":{"rendered":"<p>HCL Domino is a secure enterprise application development platform developed by HCL. It features replication and enterprise messaging for thick, thin and PWA clients. In addition, this solution is part of the 3 pillars of the Collaborative Suite with the HCL Sametime Premium and HCL Connections solutions. Par ailleurs, l&#8217;offre HCL Domino, de part ses <a href=\"https:\/\/www.ablogix.fr\/en\/hcl-domino\/\" rel=\"nofollow\"><span class=\"sr-only\">Read more about HCL Domino<\/span>[&hellip;]<\/a><\/p>\n","protected":false},"author":4,"featured_media":0,"parent":0,"menu_order":0,"comment_status":"closed","ping_status":"closed","template":"template-fullwidth.php","meta":[],"translation":{"provider":"WPGlobus","version":"2.10.0","language":"en","enabled_languages":["fr","en"],"languages":{"fr":{"title":true,"content":true,"excerpt":false},"en":{"title":true,"content":true,"excerpt":false}}},"yoast_head":"<!-- This site is optimized with the Yoast SEO plugin v19.1 - https:\/\/yoast.com\/wordpress\/plugins\/seo\/ -->\n<title>HCL Domino - Plateforme de d\u00e9veloppement d&#039;applications s\u00e9curis\u00e9es<\/title>\n<meta name=\"robots\" content=\"index, follow, max-snippet:-1, max-image-preview:large, max-video-preview:-1\" \/>\n<link rel=\"canonical\" href=\"https:\/\/www.ablogix.fr\/hcl-domino\/\" \/>\n<meta property=\"og:locale\" content=\"en_US\" \/>\n<meta property=\"og:type\" content=\"article\" \/>\n<meta property=\"og:title\" content=\"HCL Domino - Plateforme de d\u00e9veloppement d&#039;applications s\u00e9curis\u00e9es\" \/>\n<meta property=\"og:url\" content=\"https:\/\/www.ablogix.fr\/hcl-domino\/\" \/>\n<meta property=\"og:site_name\" content=\"ABlogiX\" \/>\n<meta property=\"article:publisher\" content=\"https:\/\/www.facebook.com\/ABlogiX\" \/>\n<meta property=\"article:modified_time\" content=\"2021-03-30T07:25:01+00:00\" \/>\n<meta property=\"og:image\" content=\"https:\/\/www.ablogix.fr\/wp-content\/uploads\/2020\/11\/Ico\u0302ne-Domino-Volt.png\" \/>\n<meta name=\"twitter:card\" content=\"summary_large_image\" \/>\n<meta name=\"twitter:site\" content=\"@ABlogiX\" \/>\n<meta name=\"twitter:label1\" content=\"Est. reading time\" \/>\n\t<meta name=\"twitter:data1\" content=\"2 minutes\" \/>\n<script type=\"application\/ld+json\" class=\"yoast-schema-graph\">{\"@context\":\"https:\/\/schema.org\",\"@graph\":[{\"@type\":\"Organization\",\"@id\":\"https:\/\/www.ablogix.fr\/#organization\",\"name\":\"AblogiX\",\"url\":\"https:\/\/www.ablogix.fr\/\",\"sameAs\":[\"https:\/\/www.linkedin.com\/company\/sarl-ablogix\",\"https:\/\/www.youtube.com\/channel\/UC7LR5o5aeXzd2epr7eNma3g\/featured\",\"https:\/\/www.facebook.com\/ABlogiX\",\"https:\/\/twitter.com\/ABlogiX\"],\"logo\":{\"@type\":\"ImageObject\",\"inLanguage\":\"en-US\",\"@id\":\"https:\/\/www.ablogix.fr\/#\/schema\/logo\/image\/\",\"url\":\"https:\/\/www.ablogix.fr\/wp-content\/uploads\/2020\/11\/Logo-ABlogiX.png\",\"contentUrl\":\"https:\/\/www.ablogix.fr\/wp-content\/uploads\/2020\/11\/Logo-ABlogiX.png\",\"width\":534,\"height\":368,\"caption\":\"AblogiX\"},\"image\":{\"@id\":\"https:\/\/www.ablogix.fr\/#\/schema\/logo\/image\/\"}},{\"@type\":\"WebSite\",\"@id\":\"https:\/\/www.ablogix.fr\/#website\",\"url\":\"https:\/\/www.ablogix.fr\/\",\"name\":\"ABlogiX\",\"description\":\"Ing\u00e9nierie de d\u00e9veloppement syst\u00e8me et logiciel, et s\u00e9curit\u00e9 du syst\u00e8me d&#039;information\",\"publisher\":{\"@id\":\"https:\/\/www.ablogix.fr\/#organization\"},\"potentialAction\":[{\"@type\":\"SearchAction\",\"target\":{\"@type\":\"EntryPoint\",\"urlTemplate\":\"https:\/\/www.ablogix.fr\/?s={search_term_string}\"},\"query-input\":\"required name=search_term_string\"}],\"inLanguage\":\"en-US\"},{\"@type\":\"WebPage\",\"@id\":\"https:\/\/www.ablogix.fr\/hcl-domino\/#webpage\",\"url\":\"https:\/\/www.ablogix.fr\/hcl-domino\/\",\"name\":\"HCL Domino - Plateforme de d\u00e9veloppement d'applications s\u00e9curis\u00e9es\",\"isPartOf\":{\"@id\":\"https:\/\/www.ablogix.fr\/#website\"},\"datePublished\":\"2020-11-18T11:10:36+00:00\",\"dateModified\":\"2021-03-30T07:25:01+00:00\",\"description\":\"HCL Domino est une plate-forme de d\u00e9veloppement d'applications s\u00e9curis\u00e9es avec syst\u00e8me de r\u00e9plication et messagerie d\u2019entreprise.\",\"breadcrumb\":{\"@id\":\"https:\/\/www.ablogix.fr\/hcl-domino\/#breadcrumb\"},\"inLanguage\":\"en-US\",\"potentialAction\":[{\"@type\":\"ReadAction\",\"target\":[\"https:\/\/www.ablogix.fr\/hcl-domino\/\"]}]},{\"@type\":\"BreadcrumbList\",\"@id\":\"https:\/\/www.ablogix.fr\/hcl-domino\/#breadcrumb\",\"itemListElement\":[{\"@type\":\"ListItem\",\"position\":1,\"name\":\"Accueil\",\"item\":\"https:\/\/www.ablogix.fr\/\"},{\"@type\":\"ListItem\",\"position\":2,\"name\":\"HCL Domino\"}]}]}<\/script>\n<!-- \/ Yoast SEO plugin. -->","yoast_head_json":{"title":"HCL Domino - Plateforme de d\u00e9veloppement d'applications s\u00e9curis\u00e9es","robots":{"index":"index","follow":"follow","max-snippet":"max-snippet:-1","max-image-preview":"max-image-preview:large","max-video-preview":"max-video-preview:-1"},"canonical":"https:\/\/www.ablogix.fr\/hcl-domino\/","og_locale":"en_US","og_type":"article","og_title":"HCL Domino - Plateforme de d\u00e9veloppement d'applications s\u00e9curis\u00e9es","og_url":"https:\/\/www.ablogix.fr\/hcl-domino\/","og_site_name":"ABlogiX","article_publisher":"https:\/\/www.facebook.com\/ABlogiX","article_modified_time":"2021-03-30T07:25:01+00:00","og_image":[{"url":"https:\/\/www.ablogix.fr\/wp-content\/uploads\/2020\/11\/Ico\u0302ne-Domino-Volt.png"}],"twitter_card":"summary_large_image","twitter_site":"@ABlogiX","twitter_misc":{"Est. reading time":"2 minutes"},"schema":{"@context":"https:\/\/schema.org","@graph":[{"@type":"Organization","@id":"https:\/\/www.ablogix.fr\/#organization","name":"AblogiX","url":"https:\/\/www.ablogix.fr\/","sameAs":["https:\/\/www.linkedin.com\/company\/sarl-ablogix","https:\/\/www.youtube.com\/channel\/UC7LR5o5aeXzd2epr7eNma3g\/featured","https:\/\/www.facebook.com\/ABlogiX","https:\/\/twitter.com\/ABlogiX"],"logo":{"@type":"ImageObject","inLanguage":"en-US","@id":"https:\/\/www.ablogix.fr\/#\/schema\/logo\/image\/","url":"https:\/\/www.ablogix.fr\/wp-content\/uploads\/2020\/11\/Logo-ABlogiX.png","contentUrl":"https:\/\/www.ablogix.fr\/wp-content\/uploads\/2020\/11\/Logo-ABlogiX.png","width":534,"height":368,"caption":"AblogiX"},"image":{"@id":"https:\/\/www.ablogix.fr\/#\/schema\/logo\/image\/"}},{"@type":"WebSite","@id":"https:\/\/www.ablogix.fr\/#website","url":"https:\/\/www.ablogix.fr\/","name":"ABlogiX","description":"Ing\u00e9nierie de d\u00e9veloppement syst\u00e8me et logiciel, et s\u00e9curit\u00e9 du syst\u00e8me d&#039;information","publisher":{"@id":"https:\/\/www.ablogix.fr\/#organization"},"potentialAction":[{"@type":"SearchAction","target":{"@type":"EntryPoint","urlTemplate":"https:\/\/www.ablogix.fr\/?s={search_term_string}"},"query-input":"required name=search_term_string"}],"inLanguage":"en-US"},{"@type":"WebPage","@id":"https:\/\/www.ablogix.fr\/hcl-domino\/#webpage","url":"https:\/\/www.ablogix.fr\/hcl-domino\/","name":"HCL Domino - Plateforme de d\u00e9veloppement d'applications s\u00e9curis\u00e9es","isPartOf":{"@id":"https:\/\/www.ablogix.fr\/#website"},"datePublished":"2020-11-18T11:10:36+00:00","dateModified":"2021-03-30T07:25:01+00:00","description":"HCL Domino est une plate-forme de d\u00e9veloppement d'applications s\u00e9curis\u00e9es avec syst\u00e8me de r\u00e9plication et messagerie d\u2019entreprise.","breadcrumb":{"@id":"https:\/\/www.ablogix.fr\/hcl-domino\/#breadcrumb"},"inLanguage":"en-US","potentialAction":[{"@type":"ReadAction","target":["https:\/\/www.ablogix.fr\/hcl-domino\/"]}]},{"@type":"BreadcrumbList","@id":"https:\/\/www.ablogix.fr\/hcl-domino\/#breadcrumb","itemListElement":[{"@type":"ListItem","position":1,"name":"Accueil","item":"https:\/\/www.ablogix.fr\/"},{"@type":"ListItem","position":2,"name":"HCL Domino"}]}]}},"_links":{"self":[{"href":"https:\/\/www.ablogix.fr\/en\/wp-json\/wp\/v2\/pages\/1632"}],"collection":[{"href":"https:\/\/www.ablogix.fr\/en\/wp-json\/wp\/v2\/pages"}],"about":[{"href":"https:\/\/www.ablogix.fr\/en\/wp-json\/wp\/v2\/types\/page"}],"author":[{"embeddable":true,"href":"https:\/\/www.ablogix.fr\/en\/wp-json\/wp\/v2\/users\/4"}],"replies":[{"embeddable":true,"href":"https:\/\/www.ablogix.fr\/en\/wp-json\/wp\/v2\/comments?post=1632"}],"version-history":[{"count":27,"href":"https:\/\/www.ablogix.fr\/en\/wp-json\/wp\/v2\/pages\/1632\/revisions"}],"predecessor-version":[{"id":4884,"href":"https:\/\/www.ablogix.fr\/en\/wp-json\/wp\/v2\/pages\/1632\/revisions\/4884"}],"wp:attachment":[{"href":"https:\/\/www.ablogix.fr\/en\/wp-json\/wp\/v2\/media?parent=1632"}],"curies":[{"name":"wp","href":"https:\/\/api.w.org\/{rel}","templated":true}]}}