{"id":1574,"date":"2020-11-17T14:14:02","date_gmt":"2020-11-17T13:14:02","guid":{"rendered":"https:\/\/www.ablogix.fr\/?page_id=1574"},"modified":"2021-03-30T09:27:03","modified_gmt":"2021-03-30T07:27:03","slug":"suite-collaborative","status":"publish","type":"page","link":"https:\/\/www.ablogix.fr\/en\/suite-collaborative\/","title":{"rendered":"Collaborative Suite"},"content":{"rendered":"\n<div style=\"height:20px\" aria-hidden=\"true\" class=\"wp-block-spacer\"><\/div>\n\n\n\n<div style=\"height:28px\" aria-hidden=\"true\" class=\"wp-block-spacer\"><\/div>\n\n\n\n<div class=\"wp-block-group\"><div class=\"wp-block-group__inner-container\">\n<div class=\"wp-block-image\"><figure class=\"aligncenter size-large is-resized\"><img loading=\"lazy\" src=\"https:\/\/www.ablogix.fr\/wp-content\/uploads\/2020\/12\/Copie-de-Sans-titre.png\" alt=\"\" class=\"wp-image-1945\" width=\"738\" height=\"295\"\/><\/figure><\/div>\n<\/div><\/div>\n\n\n\n<div style=\"height:20px\" aria-hidden=\"true\" class=\"wp-block-spacer\"><\/div>\n\n\n\n<div class=\"wp-block-group\"><div class=\"wp-block-group__inner-container\">\n<p>The HCL Collaborative Suite is composed of <a href=\"https:\/\/www.ablogix.fr\/en\/hcl-sametime-premium\/\">HCL Sametime Premium<\/a>, <a href=\"https:\/\/www.ablogix.fr\/en\/hcl-connections\/\">HCL Connections<\/a> and <a href=\"https:\/\/www.ablogix.fr\/en\/hcl-domino\/?preview_id=1632&amp;preview_nonce=046d2b7b7e&amp;preview=true\">HCL Domino<\/a>. It fits perfectly with the &#8220;Work From Home&#8221; theme and is designed for all organisations wishing to work in &#8220;collaborative mode&#8221;. <\/p>\n\n\n\n<p>With the increase in telecommuting, it is important to provide tools that ensure an optimal user experience. That&#8217;s why ABlogiX, in collaboration with <a href=\"https:\/\/www.hcltechsw.com\/\">HCL<\/a>, offers these solutions for unlimited, secure, remote collaboration to ensure employee engagement and business success.<\/p>\n<\/div><\/div>\n\n\n\n<div style=\"height:23px\" aria-hidden=\"true\" class=\"wp-block-spacer\"><\/div>\n\n\n\n<div class=\"wp-block-group\"><div class=\"wp-block-group__inner-container\">\n<figure class=\"wp-block-embed is-type-video is-provider-youtube wp-block-embed-youtube wp-embed-aspect-16-9 wp-has-aspect-ratio\"><div class=\"wp-block-embed__wrapper\">\n<iframe loading=\"lazy\" title=\"D\u00e9couvrez notre webinar consacr\u00e9 \u00e0 la Suite Collaborative - pr\u00e9sent\u00e9 par  ABlogiX  &amp; HCL\" width=\"640\" height=\"360\" src=\"https:\/\/www.youtube.com\/embed\/NBKchILACQ8?start=2825&#038;feature=oembed\" frameborder=\"0\" allow=\"accelerometer; autoplay; clipboard-write; encrypted-media; gyroscope; picture-in-picture\" allowfullscreen><\/iframe>\n<\/div><\/figure>\n<\/div><\/div>\n","protected":false},"excerpt":{"rendered":"<p>The HCL Collaborative Suite is composed of HCL Sametime Premium, HCL Connections and HCL Domino. It fits perfectly with the &#8220;Work From Home&#8221; theme and is designed for all organisations wishing to work in &#8220;collaborative mode&#8221;. With the increase in telecommuting, it is important to provide tools that ensure an optimal user experience. That&#8217;s why <a href=\"https:\/\/www.ablogix.fr\/en\/suite-collaborative\/\" rel=\"nofollow\"><span class=\"sr-only\">Read more about Collaborative Suite<\/span>[&hellip;]<\/a><\/p>\n","protected":false},"author":3,"featured_media":0,"parent":0,"menu_order":0,"comment_status":"closed","ping_status":"closed","template":"template-fullwidth.php","meta":[],"translation":{"provider":"WPGlobus","version":"2.10.0","language":"en","enabled_languages":["fr","en"],"languages":{"fr":{"title":true,"content":true,"excerpt":false},"en":{"title":true,"content":true,"excerpt":false}}},"yoast_head":"<!-- This site is optimized with the Yoast SEO plugin v19.1 - https:\/\/yoast.com\/wordpress\/plugins\/seo\/ -->\n<title>Collaborative Suite - ABlogiX<\/title>\n<meta name=\"robots\" content=\"index, follow, max-snippet:-1, max-image-preview:large, max-video-preview:-1\" \/>\n<link rel=\"canonical\" href=\"https:\/\/www.ablogix.fr\/suite-collaborative\/\" \/>\n<meta property=\"og:locale\" content=\"en_US\" \/>\n<meta property=\"og:type\" content=\"article\" \/>\n<meta property=\"og:title\" content=\"Collaborative Suite - ABlogiX\" \/>\n<meta property=\"og:url\" content=\"https:\/\/www.ablogix.fr\/suite-collaborative\/\" \/>\n<meta property=\"og:site_name\" content=\"ABlogiX\" \/>\n<meta property=\"article:publisher\" content=\"https:\/\/www.facebook.com\/ABlogiX\" \/>\n<meta property=\"article:modified_time\" content=\"2021-03-30T07:27:03+00:00\" \/>\n<meta property=\"og:image\" content=\"https:\/\/www.ablogix.fr\/wp-content\/uploads\/2020\/12\/Copie-de-Sans-titre.png\" \/>\n<meta name=\"twitter:card\" content=\"summary_large_image\" \/>\n<meta name=\"twitter:site\" content=\"@ABlogiX\" \/>\n<meta name=\"twitter:label1\" content=\"Est. reading time\" \/>\n\t<meta name=\"twitter:data1\" content=\"1 minute\" \/>\n<script type=\"application\/ld+json\" class=\"yoast-schema-graph\">{\"@context\":\"https:\/\/schema.org\",\"@graph\":[{\"@type\":\"Organization\",\"@id\":\"https:\/\/www.ablogix.fr\/#organization\",\"name\":\"AblogiX\",\"url\":\"https:\/\/www.ablogix.fr\/\",\"sameAs\":[\"https:\/\/www.linkedin.com\/company\/sarl-ablogix\",\"https:\/\/www.youtube.com\/channel\/UC7LR5o5aeXzd2epr7eNma3g\/featured\",\"https:\/\/www.facebook.com\/ABlogiX\",\"https:\/\/twitter.com\/ABlogiX\"],\"logo\":{\"@type\":\"ImageObject\",\"inLanguage\":\"en-US\",\"@id\":\"https:\/\/www.ablogix.fr\/#\/schema\/logo\/image\/\",\"url\":\"https:\/\/www.ablogix.fr\/wp-content\/uploads\/2020\/11\/Logo-ABlogiX.png\",\"contentUrl\":\"https:\/\/www.ablogix.fr\/wp-content\/uploads\/2020\/11\/Logo-ABlogiX.png\",\"width\":534,\"height\":368,\"caption\":\"AblogiX\"},\"image\":{\"@id\":\"https:\/\/www.ablogix.fr\/#\/schema\/logo\/image\/\"}},{\"@type\":\"WebSite\",\"@id\":\"https:\/\/www.ablogix.fr\/#website\",\"url\":\"https:\/\/www.ablogix.fr\/\",\"name\":\"ABlogiX\",\"description\":\"Ing\u00e9nierie de d\u00e9veloppement syst\u00e8me et logiciel, et s\u00e9curit\u00e9 du syst\u00e8me d&#039;information\",\"publisher\":{\"@id\":\"https:\/\/www.ablogix.fr\/#organization\"},\"potentialAction\":[{\"@type\":\"SearchAction\",\"target\":{\"@type\":\"EntryPoint\",\"urlTemplate\":\"https:\/\/www.ablogix.fr\/?s={search_term_string}\"},\"query-input\":\"required name=search_term_string\"}],\"inLanguage\":\"en-US\"},{\"@type\":\"ImageObject\",\"inLanguage\":\"en-US\",\"@id\":\"https:\/\/www.ablogix.fr\/suite-collaborative\/#primaryimage\",\"url\":\"https:\/\/www.ablogix.fr\/wp-content\/uploads\/2020\/12\/Copie-de-Sans-titre.png\",\"contentUrl\":\"https:\/\/www.ablogix.fr\/wp-content\/uploads\/2020\/12\/Copie-de-Sans-titre.png\",\"width\":1000,\"height\":400},{\"@type\":\"WebPage\",\"@id\":\"https:\/\/www.ablogix.fr\/suite-collaborative\/#webpage\",\"url\":\"https:\/\/www.ablogix.fr\/suite-collaborative\/\",\"name\":\"Collaborative Suite - ABlogiX\",\"isPartOf\":{\"@id\":\"https:\/\/www.ablogix.fr\/#website\"},\"primaryImageOfPage\":{\"@id\":\"https:\/\/www.ablogix.fr\/suite-collaborative\/#primaryimage\"},\"datePublished\":\"2020-11-17T13:14:02+00:00\",\"dateModified\":\"2021-03-30T07:27:03+00:00\",\"breadcrumb\":{\"@id\":\"https:\/\/www.ablogix.fr\/suite-collaborative\/#breadcrumb\"},\"inLanguage\":\"en-US\",\"potentialAction\":[{\"@type\":\"ReadAction\",\"target\":[\"https:\/\/www.ablogix.fr\/suite-collaborative\/\"]}]},{\"@type\":\"BreadcrumbList\",\"@id\":\"https:\/\/www.ablogix.fr\/suite-collaborative\/#breadcrumb\",\"itemListElement\":[{\"@type\":\"ListItem\",\"position\":1,\"name\":\"Accueil\",\"item\":\"https:\/\/www.ablogix.fr\/\"},{\"@type\":\"ListItem\",\"position\":2,\"name\":\"Suite Collaborative\"}]}]}<\/script>\n<!-- \/ Yoast SEO plugin. -->","yoast_head_json":{"title":"Collaborative Suite - ABlogiX","robots":{"index":"index","follow":"follow","max-snippet":"max-snippet:-1","max-image-preview":"max-image-preview:large","max-video-preview":"max-video-preview:-1"},"canonical":"https:\/\/www.ablogix.fr\/suite-collaborative\/","og_locale":"en_US","og_type":"article","og_title":"Collaborative Suite - ABlogiX","og_url":"https:\/\/www.ablogix.fr\/suite-collaborative\/","og_site_name":"ABlogiX","article_publisher":"https:\/\/www.facebook.com\/ABlogiX","article_modified_time":"2021-03-30T07:27:03+00:00","og_image":[{"url":"https:\/\/www.ablogix.fr\/wp-content\/uploads\/2020\/12\/Copie-de-Sans-titre.png"}],"twitter_card":"summary_large_image","twitter_site":"@ABlogiX","twitter_misc":{"Est. reading time":"1 minute"},"schema":{"@context":"https:\/\/schema.org","@graph":[{"@type":"Organization","@id":"https:\/\/www.ablogix.fr\/#organization","name":"AblogiX","url":"https:\/\/www.ablogix.fr\/","sameAs":["https:\/\/www.linkedin.com\/company\/sarl-ablogix","https:\/\/www.youtube.com\/channel\/UC7LR5o5aeXzd2epr7eNma3g\/featured","https:\/\/www.facebook.com\/ABlogiX","https:\/\/twitter.com\/ABlogiX"],"logo":{"@type":"ImageObject","inLanguage":"en-US","@id":"https:\/\/www.ablogix.fr\/#\/schema\/logo\/image\/","url":"https:\/\/www.ablogix.fr\/wp-content\/uploads\/2020\/11\/Logo-ABlogiX.png","contentUrl":"https:\/\/www.ablogix.fr\/wp-content\/uploads\/2020\/11\/Logo-ABlogiX.png","width":534,"height":368,"caption":"AblogiX"},"image":{"@id":"https:\/\/www.ablogix.fr\/#\/schema\/logo\/image\/"}},{"@type":"WebSite","@id":"https:\/\/www.ablogix.fr\/#website","url":"https:\/\/www.ablogix.fr\/","name":"ABlogiX","description":"Ing\u00e9nierie de d\u00e9veloppement syst\u00e8me et logiciel, et s\u00e9curit\u00e9 du syst\u00e8me d&#039;information","publisher":{"@id":"https:\/\/www.ablogix.fr\/#organization"},"potentialAction":[{"@type":"SearchAction","target":{"@type":"EntryPoint","urlTemplate":"https:\/\/www.ablogix.fr\/?s={search_term_string}"},"query-input":"required name=search_term_string"}],"inLanguage":"en-US"},{"@type":"ImageObject","inLanguage":"en-US","@id":"https:\/\/www.ablogix.fr\/suite-collaborative\/#primaryimage","url":"https:\/\/www.ablogix.fr\/wp-content\/uploads\/2020\/12\/Copie-de-Sans-titre.png","contentUrl":"https:\/\/www.ablogix.fr\/wp-content\/uploads\/2020\/12\/Copie-de-Sans-titre.png","width":1000,"height":400},{"@type":"WebPage","@id":"https:\/\/www.ablogix.fr\/suite-collaborative\/#webpage","url":"https:\/\/www.ablogix.fr\/suite-collaborative\/","name":"Collaborative Suite - ABlogiX","isPartOf":{"@id":"https:\/\/www.ablogix.fr\/#website"},"primaryImageOfPage":{"@id":"https:\/\/www.ablogix.fr\/suite-collaborative\/#primaryimage"},"datePublished":"2020-11-17T13:14:02+00:00","dateModified":"2021-03-30T07:27:03+00:00","breadcrumb":{"@id":"https:\/\/www.ablogix.fr\/suite-collaborative\/#breadcrumb"},"inLanguage":"en-US","potentialAction":[{"@type":"ReadAction","target":["https:\/\/www.ablogix.fr\/suite-collaborative\/"]}]},{"@type":"BreadcrumbList","@id":"https:\/\/www.ablogix.fr\/suite-collaborative\/#breadcrumb","itemListElement":[{"@type":"ListItem","position":1,"name":"Accueil","item":"https:\/\/www.ablogix.fr\/"},{"@type":"ListItem","position":2,"name":"Suite Collaborative"}]}]}},"_links":{"self":[{"href":"https:\/\/www.ablogix.fr\/en\/wp-json\/wp\/v2\/pages\/1574"}],"collection":[{"href":"https:\/\/www.ablogix.fr\/en\/wp-json\/wp\/v2\/pages"}],"about":[{"href":"https:\/\/www.ablogix.fr\/en\/wp-json\/wp\/v2\/types\/page"}],"author":[{"embeddable":true,"href":"https:\/\/www.ablogix.fr\/en\/wp-json\/wp\/v2\/users\/3"}],"replies":[{"embeddable":true,"href":"https:\/\/www.ablogix.fr\/en\/wp-json\/wp\/v2\/comments?post=1574"}],"version-history":[{"count":62,"href":"https:\/\/www.ablogix.fr\/en\/wp-json\/wp\/v2\/pages\/1574\/revisions"}],"predecessor-version":[{"id":4888,"href":"https:\/\/www.ablogix.fr\/en\/wp-json\/wp\/v2\/pages\/1574\/revisions\/4888"}],"wp:attachment":[{"href":"https:\/\/www.ablogix.fr\/en\/wp-json\/wp\/v2\/media?parent=1574"}],"curies":[{"name":"wp","href":"https:\/\/api.w.org\/{rel}","templated":true}]}}