{"id":133,"date":"2017-10-13T11:56:35","date_gmt":"2017-10-13T09:56:35","guid":{"rendered":"http:\/\/92.222.19.170\/?page_id=133"},"modified":"2021-03-16T10:30:48","modified_gmt":"2021-03-16T09:30:48","slug":"carrieres","status":"publish","type":"page","link":"https:\/\/www.ablogix.fr\/en\/carrieres\/","title":{"rendered":"Careers"},"content":{"rendered":"\n<p>Career management is at the heart of ABlogiX. More than a traditional company, ABlogiX is above all a meeting of employees who work, exchange and develop together around common projects and objectives.<\/p>\n\n\n\n<p>ABlogiX is a company that has been growing rapidly since its creation. Indeed, we are constantly looking for new talent to accompany us in our development.<\/p>\n\n\n\n<p>Committed to a CSR approach (contribution of companies to the principles of sustainable development), ABlogiX has been built around a set of common values shared by all its employees:<\/p>\n\n\n\n<ul><li>Working environment,<\/li><li>Energy consumption and renewable energy production,<\/li><li>Ethics,<\/li><li>Personal and collective development,<\/li><li>Team spirit,<\/li><li>Respect for others.<\/li><\/ul>\n\n\n\n<p>ABlogiX was built by seeking the right balance between <strong>economic efficiency, environmental preservation, territorial anchoring and social equity.<\/strong><\/p>\n\n\n\n<p>Being established in the provinces near Le Mans and in a natural, quiet environment without the constraints of transport overload and air pollution, ABlogiX has naturally integrated a CSR approach into its organisation&#8217;s strategy since its creation.<\/p>\n\n\n\n<p>ABlogiX has also set up a <strong>Cloud infrastructure<\/strong> called ABeeX in a &#8220;green&#8221; DataCenter (it follows the European EPBD directive), and thanks to its mastery of project management activities and collaborative development environments, ABlogiX facilitates and supports the approach to remote work for its employees.<\/p>\n\n\n\n<p>ABlogiX has also set up a <strong>Cloud infrastructure called ABeeX<\/strong> in a <strong>&#8220;green&#8221; DataCenter<\/strong> (it follows the European EPBD directive), and thanks to its mastery of project management activities and <strong>collaborative<\/strong> development environments, ABlogiX f<strong>acilitates and supports the approach to remote work<\/strong> for its employees.<\/p>\n\n\n\n<p>ABlogiX also developed partnerships early on, because CSR is above all about developing <strong>win-win partnerships<\/strong> with its <strong>stakeholders.<\/strong><\/p>\n","protected":false},"excerpt":{"rendered":"<p>Career management is at the heart of ABlogiX. More than a traditional company, ABlogiX is above all a meeting of employees who work, exchange and develop together around common projects and objectives. ABlogiX is a company that has been growing rapidly since its creation. Indeed, we are constantly looking for new talent to accompany us <a href=\"https:\/\/www.ablogix.fr\/en\/carrieres\/\" rel=\"nofollow\"><span class=\"sr-only\">Read more about Careers<\/span>[&hellip;]<\/a><\/p>\n","protected":false},"author":1,"featured_media":0,"parent":0,"menu_order":0,"comment_status":"closed","ping_status":"closed","template":"template-fullwidth.php","meta":[],"translation":{"provider":"WPGlobus","version":"2.10.0","language":"en","enabled_languages":["fr","en"],"languages":{"fr":{"title":true,"content":true,"excerpt":false},"en":{"title":true,"content":true,"excerpt":false}}},"yoast_head":"<!-- This site is optimized with the Yoast SEO plugin v19.1 - https:\/\/yoast.com\/wordpress\/plugins\/seo\/ -->\n<title>Careers - ABlogiX<\/title>\n<meta name=\"robots\" content=\"index, follow, max-snippet:-1, max-image-preview:large, max-video-preview:-1\" \/>\n<link rel=\"canonical\" href=\"https:\/\/www.ablogix.fr\/en\/carrieres\/\" \/>\n<meta property=\"og:locale\" content=\"en_US\" \/>\n<meta property=\"og:type\" content=\"article\" \/>\n<meta property=\"og:title\" content=\"Careers - ABlogiX\" \/>\n<meta property=\"og:url\" content=\"https:\/\/www.ablogix.fr\/en\/carrieres\/\" \/>\n<meta property=\"og:site_name\" content=\"ABlogiX\" \/>\n<meta property=\"article:publisher\" content=\"https:\/\/www.facebook.com\/ABlogiX\" \/>\n<meta property=\"article:modified_time\" content=\"2021-03-16T09:30:48+00:00\" \/>\n<meta name=\"twitter:card\" content=\"summary_large_image\" \/>\n<meta name=\"twitter:site\" content=\"@ABlogiX\" \/>\n<meta name=\"twitter:label1\" content=\"Est. reading time\" \/>\n\t<meta name=\"twitter:data1\" content=\"2 minutes\" \/>\n<script type=\"application\/ld+json\" class=\"yoast-schema-graph\">{\"@context\":\"https:\/\/schema.org\",\"@graph\":[{\"@type\":\"Organization\",\"@id\":\"https:\/\/www.ablogix.fr\/#organization\",\"name\":\"AblogiX\",\"url\":\"https:\/\/www.ablogix.fr\/\",\"sameAs\":[\"https:\/\/www.linkedin.com\/company\/sarl-ablogix\",\"https:\/\/www.youtube.com\/channel\/UC7LR5o5aeXzd2epr7eNma3g\/featured\",\"https:\/\/www.facebook.com\/ABlogiX\",\"https:\/\/twitter.com\/ABlogiX\"],\"logo\":{\"@type\":\"ImageObject\",\"inLanguage\":\"en-US\",\"@id\":\"https:\/\/www.ablogix.fr\/#\/schema\/logo\/image\/\",\"url\":\"https:\/\/www.ablogix.fr\/wp-content\/uploads\/2020\/11\/Logo-ABlogiX.png\",\"contentUrl\":\"https:\/\/www.ablogix.fr\/wp-content\/uploads\/2020\/11\/Logo-ABlogiX.png\",\"width\":534,\"height\":368,\"caption\":\"AblogiX\"},\"image\":{\"@id\":\"https:\/\/www.ablogix.fr\/#\/schema\/logo\/image\/\"}},{\"@type\":\"WebSite\",\"@id\":\"https:\/\/www.ablogix.fr\/#website\",\"url\":\"https:\/\/www.ablogix.fr\/\",\"name\":\"ABlogiX\",\"description\":\"Ing\u00e9nierie de d\u00e9veloppement syst\u00e8me et logiciel, et s\u00e9curit\u00e9 du syst\u00e8me d&#039;information\",\"publisher\":{\"@id\":\"https:\/\/www.ablogix.fr\/#organization\"},\"potentialAction\":[{\"@type\":\"SearchAction\",\"target\":{\"@type\":\"EntryPoint\",\"urlTemplate\":\"https:\/\/www.ablogix.fr\/?s={search_term_string}\"},\"query-input\":\"required name=search_term_string\"}],\"inLanguage\":\"en-US\"},{\"@type\":\"WebPage\",\"@id\":\"https:\/\/www.ablogix.fr\/en\/carrieres\/#webpage\",\"url\":\"https:\/\/www.ablogix.fr\/en\/carrieres\/\",\"name\":\"Careers - ABlogiX\",\"isPartOf\":{\"@id\":\"https:\/\/www.ablogix.fr\/#website\"},\"datePublished\":\"2017-10-13T09:56:35+00:00\",\"dateModified\":\"2021-03-16T09:30:48+00:00\",\"breadcrumb\":{\"@id\":\"https:\/\/www.ablogix.fr\/en\/carrieres\/#breadcrumb\"},\"inLanguage\":\"en-US\",\"potentialAction\":[{\"@type\":\"ReadAction\",\"target\":[\"https:\/\/www.ablogix.fr\/en\/carrieres\/\"]}]},{\"@type\":\"BreadcrumbList\",\"@id\":\"https:\/\/www.ablogix.fr\/en\/carrieres\/#breadcrumb\",\"itemListElement\":[{\"@type\":\"ListItem\",\"position\":1,\"name\":\"Accueil\",\"item\":\"https:\/\/www.ablogix.fr\/\"},{\"@type\":\"ListItem\",\"position\":2,\"name\":\"Careers\"}]}]}<\/script>\n<!-- \/ Yoast SEO plugin. -->","yoast_head_json":{"title":"Careers - ABlogiX","robots":{"index":"index","follow":"follow","max-snippet":"max-snippet:-1","max-image-preview":"max-image-preview:large","max-video-preview":"max-video-preview:-1"},"canonical":"https:\/\/www.ablogix.fr\/en\/carrieres\/","og_locale":"en_US","og_type":"article","og_title":"Careers - ABlogiX","og_url":"https:\/\/www.ablogix.fr\/en\/carrieres\/","og_site_name":"ABlogiX","article_publisher":"https:\/\/www.facebook.com\/ABlogiX","article_modified_time":"2021-03-16T09:30:48+00:00","twitter_card":"summary_large_image","twitter_site":"@ABlogiX","twitter_misc":{"Est. reading time":"2 minutes"},"schema":{"@context":"https:\/\/schema.org","@graph":[{"@type":"Organization","@id":"https:\/\/www.ablogix.fr\/#organization","name":"AblogiX","url":"https:\/\/www.ablogix.fr\/","sameAs":["https:\/\/www.linkedin.com\/company\/sarl-ablogix","https:\/\/www.youtube.com\/channel\/UC7LR5o5aeXzd2epr7eNma3g\/featured","https:\/\/www.facebook.com\/ABlogiX","https:\/\/twitter.com\/ABlogiX"],"logo":{"@type":"ImageObject","inLanguage":"en-US","@id":"https:\/\/www.ablogix.fr\/#\/schema\/logo\/image\/","url":"https:\/\/www.ablogix.fr\/wp-content\/uploads\/2020\/11\/Logo-ABlogiX.png","contentUrl":"https:\/\/www.ablogix.fr\/wp-content\/uploads\/2020\/11\/Logo-ABlogiX.png","width":534,"height":368,"caption":"AblogiX"},"image":{"@id":"https:\/\/www.ablogix.fr\/#\/schema\/logo\/image\/"}},{"@type":"WebSite","@id":"https:\/\/www.ablogix.fr\/#website","url":"https:\/\/www.ablogix.fr\/","name":"ABlogiX","description":"Ing\u00e9nierie de d\u00e9veloppement syst\u00e8me et logiciel, et s\u00e9curit\u00e9 du syst\u00e8me d&#039;information","publisher":{"@id":"https:\/\/www.ablogix.fr\/#organization"},"potentialAction":[{"@type":"SearchAction","target":{"@type":"EntryPoint","urlTemplate":"https:\/\/www.ablogix.fr\/?s={search_term_string}"},"query-input":"required name=search_term_string"}],"inLanguage":"en-US"},{"@type":"WebPage","@id":"https:\/\/www.ablogix.fr\/en\/carrieres\/#webpage","url":"https:\/\/www.ablogix.fr\/en\/carrieres\/","name":"Careers - ABlogiX","isPartOf":{"@id":"https:\/\/www.ablogix.fr\/#website"},"datePublished":"2017-10-13T09:56:35+00:00","dateModified":"2021-03-16T09:30:48+00:00","breadcrumb":{"@id":"https:\/\/www.ablogix.fr\/en\/carrieres\/#breadcrumb"},"inLanguage":"en-US","potentialAction":[{"@type":"ReadAction","target":["https:\/\/www.ablogix.fr\/en\/carrieres\/"]}]},{"@type":"BreadcrumbList","@id":"https:\/\/www.ablogix.fr\/en\/carrieres\/#breadcrumb","itemListElement":[{"@type":"ListItem","position":1,"name":"Accueil","item":"https:\/\/www.ablogix.fr\/"},{"@type":"ListItem","position":2,"name":"Careers"}]}]}},"_links":{"self":[{"href":"https:\/\/www.ablogix.fr\/en\/wp-json\/wp\/v2\/pages\/133"}],"collection":[{"href":"https:\/\/www.ablogix.fr\/en\/wp-json\/wp\/v2\/pages"}],"about":[{"href":"https:\/\/www.ablogix.fr\/en\/wp-json\/wp\/v2\/types\/page"}],"author":[{"embeddable":true,"href":"https:\/\/www.ablogix.fr\/en\/wp-json\/wp\/v2\/users\/1"}],"replies":[{"embeddable":true,"href":"https:\/\/www.ablogix.fr\/en\/wp-json\/wp\/v2\/comments?post=133"}],"version-history":[{"count":24,"href":"https:\/\/www.ablogix.fr\/en\/wp-json\/wp\/v2\/pages\/133\/revisions"}],"predecessor-version":[{"id":4292,"href":"https:\/\/www.ablogix.fr\/en\/wp-json\/wp\/v2\/pages\/133\/revisions\/4292"}],"wp:attachment":[{"href":"https:\/\/www.ablogix.fr\/en\/wp-json\/wp\/v2\/media?parent=133"}],"curies":[{"name":"wp","href":"https:\/\/api.w.org\/{rel}","templated":true}]}}