{"id":128,"date":"2017-10-13T11:52:01","date_gmt":"2017-10-13T09:52:01","guid":{"rendered":"http:\/\/92.222.19.170\/?page_id=128"},"modified":"2022-03-11T15:24:27","modified_gmt":"2022-03-11T14:24:27","slug":"partenaires","status":"publish","type":"page","link":"https:\/\/www.ablogix.fr\/en\/partenaires\/","title":{"rendered":"Partners"},"content":{"rendered":"\n<p>ABlogiX has built strong partnerships since its inception. These win-win partnerships have grown to cover a wider spectrum of activities including consulting, sales, deployment, integration and training :<\/p>\n\n\n\n<figure class=\"wp-block-table\"><table><thead><tr><th scope=\"col\">\u200b<\/th><th scope=\"col\">Partner<\/th><th scope=\"col\">Description<\/th><th scope=\"col\">Certifications<\/th><\/tr><\/thead><tbody><tr><td><img loading=\"lazy\" src=\"https:\/\/www.ablogix.fr\/wp-content\/uploads\/2020\/12\/Nova_Blog_HCL_539x303.png\" alt=\"\" width=\"124\" height=\"70\"><\/td><td><a href=\"https:\/\/www.hcltechsw.com\/\">HCL<\/a><\/td><td>Web and mobile application security testing tools, Configuration and Change Management tools<\/td><td>APPSCAN, ASoC, VersionVault, Compass, Accelerate&#8230;<\/td><\/tr><tr><td><img loading=\"lazy\" src=\"https:\/\/www.ablogix.fr\/wp-content\/uploads\/2020\/12\/Dell_PartnerDirect-300x109-1.png\" alt=\"\" width=\"127\" height=\"46\"><\/td><td><a href=\"https:\/\/www.dell.com\/fr-fr\">DELL<\/a> (2007)<\/td><td>Servers, desktops and laptops<\/td><td>&#8211;<\/td><\/tr><tr><td><img src=\"https:\/\/www.ablogix.fr\/wp-content\/uploads\/2020\/12\/t\u00e9l\u00e9chargement.png\" alt=\"\"><img loading=\"lazy\" width=\"355\" height=\"142\" class=\"wp-image-2656\" style=\"width: 150px;\" src=\"https:\/\/www.ablogix.fr\/wp-content\/uploads\/2020\/12\/te\u0301le\u0301chargement.png\" alt=\"\"><\/td><td>IBM RATIONAL (2008)<\/td><td>Software and systems development tools, and contributing to Quality Improvement with processes based on Agile\/SAFe, or Traditional\/Waterfall Methodologies\u2026<\/td><td>ClearCase, UCM, Synergy, Change, ELM Jazz: RTC, Doors NG, Quality Manager&#8230;<\/td><\/tr><tr><td><img loading=\"lazy\" width=\"258\" height=\"110\" src=\"https:\/\/www.ablogix.fr\/wp-content\/uploads\/2022\/03\/ibm-gold-history-1000-copie-1.png\" alt=\"\"><\/td><td>IBM SECURITY (2012)<\/td><td>Security tools: SIEM for network event monitoring, MDM for mobile fleet management, etc.<\/td><td>QRadar, AppScan<\/td><\/tr><tr><td><img loading=\"lazy\" src=\"https:\/\/www.ablogix.fr\/wp-content\/uploads\/2020\/11\/red-hat-2019-vector-logo.png\" alt=\"\" width=\"125\" height=\"69\"><\/td><td><a href=\"https:\/\/www.redhat.com\/fr\">RED HAT<\/a> (2020)<\/td><td>Open Source solutions: RED HAT Linux for servers and users, OpenShift for the deployment of services in Hybrid Clouds\u2026<\/td><td>RHEL, OpenShift&#8230;<\/td><\/tr><tr><td><img loading=\"lazy\" src=\"https:\/\/www.ablogix.fr\/wp-content\/uploads\/2020\/12\/panw-logo.png\" alt=\"\" width=\"177\" height=\"41\"><\/td><td>Palo-Alto Networks (2013)<\/td><td>Network firewalls<\/td><td>Accredited Configuration Engineers<\/td><\/tr><tr><td><img loading=\"lazy\" width=\"230\" height=\"150\" src=\"https:\/\/www.ablogix.fr\/wp-content\/uploads\/2017\/10\/logo_novatice.png\" alt=\"\"><a href=\"https:\/\/www.ablogix.fr\/wp-content\/uploads\/2017\/10\/logo_novatice.png\"><\/a><\/td><td><a href=\"https:\/\/www.novatice.com\/\">NOVATICE<\/a> (2009)<\/td><td>&nbsp;Publisher of the educational software EDUTICE based on Linux Mandriva<\/td><td>&#8211;<\/td><\/tr><tr><td><a href=\"https:\/\/www.ablogix.fr\/wp-content\/uploads\/2017\/10\/logo-arrowecs_education.jpg\"><img loading=\"lazy\" width=\"215\" height=\"56\" src=\"https:\/\/www.ablogix.fr\/wp-content\/uploads\/2017\/10\/logo-arrowecs_education.jpg\" alt=\"\"><\/a><a href=\"https:\/\/www.ablogix.fr\/wp-content\/uploads\/2017\/10\/logo-arrowecs_education.jpg\"><\/a><\/td><td>ARROW ECS Education (2013)<\/td><td>   <a href=\"https:\/\/edu.arrowecs.eu\/fr\/trainings\/open\/ibm\/9\/trainings_list.html\">IBM Training<\/a><\/td><td>&#8211;<\/td><\/tr><tr><td><meta charset=\"utf-8\"><img loading=\"lazy\" width=\"65\" height=\"53\" src=\"https:\/\/www.ablogix.fr\/wp-content\/uploads\/2020\/12\/ob_4688e6_mobotix-copie.png\" alt=\"\"><\/td><td><meta charset=\"utf-8\"><a href=\"https:\/\/www.mobotix.com\/other\" target=\"_blank\" rel=\"noreferrer noopener\">MOBOTIX <\/a>(2014)<\/td><td><meta charset=\"utf-8\">Innovative and pioneering company in the field of network camera technology and its decentralised concept for video protection<\/td><td><\/td><\/tr><tr><td><img loading=\"lazy\" width=\"512\" height=\"512\" class=\"wp-image-9797\" style=\"width: 150px;\" src=\"https:\/\/www.ablogix.fr\/wp-content\/uploads\/2022\/03\/ueG7VKJ-.png\" alt=\"\" srcset=\"https:\/\/www.ablogix.fr\/wp-content\/uploads\/2022\/03\/ueG7VKJ-.png 512w, https:\/\/www.ablogix.fr\/wp-content\/uploads\/2022\/03\/ueG7VKJ--300x300.png 300w, https:\/\/www.ablogix.fr\/wp-content\/uploads\/2022\/03\/ueG7VKJ--150x150.png 150w, https:\/\/www.ablogix.fr\/wp-content\/uploads\/2022\/03\/ueG7VKJ--250x250.png 250w, https:\/\/www.ablogix.fr\/wp-content\/uploads\/2022\/03\/ueG7VKJ--174x174.png 174w\" sizes=\"(max-width: 512px) 100vw, 512px\" \/><\/td><td><a href=\"https:\/\/www.thegreenbow.com\/fr\/\">VPN TheGreenBow<\/a> (2021)<\/td><td><\/td><td><\/td><\/tr><tr><td><img loading=\"lazy\" width=\"764\" height=\"130\" class=\"wp-image-9798\" style=\"width: 150px;\" src=\"https:\/\/www.ablogix.fr\/wp-content\/uploads\/2022\/03\/Eip_Logo-Grey_without_Slogan_aligned.png\" alt=\"\" srcset=\"https:\/\/www.ablogix.fr\/wp-content\/uploads\/2022\/03\/Eip_Logo-Grey_without_Slogan_aligned.png 764w, https:\/\/www.ablogix.fr\/wp-content\/uploads\/2022\/03\/Eip_Logo-Grey_without_Slogan_aligned-300x51.png 300w\" sizes=\"(max-width: 764px) 100vw, 764px\" \/><\/td><td><a href=\"https:\/\/www.efficientip.com\/fr\/\">Efficient IP <\/a>(2021)<\/td><td><\/td><td><\/td><\/tr><\/tbody><\/table><\/figure>\n","protected":false},"excerpt":{"rendered":"<p>ABlogiX has built strong partnerships since its inception. These win-win partnerships have grown to cover a wider spectrum of activities including consulting, sales, deployment, integration and training : \u200b Partner Description Certifications HCL Web and mobile application security testing tools, Configuration and Change Management tools APPSCAN, ASoC, VersionVault, Compass, Accelerate&#8230; DELL (2007) Servers, desktops and <a href=\"https:\/\/www.ablogix.fr\/en\/partenaires\/\" rel=\"nofollow\"><span class=\"sr-only\">Read more about Partners<\/span>[&hellip;]<\/a><\/p>\n","protected":false},"author":1,"featured_media":0,"parent":0,"menu_order":0,"comment_status":"closed","ping_status":"closed","template":"template-fullwidth.php","meta":[],"translation":{"provider":"WPGlobus","version":"2.10.0","language":"en","enabled_languages":["fr","en"],"languages":{"fr":{"title":true,"content":true,"excerpt":false},"en":{"title":true,"content":true,"excerpt":false}}},"yoast_head":"<!-- This site is optimized with the Yoast SEO plugin v19.1 - https:\/\/yoast.com\/wordpress\/plugins\/seo\/ -->\n<title>Partners - ABlogiX<\/title>\n<meta name=\"robots\" content=\"index, follow, max-snippet:-1, max-image-preview:large, max-video-preview:-1\" \/>\n<link rel=\"canonical\" href=\"https:\/\/www.ablogix.fr\/partenaires\/\" \/>\n<meta property=\"og:locale\" content=\"en_US\" \/>\n<meta property=\"og:type\" content=\"article\" \/>\n<meta property=\"og:title\" content=\"Partners - ABlogiX\" \/>\n<meta property=\"og:url\" content=\"https:\/\/www.ablogix.fr\/partenaires\/\" \/>\n<meta property=\"og:site_name\" content=\"ABlogiX\" \/>\n<meta property=\"article:publisher\" content=\"https:\/\/www.facebook.com\/ABlogiX\" \/>\n<meta property=\"article:modified_time\" content=\"2022-03-11T14:24:27+00:00\" \/>\n<meta property=\"og:image\" content=\"https:\/\/www.ablogix.fr\/wp-content\/uploads\/2020\/12\/Nova_Blog_HCL_539x303.png\" \/>\n<meta name=\"twitter:card\" content=\"summary_large_image\" \/>\n<meta name=\"twitter:site\" content=\"@ABlogiX\" \/>\n<meta name=\"twitter:label1\" content=\"Est. reading time\" \/>\n\t<meta name=\"twitter:data1\" content=\"4 minutes\" \/>\n<script type=\"application\/ld+json\" class=\"yoast-schema-graph\">{\"@context\":\"https:\/\/schema.org\",\"@graph\":[{\"@type\":\"Organization\",\"@id\":\"https:\/\/www.ablogix.fr\/#organization\",\"name\":\"AblogiX\",\"url\":\"https:\/\/www.ablogix.fr\/\",\"sameAs\":[\"https:\/\/www.linkedin.com\/company\/sarl-ablogix\",\"https:\/\/www.youtube.com\/channel\/UC7LR5o5aeXzd2epr7eNma3g\/featured\",\"https:\/\/www.facebook.com\/ABlogiX\",\"https:\/\/twitter.com\/ABlogiX\"],\"logo\":{\"@type\":\"ImageObject\",\"inLanguage\":\"en-US\",\"@id\":\"https:\/\/www.ablogix.fr\/#\/schema\/logo\/image\/\",\"url\":\"https:\/\/www.ablogix.fr\/wp-content\/uploads\/2020\/11\/Logo-ABlogiX.png\",\"contentUrl\":\"https:\/\/www.ablogix.fr\/wp-content\/uploads\/2020\/11\/Logo-ABlogiX.png\",\"width\":534,\"height\":368,\"caption\":\"AblogiX\"},\"image\":{\"@id\":\"https:\/\/www.ablogix.fr\/#\/schema\/logo\/image\/\"}},{\"@type\":\"WebSite\",\"@id\":\"https:\/\/www.ablogix.fr\/#website\",\"url\":\"https:\/\/www.ablogix.fr\/\",\"name\":\"ABlogiX\",\"description\":\"Ing\u00e9nierie de d\u00e9veloppement syst\u00e8me et logiciel, et s\u00e9curit\u00e9 du syst\u00e8me d&#039;information\",\"publisher\":{\"@id\":\"https:\/\/www.ablogix.fr\/#organization\"},\"potentialAction\":[{\"@type\":\"SearchAction\",\"target\":{\"@type\":\"EntryPoint\",\"urlTemplate\":\"https:\/\/www.ablogix.fr\/?s={search_term_string}\"},\"query-input\":\"required name=search_term_string\"}],\"inLanguage\":\"en-US\"},{\"@type\":\"ImageObject\",\"inLanguage\":\"en-US\",\"@id\":\"https:\/\/www.ablogix.fr\/partenaires\/#primaryimage\",\"url\":\"https:\/\/www.ablogix.fr\/wp-content\/uploads\/2020\/12\/Nova_Blog_HCL_539x303.png\",\"contentUrl\":\"https:\/\/www.ablogix.fr\/wp-content\/uploads\/2020\/12\/Nova_Blog_HCL_539x303.png\",\"width\":539,\"height\":303},{\"@type\":\"WebPage\",\"@id\":\"https:\/\/www.ablogix.fr\/partenaires\/#webpage\",\"url\":\"https:\/\/www.ablogix.fr\/partenaires\/\",\"name\":\"Partners - ABlogiX\",\"isPartOf\":{\"@id\":\"https:\/\/www.ablogix.fr\/#website\"},\"primaryImageOfPage\":{\"@id\":\"https:\/\/www.ablogix.fr\/partenaires\/#primaryimage\"},\"datePublished\":\"2017-10-13T09:52:01+00:00\",\"dateModified\":\"2022-03-11T14:24:27+00:00\",\"breadcrumb\":{\"@id\":\"https:\/\/www.ablogix.fr\/partenaires\/#breadcrumb\"},\"inLanguage\":\"en-US\",\"potentialAction\":[{\"@type\":\"ReadAction\",\"target\":[\"https:\/\/www.ablogix.fr\/partenaires\/\"]}]},{\"@type\":\"BreadcrumbList\",\"@id\":\"https:\/\/www.ablogix.fr\/partenaires\/#breadcrumb\",\"itemListElement\":[{\"@type\":\"ListItem\",\"position\":1,\"name\":\"Accueil\",\"item\":\"https:\/\/www.ablogix.fr\/\"},{\"@type\":\"ListItem\",\"position\":2,\"name\":\"Partenaires\"}]}]}<\/script>\n<!-- \/ Yoast SEO plugin. -->","yoast_head_json":{"title":"Partners - ABlogiX","robots":{"index":"index","follow":"follow","max-snippet":"max-snippet:-1","max-image-preview":"max-image-preview:large","max-video-preview":"max-video-preview:-1"},"canonical":"https:\/\/www.ablogix.fr\/partenaires\/","og_locale":"en_US","og_type":"article","og_title":"Partners - ABlogiX","og_url":"https:\/\/www.ablogix.fr\/partenaires\/","og_site_name":"ABlogiX","article_publisher":"https:\/\/www.facebook.com\/ABlogiX","article_modified_time":"2022-03-11T14:24:27+00:00","og_image":[{"url":"https:\/\/www.ablogix.fr\/wp-content\/uploads\/2020\/12\/Nova_Blog_HCL_539x303.png"}],"twitter_card":"summary_large_image","twitter_site":"@ABlogiX","twitter_misc":{"Est. reading time":"4 minutes"},"schema":{"@context":"https:\/\/schema.org","@graph":[{"@type":"Organization","@id":"https:\/\/www.ablogix.fr\/#organization","name":"AblogiX","url":"https:\/\/www.ablogix.fr\/","sameAs":["https:\/\/www.linkedin.com\/company\/sarl-ablogix","https:\/\/www.youtube.com\/channel\/UC7LR5o5aeXzd2epr7eNma3g\/featured","https:\/\/www.facebook.com\/ABlogiX","https:\/\/twitter.com\/ABlogiX"],"logo":{"@type":"ImageObject","inLanguage":"en-US","@id":"https:\/\/www.ablogix.fr\/#\/schema\/logo\/image\/","url":"https:\/\/www.ablogix.fr\/wp-content\/uploads\/2020\/11\/Logo-ABlogiX.png","contentUrl":"https:\/\/www.ablogix.fr\/wp-content\/uploads\/2020\/11\/Logo-ABlogiX.png","width":534,"height":368,"caption":"AblogiX"},"image":{"@id":"https:\/\/www.ablogix.fr\/#\/schema\/logo\/image\/"}},{"@type":"WebSite","@id":"https:\/\/www.ablogix.fr\/#website","url":"https:\/\/www.ablogix.fr\/","name":"ABlogiX","description":"Ing\u00e9nierie de d\u00e9veloppement syst\u00e8me et logiciel, et s\u00e9curit\u00e9 du syst\u00e8me d&#039;information","publisher":{"@id":"https:\/\/www.ablogix.fr\/#organization"},"potentialAction":[{"@type":"SearchAction","target":{"@type":"EntryPoint","urlTemplate":"https:\/\/www.ablogix.fr\/?s={search_term_string}"},"query-input":"required name=search_term_string"}],"inLanguage":"en-US"},{"@type":"ImageObject","inLanguage":"en-US","@id":"https:\/\/www.ablogix.fr\/partenaires\/#primaryimage","url":"https:\/\/www.ablogix.fr\/wp-content\/uploads\/2020\/12\/Nova_Blog_HCL_539x303.png","contentUrl":"https:\/\/www.ablogix.fr\/wp-content\/uploads\/2020\/12\/Nova_Blog_HCL_539x303.png","width":539,"height":303},{"@type":"WebPage","@id":"https:\/\/www.ablogix.fr\/partenaires\/#webpage","url":"https:\/\/www.ablogix.fr\/partenaires\/","name":"Partners - ABlogiX","isPartOf":{"@id":"https:\/\/www.ablogix.fr\/#website"},"primaryImageOfPage":{"@id":"https:\/\/www.ablogix.fr\/partenaires\/#primaryimage"},"datePublished":"2017-10-13T09:52:01+00:00","dateModified":"2022-03-11T14:24:27+00:00","breadcrumb":{"@id":"https:\/\/www.ablogix.fr\/partenaires\/#breadcrumb"},"inLanguage":"en-US","potentialAction":[{"@type":"ReadAction","target":["https:\/\/www.ablogix.fr\/partenaires\/"]}]},{"@type":"BreadcrumbList","@id":"https:\/\/www.ablogix.fr\/partenaires\/#breadcrumb","itemListElement":[{"@type":"ListItem","position":1,"name":"Accueil","item":"https:\/\/www.ablogix.fr\/"},{"@type":"ListItem","position":2,"name":"Partenaires"}]}]}},"_links":{"self":[{"href":"https:\/\/www.ablogix.fr\/en\/wp-json\/wp\/v2\/pages\/128"}],"collection":[{"href":"https:\/\/www.ablogix.fr\/en\/wp-json\/wp\/v2\/pages"}],"about":[{"href":"https:\/\/www.ablogix.fr\/en\/wp-json\/wp\/v2\/types\/page"}],"author":[{"embeddable":true,"href":"https:\/\/www.ablogix.fr\/en\/wp-json\/wp\/v2\/users\/1"}],"replies":[{"embeddable":true,"href":"https:\/\/www.ablogix.fr\/en\/wp-json\/wp\/v2\/comments?post=128"}],"version-history":[{"count":46,"href":"https:\/\/www.ablogix.fr\/en\/wp-json\/wp\/v2\/pages\/128\/revisions"}],"predecessor-version":[{"id":9813,"href":"https:\/\/www.ablogix.fr\/en\/wp-json\/wp\/v2\/pages\/128\/revisions\/9813"}],"wp:attachment":[{"href":"https:\/\/www.ablogix.fr\/en\/wp-json\/wp\/v2\/media?parent=128"}],"curies":[{"name":"wp","href":"https:\/\/api.w.org\/{rel}","templated":true}]}}