{"id":11354,"date":"2022-06-02T16:02:03","date_gmt":"2022-06-02T14:02:03","guid":{"rendered":"https:\/\/www.ablogix.fr\/?page_id=11354"},"modified":"2022-12-28T15:45:56","modified_gmt":"2022-12-28T14:45:56","slug":"scm_tr2-2_maitriser-les-bases-de-hcl-versionvault","status":"publish","type":"page","link":"https:\/\/www.ablogix.fr\/en\/scm_tr2-2_maitriser-les-bases-de-hcl-versionvault\/","title":{"rendered":"SCM_Tr2.2_ Mastering the basics of HCL VersionVault"},"content":{"rendered":"\n<p><\/p>\n\n\n\n<pre class=\"wp-block-preformatted\"><em>Ref : <\/em>SCM_Tr2.2\n<\/pre>\n\n\n\n<div style=\"height:39px\" aria-hidden=\"true\" class=\"wp-block-spacer\"><\/div>\n\n\n\n<h2><strong>Targeted audience<\/strong><\/h2>\n\n\n\n<p>This training is intended for project managers, configuration managers, integrators, and manufacturing managers. Working knowledge of Window or Linux environment and command lines are required.<\/p>\n\n\n\n<div style=\"height:39px\" aria-hidden=\"true\" class=\"wp-block-spacer\"><\/div>\n\n\n\n<h2><strong>Training objectives<\/strong><\/h2>\n\n\n\n<p>The objectives of this training are :<\/p>\n\n\n\n<ul><li>Obj.1 &#8211; Implement Base VersionVault on your projects<\/li><li>Obj.2 &#8211; Create and setup ConfigSpec in order to follow the branch strategy<\/li><li>Obj.3 &#8211; Strengthen the Configuration Management process by implementing metadata<\/li><\/ul>\n\n\n\n<div style=\"height:39px\" aria-hidden=\"true\" class=\"wp-block-spacer\"><\/div>\n\n\n\n<h2><strong>Targeted skills<\/strong><\/h2>\n\n\n\n<p>Upon completion of this training, the participant will be able :<\/p>\n\n\n\n<ul><li>Use the main commands used to manage metadata, elements, and views<\/li><li>Implement the proper patches<\/li><li>Identify sensitive data<\/li><li>Implement the necessary mechanism needed to secure them<\/li><\/ul>\n\n\n\n<div style=\"height:39px\" aria-hidden=\"true\" class=\"wp-block-spacer\"><\/div>\n\n\n\n<h2><strong>Duration<\/strong><\/h2>\n\n\n\n<p><strong>2 days, divided into 14 modules<\/strong>\u00a0(the program can be adapted to the technological context and level of knowledge of the trainees).<\/p>\n\n\n\n<ul><li>The training can be assured in person or remotely<\/li><li>The training can take place on an inter-company or intra-company basis<\/li><\/ul>\n\n\n\n<div style=\"height:39px\" aria-hidden=\"true\" class=\"wp-block-spacer\"><\/div>\n\n\n\n<h3><strong>Unfolding of the training : MORNING<\/strong><\/h3>\n\n\n\n<h2><strong>Module 0 : Objectives of the training<\/strong><\/h2>\n\n\n\n<p>Day 1<\/p>\n\n\n\n<p><strong>Introduction&nbsp;<\/strong>: Presentation of the objectives and of the unfolding of the training.<\/p>\n\n\n\n<p><strong>Round table :<\/strong>&nbsp;Presentation of the group, participants, and their expectations.<\/p>\n\n\n\n<div style=\"height:39px\" aria-hidden=\"true\" class=\"wp-block-spacer\"><\/div>\n\n\n\n<h2><strong>Module 1 : Software Configuration Management<\/strong><\/h2>\n\n\n\n<p>Day 1<\/p>\n\n\n\n<p>Objectives of the module :<\/p>\n\n\n\n<ul><li>Describe a version<\/li><li>Describe SCG<\/li><li>Differentiate a configuration and elements of configuration<\/li><\/ul>\n\n\n\n<div style=\"height:39px\" aria-hidden=\"true\" class=\"wp-block-spacer\"><\/div>\n\n\n\n<h2><strong>Module 2 : Introduction to the tool : functionalities<\/strong><\/h2>\n\n\n\n<p>Day 1<\/p>\n\n\n\n<p>Objectives of the module :<\/p>\n\n\n\n<ul><li>Understand the framework and access via spaces : Views<\/li><li>Describe the main functions<\/li><\/ul>\n\n\n\n<div style=\"height:39px\" aria-hidden=\"true\" class=\"wp-block-spacer\"><\/div>\n\n\n\n<h2><strong>Module 3 : User interface : CLI mode (command line) and graphical interface<\/strong><\/h2>\n\n\n\n<p>Day 1<\/p>\n\n\n\n<p>Objectives of the module :<\/p>\n\n\n\n<ul><li>Know the different interfaces<\/li><li>Use integrations<\/li><\/ul>\n\n\n\n<div style=\"height:39px\" aria-hidden=\"true\" class=\"wp-block-spacer\"><\/div>\n\n\n\n<h3><strong>Unfolding of the training : AFTERNOON<\/strong><\/h3>\n\n\n\n<h2><strong>Module 4 : VOBs, Views : VersionVault Database and workspace<\/strong><\/h2>\n\n\n\n<p>Day 1<\/p>\n\n\n\n<p>Objectives of the module :<\/p>\n\n\n\n<ul><li>Understand the VOB mechanism and its structure<\/li><li>Understand how to access a VOB<\/li><\/ul>\n\n\n\n<div style=\"height:39px\" aria-hidden=\"true\" class=\"wp-block-spacer\"><\/div>\n\n\n\n<h2><strong>Module 5 : Navigating through VersionVault and accessing objects<\/strong><\/h2>\n\n\n\n<p>Day 1<\/p>\n\n\n\n<p>Objectives of the module :<\/p>\n\n\n\n<ul><li>Identify views and access to directories<\/li><li>Read information regarding versioned elements<\/li><\/ul>\n\n\n\n<div style=\"height:39px\" aria-hidden=\"true\" class=\"wp-block-spacer\"><\/div>\n\n\n\n<h2><strong>Module 6 : Versions management : version tree and reporting tools<\/strong><\/h2>\n\n\n\n<p>Day 1<\/p>\n\n\n\n<p>Objectives of the module :<\/p>\n\n\n\n<ul><li>Describe the elements of a version tree<\/li><li>Filter the information<\/li><\/ul>\n\n\n\n<div style=\"height:39px\" aria-hidden=\"true\" class=\"wp-block-spacer\"><\/div>\n\n\n\n<h3><strong>Unfolding of the training : MORNING<\/strong><\/h3>\n\n\n\n<h2><strong>Module 7 : Creating new versions : checkout\/checkin\/uncheckout<\/strong><\/h2>\n\n\n\n<p>Day 2<\/p>\n\n\n\n<p>Objectives of the module :<\/p>\n\n\n\n<ul><li>Understand commands to modify files and directories<\/li><li>Use the commands options checkout\/checkin\/uncheckout<\/li><\/ul>\n\n\n\n<div style=\"height:39px\" aria-hidden=\"true\" class=\"wp-block-spacer\"><\/div>\n\n\n\n<h2><strong>Module 8 : Directories versions management, creation of new elements<\/strong><\/h2>\n\n\n\n<p>Day 2<\/p>\n\n\n\n<p>Objectives of the module :<\/p>\n\n\n\n<ul><li>Create new private directories and store them as versioned elements<\/li><li>Add in elements version management (files, directories)<\/li><\/ul>\n\n\n\n<div style=\"height:39px\" aria-hidden=\"true\" class=\"wp-block-spacer\"><\/div>\n\n\n\n<h2><strong>Module 9 : Evolutions management and Branch strategy<\/strong><\/h2>\n\n\n\n<p>Day 2<\/p>\n\n\n\n<p>Objectives of the module :<\/p>\n\n\n\n<p>Understand the possible uses of branches<\/p>\n\n\n\n<ul><li>Understand branch strategy<\/li><li>Manage branch strategy guided by activities<\/li><\/ul>\n\n\n\n<div style=\"height:39px\" aria-hidden=\"true\" class=\"wp-block-spacer\"><\/div>\n\n\n\n<h2><strong>Module 10 : Branchs and ConfigSpec<\/strong><\/h2>\n\n\n\n<p>Day 2<\/p>\n\n\n\n<p>Objectives of the module :<\/p>\n\n\n\n<ul><li>Understand the rules of configSpec<\/li><li>Implement a configSpec<\/li><\/ul>\n\n\n\n<div style=\"height:39px\" aria-hidden=\"true\" class=\"wp-block-spacer\"><\/div>\n\n\n\n<h3><strong>Unfolding of the training : AFTERNOON<\/strong><\/h3>\n\n\n\n<h2><strong>Module 11 : Merger of modifications operations<\/strong><\/h2>\n\n\n\n<p>Day 2<\/p>\n\n\n\n<p>Objectives of the module :<\/p>\n\n\n\n<ul><li>Show the differences between two versions of elements<\/li><li>Merge files and select the modifications using the Merge editor<\/li><\/ul>\n\n\n\n<div style=\"height:39px\" aria-hidden=\"true\" class=\"wp-block-spacer\"><\/div>\n\n\n\n<h2><strong>Module 12 : VersionVault metadata<\/strong><\/h2>\n\n\n\n<p>Day 2<\/p>\n\n\n\n<p>Objectives of the module :<\/p>\n\n\n\n<ul><li>Describe the different metadata and their use<\/li><li>Creation of new metadata<\/li><\/ul>\n\n\n\n<div style=\"height:39px\" aria-hidden=\"true\" class=\"wp-block-spacer\"><\/div>\n\n\n\n<h2><strong>Module 13 : Build software products : Clearmake<\/strong><\/h2>\n\n\n\n<p>Day 2<\/p>\n\n\n\n<p>Objectives of the module :<\/p>\n\n\n\n<ul><li>Use the Build functionality with Clearmake<\/li><li>See the ConfigRecords resulting from a Build<\/li><\/ul>\n\n\n\n<div style=\"height:39px\" aria-hidden=\"true\" class=\"wp-block-spacer\"><\/div>\n\n\n\n<h2><strong>Module 14 : VersionVault Configuration Management : implementation and procedures<\/strong><\/h2>\n\n\n\n<p>Day 2<\/p>\n\n\n\n<p>Objective of the module :<\/p>\n\n\n\n<ul><li>Implementation of configuration management strategies according to the context and needs of the project<\/li><\/ul>\n\n\n\n<div style=\"height:39px\" aria-hidden=\"true\" class=\"wp-block-spacer\"><\/div>\n\n\n\n<h2><strong>Training, technical and supervisory resources<\/strong><\/h2>\n\n\n\n<p>Each course module will be covered in a hands-on exercise that will be performed via a remote ELM server provided and installed by ABlogiX. Each participant will have a computer already installed to access the ELM server.<\/p>\n\n\n\n<p>Training support will be provided for each module and will be presented via a video projector or large screen. A whiteboard or interactive whiteboard should be provided with pens.<\/p>\n\n\n\n<p>The training is facilitated by a consultant-trainer, which allows participants to benefit from his field experience.<\/p>\n\n\n\n<div style=\"height:39px\" aria-hidden=\"true\" class=\"wp-block-spacer\"><\/div>\n\n\n\n<h2><strong>The trainer<\/strong><\/h2>\n\n\n\n<p>ABLOGIX has an expert with more than 20 years of experience in VersionVault Configuration Management across a range of industries.<\/p>\n\n\n\n<div style=\"height:39px\" aria-hidden=\"true\" class=\"wp-block-spacer\"><\/div>\n\n\n\n<h2><strong>Additionnal information?<\/strong><\/h2>\n\n\n\n<p>For any additional information, contact us by phone at this phone number&nbsp;<strong>+ 33(0)2 85 29 43 44<\/strong>&nbsp;or via email :&nbsp;<a href=\"mailto:formation@ablogix.fr\"><u>formation@ablogix.fr<\/u><\/a>&nbsp;for a quotation.<\/p>\n\n\n\n<div class=\"wp-block-image\"><figure class=\"aligncenter size-full is-resized\"><img loading=\"lazy\" src=\"https:\/\/www.ablogix.fr\/wp-content\/uploads\/2022\/07\/QRcode-ABourlier-info.png\" alt=\"\" class=\"wp-image-11786\" width=\"162\" height=\"159\"\/><\/figure><\/div>\n\n\n\n<div style=\"height:39px\" aria-hidden=\"true\" class=\"wp-block-spacer\"><\/div>\n\n\n\n<pre class=\"wp-block-preformatted\"><strong>The training activity of ABlogiX is \"registered under number 52 72 01527 72. This registration is not equivalent to State approval\", in accordance with Article L6322-48.<\/strong>\n<\/pre>\n\n\n\n<div style=\"height:39px\" aria-hidden=\"true\" class=\"wp-block-spacer\"><\/div>\n\n\n\n<p><strong><a href=\"https:\/\/www.ablogix.fr\/formations\/\"><u>Find all our training courses here.<\/u><\/a><\/strong><\/p>\n\n\n\n<p><meta charset=\"utf-8\"><a href=\"https:\/\/www.ablogix.fr\/wp-content\/uploads\/2022\/12\/SCM_Tr2.2-VVdeBase-Programme-ENG.pdf\" target=\"_blank\" rel=\"noreferrer noopener\">Download here the program of this training<\/a><\/p>\n\n\n\n<p><\/p>\n","protected":false},"excerpt":{"rendered":"<p>Ref : SCM_Tr2.2 Targeted audience This training is intended for project managers, configuration managers, integrators, and manufacturing managers. Working knowledge of Window or Linux environment and command lines are required. Training objectives The objectives of this training are : Obj.1 &#8211; Implement Base VersionVault on your projects Obj.2 &#8211; Create and setup ConfigSpec in order <a href=\"https:\/\/www.ablogix.fr\/en\/scm_tr2-2_maitriser-les-bases-de-hcl-versionvault\/\" rel=\"nofollow\"><span class=\"sr-only\">Read more about SCM_Tr2.2_ Mastering the basics of HCL VersionVault<\/span>[&hellip;]<\/a><\/p>\n","protected":false},"author":4,"featured_media":0,"parent":0,"menu_order":0,"comment_status":"closed","ping_status":"closed","template":"template-fullwidth.php","meta":[],"translation":{"provider":"WPGlobus","version":"2.10.0","language":"en","enabled_languages":["fr","en"],"languages":{"fr":{"title":true,"content":true,"excerpt":false},"en":{"title":true,"content":true,"excerpt":false}}},"yoast_head":"<!-- This site is optimized with the Yoast SEO plugin v19.1 - https:\/\/yoast.com\/wordpress\/plugins\/seo\/ -->\n<title>SCM_Tr2.2_ Mastering the basics of HCL VersionVault - ABlogiX<\/title>\n<meta name=\"robots\" content=\"index, follow, max-snippet:-1, max-image-preview:large, max-video-preview:-1\" \/>\n<link rel=\"canonical\" href=\"https:\/\/www.ablogix.fr\/scm_tr2-2_maitriser-les-bases-de-hcl-versionvault\/\" \/>\n<meta property=\"og:locale\" content=\"en_US\" \/>\n<meta property=\"og:type\" content=\"article\" \/>\n<meta property=\"og:title\" content=\"SCM_Tr2.2_ Mastering the basics of HCL VersionVault - ABlogiX\" \/>\n<meta property=\"og:url\" content=\"https:\/\/www.ablogix.fr\/scm_tr2-2_maitriser-les-bases-de-hcl-versionvault\/\" \/>\n<meta property=\"og:site_name\" content=\"ABlogiX\" \/>\n<meta property=\"article:publisher\" content=\"https:\/\/www.facebook.com\/ABlogiX\" \/>\n<meta property=\"article:modified_time\" content=\"2022-12-28T14:45:56+00:00\" \/>\n<meta property=\"og:image\" content=\"https:\/\/www.ablogix.fr\/wp-content\/uploads\/2022\/07\/QRcode-ABourlier-info.png\" \/>\n<meta name=\"twitter:card\" content=\"summary_large_image\" \/>\n<meta name=\"twitter:site\" content=\"@ABlogiX\" \/>\n<meta name=\"twitter:label1\" content=\"Est. reading time\" \/>\n\t<meta name=\"twitter:data1\" content=\"5 minutes\" \/>\n<script type=\"application\/ld+json\" class=\"yoast-schema-graph\">{\"@context\":\"https:\/\/schema.org\",\"@graph\":[{\"@type\":\"Organization\",\"@id\":\"https:\/\/www.ablogix.fr\/#organization\",\"name\":\"AblogiX\",\"url\":\"https:\/\/www.ablogix.fr\/\",\"sameAs\":[\"https:\/\/www.linkedin.com\/company\/sarl-ablogix\",\"https:\/\/www.youtube.com\/channel\/UC7LR5o5aeXzd2epr7eNma3g\/featured\",\"https:\/\/www.facebook.com\/ABlogiX\",\"https:\/\/twitter.com\/ABlogiX\"],\"logo\":{\"@type\":\"ImageObject\",\"inLanguage\":\"en-US\",\"@id\":\"https:\/\/www.ablogix.fr\/#\/schema\/logo\/image\/\",\"url\":\"https:\/\/www.ablogix.fr\/wp-content\/uploads\/2020\/11\/Logo-ABlogiX.png\",\"contentUrl\":\"https:\/\/www.ablogix.fr\/wp-content\/uploads\/2020\/11\/Logo-ABlogiX.png\",\"width\":534,\"height\":368,\"caption\":\"AblogiX\"},\"image\":{\"@id\":\"https:\/\/www.ablogix.fr\/#\/schema\/logo\/image\/\"}},{\"@type\":\"WebSite\",\"@id\":\"https:\/\/www.ablogix.fr\/#website\",\"url\":\"https:\/\/www.ablogix.fr\/\",\"name\":\"ABlogiX\",\"description\":\"Ing\u00e9nierie de d\u00e9veloppement syst\u00e8me et logiciel, et s\u00e9curit\u00e9 du syst\u00e8me d&#039;information\",\"publisher\":{\"@id\":\"https:\/\/www.ablogix.fr\/#organization\"},\"potentialAction\":[{\"@type\":\"SearchAction\",\"target\":{\"@type\":\"EntryPoint\",\"urlTemplate\":\"https:\/\/www.ablogix.fr\/?s={search_term_string}\"},\"query-input\":\"required name=search_term_string\"}],\"inLanguage\":\"en-US\"},{\"@type\":\"ImageObject\",\"inLanguage\":\"en-US\",\"@id\":\"https:\/\/www.ablogix.fr\/scm_tr2-2_maitriser-les-bases-de-hcl-versionvault\/#primaryimage\",\"url\":\"https:\/\/www.ablogix.fr\/wp-content\/uploads\/2022\/07\/QRcode-ABourlier-info.png\",\"contentUrl\":\"https:\/\/www.ablogix.fr\/wp-content\/uploads\/2022\/07\/QRcode-ABourlier-info.png\",\"width\":272,\"height\":267},{\"@type\":\"WebPage\",\"@id\":\"https:\/\/www.ablogix.fr\/scm_tr2-2_maitriser-les-bases-de-hcl-versionvault\/#webpage\",\"url\":\"https:\/\/www.ablogix.fr\/scm_tr2-2_maitriser-les-bases-de-hcl-versionvault\/\",\"name\":\"SCM_Tr2.2_ Mastering the basics of HCL VersionVault - ABlogiX\",\"isPartOf\":{\"@id\":\"https:\/\/www.ablogix.fr\/#website\"},\"primaryImageOfPage\":{\"@id\":\"https:\/\/www.ablogix.fr\/scm_tr2-2_maitriser-les-bases-de-hcl-versionvault\/#primaryimage\"},\"datePublished\":\"2022-06-02T14:02:03+00:00\",\"dateModified\":\"2022-12-28T14:45:56+00:00\",\"breadcrumb\":{\"@id\":\"https:\/\/www.ablogix.fr\/scm_tr2-2_maitriser-les-bases-de-hcl-versionvault\/#breadcrumb\"},\"inLanguage\":\"en-US\",\"potentialAction\":[{\"@type\":\"ReadAction\",\"target\":[\"https:\/\/www.ablogix.fr\/scm_tr2-2_maitriser-les-bases-de-hcl-versionvault\/\"]}]},{\"@type\":\"BreadcrumbList\",\"@id\":\"https:\/\/www.ablogix.fr\/scm_tr2-2_maitriser-les-bases-de-hcl-versionvault\/#breadcrumb\",\"itemListElement\":[{\"@type\":\"ListItem\",\"position\":1,\"name\":\"Accueil\",\"item\":\"https:\/\/www.ablogix.fr\/\"},{\"@type\":\"ListItem\",\"position\":2,\"name\":\"SCM_Tr2.2_ Ma\u00eetriser les bases de HCL VersionVault\"}]}]}<\/script>\n<!-- \/ Yoast SEO plugin. -->","yoast_head_json":{"title":"SCM_Tr2.2_ Mastering the basics of HCL VersionVault - ABlogiX","robots":{"index":"index","follow":"follow","max-snippet":"max-snippet:-1","max-image-preview":"max-image-preview:large","max-video-preview":"max-video-preview:-1"},"canonical":"https:\/\/www.ablogix.fr\/scm_tr2-2_maitriser-les-bases-de-hcl-versionvault\/","og_locale":"en_US","og_type":"article","og_title":"SCM_Tr2.2_ Mastering the basics of HCL VersionVault - ABlogiX","og_url":"https:\/\/www.ablogix.fr\/scm_tr2-2_maitriser-les-bases-de-hcl-versionvault\/","og_site_name":"ABlogiX","article_publisher":"https:\/\/www.facebook.com\/ABlogiX","article_modified_time":"2022-12-28T14:45:56+00:00","og_image":[{"url":"https:\/\/www.ablogix.fr\/wp-content\/uploads\/2022\/07\/QRcode-ABourlier-info.png"}],"twitter_card":"summary_large_image","twitter_site":"@ABlogiX","twitter_misc":{"Est. reading time":"5 minutes"},"schema":{"@context":"https:\/\/schema.org","@graph":[{"@type":"Organization","@id":"https:\/\/www.ablogix.fr\/#organization","name":"AblogiX","url":"https:\/\/www.ablogix.fr\/","sameAs":["https:\/\/www.linkedin.com\/company\/sarl-ablogix","https:\/\/www.youtube.com\/channel\/UC7LR5o5aeXzd2epr7eNma3g\/featured","https:\/\/www.facebook.com\/ABlogiX","https:\/\/twitter.com\/ABlogiX"],"logo":{"@type":"ImageObject","inLanguage":"en-US","@id":"https:\/\/www.ablogix.fr\/#\/schema\/logo\/image\/","url":"https:\/\/www.ablogix.fr\/wp-content\/uploads\/2020\/11\/Logo-ABlogiX.png","contentUrl":"https:\/\/www.ablogix.fr\/wp-content\/uploads\/2020\/11\/Logo-ABlogiX.png","width":534,"height":368,"caption":"AblogiX"},"image":{"@id":"https:\/\/www.ablogix.fr\/#\/schema\/logo\/image\/"}},{"@type":"WebSite","@id":"https:\/\/www.ablogix.fr\/#website","url":"https:\/\/www.ablogix.fr\/","name":"ABlogiX","description":"Ing\u00e9nierie de d\u00e9veloppement syst\u00e8me et logiciel, et s\u00e9curit\u00e9 du syst\u00e8me d&#039;information","publisher":{"@id":"https:\/\/www.ablogix.fr\/#organization"},"potentialAction":[{"@type":"SearchAction","target":{"@type":"EntryPoint","urlTemplate":"https:\/\/www.ablogix.fr\/?s={search_term_string}"},"query-input":"required name=search_term_string"}],"inLanguage":"en-US"},{"@type":"ImageObject","inLanguage":"en-US","@id":"https:\/\/www.ablogix.fr\/scm_tr2-2_maitriser-les-bases-de-hcl-versionvault\/#primaryimage","url":"https:\/\/www.ablogix.fr\/wp-content\/uploads\/2022\/07\/QRcode-ABourlier-info.png","contentUrl":"https:\/\/www.ablogix.fr\/wp-content\/uploads\/2022\/07\/QRcode-ABourlier-info.png","width":272,"height":267},{"@type":"WebPage","@id":"https:\/\/www.ablogix.fr\/scm_tr2-2_maitriser-les-bases-de-hcl-versionvault\/#webpage","url":"https:\/\/www.ablogix.fr\/scm_tr2-2_maitriser-les-bases-de-hcl-versionvault\/","name":"SCM_Tr2.2_ Mastering the basics of HCL VersionVault - ABlogiX","isPartOf":{"@id":"https:\/\/www.ablogix.fr\/#website"},"primaryImageOfPage":{"@id":"https:\/\/www.ablogix.fr\/scm_tr2-2_maitriser-les-bases-de-hcl-versionvault\/#primaryimage"},"datePublished":"2022-06-02T14:02:03+00:00","dateModified":"2022-12-28T14:45:56+00:00","breadcrumb":{"@id":"https:\/\/www.ablogix.fr\/scm_tr2-2_maitriser-les-bases-de-hcl-versionvault\/#breadcrumb"},"inLanguage":"en-US","potentialAction":[{"@type":"ReadAction","target":["https:\/\/www.ablogix.fr\/scm_tr2-2_maitriser-les-bases-de-hcl-versionvault\/"]}]},{"@type":"BreadcrumbList","@id":"https:\/\/www.ablogix.fr\/scm_tr2-2_maitriser-les-bases-de-hcl-versionvault\/#breadcrumb","itemListElement":[{"@type":"ListItem","position":1,"name":"Accueil","item":"https:\/\/www.ablogix.fr\/"},{"@type":"ListItem","position":2,"name":"SCM_Tr2.2_ Ma\u00eetriser les bases de HCL VersionVault"}]}]}},"_links":{"self":[{"href":"https:\/\/www.ablogix.fr\/en\/wp-json\/wp\/v2\/pages\/11354"}],"collection":[{"href":"https:\/\/www.ablogix.fr\/en\/wp-json\/wp\/v2\/pages"}],"about":[{"href":"https:\/\/www.ablogix.fr\/en\/wp-json\/wp\/v2\/types\/page"}],"author":[{"embeddable":true,"href":"https:\/\/www.ablogix.fr\/en\/wp-json\/wp\/v2\/users\/4"}],"replies":[{"embeddable":true,"href":"https:\/\/www.ablogix.fr\/en\/wp-json\/wp\/v2\/comments?post=11354"}],"version-history":[{"count":12,"href":"https:\/\/www.ablogix.fr\/en\/wp-json\/wp\/v2\/pages\/11354\/revisions"}],"predecessor-version":[{"id":15613,"href":"https:\/\/www.ablogix.fr\/en\/wp-json\/wp\/v2\/pages\/11354\/revisions\/15613"}],"wp:attachment":[{"href":"https:\/\/www.ablogix.fr\/en\/wp-json\/wp\/v2\/media?parent=11354"}],"curies":[{"name":"wp","href":"https:\/\/api.w.org\/{rel}","templated":true}]}}